{"id":30,"date":"2017-07-12T10:58:17","date_gmt":"2017-07-12T13:58:17","guid":{"rendered":"http:\/\/www.professores.uff.br\/aabreu\/?page_id=30"},"modified":"2017-07-13T09:46:59","modified_gmt":"2017-07-13T12:46:59","slug":"pesquisa","status":"publish","type":"page","link":"https:\/\/www.professores.uff.br\/aabreu\/pesquisa\/","title":{"rendered":"Pesquisa"},"content":{"rendered":"<h3><span style=\"color: #005aab;\"><strong>Linha de pesquisa:<\/strong><\/span><\/h3>\n<p>&nbsp;<\/p>\n<h4>Estou interessado no espa\u00e7o de m\u00f3dulos de curvas est\u00e1veis e em sistemas lineares limites,<\/h4>\n<h4>em especial no limite de pontos de Weierstrass para curvas singulares.<\/h4>\n","protected":false},"excerpt":{"rendered":"<p>Linha de pesquisa: &nbsp; Estou interessado no espa\u00e7o de m\u00f3dulos de curvas est\u00e1veis e em sistemas lineares limites, em especial no limite de pontos de Weierstrass para curvas singulares.<\/p>\n","protected":false},"author":2,"featured_media":0,"parent":0,"menu_order":0,"comment_status":"closed","ping_status":"closed","template":"","meta":{"_exactmetrics_skip_tracking":false,"_exactmetrics_sitenote_active":false,"_exactmetrics_sitenote_note":"","_exactmetrics_sitenote_category":0,"footnotes":""},"categories":[],"tags":[],"class_list":["post-30","page","type-page","status-publish","hentry"],"_links":{"self":[{"href":"https:\/\/www.professores.uff.br\/aabreu\/wp-json\/wp\/v2\/pages\/30","targetHints":{"allow":["GET"]}}],"collection":[{"href":"https:\/\/www.professores.uff.br\/aabreu\/wp-json\/wp\/v2\/pages"}],"about":[{"href":"https:\/\/www.professores.uff.br\/aabreu\/wp-json\/wp\/v2\/types\/page"}],"author":[{"embeddable":true,"href":"https:\/\/www.professores.uff.br\/aabreu\/wp-json\/wp\/v2\/users\/2"}],"replies":[{"embeddable":true,"href":"https:\/\/www.professores.uff.br\/aabreu\/wp-json\/wp\/v2\/comments?post=30"}],"version-history":[{"count":4,"href":"https:\/\/www.professores.uff.br\/aabreu\/wp-json\/wp\/v2\/pages\/30\/revisions"}],"predecessor-version":[{"id":116,"href":"https:\/\/www.professores.uff.br\/aabreu\/wp-json\/wp\/v2\/pages\/30\/revisions\/116"}],"wp:attachment":[{"href":"https:\/\/www.professores.uff.br\/aabreu\/wp-json\/wp\/v2\/media?parent=30"}],"wp:term":[{"taxonomy":"category","embeddable":true,"href":"https:\/\/www.professores.uff.br\/aabreu\/wp-json\/wp\/v2\/categories?post=30"},{"taxonomy":"post_tag","embeddable":true,"href":"https:\/\/www.professores.uff.br\/aabreu\/wp-json\/wp\/v2\/tags?post=30"}],"curies":[{"name":"wp","href":"https:\/\/api.w.org\/{rel}","templated":true}]}}