{"id":2,"date":"2020-05-06T17:43:33","date_gmt":"2020-05-06T20:43:33","guid":{"rendered":"http:\/\/www.professores.uff.br\/alessiamandini\/?page_id=2"},"modified":"2020-06-10T10:50:17","modified_gmt":"2020-06-10T13:50:17","slug":"pagina-exemplo","status":"publish","type":"page","link":"https:\/\/www.professores.uff.br\/alessiamandini\/pagina-exemplo\/","title":{"rendered":"INVESTIGA\u00c7\u00c3O"},"content":{"rendered":"\n<p><strong><code>\u00c1REA DE INVESTIGA\u00c7\u00c3O<\/code><\/strong><\/p>\n\n\n\n<p>Os meus principais interesses de investiga\u00e7\u00e3o s\u00e3o nas \u00e1reas da geometria simpl\u00e9tica, alg\u00e9brica e suas interliga\u00e7\u00f5es. Mais precisamente, o meu trabalho desenvolve-se nas seguintes linhas de investiga\u00e7\u00e3o:<\/p>\n\n\n\n<p>\u2022 Estudo de variedades K\u00e4hler e hyperK\u00e4hler, em particular espa\u00e7o de moduli de pol\u00edgonos e hiperpoligonos, espa\u00e7o de moduli de fibrados parab\u00f3licos de Higgs;<\/p>\n\n\n\n<p>\u2022 Invariantes simpl\u00e9ticos e mergulhos simpl\u00e9ticos;<\/p>\n\n\n\n<p>\u2022 Ac\u00e7\u00f5es de grupos em variedades e classifica\u00e7\u00e3o de espa\u00e7os equipados com uma ac\u00e7\u00e3o (\u00e0 la Delzant).<\/p>\n\n\n\n<p><strong><code>PUBLICA\u00c7\u00d5ES<\/code><\/strong><\/p>\n\n\n\n<p>1. A. Mandini, M. Pabiniak, Gromov width of polygon spaces, Transformation Groups, 23(1), 149-183, 2018.<\/p>\n\n\n\n<p>2. I. Biswas, C. Florentino, L. Godinho, A. Mandini, Symplectic form on hyperpolygon spaces, Geometriae Dedicata, Vol. 179, Issue 1, 187-195, 2015.<\/p>\n\n\n\n<p>3. A. Mandini, The Duistermaat-Heckman formula and the cohomology of moduli spaces of polygons, J. Symplectic Geom. Vol. 12, No. 1,171-213, 2014.<\/p>\n\n\n\n<p>4. I. Biswas, C. Florentino, L. Godinho, A. Mandini, Polygons in Minkowski three space and parabolic Higgs bundles of rank two on CP1, Transformation Groups 8, 995-1018, 2013.<\/p>\n\n\n\n<p>5. L. Godinho, A. Mandini, Hyperpolygon spaces and moduli spaces of parabolic Higgs bundles, Adv. Math. 244, 465-532, 2013.<\/p>\n\n\n\n<p>6. A. Mandini, Some results on polygon and hyperpolygon spaces, Actas do Encontro Nacional da SPM, Boletim da Sociedade Portuguesa de Matem\u00e1tica, 57-61, 2010.<\/p>\n\n\n\n<p>7. A. Mandini, The cobordism class of the moduli space of polygons in R3, J. Symplectic Geom. 7, no. 1, 1-27, 2009.<\/p>\n\n\n\n<p>8. A. Mandini, A Note on the Moduli Space of Polygons, XVI International Fall Workshop, R. L. Fernandes and R. Picken (eds.), AIP Conference Proceedings Volume 1023, pp. 158-161, 2008.<\/p>\n\n\n\n<p>9. A. Mandini, The geometry of the moduli space of polygons in the Euclidean space, tese de Doutoramento em Matem\u00e1tica, University of Bologna, Italy, June 2007.<\/p>\n\n\n\n<p><strong><code>PR\u00c9-PUBLICA\u00c7\u00d5ES<\/code><\/strong><\/p>\n\n\n\n<p>1. L. Godinho, A. Mandini, Quasi-parabolic Higgs bundles and null hyperpolygon spaces, arXiv:1907.01937.<\/p>\n\n\n\n<p>2. D. Cristofaro-Gardiner, T. Holm, A. Mandini, A.R. Pires, Symplectic embeddings and reflexive polygons, arXiv:2004.13062.<\/p>\n\n\n\n<p><\/p>\n","protected":false},"excerpt":{"rendered":"<p>\u00c1REA DE INVESTIGA\u00c7\u00c3O Os meus principais interesses de investiga\u00e7\u00e3o s\u00e3o nas \u00e1reas da geometria simpl\u00e9tica, alg\u00e9brica e suas interliga\u00e7\u00f5es. Mais precisamente, o meu trabalho desenvolve-se nas seguintes linhas de investiga\u00e7\u00e3o: \u2022 Estudo de variedades K\u00e4hler e hyperK\u00e4hler, em particular espa\u00e7o de moduli de pol\u00edgonos e hiperpoligonos, espa\u00e7o de moduli de fibrados parab\u00f3licos de Higgs; \u2022 [&hellip;]<\/p>\n","protected":false},"author":236,"featured_media":0,"parent":0,"menu_order":0,"comment_status":"closed","ping_status":"open","template":"","meta":{"_exactmetrics_skip_tracking":false,"_exactmetrics_sitenote_active":false,"_exactmetrics_sitenote_note":"","_exactmetrics_sitenote_category":0,"footnotes":""},"categories":[],"tags":[],"class_list":["post-2","page","type-page","status-publish","hentry"],"_links":{"self":[{"href":"https:\/\/www.professores.uff.br\/alessiamandini\/wp-json\/wp\/v2\/pages\/2","targetHints":{"allow":["GET"]}}],"collection":[{"href":"https:\/\/www.professores.uff.br\/alessiamandini\/wp-json\/wp\/v2\/pages"}],"about":[{"href":"https:\/\/www.professores.uff.br\/alessiamandini\/wp-json\/wp\/v2\/types\/page"}],"author":[{"embeddable":true,"href":"https:\/\/www.professores.uff.br\/alessiamandini\/wp-json\/wp\/v2\/users\/236"}],"replies":[{"embeddable":true,"href":"https:\/\/www.professores.uff.br\/alessiamandini\/wp-json\/wp\/v2\/comments?post=2"}],"version-history":[{"count":3,"href":"https:\/\/www.professores.uff.br\/alessiamandini\/wp-json\/wp\/v2\/pages\/2\/revisions"}],"predecessor-version":[{"id":23,"href":"https:\/\/www.professores.uff.br\/alessiamandini\/wp-json\/wp\/v2\/pages\/2\/revisions\/23"}],"wp:attachment":[{"href":"https:\/\/www.professores.uff.br\/alessiamandini\/wp-json\/wp\/v2\/media?parent=2"}],"wp:term":[{"taxonomy":"category","embeddable":true,"href":"https:\/\/www.professores.uff.br\/alessiamandini\/wp-json\/wp\/v2\/categories?post=2"},{"taxonomy":"post_tag","embeddable":true,"href":"https:\/\/www.professores.uff.br\/alessiamandini\/wp-json\/wp\/v2\/tags?post=2"}],"curies":[{"name":"wp","href":"https:\/\/api.w.org\/{rel}","templated":true}]}}