{"id":387,"date":"2026-04-21T12:58:49","date_gmt":"2026-04-21T15:58:49","guid":{"rendered":"https:\/\/www.professores.uff.br\/alexpereira\/?page_id=387"},"modified":"2026-04-21T13:02:15","modified_gmt":"2026-04-21T16:02:15","slug":"matematica-para-economia-iii","status":"publish","type":"page","link":"https:\/\/www.professores.uff.br\/alexpereira\/matematica-para-economia-iii\/","title":{"rendered":"Matem\u00e1tica para Economia III"},"content":{"rendered":"\n<p>Nesta disciplina iremos estudar alguns fundamentos da \u00c1lgebra Linear por\u00e9m iremos sempre considerar o Espa\u00e7o das Matrizes e o Espa\u00e7o dos vetores n-dimensionais. <\/p>\n","protected":false},"excerpt":{"rendered":"<p>Nesta disciplina iremos estudar alguns fundamentos da \u00c1lgebra Linear por\u00e9m iremos sempre considerar o Espa\u00e7o das Matrizes e o Espa\u00e7o dos vetores n-dimensionais.<\/p>\n","protected":false},"author":224,"featured_media":0,"parent":0,"menu_order":0,"comment_status":"closed","ping_status":"closed","template":"","meta":{"_exactmetrics_skip_tracking":false,"_exactmetrics_sitenote_active":false,"_exactmetrics_sitenote_note":"","_exactmetrics_sitenote_category":0,"footnotes":""},"categories":[],"tags":[],"class_list":["post-387","page","type-page","status-publish","hentry"],"_links":{"self":[{"href":"https:\/\/www.professores.uff.br\/alexpereira\/wp-json\/wp\/v2\/pages\/387","targetHints":{"allow":["GET"]}}],"collection":[{"href":"https:\/\/www.professores.uff.br\/alexpereira\/wp-json\/wp\/v2\/pages"}],"about":[{"href":"https:\/\/www.professores.uff.br\/alexpereira\/wp-json\/wp\/v2\/types\/page"}],"author":[{"embeddable":true,"href":"https:\/\/www.professores.uff.br\/alexpereira\/wp-json\/wp\/v2\/users\/224"}],"replies":[{"embeddable":true,"href":"https:\/\/www.professores.uff.br\/alexpereira\/wp-json\/wp\/v2\/comments?post=387"}],"version-history":[{"count":4,"href":"https:\/\/www.professores.uff.br\/alexpereira\/wp-json\/wp\/v2\/pages\/387\/revisions"}],"predecessor-version":[{"id":393,"href":"https:\/\/www.professores.uff.br\/alexpereira\/wp-json\/wp\/v2\/pages\/387\/revisions\/393"}],"wp:attachment":[{"href":"https:\/\/www.professores.uff.br\/alexpereira\/wp-json\/wp\/v2\/media?parent=387"}],"wp:term":[{"taxonomy":"category","embeddable":true,"href":"https:\/\/www.professores.uff.br\/alexpereira\/wp-json\/wp\/v2\/categories?post=387"},{"taxonomy":"post_tag","embeddable":true,"href":"https:\/\/www.professores.uff.br\/alexpereira\/wp-json\/wp\/v2\/tags?post=387"}],"curies":[{"name":"wp","href":"https:\/\/api.w.org\/{rel}","templated":true}]}}