{"id":11,"date":"2017-09-22T11:30:27","date_gmt":"2017-09-22T14:30:27","guid":{"rendered":"http:\/\/www.professores.uff.br\/almaraz\/?page_id=11"},"modified":"2017-09-22T11:30:27","modified_gmt":"2017-09-22T14:30:27","slug":"pre-calculo","status":"publish","type":"page","link":"https:\/\/www.professores.uff.br\/almaraz\/pre-calculo\/","title":{"rendered":"Pr\u00e9-C\u00e1lculo"},"content":{"rendered":"<h3>2015.1<\/h3>\n<hr \/>\n<p><a href=\"http:\/\/www.professores.uff.br\/almaraz\/wp-content\/uploads\/sites\/140\/2017\/09\/AvisosDiasProvas.pdf\">Informa\u00e7\u00f5es 2015.1<\/a><\/p>\n<p>Provas 2015.1: 1aVE <a href=\"http:\/\/www.professores.uff.br\/almaraz\/wp-content\/uploads\/sites\/140\/2017\/09\/VE1_Pre-calculo_2015-1.pdf\">.pdf<\/a>, 2aVE\u00a0<a href=\"http:\/\/www.professores.uff.br\/almaraz\/wp-content\/uploads\/sites\/140\/2017\/09\/VE2_Pre-calculo_2015-1.pdf\">.pdf<\/a>,\u00a0VR\u00a0<a href=\"http:\/\/www.professores.uff.br\/almaraz\/wp-content\/uploads\/sites\/140\/2017\/09\/VR_Pre-calculo_2015-1.pdf\">.pdf<\/a>,\u00a0VS\u00a0<a href=\"http:\/\/www.professores.uff.br\/almaraz\/wp-content\/uploads\/sites\/140\/2017\/09\/VS_Pre-calculo_2015-1.pdf\">.pdf<\/a><\/p>\n<p>Provas 2009.1:\u00a0<a href=\"http:\/\/www.professores.uff.br\/almaraz\/wp-content\/uploads\/sites\/140\/2017\/09\/TesteD1.pdf\">Teste &#8211; turma D1<\/a>,\u00a0<a href=\"http:\/\/www.professores.uff.br\/almaraz\/wp-content\/uploads\/sites\/140\/2017\/09\/TesteE1-A.pdf\">Teste A &#8211; turma E1\u00a0<\/a>,\u00a0<a href=\"http:\/\/www.professores.uff.br\/almaraz\/wp-content\/uploads\/sites\/140\/2017\/09\/TesteE1-B.pdf\">Teste B &#8211; turma E1<\/a>,\u00a0<a href=\"http:\/\/www.professores.uff.br\/almaraz\/wp-content\/uploads\/sites\/140\/2017\/09\/VE1-turmaD1.pdf\">1\u00aa VE &#8211; turma D1<\/a>,\u00a0<a href=\"http:\/\/www.professores.uff.br\/almaraz\/wp-content\/uploads\/sites\/140\/2017\/09\/VE1-turmaE1.pdf\">1\u00aa VE &#8211; turma E1<\/a>,\u00a0<a href=\"http:\/\/www.professores.uff.br\/almaraz\/wp-content\/uploads\/sites\/140\/2017\/09\/VE2-turmaD1.pdf\">2\u00aa VE &#8211; turma D1<\/a>,\u00a0<a href=\"http:\/\/www.professores.uff.br\/almaraz\/wp-content\/uploads\/sites\/140\/2017\/09\/VE2-turmaE1.pdf\">2\u00aa VE &#8211; turma E1<\/a>,\u00a0<a href=\"http:\/\/www.professores.uff.br\/almaraz\/wp-content\/uploads\/sites\/140\/2017\/09\/VR-turmaD1.pdf\">VR &#8211; turma D1<\/a>,\u00a0<a href=\"http:\/\/www.professores.uff.br\/almaraz\/wp-content\/uploads\/sites\/140\/2017\/09\/VR-turmaE1.pdf\">VR &#8211; turma E1<\/a>,\u00a0<a href=\"http:\/\/www.professores.uff.br\/almaraz\/wp-content\/uploads\/sites\/140\/2017\/09\/VS.pdf\">VS<\/a><\/p>\n<p>Listas extras: <a href=\"http:\/\/www.professores.uff.br\/almaraz\/wp-content\/uploads\/sites\/140\/2017\/09\/Lista_Polinomios.pdf\">polin\u00f4mios<\/a> , <a href=\"http:\/\/www.professores.uff.br\/almaraz\/wp-content\/uploads\/sites\/140\/2017\/09\/Lista_Funcoes.pdf\">fun\u00e7\u00f5es<\/a>\u00a0, <a href=\"http:\/\/www.professores.uff.br\/almaraz\/wp-content\/uploads\/sites\/140\/2017\/09\/Lista_Trigonometria.pdf\">trigonometria<\/a><\/p>\n<p>Texto trigonometria: <a href=\"http:\/\/www.professores.uff.br\/almaraz\/wp-content\/uploads\/sites\/140\/2017\/09\/parte1_2010_2.pdf\">parte\u00a01<\/a> , <a href=\"http:\/\/www.professores.uff.br\/almaraz\/wp-content\/uploads\/sites\/140\/2017\/09\/parte2_salva.pdf\">parte 2<\/a><\/p>\n<hr \/>\n<p>&nbsp;<\/p>\n","protected":false},"excerpt":{"rendered":"<p>2015.1 Informa\u00e7\u00f5es 2015.1 Provas 2015.1: 1aVE .pdf, 2aVE\u00a0.pdf,\u00a0VR\u00a0.pdf,\u00a0VS\u00a0.pdf Provas 2009.1:\u00a0Teste &#8211; turma D1,\u00a0Teste A &#8211; turma E1\u00a0,\u00a0Teste B &#8211; turma E1,\u00a01\u00aa VE &#8211; turma D1,\u00a01\u00aa VE &#8211; turma E1,\u00a02\u00aa VE &#8211; turma D1,\u00a02\u00aa VE &#8211; turma E1,\u00a0VR &#8211; turma D1,\u00a0VR &#8211; turma E1,\u00a0VS Listas extras: polin\u00f4mios , fun\u00e7\u00f5es\u00a0, trigonometria Texto trigonometria: parte\u00a01 , parte 2 [&hellip;]<\/p>\n","protected":false},"author":22,"featured_media":0,"parent":0,"menu_order":0,"comment_status":"closed","ping_status":"closed","template":"","meta":{"_exactmetrics_skip_tracking":false,"_exactmetrics_sitenote_active":false,"_exactmetrics_sitenote_note":"","_exactmetrics_sitenote_category":0,"footnotes":""},"categories":[],"tags":[],"class_list":["post-11","page","type-page","status-publish","hentry"],"_links":{"self":[{"href":"https:\/\/www.professores.uff.br\/almaraz\/wp-json\/wp\/v2\/pages\/11","targetHints":{"allow":["GET"]}}],"collection":[{"href":"https:\/\/www.professores.uff.br\/almaraz\/wp-json\/wp\/v2\/pages"}],"about":[{"href":"https:\/\/www.professores.uff.br\/almaraz\/wp-json\/wp\/v2\/types\/page"}],"author":[{"embeddable":true,"href":"https:\/\/www.professores.uff.br\/almaraz\/wp-json\/wp\/v2\/users\/22"}],"replies":[{"embeddable":true,"href":"https:\/\/www.professores.uff.br\/almaraz\/wp-json\/wp\/v2\/comments?post=11"}],"version-history":[{"count":1,"href":"https:\/\/www.professores.uff.br\/almaraz\/wp-json\/wp\/v2\/pages\/11\/revisions"}],"predecessor-version":[{"id":32,"href":"https:\/\/www.professores.uff.br\/almaraz\/wp-json\/wp\/v2\/pages\/11\/revisions\/32"}],"wp:attachment":[{"href":"https:\/\/www.professores.uff.br\/almaraz\/wp-json\/wp\/v2\/media?parent=11"}],"wp:term":[{"taxonomy":"category","embeddable":true,"href":"https:\/\/www.professores.uff.br\/almaraz\/wp-json\/wp\/v2\/categories?post=11"},{"taxonomy":"post_tag","embeddable":true,"href":"https:\/\/www.professores.uff.br\/almaraz\/wp-json\/wp\/v2\/tags?post=11"}],"curies":[{"name":"wp","href":"https:\/\/api.w.org\/{rel}","templated":true}]}}