{"id":143,"date":"2017-09-22T12:40:02","date_gmt":"2017-09-22T15:40:02","guid":{"rendered":"http:\/\/www.professores.uff.br\/almaraz\/?page_id=143"},"modified":"2017-09-22T12:40:02","modified_gmt":"2017-09-22T15:40:02","slug":"equacoes-diferenciais","status":"publish","type":"page","link":"https:\/\/www.professores.uff.br\/almaraz\/equacoes-diferenciais\/","title":{"rendered":"Equa\u00e7\u00f5es Diferenciais"},"content":{"rendered":"<h3><strong>2013.2<\/strong><\/h3>\n<hr \/>\n<p><strong>Turma F1<\/strong><\/p>\n<p><strong>Hor\u00e1rio de aula:<\/strong><\/p>\n<p>3af : 20-22 horas, sala H 304 (UFASA);<\/p>\n<p>5af : 20-22 horas, sala H 402 (UFASA).<\/p>\n<p>&nbsp;<\/p>\n<p><strong>Hor\u00e1rio de atendimento:<\/strong><\/p>\n<p>3af : 16-17 horas, gabinete 11 do 5<sup>o<\/sup> andar do Instituto de Matem\u00e1tica (Campus Valonguinho).<\/p>\n<p>&nbsp;<\/p>\n<p><strong>Principais refer\u00eancias:<\/strong><\/p>\n<p>\u2022 Hamilton Luiz Guidorizzi; <em>Um curso de C\u00e1lculo; vol.4<\/em>; Editora LTC;<\/p>\n<p>\u2022 William E. Boyce, Richard C. DiPrima; <em>Equa\u00e7\u00f5es Diferenciais Elementares e Problemas de Valor de Contorno<\/em>; Editora LTC;<\/p>\n<p>\u2022 Dennis G. Zill, Michael R. Cullen; <em>Equa\u00e7\u00f5es Diferenciais, vol 1<\/em>; Editora Makron Books do Brasil;<\/p>\n<p>Demais refer\u00eancias e outras informa\u00e7\u00f5es sobre o curso e podem ser encontradas no\u00a0site do GMA-Departamento de Matem\u00e1tica Aplicada (<a href=\"http:\/\/www.uff.br\/gma\/\" target=\"_blank\" rel=\"noopener noreferrer\">link<\/a>).<\/p>\n<p>&nbsp;<\/p>\n<p><strong>Datas das provas:<\/strong><\/p>\n<p><strong>1<sup>a <\/sup>VE<\/strong> &#8211; dia 07\/11\/2013 <a href=\"http:\/\/www.professores.uff.br\/almaraz\/wp-content\/uploads\/sites\/140\/2017\/09\/1VE1_Eq_Dif_2013-2.pdf\">.pdf<\/a> (N\u00e3o possuo gabarito dessa prova). <strong>Conte\u00fado<\/strong>: Livro Guidorizzi vol. 4 cap\u00edtulos 1 a 8, livro Zill-Cullen se\u00e7\u00f5es 6.2 e 6.3; listas 1 a 4.<\/p>\n<p><strong>2<sup>a <\/sup>VE<\/strong> &#8211; dia 17\/12\/2013 <a href=\"http:\/\/www.professores.uff.br\/almaraz\/wp-content\/uploads\/sites\/140\/2017\/09\/2VE2_Eq_Dif_2013-2_-_Gabarito.pdf\">.pdf<\/a> . <strong>Conte\u00fado<\/strong>: Livro Zill-Cullen se\u00e7\u00f5es 7.1 a 7.5, 6.2 e 6.4.1; listas 4(exs 7 e 8a, 8b) e 5; a parte de decomposi\u00e7\u00e3o em fra\u00e7\u00f5es parciais pode ser encontrada nas se\u00e7\u00f5es 1.2.5, 1.2.6 e 1.2.7 do livro Guidorizzi vol.1.<\/p>\n<p><strong>VR<\/strong> &#8211; dia 07\/01\/2014 <a href=\"http:\/\/www.professores.uff.br\/almaraz\/wp-content\/uploads\/sites\/140\/2017\/09\/3VR_Eq_Dif_2013-2_-_Gabarito.pdf\">.pdf<\/a>\u00a0 . <strong>Conte\u00fado<\/strong>: Mat\u00e9ria da 1<sup>a<\/sup> e 2<sup>a<\/sup>VEs. <strong>Revis\u00e3o de prova:<\/strong> dia 14\/01\/2014, no hor\u00e1rio e sala de aula.<\/p>\n<p><strong>VS <\/strong>&#8211; dia 09\/01\/2014 <a href=\"http:\/\/www.professores.uff.br\/almaraz\/wp-content\/uploads\/sites\/140\/2017\/09\/4VS_Eq_Dif_2013-2_Gabarito.pdf\">.pdf<\/a> . <strong>Conte\u00fado<\/strong>: Mat\u00e9ria da 1<sup>a<\/sup> e 2<sup>a<\/sup>VEs. <strong>Revis\u00e3o de prova:<\/strong> dia 14\/01\/2014, no hor\u00e1rio e sala de aula.<\/p>\n<p>Veja <a href=\"http:\/\/www.professores.uff.br\/almaraz\/wp-content\/uploads\/sites\/140\/2017\/09\/5Crit_aval_eq_dif.pdf\">aqui<\/a> o <strong>crit\u00e9rio de avalia\u00e7\u00e3o<\/strong> do curso.<\/p>\n<p><strong>Provas de 2013.1<\/strong> da Prof<sup>a<\/sup> Socorro: <a href=\"http:\/\/www.professores.uff.br\/almaraz\/wp-content\/uploads\/sites\/140\/2017\/09\/6Provas_de_Equa\u00e7\u00f5es_Diferenciais_._2013.1.Profa_.Socorro.pdf\">pdf<\/a> .<\/p>\n<p>&nbsp;<\/p>\n<p><strong>Listas <\/strong>do Prof<sup>o<\/sup> Gabriel Calsamiglia:<\/p>\n<p><a href=\"http:\/\/www.professores.uff.br\/almaraz\/wp-content\/uploads\/sites\/140\/2017\/09\/Lista-1_Seq-e-Series-1.pdf\">Lista 1: Sequ\u00eancias e S\u00e9ries<\/a><\/p>\n<p><a href=\"http:\/\/www.professores.uff.br\/almaraz\/wp-content\/uploads\/sites\/140\/2017\/09\/Lista-2_Convergencia-de-Series.pdf\">Lista 2: Converg\u00eancia de S\u00e9ries<\/a><\/p>\n<p><a href=\"http:\/\/www.professores.uff.br\/almaraz\/wp-content\/uploads\/sites\/140\/2017\/09\/Lista-3_Series-de-potencias.pdf\">Lista 3: S\u00e9ries de Pot\u00eancias<\/a><\/p>\n<p><a href=\"http:\/\/www.professores.uff.br\/almaraz\/wp-content\/uploads\/sites\/140\/2017\/09\/Lista-4_Resolvendo-EDOs-com-Series.pdf\">Lista 4: Resolvendo EDOs com S\u00e9ries de Pot\u00eancias<\/a><\/p>\n<p>Lista de <strong>Transformada de Laplace<\/strong>: <a href=\"http:\/\/www.professores.uff.br\/almaraz\/wp-content\/uploads\/sites\/140\/2017\/09\/Lista_5_Transformada_de_Laplace_-_Sergio.pdf\">.pdf<\/a><\/p>\n","protected":false},"excerpt":{"rendered":"<p>2013.2 Turma F1 Hor\u00e1rio de aula: 3af : 20-22 horas, sala H 304 (UFASA); 5af : 20-22 horas, sala H 402 (UFASA). &nbsp; Hor\u00e1rio de atendimento: 3af : 16-17 horas, gabinete 11 do 5o andar do Instituto de Matem\u00e1tica (Campus Valonguinho). &nbsp; Principais refer\u00eancias: \u2022 Hamilton Luiz Guidorizzi; Um curso de C\u00e1lculo; vol.4; Editora LTC; [&hellip;]<\/p>\n","protected":false},"author":22,"featured_media":0,"parent":0,"menu_order":0,"comment_status":"closed","ping_status":"closed","template":"","meta":{"_exactmetrics_skip_tracking":false,"_exactmetrics_sitenote_active":false,"_exactmetrics_sitenote_note":"","_exactmetrics_sitenote_category":0,"footnotes":""},"categories":[],"tags":[],"class_list":["post-143","page","type-page","status-publish","hentry"],"_links":{"self":[{"href":"https:\/\/www.professores.uff.br\/almaraz\/wp-json\/wp\/v2\/pages\/143","targetHints":{"allow":["GET"]}}],"collection":[{"href":"https:\/\/www.professores.uff.br\/almaraz\/wp-json\/wp\/v2\/pages"}],"about":[{"href":"https:\/\/www.professores.uff.br\/almaraz\/wp-json\/wp\/v2\/types\/page"}],"author":[{"embeddable":true,"href":"https:\/\/www.professores.uff.br\/almaraz\/wp-json\/wp\/v2\/users\/22"}],"replies":[{"embeddable":true,"href":"https:\/\/www.professores.uff.br\/almaraz\/wp-json\/wp\/v2\/comments?post=143"}],"version-history":[{"count":1,"href":"https:\/\/www.professores.uff.br\/almaraz\/wp-json\/wp\/v2\/pages\/143\/revisions"}],"predecessor-version":[{"id":155,"href":"https:\/\/www.professores.uff.br\/almaraz\/wp-json\/wp\/v2\/pages\/143\/revisions\/155"}],"wp:attachment":[{"href":"https:\/\/www.professores.uff.br\/almaraz\/wp-json\/wp\/v2\/media?parent=143"}],"wp:term":[{"taxonomy":"category","embeddable":true,"href":"https:\/\/www.professores.uff.br\/almaraz\/wp-json\/wp\/v2\/categories?post=143"},{"taxonomy":"post_tag","embeddable":true,"href":"https:\/\/www.professores.uff.br\/almaraz\/wp-json\/wp\/v2\/tags?post=143"}],"curies":[{"name":"wp","href":"https:\/\/api.w.org\/{rel}","templated":true}]}}