{"id":84,"date":"2017-09-22T12:09:53","date_gmt":"2017-09-22T15:09:53","guid":{"rendered":"http:\/\/www.professores.uff.br\/almaraz\/?page_id=84"},"modified":"2017-09-22T12:09:53","modified_gmt":"2017-09-22T15:09:53","slug":"calculo-ii-a","status":"publish","type":"page","link":"https:\/\/www.professores.uff.br\/almaraz\/calculo-ii-a\/","title":{"rendered":"C\u00e1lculo II-A"},"content":{"rendered":"<h3>2017.2<\/h3>\n<hr \/>\n<p><strong>Hor\u00e1rio de aula:<\/strong><\/p>\n<p><strong>Turma I1+I2:\u00a02af, 4af<\/strong> : 14-16 horas, \u00a0sala IMG202 (Gragoat\u00e1);<\/p>\n<p>&nbsp;<\/p>\n<p><strong>Hor\u00e1rio de atendimento:<\/strong> \u00a02af, 4af: 16-17 horas, sala 49 (4o\u00a0andar do bloco G do IME, Gragoat\u00e1).<\/p>\n<p>&nbsp;<\/p>\n<p><strong>Principais refer\u00eancias:<\/strong><\/p>\n<p>\u2022\u00a0J. Stewart &#8211; C\u00e1lculo; Vol. 1.\u00a0(Conte\u00fado da \u00a01aVE,\u00a0veja \u00edndice da 7a edi\u00e7\u00e3o:\u00a0<a href=\"http:\/\/www.professores.uff.br\/almaraz\/wp-content\/uploads\/sites\/140\/2017\/09\/1Indice_7a_edicao_p1.pdf\">p.1<\/a>,\u00a0<a href=\"http:\/\/www.professores.uff.br\/almaraz\/wp-content\/uploads\/sites\/140\/2017\/09\/2Indice_7a_edicao_p2.pdf\">p.2<\/a>,\u00a0<a href=\"http:\/\/www.professores.uff.br\/almaraz\/wp-content\/uploads\/sites\/140\/2017\/09\/3Indice_7a_edicao_p3.pdf\">p.3<\/a>).<\/p>\n<p>\u2022\u00a0D. Zill, M.Cullen &#8211; Equa\u00e7\u00f5es Diferenciais, Vol. 1.\u00a0(Conte\u00fado da \u00a02aVE)<\/p>\n<p>\u2022\u00a0Argento, Cristiane e Hern\u00e1ndez, Freddy, Apostila de C\u00e1lculo IIA para EAD, GMA, UFF.\u00a0(Cont\u00e9m todo o conte\u00fado da disciplina.) (<a href=\"http:\/\/www.gma.uff.br\/html\/informacoes%20disciplinas\/calc%2002%20-A-%202012-2\/cristiane\/CALCULOIIA_EAD(Versao%20Final)_correcao_%20aulas%2025%20a%2030.pdf\">link<\/a>)<\/p>\n<p>Site para download:\u00a0<a href=\"http:\/\/gen.lib.rus.ec\/\">Library Genesis<\/a><\/p>\n<p>&nbsp;<\/p>\n<p>Listas de exerc\u00edcios do GMA\u00a0e outras informa\u00e7\u00f5es: <a href=\"http:\/\/www.gma.uff.br\/index.php\/ensino\/programas-e-ementas\/13-informacoes-diversas-aos-alunos\/38-ca2a\">link<\/a><a href=\"http:\/\/www.gma.uff.br\/index.php\/ensino\/programas-e-ementas\/13-informacoes-diversas-aos-alunos\/35-ca1a\"><br \/>\n<\/a><\/p>\n<p>Lista de exerc\u00edcios do livro\u00a0(7a edi\u00e7\u00e3o do J. Stewart):<\/p>\n<p>&nbsp;<\/p>\n<p>5.1: 2,18,24,30;<\/p>\n<p>5.2: 6,8,27,33,34,37,39,41-45, 48-50,65;<\/p>\n<p>5.3: 3,11,18,26,27,40,41,55,61,72,73,76;<\/p>\n<p>5.4: 2,9,25,27,42,45,51-56,63;<\/p>\n<p>5.5: 3,13,21,22,32,45,65,69,77-79,85,87-91;<\/p>\n<p>6.1: 3,31,47,51;<\/p>\n<p>6.2: 17,27,41,47-51,54,61,64,69;<\/p>\n<p>6.3: 1,17,28,31,41,45,48.<\/p>\n<p>&nbsp;<\/p>\n<p>Monitoria:\u00a0<a href=\"http:\/\/www.gma.uff.br\/index.php\/ensino\/monitoria\">link\u00a0<\/a><\/p>\n<p>Plataforma Moodle\/Cead:\u00a0<a href=\"http:\/\/www.gma.uff.br\/index.php\/ensino\/moodle\">link<\/a><\/p>\n<p>Cronograma esperado:\u00a0<a href=\"http:\/\/www.professores.uff.br\/almaraz\/wp-content\/uploads\/sites\/140\/2017\/09\/Cronograma_Calculo_II_A-2017-2.pdf\">pdf<\/a><\/p>\n<p>&nbsp;<\/p>\n<p><strong>Datas das provas:<\/strong><\/p>\n<p>1a\u00a0VE\u00a0&#8211;\u00a0dia 02\/10\/2017<\/p>\n<p>2a\u00a0VE\u00a0&#8211; dia 06\/12\/2017<a href=\"http:\/\/www.meusiteantigo.uff.br\/almaraz\/images\/stories\/Calculo_I-A_2014-2\/VE2_Calculo_I-A_2014-2.pdf\"><br \/>\n<\/a><\/p>\n<p>VR (2a\u00a0chamada)\u00a0&#8211; dia 11\/12\/2017\u00a0(conte\u00fado: mat\u00e9ria da 1a\u00a0e 2aVEs)\u00a0<a href=\"http:\/\/www.meusiteantigo.uff.br\/almaraz\/images\/stories\/Calculo_I-A_2014-2\/VR_Calculo_I-A_2014-2.pdf\"><br \/>\n<\/a><\/p>\n<p>VS\u00a0&#8211; dia 18\/12\/2017\u00a0\u00a0(conte\u00fado: mat\u00e9ria da 1a\u00a0e 2aVEs)<\/p>\n<p>Observa\u00e7\u00e3o:\u00a0Somente alunos\u00a0matriculados nas turmas I1 e I2\u00a0podem fazer prova comigo.<\/p>\n<p>&nbsp;<\/p>\n<p><strong>Provas antigas:<\/strong><\/p>\n<p>2016.1: 1a\u00a0VE turma K1:\u00a0<a href=\"http:\/\/www.professores.uff.br\/almaraz\/wp-content\/uploads\/sites\/140\/2017\/09\/VE1_Calculo_II-A_2016-1_K1.pdf\">.pdf<\/a>, turma L1:\u00a0<a href=\"http:\/\/www.professores.uff.br\/almaraz\/wp-content\/uploads\/sites\/140\/2017\/09\/2VE1_Calculo_II-A_2016-1_L1.pdf\">.pdf<\/a>; 2a\u00a0VE turma K1:\u00a0<a href=\"http:\/\/www.professores.uff.br\/almaraz\/wp-content\/uploads\/sites\/140\/2017\/09\/3VE2_Calculo_II-A_2016-1_K1.pdf\">.pdf<\/a>,\u00a0turma L1:\u00a0<a href=\"http:\/\/www.professores.uff.br\/almaraz\/wp-content\/uploads\/sites\/140\/2017\/09\/4VE2_Calculo_II-A_2016-1_L1.pdf\">.pdf<\/a>; VR turma K1:\u00a0<a href=\"http:\/\/www.professores.uff.br\/almaraz\/wp-content\/uploads\/sites\/140\/2017\/09\/5VR_Calculo_II-A_2016-1_K1.pdf\">.pdf<\/a>,\u00a0turma L1:\u00a0<a href=\"http:\/\/www.professores.uff.br\/almaraz\/wp-content\/uploads\/sites\/140\/2017\/09\/6VR_Calculo_II-A_2016-1_L1.pdf\">.pdf<\/a>; VS turma K1:\u00a0<a href=\"http:\/\/www.professores.uff.br\/almaraz\/wp-content\/uploads\/sites\/140\/2017\/09\/7VS_Calculo_II-A_2016-1_K1.pdf\">.pdf<\/a>; turma L1:\u00a0<a href=\"http:\/\/www.professores.uff.br\/almaraz\/wp-content\/uploads\/sites\/140\/2017\/09\/8VS_Calculo_II-A_2016-1_L1.pdf\">.pdf<\/a>.<\/p>\n<p>2009.2:\u00a0<a href=\"http:\/\/www.professores.uff.br\/almaraz\/wp-content\/uploads\/sites\/140\/2017\/09\/VE1_calc_2-A_09.2.pdf\">1\u00aa VE<\/a>\u00a0,\u00a0<a href=\"http:\/\/www.professores.uff.br\/almaraz\/wp-content\/uploads\/sites\/140\/2017\/09\/VE2_calc_2-A_09.2.pdf\">2\u00aa VE<\/a>\u00a0,\u00a0<a href=\"http:\/\/www.professores.uff.br\/almaraz\/wp-content\/uploads\/sites\/140\/2017\/09\/VR_calc_2-A_09.2.pdf\">VR<\/a>\u00a0,\u00a0<a href=\"http:\/\/www.professores.uff.br\/almaraz\/wp-content\/uploads\/sites\/140\/2017\/09\/VS_calc_2-A_09.2.pdf\">VS<\/a><\/p>\n","protected":false},"excerpt":{"rendered":"<p>2017.2 Hor\u00e1rio de aula: Turma I1+I2:\u00a02af, 4af : 14-16 horas, \u00a0sala IMG202 (Gragoat\u00e1); &nbsp; Hor\u00e1rio de atendimento: \u00a02af, 4af: 16-17 horas, sala 49 (4o\u00a0andar do bloco G do IME, Gragoat\u00e1). &nbsp; Principais refer\u00eancias: \u2022\u00a0J. Stewart &#8211; C\u00e1lculo; Vol. 1.\u00a0(Conte\u00fado da \u00a01aVE,\u00a0veja \u00edndice da 7a edi\u00e7\u00e3o:\u00a0p.1,\u00a0p.2,\u00a0p.3). \u2022\u00a0D. Zill, M.Cullen &#8211; Equa\u00e7\u00f5es Diferenciais, Vol. 1.\u00a0(Conte\u00fado da \u00a02aVE) [&hellip;]<\/p>\n","protected":false},"author":22,"featured_media":0,"parent":0,"menu_order":0,"comment_status":"closed","ping_status":"closed","template":"","meta":{"_exactmetrics_skip_tracking":false,"_exactmetrics_sitenote_active":false,"_exactmetrics_sitenote_note":"","_exactmetrics_sitenote_category":0,"footnotes":""},"categories":[],"tags":[],"class_list":["post-84","page","type-page","status-publish","hentry"],"_links":{"self":[{"href":"https:\/\/www.professores.uff.br\/almaraz\/wp-json\/wp\/v2\/pages\/84","targetHints":{"allow":["GET"]}}],"collection":[{"href":"https:\/\/www.professores.uff.br\/almaraz\/wp-json\/wp\/v2\/pages"}],"about":[{"href":"https:\/\/www.professores.uff.br\/almaraz\/wp-json\/wp\/v2\/types\/page"}],"author":[{"embeddable":true,"href":"https:\/\/www.professores.uff.br\/almaraz\/wp-json\/wp\/v2\/users\/22"}],"replies":[{"embeddable":true,"href":"https:\/\/www.professores.uff.br\/almaraz\/wp-json\/wp\/v2\/comments?post=84"}],"version-history":[{"count":1,"href":"https:\/\/www.professores.uff.br\/almaraz\/wp-json\/wp\/v2\/pages\/84\/revisions"}],"predecessor-version":[{"id":101,"href":"https:\/\/www.professores.uff.br\/almaraz\/wp-json\/wp\/v2\/pages\/84\/revisions\/101"}],"wp:attachment":[{"href":"https:\/\/www.professores.uff.br\/almaraz\/wp-json\/wp\/v2\/media?parent=84"}],"wp:term":[{"taxonomy":"category","embeddable":true,"href":"https:\/\/www.professores.uff.br\/almaraz\/wp-json\/wp\/v2\/categories?post=84"},{"taxonomy":"post_tag","embeddable":true,"href":"https:\/\/www.professores.uff.br\/almaraz\/wp-json\/wp\/v2\/tags?post=84"}],"curies":[{"name":"wp","href":"https:\/\/api.w.org\/{rel}","templated":true}]}}