{"id":86,"date":"2020-09-17T00:28:07","date_gmt":"2020-09-17T03:28:07","guid":{"rendered":"http:\/\/www.professores.uff.br\/anafarias\/?page_id=86"},"modified":"2020-09-17T01:47:09","modified_gmt":"2020-09-17T04:47:09","slug":"inicio-2","status":"publish","type":"page","link":"https:\/\/www.professores.uff.br\/anafarias\/","title":{"rendered":"In\u00edcio"},"content":{"rendered":"<p>[et_pb_section fb_built=&#8221;1&#8243; _builder_version=&#8221;4.6.0&#8243; _module_preset=&#8221;default&#8221; custom_margin=&#8221;||-2px|||&#8221;][et_pb_row column_structure=&#8221;2_5,3_5&#8243; _builder_version=&#8221;4.6.0&#8243; _module_preset=&#8221;default&#8221;][et_pb_column type=&#8221;2_5&#8243; _builder_version=&#8221;4.6.0&#8243; _module_preset=&#8221;default&#8221;][et_pb_image src=&#8221;http:\/\/www.professores.uff.br\/anafarias\/wp-content\/uploads\/sites\/210\/2020\/09\/iconesite.png&#8221; title_text=&#8221;iconesite&#8221; _builder_version=&#8221;4.6.0&#8243; _module_preset=&#8221;default&#8221; min_height=&#8221;410px&#8221; custom_padding=&#8221;||0px|||&#8221;][\/et_pb_image][\/et_pb_column][et_pb_column type=&#8221;3_5&#8243; _builder_version=&#8221;4.6.0&#8243; _module_preset=&#8221;default&#8221;][et_pb_cta title=&#8221;ANA MARIA LIMA DE FARIAS&#8221; button_text=&#8221;Cliques&#8221; _builder_version=&#8221;4.6.0&#8243; _module_preset=&#8221;default&#8221; header_font=&#8221;|700|||||||&#8221; header_text_align=&#8221;left&#8221; header_text_color=&#8221;#e09900&#8243; body_text_color=&#8221;#E09900&#8243; body_font_size=&#8221;14px&#8221; background_color=&#8221;#EBDBB8&#8243; min_height=&#8221;410px&#8221;]<\/p>\n<p style=\"text-align: left\">Professora Associada do Departamento de Estat\u00edstica<\/p>\n<p>&nbsp;<\/p>\n<p style=\"text-align: left\">Doutorado em Engenharia El\u00e9trica (Teoria de Controle e Estat\u00edstica) &#8211; PUC-Rio<\/p>\n<p style=\"text-align: left\">Mestrado em Estat\u00edstica &#8211; IMPA<\/p>\n<p style=\"text-align: left\">Bacharel em Matem\u00e1tica &#8211; UFMG<\/p>\n<p>&nbsp;<\/p>\n<p style=\"text-align: left\">Contato: anafarias@id.uff.br<\/p>\n<p style=\"text-align: left\"><strong><a href=\"\/\/lattes.cnpq.br\/9413129143197217\" target=\"_blank\" rel=\"noopener noreferrer\">Curr\u00edculo Lattes<\/a><\/strong><\/p>\n<p>[\/et_pb_cta][\/et_pb_column][\/et_pb_row][\/et_pb_section]<\/p>\n","protected":false},"excerpt":{"rendered":"<p>Professora Associada do Departamento de Estat\u00edstica &nbsp; Doutorado em Engenharia El\u00e9trica (Teoria de Controle e Estat\u00edstica) &#8211; PUC-Rio Mestrado em Estat\u00edstica &#8211; IMPA Bacharel em Matem\u00e1tica &#8211; UFMG &nbsp; Contato: anafarias@id.uff.br Curr\u00edculo Lattes<\/p>\n","protected":false},"author":240,"featured_media":0,"parent":0,"menu_order":0,"comment_status":"closed","ping_status":"closed","template":"","meta":{"_et_pb_use_builder":"on","_et_pb_old_content":"","_et_gb_content_width":"","_exactmetrics_skip_tracking":false,"_exactmetrics_sitenote_active":false,"_exactmetrics_sitenote_note":"","_exactmetrics_sitenote_category":0,"footnotes":""},"categories":[],"tags":[],"class_list":["post-86","page","type-page","status-publish","hentry"],"_links":{"self":[{"href":"https:\/\/www.professores.uff.br\/anafarias\/wp-json\/wp\/v2\/pages\/86","targetHints":{"allow":["GET"]}}],"collection":[{"href":"https:\/\/www.professores.uff.br\/anafarias\/wp-json\/wp\/v2\/pages"}],"about":[{"href":"https:\/\/www.professores.uff.br\/anafarias\/wp-json\/wp\/v2\/types\/page"}],"author":[{"embeddable":true,"href":"https:\/\/www.professores.uff.br\/anafarias\/wp-json\/wp\/v2\/users\/240"}],"replies":[{"embeddable":true,"href":"https:\/\/www.professores.uff.br\/anafarias\/wp-json\/wp\/v2\/comments?post=86"}],"version-history":[{"count":10,"href":"https:\/\/www.professores.uff.br\/anafarias\/wp-json\/wp\/v2\/pages\/86\/revisions"}],"predecessor-version":[{"id":119,"href":"https:\/\/www.professores.uff.br\/anafarias\/wp-json\/wp\/v2\/pages\/86\/revisions\/119"}],"wp:attachment":[{"href":"https:\/\/www.professores.uff.br\/anafarias\/wp-json\/wp\/v2\/media?parent=86"}],"wp:term":[{"taxonomy":"category","embeddable":true,"href":"https:\/\/www.professores.uff.br\/anafarias\/wp-json\/wp\/v2\/categories?post=86"},{"taxonomy":"post_tag","embeddable":true,"href":"https:\/\/www.professores.uff.br\/anafarias\/wp-json\/wp\/v2\/tags?post=86"}],"curies":[{"name":"wp","href":"https:\/\/api.w.org\/{rel}","templated":true}]}}