{"id":104,"date":"2017-07-28T11:39:33","date_gmt":"2017-07-28T14:39:33","guid":{"rendered":"http:\/\/www.professores.uff.br\/anamluz\/?page_id=104"},"modified":"2017-07-28T12:50:09","modified_gmt":"2017-07-28T15:50:09","slug":"gan-00147-matematica-para-economia-iii-2016-1","status":"publish","type":"page","link":"https:\/\/www.professores.uff.br\/anamluz\/gan-00147-matematica-para-economia-iii-2016-1\/","title":{"rendered":"GAN 00147 &#8211; Matem\u00e1tica para Economia III 2016.1"},"content":{"rendered":"<p><strong>Avisos: 2016.1<\/strong><br \/>\nAlguns links n\u00e3o funcionam no Google Chrome mas funcionam no Internet Explorer.<\/p>\n<ul>\n<li>Programa da Disciplina (GAN00147)<\/li>\n<\/ul>\n<p><strong>Per\u00edodo Letivo:<\/strong> 25\/04\/2016 \u00e0 06\/08\/2016.<\/p>\n<hr \/>\n<p><strong>Datas das provas:<\/strong><br \/>\nP1: 03\/06\/2016<br \/>\nP2: 22\/07\/2016,<br \/>\nVR: 27\/07\/2016 (*)<br \/>\nVS: 03\/08\/2016<\/p>\n<p>(*)VR somente para quem perdeu P1 ou P2.<\/p>\n<hr \/>\n<p><strong>Monitoria:<\/strong><br \/>\n<a href=\"http:\/\/www.professores.uff.br\/anamluz\/wp-content\/uploads\/sites\/36\/2017\/07\/Horario_monitores_GAN_2016.pdf\">Hor\u00e1rios GAN<\/a><\/p>\n<hr \/>\n<p><strong>Atendimento:<\/strong><br \/>\nAgendar por e-mail<br \/>\nLocal: Gab 14 . Departamento de An\u00e1lise \u2013 4\u00ba andar do Instituto de Matem\u00e1tica \u2013 Campus do Valonguinho<br \/>\nDia dispon\u00edvel: Sexta-Feira 15:00h as 17:00h<\/p>\n<hr \/>\n<p><strong>Refer\u00eancias<\/strong><br \/>\n<strong>\u00c1lgebra Linear com Aplica\u00e7\u00f5es, H. Anton e C. Rorres, Bookman, 2001.<\/strong><br \/>\nOutras refer\u00eancias utilizadas:<br \/>\n<strong>STEINBRUCH, Alfredo, WINTERLE. <\/strong><\/p>\n<p><strong>\u00c1lgebra Linear<\/strong><\/p>\n<ol>\n<li><strong> Introdu\u00e7\u00e3o \u00e0 \u00c1lgebra Linear com Aplica\u00e7\u00f5es, Kolman, B. e Hill, D. R., LTC, RJ,2006.<\/strong><\/li>\n<\/ol>\n<hr \/>\n<p><strong>Material dispon\u00edvel para download:<\/strong><br \/>\n<strong>Slides<\/strong><br \/>\n<a href=\"http:\/\/www.professores.uff.br\/anamluz\/wp-content\/uploads\/sites\/36\/2017\/07\/Meco3_aula_1_2016.ppt\">Aula 1<\/a> \/<a href=\"http:\/\/www.professores.uff.br\/anamluz\/wp-content\/uploads\/sites\/36\/2017\/07\/aula4_2016_1.pps\">Aula 4<\/a><br \/>\n<a href=\"http:\/\/www.professores.uff.br\/anamluz\/wp-content\/uploads\/sites\/36\/2017\/07\/aula7_2016_1.pps\">Aula 7 &#8211; Determinantes &#8211; Parte 1<\/a><br \/>\n<a href=\"http:\/\/www.professores.uff.br\/anamluz\/wp-content\/uploads\/sites\/36\/2017\/07\/aula8_2016_1.pps\">Aula 8 &#8211; Determinantes &#8211; Parte 2<\/a><br \/>\n<a href=\"http:\/\/www.professores.uff.br\/anamluz\/wp-content\/uploads\/sites\/36\/2017\/07\/aula15_2016_1.pps\">Aula 15 Espa\u00e7os Vetoriais Reais &#8211; Parte 1<\/a>\/<a href=\"http:\/\/www.professores.uff.br\/anamluz\/wp-content\/uploads\/sites\/36\/2017\/07\/aula16_2016_1.pps\">Aula 16 Espa\u00e7os Vetoriais Reais &#8211; Parte 2\/<\/a>Aula 20- Matriz mud. de base\/<a href=\"http:\/\/www.professores.uff.br\/anamluz\/wp-content\/uploads\/sites\/36\/2017\/07\/aula23_2016_1.pps\">Aula 23-Autovalores e Autovetores<\/a><a href=\"http:\/\/www.professores.uff.br\/anamluz\/wp-content\/uploads\/sites\/36\/2017\/07\/aula24_2016_1.pps\">\/Aula 24-Diagonaliza\u00e7\u00e3o<\/a>\/<a href=\"http:\/\/www.professores.uff.br\/anamluz\/wp-content\/uploads\/sites\/36\/2017\/07\/25.pdf\">Material de apoio Diagonaliza\u00e7\u00e3o e aplica\u00e7\u00e3o em EDO&#8217;s<\/a><br \/>\n<a href=\"http:\/\/www.professores.uff.br\/anamluz\/wp-content\/uploads\/sites\/36\/2017\/07\/Lista1_2016_1.pdf\">Lista 1<\/a> \/ <a href=\"http:\/\/www.professores.uff.br\/anamluz\/wp-content\/uploads\/sites\/36\/2017\/07\/Lista_2.pdf\">Lista 2<\/a> \/<a href=\"http:\/\/www.professores.uff.br\/anamluz\/wp-content\/uploads\/sites\/36\/2017\/07\/Lista3_2016_1.pdf\"> Lista 3exercicios_kolman1.pdf<\/a>\/<a href=\"http:\/\/www.professores.uff.br\/anamluz\/wp-content\/uploads\/sites\/36\/2017\/07\/004.pdf\">exercicios_livro<\/a>\/<a href=\"http:\/\/www.professores.uff.br\/anamluz\/wp-content\/uploads\/sites\/36\/2017\/07\/005.pdf\">Anton1.pdf<\/a>\/<a href=\"http:\/\/www.professores.uff.br\/anamluz\/wp-content\/uploads\/sites\/36\/2017\/07\/006.pdf\">exerc_anton_sec1.6 <\/a>\/<a href=\"http:\/\/www.professores.uff.br\/anamluz\/wp-content\/uploads\/sites\/36\/2017\/07\/007.pdf\">gab_lista2_1.pdf<\/a><a href=\"http:\/\/www.professores.uff.br\/anamluz\/wp-content\/uploads\/sites\/36\/2017\/07\/008.pdf\">\/gab_lista2_2.pdf\/<\/a><a href=\"http:\/\/www.professores.uff.br\/anamluz\/wp-content\/uploads\/sites\/36\/2017\/07\/009.pdf\">GAB Lista3<\/a>\/ <a href=\"http:\/\/www.professores.uff.br\/anamluz\/wp-content\/uploads\/sites\/36\/2017\/07\/010.pdf\">Lista 5<\/a>\/ <a href=\"http:\/\/www.professores.uff.br\/anamluz\/wp-content\/uploads\/sites\/36\/2017\/07\/011.pdf\">Lista 6<\/a>\/<a href=\"http:\/\/www.professores.uff.br\/anamluz\/wp-content\/uploads\/sites\/36\/2017\/07\/012.pdf\"> Lista 7<\/a>\/ <a href=\"http:\/\/www.professores.uff.br\/anamluz\/wp-content\/uploads\/sites\/36\/2017\/07\/013.pdf\">Lista 8<\/a>\/ <a href=\"http:\/\/www.professores.uff.br\/anamluz\/wp-content\/uploads\/sites\/36\/2017\/07\/014.pdf\">Lista 9<\/a>\/ <a href=\"http:\/\/www.professores.uff.br\/anamluz\/wp-content\/uploads\/sites\/36\/2017\/07\/015.pdf\">Lista 10<\/a><br \/>\n<a href=\"http:\/\/www.professores.uff.br\/anamluz\/wp-content\/uploads\/sites\/36\/2017\/07\/016.pdf\">Se\u00e7\u00e3o 3.4\/<\/a><a href=\"http:\/\/www.professores.uff.br\/anamluz\/wp-content\/uploads\/sites\/36\/2017\/07\/017.pdf\">Usando det. para calcular \u00e1reas<\/a><br \/>\nProvas(2016.1):<a href=\"http:\/\/www.professores.uff.br\/anamluz\/wp-content\/uploads\/sites\/36\/2017\/07\/018.pdf\">P1<\/a>\/<a href=\"http:\/\/www.professores.uff.br\/anamluz\/wp-content\/uploads\/sites\/36\/2017\/07\/019.pdf\">P2<\/a>\/<a href=\"http:\/\/www.professores.uff.br\/anamluz\/wp-content\/uploads\/sites\/36\/2017\/07\/020.pdf\">VR<\/a><br \/>\nProvas e testes (2013.1):<a href=\"http:\/\/www.professores.uff.br\/anamluz\/wp-content\/uploads\/sites\/36\/2017\/07\/21.pdf\">T1<\/a>,<a href=\"http:\/\/www.professores.uff.br\/anamluz\/wp-content\/uploads\/sites\/36\/2017\/07\/22.pdf\">P1<\/a>,<a href=\"http:\/\/www.professores.uff.br\/anamluz\/wp-content\/uploads\/sites\/36\/2017\/07\/23.pdf\">T2<\/a>,,<a href=\"http:\/\/www.professores.uff.br\/anamluz\/wp-content\/uploads\/sites\/36\/2017\/07\/26.pdf\">VR<\/a>,<a href=\"http:\/\/www.professores.uff.br\/anamluz\/wp-content\/uploads\/sites\/36\/2017\/07\/27.pdf\">VS<\/a><br \/>\nProvas e testes (2012.2):<a href=\"http:\/\/www.professores.uff.br\/anamluz\/wp-content\/uploads\/sites\/36\/2017\/07\/30.pdf\"> T1<\/a>,<a href=\"http:\/\/www.professores.uff.br\/anamluz\/wp-content\/uploads\/sites\/36\/2017\/07\/31.pdf\">P1<\/a>,<a href=\"http:\/\/www.professores.uff.br\/anamluz\/wp-content\/uploads\/sites\/36\/2017\/07\/32.pdf\">P2<\/a>,<a href=\"http:\/\/www.professores.uff.br\/anamluz\/wp-content\/uploads\/sites\/36\/2017\/07\/33.pdf\">VR<\/a>,<a href=\"http:\/\/www.professores.uff.br\/anamluz\/wp-content\/uploads\/sites\/36\/2017\/07\/34.pdf\">VS<\/a><\/p>\n<p style=\"text-align: center;\"><a href=\"http:\/\/www.professores.uff.br\/anamluz\/ensino\/\">Voltar para a P\u00e1gina Anterior<\/a><br \/>\n<em>\u00daltima atualiza\u00e7\u00e3o em 17\/06\/2016.<\/em><\/p>\n","protected":false},"excerpt":{"rendered":"<p>Avisos: 2016.1 Alguns links n\u00e3o funcionam no Google Chrome mas funcionam no Internet Explorer. Programa da Disciplina (GAN00147) Per\u00edodo Letivo: 25\/04\/2016 \u00e0 06\/08\/2016. Datas das provas: P1: 03\/06\/2016 P2: 22\/07\/2016, VR: 27\/07\/2016 (*) VS: 03\/08\/2016 (*)VR somente para quem perdeu P1 ou P2. Monitoria: Hor\u00e1rios GAN Atendimento: Agendar por e-mail Local: Gab 14 . Departamento [&hellip;]<\/p>\n","protected":false},"author":2,"featured_media":0,"parent":0,"menu_order":0,"comment_status":"closed","ping_status":"closed","template":"","meta":{"_exactmetrics_skip_tracking":false,"_exactmetrics_sitenote_active":false,"_exactmetrics_sitenote_note":"","_exactmetrics_sitenote_category":0,"footnotes":""},"categories":[],"tags":[],"class_list":["post-104","page","type-page","status-publish","hentry"],"_links":{"self":[{"href":"https:\/\/www.professores.uff.br\/anamluz\/wp-json\/wp\/v2\/pages\/104","targetHints":{"allow":["GET"]}}],"collection":[{"href":"https:\/\/www.professores.uff.br\/anamluz\/wp-json\/wp\/v2\/pages"}],"about":[{"href":"https:\/\/www.professores.uff.br\/anamluz\/wp-json\/wp\/v2\/types\/page"}],"author":[{"embeddable":true,"href":"https:\/\/www.professores.uff.br\/anamluz\/wp-json\/wp\/v2\/users\/2"}],"replies":[{"embeddable":true,"href":"https:\/\/www.professores.uff.br\/anamluz\/wp-json\/wp\/v2\/comments?post=104"}],"version-history":[{"count":6,"href":"https:\/\/www.professores.uff.br\/anamluz\/wp-json\/wp\/v2\/pages\/104\/revisions"}],"predecessor-version":[{"id":152,"href":"https:\/\/www.professores.uff.br\/anamluz\/wp-json\/wp\/v2\/pages\/104\/revisions\/152"}],"wp:attachment":[{"href":"https:\/\/www.professores.uff.br\/anamluz\/wp-json\/wp\/v2\/media?parent=104"}],"wp:term":[{"taxonomy":"category","embeddable":true,"href":"https:\/\/www.professores.uff.br\/anamluz\/wp-json\/wp\/v2\/categories?post=104"},{"taxonomy":"post_tag","embeddable":true,"href":"https:\/\/www.professores.uff.br\/anamluz\/wp-json\/wp\/v2\/tags?post=104"}],"curies":[{"name":"wp","href":"https:\/\/api.w.org\/{rel}","templated":true}]}}