{"id":162,"date":"2017-07-28T14:30:03","date_gmt":"2017-07-28T17:30:03","guid":{"rendered":"http:\/\/www.professores.uff.br\/anamluz\/?page_id=162"},"modified":"2017-07-28T14:55:17","modified_gmt":"2017-07-28T17:55:17","slug":"gan-00007-introducao-a-algebra-linear-turma-b1-2014-1","status":"publish","type":"page","link":"https:\/\/www.professores.uff.br\/anamluz\/gan-00007-introducao-a-algebra-linear-turma-b1-2014-1\/","title":{"rendered":"GAN 00007 &#8211; Introdu\u00e7\u00e3o \u00e0 \u00c1lgebra Linear &#8211; Turma B1 2014.1"},"content":{"rendered":"<p><strong>Avisos: 2014.1<\/strong><br \/>\nAlguns links podem n\u00e3o funcionar no Google Chrome mas funcionam no Internet Explorer.<br \/>\n<strong>Programa da Disciplina (GAN00007)<\/strong><br \/>\n<strong>Monitoria:<\/strong> <a href=\"http:\/\/www.professores.uff.br\/anamluz\/wp-content\/uploads\/sites\/36\/2017\/07\/40.pdf\">Hor\u00e1rio dos monitores GAN 2014.1<\/a><br \/>\n<strong>Per\u00edodo Letivo:<\/strong> 17\/02\/2014 \u00e0 27\/06\/2014.<\/p>\n<hr \/>\n<p><strong>Datas das provas:<\/strong><br \/>\nT1: 24\/03\/2014 (*)<br \/>\nP1: 16\/04\/2014<br \/>\nT2: 21\/05\/2014 (*) <span style=\"color: #ff0000;\">CANCELADO!<\/span><br \/>\nP2: 04\/06\/2014,<br \/>\nVR: 09\/06\/2014 (**)<br \/>\nVS: 16\/06\/2014<br \/>\n(*) Testes n\u00e3o tem 2a. chamada! (**)VR somente para quem perdeu P1 ou P2.<\/p>\n<hr \/>\n<p><strong>Atendimento:<\/strong><br \/>\nAgendar por e-mail<br \/>\nLocal: Gab 14 . Departamento de An\u00e1lise \u2013 4\u00ba andar do Instituto de Matem\u00e1tica \u2013 Campus do Valonguinho<br \/>\nDia dispon\u00edvel: Quinta-feira 14:00h as 15:00h<\/p>\n<hr \/>\n<p><strong>Refer\u00eancias<\/strong><\/p>\n<ul>\n<li>\u00c1lgebra Linear com Aplica\u00e7\u00f5es, H. Anton e C. Rorres, Bookman, 2001.<br \/>\nOutras refer\u00eancias utilizadas:<\/li>\n<li>Notas de \u00c1lgebra linear, Jones Colombo e Jos\u00e9 Koiller, em prepara\u00e7\u00e3o<br \/>\nSTEINBRUCH, Alfredo, WINTERLE. \u00c1lgebra Linear<\/li>\n<li>Introdu\u00e7\u00e3o \u00e0 \u00c1lgebra Linear com Aplica\u00e7\u00f5es, Kolman, B. e Hill, D. R., LTC, RJ,2006.<\/li>\n<\/ul>\n<hr \/>\n<p><strong>Material dispon\u00edvel para download:<\/strong><\/p>\n<ul>\n<li><a href=\"http:\/\/www.professores.uff.br\/anamluz\/wp-content\/uploads\/sites\/36\/2017\/07\/41.pdf\">Notas de \u00c1lgebra linear<\/a> (J. Koiller e J. Colombo)<\/li>\n<li>Slides<\/li>\n<li><a href=\"http:\/\/www.professores.uff.br\/anamluz\/wp-content\/uploads\/sites\/36\/2017\/07\/aula1_2014_1.pps\">Slides da aula 1<\/a> \/ <a href=\"http:\/\/www.professores.uff.br\/anamluz\/wp-content\/uploads\/sites\/36\/2017\/07\/aula4_2014_1.pps\">Slides da aula 4<\/a><\/li>\n<li><a href=\"http:\/\/www.professores.uff.br\/anamluz\/wp-content\/uploads\/sites\/36\/2017\/07\/aula7_2014_1.pps\">Slides da aula 7<\/a> \/ <a href=\"http:\/\/www.professores.uff.br\/anamluz\/wp-content\/uploads\/sites\/36\/2017\/07\/aula8_2014_1.pps\">Slides da aula 8<\/a><\/li>\n<li><a href=\"http:\/\/www.professores.uff.br\/anamluz\/wp-content\/uploads\/sites\/36\/2017\/07\/aula9_2014_1.pps\">Slides da aula 9 <\/a>\/ <a href=\"http:\/\/www.professores.uff.br\/anamluz\/wp-content\/uploads\/sites\/36\/2017\/07\/aula11_2014_1.pps\">Slides da aula 11<\/a><\/li>\n<li><a href=\"http:\/\/www.professores.uff.br\/anamluz\/wp-content\/uploads\/sites\/36\/2017\/07\/aula20_2014_1.pps\">Slides da aula 20<\/a> \/ \/ <a href=\"http:\/\/www.professores.uff.br\/anamluz\/wp-content\/uploads\/sites\/36\/2017\/07\/aula22_2014_1.pps\">Slides da aula 22<\/a><\/li>\n<li>Listas e material para leitura<\/li>\n<li><a href=\"http:\/\/www.professores.uff.br\/anamluz\/wp-content\/uploads\/sites\/36\/2017\/07\/42.pdf\">Lista 1<\/a> \/<a href=\"http:\/\/www.professores.uff.br\/anamluz\/wp-content\/uploads\/sites\/36\/2017\/07\/43.pdf\"> Lista 2<\/a> \/ <a href=\"http:\/\/www.professores.uff.br\/anamluz\/wp-content\/uploads\/sites\/36\/2017\/07\/44.pdf\">Lista 3 <\/a>(<a href=\"http:\/\/www.professores.uff.br\/anamluz\/wp-content\/uploads\/sites\/36\/2017\/07\/45.pdf\">GAB<\/a>)<\/li>\n<li><a href=\"http:\/\/www.professores.uff.br\/anamluz\/wp-content\/uploads\/sites\/36\/2017\/07\/46.pdf\">exercicios_livroAnton1.pdf<\/a><\/li>\n<li><a href=\"http:\/\/www.professores.uff.br\/anamluz\/wp-content\/uploads\/sites\/36\/2017\/07\/47.pdf\">exercicios_kolman1.pdf<\/a><\/li>\n<li><a href=\"http:\/\/www.professores.uff.br\/anamluz\/wp-content\/uploads\/sites\/36\/2017\/07\/48.pdf\">Lista 4<\/a> <a href=\"http:\/\/www.professores.uff.br\/anamluz\/wp-content\/uploads\/sites\/36\/2017\/07\/49.pdf\">(GAB)<\/a>\/ <a href=\"http:\/\/www.professores.uff.br\/anamluz\/wp-content\/uploads\/sites\/36\/2017\/07\/50.pdf\">Lista 5<\/a> <a href=\"http:\/\/www.professores.uff.br\/anamluz\/wp-content\/uploads\/sites\/36\/2017\/07\/51.pdf\">(GAB)<\/a><\/li>\n<li><a href=\"http:\/\/www.professores.uff.br\/anamluz\/wp-content\/uploads\/sites\/36\/2017\/07\/52.pdf\">Resultados sobre invertibilidade de matrizes<\/a><\/li>\n<li><a href=\"http:\/\/www.professores.uff.br\/anamluz\/wp-content\/uploads\/sites\/36\/2017\/07\/53.pdf\">exerc_anton_sec1.6<\/a><\/li>\n<li><a href=\"http:\/\/www.professores.uff.br\/anamluz\/wp-content\/uploads\/sites\/36\/2017\/07\/54.pdf\">Lista 6<\/a>\/<a href=\"http:\/\/www.professores.uff.br\/anamluz\/wp-content\/uploads\/sites\/36\/2017\/07\/55.pdf\">GAB<\/a> \/<a href=\"http:\/\/www.professores.uff.br\/anamluz\/wp-content\/uploads\/sites\/36\/2017\/07\/56.pdf\"> Lista 7 <\/a>(<a href=\"http:\/\/www.professores.uff.br\/anamluz\/wp-content\/uploads\/sites\/36\/2017\/07\/57.pdf\">GAB<\/a>)\/ <a href=\"http:\/\/www.professores.uff.br\/anamluz\/wp-content\/uploads\/sites\/36\/2017\/07\/58.pdf\">Lista 8<\/a> (<a href=\"http:\/\/www.professores.uff.br\/anamluz\/wp-content\/uploads\/sites\/36\/2017\/07\/59.pdf\">GAB<\/a>)<\/li>\n<li><a href=\"http:\/\/www.professores.uff.br\/anamluz\/wp-content\/uploads\/sites\/36\/2017\/07\/60.pdf\">Lista 9 <\/a>\/<a href=\"http:\/\/www.professores.uff.br\/anamluz\/wp-content\/uploads\/sites\/36\/2017\/07\/61.pdf\">Lista 10<\/a> \/<a href=\"http:\/\/www.professores.uff.br\/anamluz\/wp-content\/uploads\/sites\/36\/2017\/07\/62.pdf\">Lista 11<\/a> (<a href=\"http:\/\/www.professores.uff.br\/anamluz\/wp-content\/uploads\/sites\/36\/2017\/07\/63.pdf\">GAB<\/a>)\/ <a href=\"http:\/\/www.professores.uff.br\/anamluz\/wp-content\/uploads\/sites\/36\/2017\/07\/64.pdf\">Lista 12<\/a><\/li>\n<\/ul>\n<hr \/>\n<p><strong>Provas (2012.2)<\/strong><br \/>\n<a href=\"http:\/\/www.professores.uff.br\/anamluz\/wp-content\/uploads\/sites\/36\/2017\/07\/65.pdf\">P1<\/a>,<a href=\"http:\/\/www.professores.uff.br\/anamluz\/wp-content\/uploads\/sites\/36\/2017\/07\/66.pdf\">P2<\/a>,<a href=\"http:\/\/www.professores.uff.br\/anamluz\/wp-content\/uploads\/sites\/36\/2017\/07\/67.pdf\">VR<\/a>,<a href=\"http:\/\/www.professores.uff.br\/anamluz\/wp-content\/uploads\/sites\/36\/2017\/07\/69.pdf\">VS<\/a><\/p>\n<p style=\"text-align: center;\"><a href=\"http:\/\/www.professores.uff.br\/anamluz\/ensino\/\">Voltar para P\u00e1gina Anterior<\/a><br \/>\n<em>\u00daltima atualiza\u00e7\u00e3o em 21\/05\/2014.<\/em><\/p>\n","protected":false},"excerpt":{"rendered":"<p>Avisos: 2014.1 Alguns links podem n\u00e3o funcionar no Google Chrome mas funcionam no Internet Explorer. Programa da Disciplina (GAN00007) Monitoria: Hor\u00e1rio dos monitores GAN 2014.1 Per\u00edodo Letivo: 17\/02\/2014 \u00e0 27\/06\/2014. Datas das provas: T1: 24\/03\/2014 (*) P1: 16\/04\/2014 T2: 21\/05\/2014 (*) CANCELADO! P2: 04\/06\/2014, VR: 09\/06\/2014 (**) VS: 16\/06\/2014 (*) Testes n\u00e3o tem 2a. chamada! [&hellip;]<\/p>\n","protected":false},"author":2,"featured_media":0,"parent":0,"menu_order":0,"comment_status":"closed","ping_status":"closed","template":"","meta":{"_exactmetrics_skip_tracking":false,"_exactmetrics_sitenote_active":false,"_exactmetrics_sitenote_note":"","_exactmetrics_sitenote_category":0,"footnotes":""},"categories":[],"tags":[],"class_list":["post-162","page","type-page","status-publish","hentry"],"_links":{"self":[{"href":"https:\/\/www.professores.uff.br\/anamluz\/wp-json\/wp\/v2\/pages\/162","targetHints":{"allow":["GET"]}}],"collection":[{"href":"https:\/\/www.professores.uff.br\/anamluz\/wp-json\/wp\/v2\/pages"}],"about":[{"href":"https:\/\/www.professores.uff.br\/anamluz\/wp-json\/wp\/v2\/types\/page"}],"author":[{"embeddable":true,"href":"https:\/\/www.professores.uff.br\/anamluz\/wp-json\/wp\/v2\/users\/2"}],"replies":[{"embeddable":true,"href":"https:\/\/www.professores.uff.br\/anamluz\/wp-json\/wp\/v2\/comments?post=162"}],"version-history":[{"count":4,"href":"https:\/\/www.professores.uff.br\/anamluz\/wp-json\/wp\/v2\/pages\/162\/revisions"}],"predecessor-version":[{"id":203,"href":"https:\/\/www.professores.uff.br\/anamluz\/wp-json\/wp\/v2\/pages\/162\/revisions\/203"}],"wp:attachment":[{"href":"https:\/\/www.professores.uff.br\/anamluz\/wp-json\/wp\/v2\/media?parent=162"}],"wp:term":[{"taxonomy":"category","embeddable":true,"href":"https:\/\/www.professores.uff.br\/anamluz\/wp-json\/wp\/v2\/categories?post=162"},{"taxonomy":"post_tag","embeddable":true,"href":"https:\/\/www.professores.uff.br\/anamluz\/wp-json\/wp\/v2\/tags?post=162"}],"curies":[{"name":"wp","href":"https:\/\/api.w.org\/{rel}","templated":true}]}}