{"id":19,"date":"2017-07-27T12:38:41","date_gmt":"2017-07-27T15:38:41","guid":{"rendered":"http:\/\/www.professores.uff.br\/anamluz\/?page_id=19"},"modified":"2022-06-26T11:26:50","modified_gmt":"2022-06-26T14:26:50","slug":"ensino","status":"publish","type":"page","link":"https:\/\/www.professores.uff.br\/anamluz\/ensino\/","title":{"rendered":"Ensino"},"content":{"rendered":"<p style=\"text-align: center\"><a href=\"http:\/\/www.professores.uff.br\/anamluz\/\">Voltar para P\u00e1gina Inicial<\/a><\/p>\n<p><strong> Disciplinas Ministradas:<\/strong><\/p>\n<hr \/>\n<p><strong>2022.1<\/strong><\/p>\n<p><span id=\"UGb2Qe\" class=\"YVvGBb A6dC2c Pce5Kb\">GAN00186 &#8211; AN\u00c1LISE 2 &#8211; L2<\/span> (Material da disciplina no Google Clasroom)<\/p>\n<p>GAN00165 &#8211; EDUCA\u00c7\u00c3O MATEM\u00c1TICA &#8211; AN\u00c1LISE E \u00c1LGEBRA (Material da disciplina no Google Clasroom)<\/p>\n<hr \/>\n<p><strong>2021.2<\/strong><\/p>\n<p>GAN00148 &#8211; \u00c1lgebra Linear I &#8211; L1 (Material da disciplina no Google Clasroom)<\/p>\n<p>GAN00165 &#8211; EDUCA\u00c7\u00c3O MATEM\u00c1TICA &#8211; AN\u00c1LISE E \u00c1LGEBRA (Material da disciplina no Google Clasroom)<\/p>\n<hr \/>\n<p><strong>2021.1<\/strong><\/p>\n<p>GAN00148 &#8211; \u00c1lgebra Linear I &#8211; L1 (Material da disciplina no Google Clasroom)<\/p>\n<p>GAN00165 &#8211; EDUCA\u00c7\u00c3O MATEM\u00c1TICA &#8211; AN\u00c1LISE E \u00c1LGEBRA (Material da disciplina no Google Clasroom)<\/p>\n<hr \/>\n<p><strong>2020.2<\/strong><\/p>\n<p><a href=\"http:\/\/www.pgmat.uff.br\/images\/Disciplinas\/Doutorado\/Regulares\/ementa-MetodosNumericosparaEquaesDiferenciais.pdf\">M\u00e9todos Num\u00e9ricos para Equa\u00e7\u00f5es Diferenciais Parciais &#8211; Doutorado -PPGMAT<\/a> (Curso de Leitura -Material da disciplina no Google Clasroom)<\/p>\n<p>GAN 00140 &#8211; \u00c1lgebra Linear &#8211; E1 (Material da disciplina no Google Clasroom)<\/p>\n<p>GAN00007 &#8211; Introdu\u00e7\u00e3o \u00e0 \u00c1lgebra Linear &#8211; A1 (Material da disciplina no Google Clasroom)<\/p>\n<hr \/>\n<p><strong>2020.1<\/strong><\/p>\n<p><a href=\"http:\/\/www.pgmat.uff.br\/images\/Disciplinas\/Doutorado\/Regulares\/ementa-MetodosNumericosparaEquaesDiferenciais.pdf\">M\u00e9todos Num\u00e9ricos para Equa\u00e7\u00f5es Diferenciais Parciais &#8211; Doutorado -PPGMAT<\/a> (Material da disciplina no Google Clasroom)<\/p>\n<p><a href=\"http:\/\/www.professores.uff.br\/anamluz\/gan00140-algebra-linear-f1-2020-1-remoto\/\">GAN 00140 &#8211; \u00c1lgebra Linear &#8211; F1<\/a> (Material da disciplina no Google Clasroom)<\/p>\n<hr \/>\n<p><strong>2019.2<\/strong><\/p>\n<p><a href=\"http:\/\/www.professores.uff.br\/anamluz\/gan00144-complementos-de-matematica-aplicada-turma-e1-2019-2\/\">GAN00144 &#8211; Complementos de Matem\u00e1tica Aplicada<\/a><\/p>\n<p>GAN00148 &#8211; \u00c1lgebra Linear I<\/p>\n<hr \/>\n<p><strong>2019.1<\/strong><\/p>\n<p><a href=\"http:\/\/www.professores.uff.br\/anamluz\/gan00007-int-alg-lin-a1-2019-1\/\">GAN00007 &#8211; Introdu\u00e7\u00e3o \u00e0 \u00c1lgebra Linear<\/a><\/p>\n<p><a href=\"http:\/\/www.professores.uff.br\/anamluz\/gan00030-topicos-de-mat-aplicada-a1-2019-1\/\">GAN00030 &#8211; T\u00f3picos de Mat. Aplicada<\/a><\/p>\n<hr \/>\n<p><strong>2018.2<\/strong><br \/>\n<a href=\"http:\/\/www.professores.uff.br\/anamluz\/gan00140-algebra-linear-g1-2018-2\/\">GAN00140-\u00c1lgebra Linear<\/a><br \/>\n<a href=\"http:\/\/www.professores.uff.br\/anamluz\/510-2\/\">GAN00007 &#8211; Introdu\u00e7\u00e3o \u00e0 \u00c1lgebra Linear<\/a><\/p>\n<hr \/>\n<p><strong>2018.1<\/strong><br \/>\n<a href=\"http:\/\/www.professores.uff.br\/anamluz\/gan-00140-algebra-linear-2018-1\/\">\u00c1lgebra Linear<\/a><br \/>\n<a href=\"http:\/\/www.professores.uff.br\/anamluz\/gan00144-complementos-de-mat-aplicada-2018-1-c1\/\">Complementos de Mat. Aplicada<\/a><\/p>\n<hr \/>\n<p><strong>2016.2<\/strong><br \/>\n<a href=\"http:\/\/www.professores.uff.br\/anamluz\/topicos-de-matematica-aplicada\/\">T\u00f3p. de Mat. Aplicada<\/a><br \/>\n<a href=\"http:\/\/www.professores.uff.br\/anamluz\/gan-00167-matematica-discreta-2016-2\/\">M\u00e1t. Discreta<\/a><\/p>\n<hr \/>\n<p><strong>2016.1<\/strong><br \/>\n<a href=\"http:\/\/www.professores.uff.br\/anamluz\/gan-00147-matematica-para-economia-iii-2016-1\/\">Matem\u00e1tica para Economia III<\/a><br \/>\n<a href=\"http:\/\/www.professores.uff.br\/anamluz\/gpm-algebra-linear-2016-1\/\">Mestrado -\u00c1lg. Linear<\/a><\/p>\n<hr \/>\n<p><strong>2014.1<\/strong><br \/>\n<a href=\"http:\/\/www.professores.uff.br\/anamluz\/gan-00007-introducao-a-algebra-linear-turma-b1-2014-1\/\">GAN 00007 &#8211; Int. \u00e0 \u00c1lg. Linear<\/a><br \/>\n<a href=\"http:\/\/www.professores.uff.br\/anamluz\/gma-00109-calculo-ii-a-turma-h1-2014-1\/\">GMA 00109 &#8211; C\u00e1lculo II A<\/a><\/p>\n<hr \/>\n<p><strong>2013.2<\/strong><br \/>\n<a href=\"http:\/\/www.professores.uff.br\/anamluz\/gan-00167-matematica-discreta-2013-2\/\">GAN 00167 &#8211; Matem\u00e1tica Discreta<\/a><br \/>\n<a href=\"http:\/\/www.professores.uff.br\/anamluz\/gan-00147-matematica-para-economia-iii-2013-2\/\">GAN 00147-Matem\u00e1tica para Economia III<\/a><\/p>\n<hr \/>\n<p><strong>2013.1<\/strong><br \/>\nGAN 00167 &#8211; Matem\u00e1tica Discreta<br \/>\nGAN 00147-Matem\u00e1tica para Economia III<\/p>\n<hr \/>\n<p><strong>2012.2<\/strong><br \/>\n<a href=\"http:\/\/www.professores.uff.br\/anamluz\/gan-00167-matematica-discreta-2013-2-2\/\">GAN 00147-Matem\u00e1tica para Economia III<\/a><br \/>\n<a href=\"http:\/\/www.professores.uff.br\/anamluz\/gan-00007-introducao-a-algebra-linear-2012-2\/\">GAN 00007 &#8211; Introducao a \u00c1lgebra Linear<\/a><\/p>\n<hr \/>\n<p><strong>2011.2<\/strong><br \/>\n<a href=\"http:\/\/www.professores.uff.br\/anamluz\/gan-00167-matematica-discreta-2011-2\/\">GAN 00167 &#8211; Matem\u00e1tica Discreta<\/a><\/p>\n<hr \/>\n<p><strong>2011.1<\/strong><br \/>\n<a href=\"http:\/\/www.professores.uff.br\/anamluz\/matematica-para-economia-i\/\">GAN 00145 -Matem\u00e1tica para Economia I<\/a><br \/>\n<a href=\"http:\/\/www.professores.uff.br\/anamluz\/algebra-linear-aplicada\/\">GAN 06118 &#8211; \u00c1lgebra Linear Aplicada<\/a><\/p>\n<hr \/>\n<p><strong>2010.2 &#8211; UFF<\/strong><br \/>\nGAN 00145-<br \/>\nMatem\u00e1tica para Economia I<\/p>\n<hr \/>\n<p><strong>2009.2<\/strong><br \/>\nMAT 1157 &#8211; C\u00e1lculo a uma vari\u00e1vel A (PUC)<\/p>\n<hr \/>\n<p><strong>2009.1<\/strong><br \/>\nMAT 1157 &#8211; C\u00e1lculo a uma vari\u00e1vel A (PUC)<\/p>\n<hr \/>\n<p><strong>2008.1<\/strong><br \/>\nMAT 1005 &#8211; Introdu\u00e7\u00e3o ao C\u00e1lculo (PUC)<\/p>\n<hr \/>\n<p><strong>2003.2<\/strong><br \/>\nUERJ: \u00c1lgebra II,<br \/>\nAn\u00e1lise Vetorial IX<\/p>\n","protected":false},"excerpt":{"rendered":"<p>Voltar para P\u00e1gina Inicial Disciplinas Ministradas: 2022.1 GAN00186 &#8211; AN\u00c1LISE 2 &#8211; L2 (Material da disciplina no Google Clasroom) GAN00165 &#8211; EDUCA\u00c7\u00c3O MATEM\u00c1TICA &#8211; AN\u00c1LISE E \u00c1LGEBRA (Material da disciplina no Google Clasroom) 2021.2 GAN00148 &#8211; \u00c1lgebra Linear I &#8211; L1 (Material da disciplina no Google Clasroom) GAN00165 &#8211; EDUCA\u00c7\u00c3O MATEM\u00c1TICA &#8211; AN\u00c1LISE E \u00c1LGEBRA [&hellip;]<\/p>\n","protected":false},"author":2,"featured_media":0,"parent":0,"menu_order":0,"comment_status":"closed","ping_status":"closed","template":"","meta":{"_exactmetrics_skip_tracking":false,"_exactmetrics_sitenote_active":false,"_exactmetrics_sitenote_note":"","_exactmetrics_sitenote_category":0,"footnotes":""},"categories":[],"tags":[],"class_list":["post-19","page","type-page","status-publish","hentry"],"_links":{"self":[{"href":"https:\/\/www.professores.uff.br\/anamluz\/wp-json\/wp\/v2\/pages\/19","targetHints":{"allow":["GET"]}}],"collection":[{"href":"https:\/\/www.professores.uff.br\/anamluz\/wp-json\/wp\/v2\/pages"}],"about":[{"href":"https:\/\/www.professores.uff.br\/anamluz\/wp-json\/wp\/v2\/types\/page"}],"author":[{"embeddable":true,"href":"https:\/\/www.professores.uff.br\/anamluz\/wp-json\/wp\/v2\/users\/2"}],"replies":[{"embeddable":true,"href":"https:\/\/www.professores.uff.br\/anamluz\/wp-json\/wp\/v2\/comments?post=19"}],"version-history":[{"count":33,"href":"https:\/\/www.professores.uff.br\/anamluz\/wp-json\/wp\/v2\/pages\/19\/revisions"}],"predecessor-version":[{"id":821,"href":"https:\/\/www.professores.uff.br\/anamluz\/wp-json\/wp\/v2\/pages\/19\/revisions\/821"}],"wp:attachment":[{"href":"https:\/\/www.professores.uff.br\/anamluz\/wp-json\/wp\/v2\/media?parent=19"}],"wp:term":[{"taxonomy":"category","embeddable":true,"href":"https:\/\/www.professores.uff.br\/anamluz\/wp-json\/wp\/v2\/categories?post=19"},{"taxonomy":"post_tag","embeddable":true,"href":"https:\/\/www.professores.uff.br\/anamluz\/wp-json\/wp\/v2\/tags?post=19"}],"curies":[{"name":"wp","href":"https:\/\/api.w.org\/{rel}","templated":true}]}}