{"id":21,"date":"2017-07-27T12:38:47","date_gmt":"2017-07-27T15:38:47","guid":{"rendered":"http:\/\/www.professores.uff.br\/anamluz\/?page_id=21"},"modified":"2022-06-24T20:37:55","modified_gmt":"2022-06-24T23:37:55","slug":"pesquisa","status":"publish","type":"page","link":"https:\/\/www.professores.uff.br\/anamluz\/pesquisa\/","title":{"rendered":"Pesquisa"},"content":{"rendered":"<p>\u00c1reas de interesse: Equa\u00e7\u00f5es Diferenciais Parciais, An\u00e1lise Assint\u00f3tica em M\u00faltiplas Escalas, Matem\u00e1tica Aplicada \u00e0 Biologia, Ondas Aqu\u00e1ticas, Sistema de Vlasov-Poisson e Modelo HMF.<\/p>\n<p><strong>TRABALHOS:<\/strong><\/p>\n<p>6.\u00a0 LEMOU, M. ;\u00a0<b>LUZ, A. M.<\/b> ; M\u00c9HATS, F.\u00a0 <a href=\"https:\/\/arxiv.org\/abs\/1902.09785\">Nonlinear Instability of Inhomogeneous Steady States Solutions to the HMF Model<\/a>. JOURNAL OF STATISTICAL PHYSICS, v. 178, p. 645-665, 2019.<\/p>\n<p>5. LEMOU, M.; LUZ, A. M.;M\u00c9HATS, F.<br \/>\n<a href=\"https:\/\/arxiv.org\/abs\/1509.08637\">Nonlinear stability criteria for the HMF model.<\/a> ARCHIVE FOR RATIONAL MECHANICS AND ANALYSIS<sup><img decoding=\"async\" id=\"00039527_2\" class=\"ajaxJCR jcrTip\" style=\"background: none 0px 0px repeat scroll transparent;border: 0px none;font-size: 11px;margin: 0px;padding: 0px;vertical-align: baseline;text-align: left\" src=\"http:\/\/buscatextual.cnpq.br\/buscatextual\/images\/curriculo\/jcr.gif\" data-issn=\"00039527\" \/><\/sup>, v. 224, p. 353-380, 2017<\/p>\n<p>4. LUZ, A. M.; NACHBIN, A.<br \/>\n<a href=\"http:\/\/onlinelibrary.wiley.com\/doi\/10.1111\/j.1467-9590.2012.00571.x\/abstract;jsessionid=09AD2D842B684ACDFCA133DF708E5BAF.f03t01\">Wave Packet Defocusing Due to a Highly Disordered Bathymetry<\/a>. Studies in Applied Mathematics (Cambridge), v. 130, p. 393-416, 2013.<\/p>\n<p>3. LUZ, A. M. S.<br \/>\n<a href=\"http:\/\/www.professores.uff.br\/anamluz\/wp-content\/uploads\/sites\/36\/2022\/06\/Estabilidade-de-um-Trem-de-Ondas-sobre-Um-Fundo-...-IMPA.pdf\">Estabilidade de um trem de ondas sobre um fundo marinho altamente vari\u00e1vel.<\/a> Tese de Doutorado em Matem\u00e1tica. , 2009.<\/p>\n<p>2. LUZ, A. M. S.<br \/>\n<a href=\"http:\/\/www.professores.uff.br\/anamluz\/wp-content\/uploads\/sites\/36\/2022\/06\/Modelos_Difusivos_e_Cineticos_para_Quimiotaxia-1.pdf\">Modelos Difusivos e Cin\u00e9ticos para Quimiotaxia.<\/a> Disserta\u00e7\u00e3o de Mestardo. , 2004.<br \/>\n1. LUZ, A. M. S.<br \/>\nIntrodu\u00e7\u00e3o a teoria Qualitativa da equa\u00e7\u00f5es Diferenciais Ordin\u00e1rias. Monografia de Conclus\u00e3o do Curso de Licenciatura Plena em Matem\u00e1tica, 2000.<\/p>\n<p><strong>Algumas Apresenta\u00e7\u00f5es<\/strong><\/p>\n<p>1. LUZ, A. M. <a href=\"http:\/\/www.professores.uff.br\/anamluz\/wp-content\/uploads\/sites\/36\/2017\/08\/apresenta_ei_ime.pdf\">Equa\u00e7\u00f5es Cin\u00e9ticas e Aplica\u00e7\u00f5es em Quimiotaxia<\/a>,I EI-IME, UFF, 2013.<\/p>\n<p>2. LUZ, A. M. <a href=\"http:\/\/www.professores.uff.br\/anamluz\/wp-content\/uploads\/sites\/36\/2017\/08\/campinas_2011.pdf\">Wave train defocusing in the presence of highly disordered topography,<\/a> 3rd Workshop on Fluids and PDE, UNICAMP, 2011.<\/p>\n<p>3. LUZ, A. M. S. ; NACHBIN, A. <a href=\"http:\/\/www.professores.uff.br\/anamluz\/wp-content\/uploads\/sites\/36\/2017\/08\/presentation_workshop_ufrj.pdf\">Estabilidade de um trem de ondas moduladas lentamente sobre um fundo marinho variavel Workshop Multiscale Analysis and Modeling,<\/a> UFRJ, 2010.<\/p>\n<p><strong>Artigo Inicia\u00e7\u00e3o Cient\u00edfica:<\/strong><\/p>\n<p>1. LUZ, A. M. S., CORREA, F. J. S. A.<br \/>\n<a href=\"http:\/\/www.professores.uff.br\/anamluz\/wp-content\/uploads\/sites\/36\/2020\/09\/Equacoes_diferenciais_share.pdf\">Equa\u00e7\u00f5es Diferenciais Ordin\u00e1rias e Aplica\u00e7\u00f5es.<\/a> Revista Cient\u00edfica da UFPA. Bel\u00e9m &#8211; Par\u00e1, p.1 &#8211; 10, 2001.<\/p>\n<p>Mais detalhes em:<br \/>\n<a href=\"http:\/\/buscatextual.cnpq.br\/buscatextual\/visualizacv.do?metodo=apresentar&amp;id=K4762533H1\">Curr\u00edculo Lattes<\/a><\/p>\n","protected":false},"excerpt":{"rendered":"<p>\u00c1reas de interesse: Equa\u00e7\u00f5es Diferenciais Parciais, An\u00e1lise Assint\u00f3tica em M\u00faltiplas Escalas, Matem\u00e1tica Aplicada \u00e0 Biologia, Ondas Aqu\u00e1ticas, Sistema de Vlasov-Poisson e Modelo HMF. TRABALHOS: 6.\u00a0 LEMOU, M. ;\u00a0LUZ, A. M. ; M\u00c9HATS, F.\u00a0 Nonlinear Instability of Inhomogeneous Steady States Solutions to the HMF Model. JOURNAL OF STATISTICAL PHYSICS, v. 178, p. 645-665, 2019. 5. LEMOU, [&hellip;]<\/p>\n","protected":false},"author":2,"featured_media":0,"parent":0,"menu_order":0,"comment_status":"closed","ping_status":"closed","template":"","meta":{"_exactmetrics_skip_tracking":false,"_exactmetrics_sitenote_active":false,"_exactmetrics_sitenote_note":"","_exactmetrics_sitenote_category":0,"footnotes":""},"categories":[],"tags":[],"class_list":["post-21","page","type-page","status-publish","hentry"],"_links":{"self":[{"href":"https:\/\/www.professores.uff.br\/anamluz\/wp-json\/wp\/v2\/pages\/21","targetHints":{"allow":["GET"]}}],"collection":[{"href":"https:\/\/www.professores.uff.br\/anamluz\/wp-json\/wp\/v2\/pages"}],"about":[{"href":"https:\/\/www.professores.uff.br\/anamluz\/wp-json\/wp\/v2\/types\/page"}],"author":[{"embeddable":true,"href":"https:\/\/www.professores.uff.br\/anamluz\/wp-json\/wp\/v2\/users\/2"}],"replies":[{"embeddable":true,"href":"https:\/\/www.professores.uff.br\/anamluz\/wp-json\/wp\/v2\/comments?post=21"}],"version-history":[{"count":8,"href":"https:\/\/www.professores.uff.br\/anamluz\/wp-json\/wp\/v2\/pages\/21\/revisions"}],"predecessor-version":[{"id":818,"href":"https:\/\/www.professores.uff.br\/anamluz\/wp-json\/wp\/v2\/pages\/21\/revisions\/818"}],"wp:attachment":[{"href":"https:\/\/www.professores.uff.br\/anamluz\/wp-json\/wp\/v2\/media?parent=21"}],"wp:term":[{"taxonomy":"category","embeddable":true,"href":"https:\/\/www.professores.uff.br\/anamluz\/wp-json\/wp\/v2\/categories?post=21"},{"taxonomy":"post_tag","embeddable":true,"href":"https:\/\/www.professores.uff.br\/anamluz\/wp-json\/wp\/v2\/tags?post=21"}],"curies":[{"name":"wp","href":"https:\/\/api.w.org\/{rel}","templated":true}]}}