{"id":226,"date":"2017-07-31T12:14:21","date_gmt":"2017-07-31T15:14:21","guid":{"rendered":"http:\/\/www.professores.uff.br\/anamluz\/?page_id=226"},"modified":"2017-07-31T14:56:18","modified_gmt":"2017-07-31T17:56:18","slug":"gan-00167-matematica-discreta-2013-2","status":"publish","type":"page","link":"https:\/\/www.professores.uff.br\/anamluz\/gan-00167-matematica-discreta-2013-2\/","title":{"rendered":"GAN 00167 &#8211; Matem\u00e1tica Discreta 2013.2"},"content":{"rendered":"<p><strong>Avisos: 2013.2<\/strong><br \/>\nMatem\u00e1tica Discreta<br \/>\n<strong>Per\u00edodo Letivo:<\/strong> 09\/09\/13-17\/01\/2014.<\/p>\n<hr \/>\n<p><strong>Datas das provas:<\/strong><br \/>\nP1: 17\/10,<br \/>\nP2: 19\/11,<br \/>\nP3: ?,<br \/>\nVR: ? (*)<br \/>\nVS: ?<br \/>\n<strong>(*)<\/strong>VR somente para quem perdeu P1, P2 ou P3 com justificativa comprovada.<\/p>\n<hr \/>\n<p><strong>Atendimento:<\/strong><\/p>\n<ul>\n<li>Possibilidade 1: Quinta-feira 13:00h at\u00e9 14:00h. Na sala de aula (H-403) ou sala de conviv\u00eancia \u2013 Bloco H \u2013 Praia Vermelha.<\/li>\n<li>Possibilidade 2: (Agendar por e-mail!) Quinta-feira 16:00h at\u00e9 18:00h. Local: Gab 14 . Departamento de An\u00e1lise \u2013 4\u00ba andar do Instituto de Matem\u00e1tica \u2013 Campus do Valonguinho (ao lado do Plaza).<\/li>\n<\/ul>\n<hr \/>\n<p><strong>Monitoria:<\/strong><\/p>\n<ul>\n<li>(atendimento na sala de monitoria do <strong><em>Instituto de Computa\u00e7\u00e3o<\/em><\/strong>)\n<ul>\n<li>Marcos Leal: Ter\u00e7a de 7h~8h, Quinta de 7h~8h e de 14h~16h e Sexta 11h~16h<\/li>\n<li>Suzana Barboza: 5as &#8211; 14\/16h e 6as &#8211; 8\/12h<\/li>\n<\/ul>\n<\/li>\n<\/ul>\n<hr \/>\n<p><strong>Livro-texto:<\/strong><\/p>\n<ul>\n<li style=\"list-style-type: none;\">\n<ul>\n<li>Paulo B. Menezes, Matem\u00e1tica Discreta para Computa\u00e7\u00e3o e Inform\u00e1tica, 2a. edi\u00e7\u00e3o , Sagra Luzzatto \/ Instituto de Inform\u00e1tica da UFRGS, Porto Alegre, 2006.<\/li>\n<li>E. R. Scheinerman, Matem\u00e1tica Discreta, Thomson, S\u00e3o Paulo, 2006.<\/li>\n<li>A. C. O. Morgado, J. B. P. Carvalho, P. C. P. Pinto, P. Fernandez, An\u00e1lise Combinat\u00f3ria e Probabilidade, 6a. edi\u00e7\u00e3o, SBM, Rio de Janeiro, 1997.<\/li>\n<\/ul>\n<\/li>\n<\/ul>\n<p>Outra Refer\u00eancia:<\/p>\n<ul>\n<li>Judith L. Gersting. Fundamentos Matem\u00e1ticos para Ci\u00eancia da Computa\u00e7\u00e3o, 4a ed. Editora LTC, Rio de Janeiro, 1982.<\/li>\n<\/ul>\n<hr \/>\n<p><strong>Material dispon\u00edvel para download:<\/strong><\/p>\n<ul>\n<li><a href=\"http:\/\/www.uff.br\/grupodelogica\/matdis_2013_2.html\">Slides de Aulas\/Listas de Exerc\u00edcios<\/a>(Geral de todas as turmas)\n<ul>\n<li><a href=\"http:\/\/www.professores.uff.br\/anamluz\/wp-content\/uploads\/sites\/36\/2017\/07\/Matematica_Discreta_aula1-1.pps\">Informa\u00e7\u00f5es e Motiva\u00e7\u00e3o<\/a> &#8211; Slide aula 1 &#8211; 10\/09\/13<\/li>\n<li><a href=\"http:\/\/www.professores.uff.br\/anamluz\/wp-content\/uploads\/sites\/36\/2017\/07\/inducao_forte-1.pdf\">Indu\u00e7\u00e3o Forte<\/a><\/li>\n<li><a href=\"http:\/\/www.professores.uff.br\/anamluz\/wp-content\/uploads\/sites\/36\/2017\/07\/exercicios_operacoes_CONJUNTOS.pdf\">Exerc\u00edcios sobre Opera\u00e7\u00f5es sobre Conjuntos<\/a><\/li>\n<\/ul>\n<\/li>\n<li><a href=\"http:\/\/www.professores.uff.br\/anamluz\/wp-content\/uploads\/sites\/36\/2017\/07\/Diagramas-1.ppt\">Diagramas<\/a><\/li>\n<li><a href=\"http:\/\/www.professores.uff.br\/anamluz\/wp-content\/uploads\/sites\/36\/2017\/07\/Aula_15.ppt\">Matriz e grafo de rela\u00e7\u00f5es<\/a> (Slides Aula 15)<\/li>\n<li><a href=\"http:\/\/www.mat.uc.pt\/~picado\/ediscretas\/apontamentos\/cap3.pdf\">Congu\u00eancia M\u00f3dulo n e Criptografia <\/a>(Material de autoria do professor Jorge Picado para o curso de Estruturas discretas &#8211; Universidade de Coimbra)<\/li>\n<li><a href=\"http:\/\/www.professores.uff.br\/anamluz\/wp-content\/uploads\/sites\/36\/2017\/07\/conguencia_ex.pdf\">Exerc\u00edcios de Congu\u00eancia M\u00f3dulo n<\/a><\/li>\n<li><a href=\"http:\/\/www.professores.uff.br\/anamluz\/wp-content\/uploads\/sites\/36\/2017\/07\/exercicio_particao.pdf\">Exerc\u00edcio de Classes de Equival\u00eancia e Parti\u00e7\u00e3o<\/a><\/li>\n<li><a href=\"http:\/\/www.professores.uff.br\/anamluz\/wp-content\/uploads\/sites\/36\/2017\/07\/lista_funcoes_2013_2.pdf\">Exerc\u00edcios: Rela\u00e7\u00e3o de Ordem e Fun\u00e7\u00e3o<\/a><\/li>\n<li><a href=\"http:\/\/www.professores.uff.br\/anamluz\/wp-content\/uploads\/sites\/36\/2017\/07\/Cardinalidade_de_Conjuntos_2013_2.pps\">Cardinalidade de Conjuntos<\/a><\/li>\n<\/ul>\n<hr \/>\n<p><strong>Provas (2013.1)<\/strong><br \/>\n<a href=\"http:\/\/www.professores.uff.br\/anamluz\/wp-content\/uploads\/sites\/36\/2017\/07\/teste_mat_2013_1.pdf\">Teste<\/a>,<a href=\"http:\/\/www.professores.uff.br\/anamluz\/wp-content\/uploads\/sites\/36\/2017\/07\/P1_2013_1.pdf\">P1<\/a>,<a href=\"http:\/\/www.professores.uff.br\/anamluz\/wp-content\/uploads\/sites\/36\/2017\/07\/P2_2013_1.pdf\">P2<\/a>,<a href=\"http:\/\/www.professores.uff.br\/anamluz\/wp-content\/uploads\/sites\/36\/2017\/07\/P3_mdis_2013_1.pdf\">P3<\/a>(<a href=\"http:\/\/www.professores.uff.br\/anamluz\/wp-content\/uploads\/sites\/36\/2017\/07\/gab_P3_2013_1.pdf\">Gab<\/a>),<a href=\"http:\/\/www.professores.uff.br\/anamluz\/wp-content\/uploads\/sites\/36\/2017\/07\/VS_mdis_2013_1.pdf\">VS<\/a><\/p>\n<hr \/>\n<p><strong>Provas antigas (2011.2):<\/strong><\/p>\n<ul>\n<li>P1_B2 (Gab.)<\/li>\n<li>P1_A2\/C2 (Gab.)<\/li>\n<li>P2_B2 (Gab.)<\/li>\n<li>P2_A2\/C2 (Gab.)<\/li>\n<li>P3_B2\/ P3_A2<\/li>\n<\/ul>\n<p style=\"text-align: center;\">Voltar para P\u00e1gina Anterior<br \/>\n<em>\u00daltima atualiza\u00e7\u00e3o em 16\/09\/2013.<\/em><\/p>\n","protected":false},"excerpt":{"rendered":"<p>Avisos: 2013.2 Matem\u00e1tica Discreta Per\u00edodo Letivo: 09\/09\/13-17\/01\/2014. Datas das provas: P1: 17\/10, P2: 19\/11, P3: ?, VR: ? (*) VS: ? (*)VR somente para quem perdeu P1, P2 ou P3 com justificativa comprovada. Atendimento: Possibilidade 1: Quinta-feira 13:00h at\u00e9 14:00h. Na sala de aula (H-403) ou sala de conviv\u00eancia \u2013 Bloco H \u2013 Praia Vermelha. [&hellip;]<\/p>\n","protected":false},"author":2,"featured_media":0,"parent":0,"menu_order":0,"comment_status":"closed","ping_status":"closed","template":"","meta":{"_exactmetrics_skip_tracking":false,"_exactmetrics_sitenote_active":false,"_exactmetrics_sitenote_note":"","_exactmetrics_sitenote_category":0,"footnotes":""},"categories":[],"tags":[],"class_list":["post-226","page","type-page","status-publish","hentry"],"_links":{"self":[{"href":"https:\/\/www.professores.uff.br\/anamluz\/wp-json\/wp\/v2\/pages\/226","targetHints":{"allow":["GET"]}}],"collection":[{"href":"https:\/\/www.professores.uff.br\/anamluz\/wp-json\/wp\/v2\/pages"}],"about":[{"href":"https:\/\/www.professores.uff.br\/anamluz\/wp-json\/wp\/v2\/types\/page"}],"author":[{"embeddable":true,"href":"https:\/\/www.professores.uff.br\/anamluz\/wp-json\/wp\/v2\/users\/2"}],"replies":[{"embeddable":true,"href":"https:\/\/www.professores.uff.br\/anamluz\/wp-json\/wp\/v2\/comments?post=226"}],"version-history":[{"count":5,"href":"https:\/\/www.professores.uff.br\/anamluz\/wp-json\/wp\/v2\/pages\/226\/revisions"}],"predecessor-version":[{"id":248,"href":"https:\/\/www.professores.uff.br\/anamluz\/wp-json\/wp\/v2\/pages\/226\/revisions\/248"}],"wp:attachment":[{"href":"https:\/\/www.professores.uff.br\/anamluz\/wp-json\/wp\/v2\/media?parent=226"}],"wp:term":[{"taxonomy":"category","embeddable":true,"href":"https:\/\/www.professores.uff.br\/anamluz\/wp-json\/wp\/v2\/categories?post=226"},{"taxonomy":"post_tag","embeddable":true,"href":"https:\/\/www.professores.uff.br\/anamluz\/wp-json\/wp\/v2\/tags?post=226"}],"curies":[{"name":"wp","href":"https:\/\/api.w.org\/{rel}","templated":true}]}}