{"id":23,"date":"2017-07-27T12:38:52","date_gmt":"2017-07-27T15:38:52","guid":{"rendered":"http:\/\/www.professores.uff.br\/anamluz\/?page_id=23"},"modified":"2020-09-11T18:16:49","modified_gmt":"2020-09-11T21:16:49","slug":"links","status":"publish","type":"page","link":"https:\/\/www.professores.uff.br\/anamluz\/links\/","title":{"rendered":"Links"},"content":{"rendered":"<p>GAN &#8211; <a href=\"http:\/\/www.depgan.uff.br\/\">http:\/\/www.depgan.uff.br\/<\/a><br \/>\nInstituto de Matem\u00e1tica e Estat\u00edstica &#8211; UFF &#8211; <a href=\"http:\/\/www.ime.uff.br\/\" target=\"_blank\" rel=\"noopener noreferrer\" data-saferedirecturl=\"https:\/\/www.google.com\/url?q=http:\/\/www.ime.uff.br&amp;source=gmail&amp;ust=1599945248941000&amp;usg=AFQjCNFAvRtmYJQpRfQnK39WE-GEsPuaMg\">www.ime.uff.br<\/a><br \/>\nP\u00f3s-Gradua\u00e7\u00e3o em Matem\u00e1tica &#8211; UFF &#8211; <a href=\"http:\/\/www.pgmat.uff.br\/\">http:\/\/www.pgmat.uff.br\/<\/a><br \/>\nIMPA- <a href=\"http:\/\/www.impa.br\">www.impa.br<\/a><br \/>\nWolfran Alpha &#8211;<a href=\"http:\/\/www.wolframalpha.com\/\"> http:\/\/www.wolframalpha.com\/<\/a><br \/>\nGeogebra on-line &#8211; <a href=\"http:\/\/www.geogebra.org\/webstart\/geogebra.html\">http:\/\/www.geogebra.org\/webstart\/geogebra.html<\/a><br \/>\nProjeto Mulheres na Matem\u00e1tica &#8211; <a href=\"http:\/\/mulheresnamatematica.sites.uff.br\/\">http:\/\/mulheresnamatematica.sites.uff.br\/<\/a><br \/>\nMatem\u00e1tica: Substantivo Feminino: <a href=\"https:\/\/matematicasf.wordpress.com\/\">https:\/\/matematicasf.wordpress.com\/<\/a><br \/>\nIMU&#8217;s Committee for Women in Mathematics (CWM) &#8211;\u00a0<a href=\"https:\/\/www.mathunion.org\/cwm\">https:\/\/www.mathunion.org\/cwm<\/a><\/p>\n","protected":false},"excerpt":{"rendered":"<p>GAN &#8211; http:\/\/www.depgan.uff.br\/ Instituto de Matem\u00e1tica e Estat\u00edstica &#8211; UFF &#8211; www.ime.uff.br P\u00f3s-Gradua\u00e7\u00e3o em Matem\u00e1tica &#8211; UFF &#8211; http:\/\/www.pgmat.uff.br\/ IMPA- www.impa.br Wolfran Alpha &#8211; http:\/\/www.wolframalpha.com\/ Geogebra on-line &#8211; http:\/\/www.geogebra.org\/webstart\/geogebra.html Projeto Mulheres na Matem\u00e1tica &#8211; http:\/\/mulheresnamatematica.sites.uff.br\/ Matem\u00e1tica: Substantivo Feminino: https:\/\/matematicasf.wordpress.com\/ IMU&#8217;s Committee for Women in Mathematics (CWM) &#8211;\u00a0https:\/\/www.mathunion.org\/cwm<\/p>\n","protected":false},"author":2,"featured_media":0,"parent":0,"menu_order":0,"comment_status":"closed","ping_status":"closed","template":"","meta":{"_exactmetrics_skip_tracking":false,"_exactmetrics_sitenote_active":false,"_exactmetrics_sitenote_note":"","_exactmetrics_sitenote_category":0,"footnotes":""},"categories":[],"tags":[],"class_list":["post-23","page","type-page","status-publish","hentry"],"_links":{"self":[{"href":"https:\/\/www.professores.uff.br\/anamluz\/wp-json\/wp\/v2\/pages\/23","targetHints":{"allow":["GET"]}}],"collection":[{"href":"https:\/\/www.professores.uff.br\/anamluz\/wp-json\/wp\/v2\/pages"}],"about":[{"href":"https:\/\/www.professores.uff.br\/anamluz\/wp-json\/wp\/v2\/types\/page"}],"author":[{"embeddable":true,"href":"https:\/\/www.professores.uff.br\/anamluz\/wp-json\/wp\/v2\/users\/2"}],"replies":[{"embeddable":true,"href":"https:\/\/www.professores.uff.br\/anamluz\/wp-json\/wp\/v2\/comments?post=23"}],"version-history":[{"count":9,"href":"https:\/\/www.professores.uff.br\/anamluz\/wp-json\/wp\/v2\/pages\/23\/revisions"}],"predecessor-version":[{"id":777,"href":"https:\/\/www.professores.uff.br\/anamluz\/wp-json\/wp\/v2\/pages\/23\/revisions\/777"}],"wp:attachment":[{"href":"https:\/\/www.professores.uff.br\/anamluz\/wp-json\/wp\/v2\/media?parent=23"}],"wp:term":[{"taxonomy":"category","embeddable":true,"href":"https:\/\/www.professores.uff.br\/anamluz\/wp-json\/wp\/v2\/categories?post=23"},{"taxonomy":"post_tag","embeddable":true,"href":"https:\/\/www.professores.uff.br\/anamluz\/wp-json\/wp\/v2\/tags?post=23"}],"curies":[{"name":"wp","href":"https:\/\/api.w.org\/{rel}","templated":true}]}}