{"id":249,"date":"2017-07-31T15:01:48","date_gmt":"2017-07-31T18:01:48","guid":{"rendered":"http:\/\/www.professores.uff.br\/anamluz\/?page_id=249"},"modified":"2017-07-31T15:20:37","modified_gmt":"2017-07-31T18:20:37","slug":"gan-00147-matematica-para-economia-iii-2013-2","status":"publish","type":"page","link":"https:\/\/www.professores.uff.br\/anamluz\/gan-00147-matematica-para-economia-iii-2013-2\/","title":{"rendered":"GAN 00147 &#8211; Matem\u00e1tica para Economia III 2013.2"},"content":{"rendered":"<p><strong>Avisos: 2013.2<\/strong><br \/>\nAlguns links n\u00e3o funcionam no Google Chrome mas funcionam no Internet Explorer.<br \/>\nPrograma da Disciplina (GAN00147)<br \/>\n<strong>Per\u00edodo Letivo:<\/strong> 09\/09\/2013 \u00e0 17\/01\/2014.<\/p>\n<hr \/>\n<p><strong>Datas das provas:<\/strong><br \/>\nT1: 05\/10\/13 NOVA DATA!<br \/>\nP1: 31\/10\/13<br \/>\nP2: 19\/12\/13,<br \/>\nVR: 07\/01\/2014 (*)<br \/>\nVS: 09\/01\/2014 NOVA DATA!<\/p>\n<p>(*)VR somente para quem perdeu P1 ou P2 com justificativa comprovada apresentada at\u00e9 48 horas da hor\u00e1rio da prova perdida.<\/p>\n<hr \/>\n<p><strong>Atendimento:<\/strong><br \/>\n<strong><span style=\"color: #ff0000;\">Agendar por e-mail<\/span><\/strong><br \/>\nLocal: Gab 14 . Departamento de An\u00e1lise \u2013 4\u00ba andar do Instituto de Matem\u00e1tica \u2013 Campus do Valonguinho<br \/>\nDia dispon\u00edvel: Quinta-feira 15:00h as 16:00h<\/p>\n<hr \/>\n<p><strong>Monitoria: ( <span style=\"color: #ff0000;\">NOVOS HOR\u00c1RIOS!<\/span>)<\/strong><br \/>\nJeft\u00e9 Correa:<br \/>\nQuinta-feira -&gt; 9:30h at\u00e9 11:30h<br \/>\nSexta-feita -&gt; 12:30h at\u00e9 18:30h<\/p>\n<hr \/>\n<p><strong>Refer\u00eancias<\/strong><\/p>\n<ul>\n<li style=\"list-style-type: none;\">\n<ul>\n<li><strong>\u00c1lgebra Linear com Aplica\u00e7\u00f5es, H. Anton e C. Rorres, Bookman, 2001.<\/strong><\/li>\n<li><strong>Matem\u00e1tica para Economistas: A. Chiang Editora Mc Graw Hill<\/strong><\/li>\n<li><strong>Equa\u00e7\u00f5es Diferenciais Elementares e Problemas de Valores de Contorno Boyce e Di Prima<\/strong><\/li>\n<\/ul>\n<\/li>\n<\/ul>\n<p>Outras refer\u00eancias utilizadas:<\/p>\n<ul>\n<li><strong>STEINBRUCH, Alfredo, WINTERLE. \u00c1lgebra Linear<\/strong><\/li>\n<li><strong>Introdu\u00e7\u00e3o \u00e0 \u00c1lgebra Linear com Aplica\u00e7\u00f5es, Kolman, B. e Hill, D. R., LTC, RJ,2006.<\/strong><\/li>\n<\/ul>\n<hr \/>\n<p><strong>Material dispon\u00edvel para download:<\/strong><br \/>\n<strong>Slides<\/strong><\/p>\n<ul>\n<li><a href=\"http:\/\/www.professores.uff.br\/anamluz\/wp-content\/uploads\/sites\/36\/2017\/07\/aula1_2013_2.pps\">Slides da aula 1<\/a> &#8211; 10\/09\/13<\/li>\n<li><a href=\"http:\/\/www.professores.uff.br\/anamluz\/wp-content\/uploads\/sites\/36\/2017\/07\/aula4_2013_2.pps\">Slides da aula 4<\/a> &#8211; 19\/09\/13<\/li>\n<li><a href=\"http:\/\/www.professores.uff.br\/anamluz\/wp-content\/uploads\/sites\/36\/2017\/07\/aula7_2013_2.pps\">Slides da aula 7<\/a> &#8211; 01\/10\/13<\/li>\n<li><a href=\"http:\/\/www.professores.uff.br\/anamluz\/wp-content\/uploads\/sites\/36\/2017\/07\/aula8e9_2013_2.pps\">Slides da aula 8 e 9<\/a> -03 e 08\/10\/13<\/li>\n<li><a href=\"http:\/\/www.professores.uff.br\/anamluz\/wp-content\/uploads\/sites\/36\/2017\/07\/aula10e11_2013_2.pps\">Slides da aula 10 e 11<\/a> &#8211; 10 e 17\/10\/13<\/li>\n<li><a href=\"http:\/\/www.professores.uff.br\/anamluz\/wp-content\/uploads\/sites\/36\/2017\/07\/aula8e9_2013_2-1.pps\">Slides da aula 8 e 9<\/a> -03 e 08\/10\/13<\/li>\n<li><a href=\"http:\/\/www.professores.uff.br\/anamluz\/wp-content\/uploads\/sites\/36\/2017\/07\/aula10e11_2013_2-1.pps\">Slides da aula 10 e 11<\/a> &#8211; 10 e 17\/10\/13<\/li>\n<li><a href=\"http:\/\/www.professores.uff.br\/anamluz\/wp-content\/uploads\/sites\/36\/2017\/07\/Aula_12_Apostila_solima_transf_linear.pdf\">Resumo Aula 12<\/a>\/ <a href=\"http:\/\/www.professores.uff.br\/anamluz\/wp-content\/uploads\/sites\/36\/2017\/07\/aula13e14_2013_2.pps\">Slides da aula 13 e 14<\/a><\/li>\n<li><a href=\"http:\/\/www.professores.uff.br\/anamluz\/wp-content\/uploads\/sites\/36\/2017\/07\/EDO_2a_ordem_Linear_03_12-1.ppt\">Slides da aula 03\/12<\/a>\/<a href=\"http:\/\/www.professores.uff.br\/anamluz\/wp-content\/uploads\/sites\/36\/2017\/07\/EDO_2a_ordem_Linear_05_12.ppt\">Slides da aula 05\/12<\/a><\/li>\n<li><a href=\"http:\/\/www.professores.uff.br\/anamluz\/wp-content\/uploads\/sites\/36\/2017\/07\/Equacoes_de_diferencas.ppt\">Slides da aula 10\/12<\/a><br \/>\nListas e material para leitura<\/li>\n<li><a href=\"http:\/\/www.professores.uff.br\/anamluz\/wp-content\/uploads\/sites\/36\/2017\/07\/Lista1_2013_2.pdf\">Lista 1<\/a> \/<a href=\"http:\/\/www.professores.uff.br\/anamluz\/wp-content\/uploads\/sites\/36\/2017\/07\/Lista2_2013_2.pdf\">Lista 2 (GAB.)<\/a>\/<a href=\"http:\/\/www.professores.uff.br\/anamluz\/wp-content\/uploads\/sites\/36\/2017\/07\/Lista3_2013_2.pdf\">Lista 3<\/a> <a href=\"http:\/\/www.professores.uff.br\/anamluz\/wp-content\/uploads\/sites\/36\/2017\/07\/gab_Lista3_2013_2.pdf\">(GAB.<\/a>)<\/li>\n<li><a href=\"http:\/\/www.professores.uff.br\/anamluz\/wp-content\/uploads\/sites\/36\/2017\/07\/exercicios_kolman1.pdf\">exercicios_kolman1.pdf<\/a><\/li>\n<li><a href=\"http:\/\/www.professores.uff.br\/anamluz\/wp-content\/uploads\/sites\/36\/2017\/07\/exercicios_livroAnton1.pdf\">exercicios_livroAnton1.pdf<\/a><\/li>\n<li><a href=\"http:\/\/www.professores.uff.br\/anamluz\/wp-content\/uploads\/sites\/36\/2017\/07\/result_invert.pdf\">Resultados sobre invertibilidade de matrizes<\/a><\/li>\n<li><a href=\"http:\/\/www.professores.uff.br\/anamluz\/wp-content\/uploads\/sites\/36\/2017\/07\/exerc_anton_sec1.6.pdf\">exerc_anton_sec1.6 <\/a>\/<a href=\"http:\/\/www.professores.uff.br\/anamluz\/wp-content\/uploads\/sites\/36\/2017\/07\/Lista4_2013_2.pdf\">Lista 4<\/a> \/(<a href=\"http:\/\/www.professores.uff.br\/anamluz\/wp-content\/uploads\/sites\/36\/2017\/07\/gab_Lista4_2013_2.pdf\">GAB.<\/a>)<\/li>\n<li><a href=\"http:\/\/www.professores.uff.br\/anamluz\/wp-content\/uploads\/sites\/36\/2017\/07\/Lista_trans_lin_economia13_2.pdf\">Lista 6<\/a> \/<a href=\"http:\/\/www.professores.uff.br\/anamluz\/wp-content\/uploads\/sites\/36\/2017\/07\/Apostila_solima_espacos_vetoriais_parte1.pdf\">Espa\u00e7os Vetoriais + Lista 5<\/a><\/li>\n<li><a href=\"http:\/\/www.professores.uff.br\/anamluz\/wp-content\/uploads\/sites\/36\/2017\/07\/lista_EDO1.pdf\">Lista EDO1<\/a> \/<a href=\"http:\/\/www.professores.uff.br\/anamluz\/wp-content\/uploads\/sites\/36\/2017\/07\/Lista_EDO2_2013_2.pdf\">Lista EDO2<\/a> \/<a href=\"http:\/\/www.professores.uff.br\/anamluz\/wp-content\/uploads\/sites\/36\/2017\/07\/lista_EDO3_2013_2.pdf\">Lista EDO3<\/a><\/li>\n<li><a href=\"http:\/\/www.professores.uff.br\/anamluz\/wp-content\/uploads\/sites\/36\/2017\/07\/lista_EDO4_2013_2.pdf\">Lista EDO4 <\/a>( <a href=\"http:\/\/www.professores.uff.br\/anamluz\/wp-content\/uploads\/sites\/36\/2017\/07\/Gab_lista_EDO4.pdf\">GAB<\/a> )\/<a href=\"http:\/\/www.professores.uff.br\/anamluz\/wp-content\/uploads\/sites\/36\/2017\/07\/Lista_EDO5_2013_2.pdf\">Lista EDO5<\/a><\/li>\n<\/ul>\n<hr \/>\n<p><strong>Leituras Complementares<\/strong><\/p>\n<hr \/>\n<p>Provas e testes (2013.1)<br \/>\nT1,P1,T2,P2,VR,VS<\/p>\n<hr \/>\n<p>Provas e testes (2012.2)<br \/>\nT1,P1,P2,VR,VS<\/p>\n<p>Voltar para P\u00e1gina Anterior<br \/>\n\u00daltima atualiza\u00e7\u00e3o em 19\/09\/2013.<\/p>\n","protected":false},"excerpt":{"rendered":"<p>Avisos: 2013.2 Alguns links n\u00e3o funcionam no Google Chrome mas funcionam no Internet Explorer. Programa da Disciplina (GAN00147) Per\u00edodo Letivo: 09\/09\/2013 \u00e0 17\/01\/2014. Datas das provas: T1: 05\/10\/13 NOVA DATA! P1: 31\/10\/13 P2: 19\/12\/13, VR: 07\/01\/2014 (*) VS: 09\/01\/2014 NOVA DATA! (*)VR somente para quem perdeu P1 ou P2 com justificativa comprovada apresentada at\u00e9 48 [&hellip;]<\/p>\n","protected":false},"author":2,"featured_media":0,"parent":0,"menu_order":0,"comment_status":"closed","ping_status":"closed","template":"","meta":{"_exactmetrics_skip_tracking":false,"_exactmetrics_sitenote_active":false,"_exactmetrics_sitenote_note":"","_exactmetrics_sitenote_category":0,"footnotes":""},"categories":[],"tags":[],"class_list":["post-249","page","type-page","status-publish","hentry"],"_links":{"self":[{"href":"https:\/\/www.professores.uff.br\/anamluz\/wp-json\/wp\/v2\/pages\/249","targetHints":{"allow":["GET"]}}],"collection":[{"href":"https:\/\/www.professores.uff.br\/anamluz\/wp-json\/wp\/v2\/pages"}],"about":[{"href":"https:\/\/www.professores.uff.br\/anamluz\/wp-json\/wp\/v2\/types\/page"}],"author":[{"embeddable":true,"href":"https:\/\/www.professores.uff.br\/anamluz\/wp-json\/wp\/v2\/users\/2"}],"replies":[{"embeddable":true,"href":"https:\/\/www.professores.uff.br\/anamluz\/wp-json\/wp\/v2\/comments?post=249"}],"version-history":[{"count":3,"href":"https:\/\/www.professores.uff.br\/anamluz\/wp-json\/wp\/v2\/pages\/249\/revisions"}],"predecessor-version":[{"id":282,"href":"https:\/\/www.professores.uff.br\/anamluz\/wp-json\/wp\/v2\/pages\/249\/revisions\/282"}],"wp:attachment":[{"href":"https:\/\/www.professores.uff.br\/anamluz\/wp-json\/wp\/v2\/media?parent=249"}],"wp:term":[{"taxonomy":"category","embeddable":true,"href":"https:\/\/www.professores.uff.br\/anamluz\/wp-json\/wp\/v2\/categories?post=249"},{"taxonomy":"post_tag","embeddable":true,"href":"https:\/\/www.professores.uff.br\/anamluz\/wp-json\/wp\/v2\/tags?post=249"}],"curies":[{"name":"wp","href":"https:\/\/api.w.org\/{rel}","templated":true}]}}