{"id":284,"date":"2017-08-01T09:58:36","date_gmt":"2017-08-01T12:58:36","guid":{"rendered":"http:\/\/www.professores.uff.br\/anamluz\/?page_id=284"},"modified":"2017-08-01T10:13:06","modified_gmt":"2017-08-01T13:13:06","slug":"gan-00167-matematica-discreta-2013-2-2","status":"publish","type":"page","link":"https:\/\/www.professores.uff.br\/anamluz\/gan-00167-matematica-discreta-2013-2-2\/","title":{"rendered":"GAN 00147 &#8211; Matem\u00e1tica para Economia III 2012.2"},"content":{"rendered":"<p><strong>Programa de Matem\u00e1tica para Economia III<\/strong><\/p>\n<p><strong>Avisos:<\/strong><br \/>\n<strong>Per\u00edodo Letivo:<\/strong> 19\/11\/12 a 28\/03\/2013.<\/p>\n<hr \/>\n<p><strong>Datas das provas:<\/strong><br \/>\nP1: 17\/01\/13 Nova data !<br \/>\nP2: 12\/03\/13,<br \/>\nVR: 14\/03\/2013<br \/>\nVS: 21\/03\/2013<\/p>\n<hr \/>\n<p><strong>Atendimento dia 16\/01\/13:<\/strong><\/p>\n<ul>\n<li>Quarta-feira de 14h00 \u00e0s 17:00 (mandem e-mail combinando!).<\/li>\n<\/ul>\n<hr \/>\n<p><strong>Monitoria:<\/strong><\/p>\n<p>Matem\u00e1tica para Economia III:<\/p>\n<p>Victor: 3a. (7:00h \u00e0s 9:00h\/20:00h \u00e0s 22:00h), 5a. (7:00h \u00e0s 9:00h), 6a. (9:00h \u00e0s 11:00h)<\/p>\n<p>\u00c1lgebra Linear Aplicada:<\/p>\n<p>Ma\u00edra: 2a. (10:00h \u00e0s 13:00h), 5a. (14:00h \u00e0s 16:00h) e 6a.(13:00h \u00e0s 16:00h)<\/p>\n<p>Pedro Berger: 3a. (11:00h \u00e0s 15:00h), 5a. (11:00h \u00e0s 15:00h)<\/p>\n<hr \/>\n<p><strong>Livro-texto:<\/strong><br \/>\n<strong> \u00c1lgebra Linear com Aplica\u00e7\u00f5es, H. Anton e C. Rorres, Bookman, 2001.<\/strong><\/p>\n<hr \/>\n<p><strong>Material dispon\u00edvel para download:<\/strong><br \/>\n<a href=\"http:\/\/www.professores.uff.br\/anamluz\/wp-content\/uploads\/sites\/36\/2017\/08\/aula4_economia.ppt\">Slides com exemplos da aula 4<\/a><\/p>\n<p><a href=\"http:\/\/www.professores.uff.br\/anamluz\/wp-content\/uploads\/sites\/36\/2017\/08\/exercicios_sugeridos_cap1.pdf\">Exerc\u00edcios Sugeridos &#8211; Cap\u00edtulo 1 &#8211; Anton<\/a><\/p>\n<p><a href=\"http:\/\/www.professores.uff.br\/anamluz\/wp-content\/uploads\/sites\/36\/2017\/08\/exercicios_sugeridos_cap2_economia.pdf\">Exerc\u00edcios Sugeridos &#8211; Cap\u00edtulo 2 &#8211; Anton<\/a><\/p>\n<p><a href=\"http:\/\/www.professores.uff.br\/anamluz\/wp-content\/uploads\/sites\/36\/2017\/08\/Aula8.ppt\">Slides Aula 8<\/a><\/p>\n<p><a href=\"http:\/\/www.professores.uff.br\/anamluz\/wp-content\/uploads\/sites\/36\/2017\/08\/espacos_vetoriais_solima.pdf\">Espa\u00e7os Vetoriais + Listas (Cap\u00edtulo 2 &#8211; Apostila Profa. Solim\u00e1)<\/a><\/p>\n<p><a href=\"http:\/\/www.professores.uff.br\/anamluz\/wp-content\/uploads\/sites\/36\/2017\/08\/exercicios_selecionados1.pdf\">Exerc\u00edcios Selecionados 1<\/a><\/p>\n<p><a href=\"http:\/\/www.professores.uff.br\/anamluz\/wp-content\/uploads\/sites\/36\/2017\/08\/Lista_esp_vet.pdf\">Lista de Espa\u00e7os Vetoriais com gabarito<\/a><\/p>\n<p><a href=\"http:\/\/www.professores.uff.br\/anamluz\/wp-content\/uploads\/sites\/36\/2017\/08\/Lista_trans_lin.pdf\">Lista de Transforma\u00e7\u00f5es Lineares com gabarito<\/a><\/p>\n<p><a href=\"http:\/\/www.professores.uff.br\/anamluz\/wp-content\/uploads\/sites\/36\/2017\/08\/Lista_anpec.pdf\">Lista de Exerc\u00edcios Selecionados ANPEC com gabarito<\/a><\/p>\n<hr \/>\n<p><strong>Provas e testes<\/strong><br \/>\n<a href=\"http:\/\/www.professores.uff.br\/anamluz\/wp-content\/uploads\/sites\/36\/2017\/08\/teste_mat_eco_3.pdf\">T1<\/a><\/p>\n<p><a href=\"http:\/\/www.professores.uff.br\/anamluz\/wp-content\/uploads\/sites\/36\/2017\/08\/prova_mat_eco_3_p1.pdf\">P1<\/a><\/p>\n<p><a href=\"http:\/\/www.professores.uff.br\/anamluz\/wp-content\/uploads\/sites\/36\/2017\/08\/P2_mat_eco_3.pdf\">P2<\/a><\/p>\n<p><a href=\"http:\/\/www.professores.uff.br\/anamluz\/wp-content\/uploads\/sites\/36\/2017\/08\/VR_mat_eco_3.pdf\">VR<\/a><\/p>\n<p><a href=\"http:\/\/www.professores.uff.br\/anamluz\/wp-content\/uploads\/sites\/36\/2017\/08\/VS_mecoIII.pdf\">VS<\/a><\/p>\n<p style=\"text-align: center;\"><a href=\"http:\/\/www.professores.uff.br\/anamluz\/ensino\/\">Voltar para P\u00e1gina Anterior<\/a><br \/>\n<em>\u00daltima atualiza\u00e7\u00e3o em 06\/12\/2012.<\/em><\/p>\n","protected":false},"excerpt":{"rendered":"<p>Programa de Matem\u00e1tica para Economia III Avisos: Per\u00edodo Letivo: 19\/11\/12 a 28\/03\/2013. Datas das provas: P1: 17\/01\/13 Nova data ! P2: 12\/03\/13, VR: 14\/03\/2013 VS: 21\/03\/2013 Atendimento dia 16\/01\/13: Quarta-feira de 14h00 \u00e0s 17:00 (mandem e-mail combinando!). Monitoria: Matem\u00e1tica para Economia III: Victor: 3a. (7:00h \u00e0s 9:00h\/20:00h \u00e0s 22:00h), 5a. (7:00h \u00e0s 9:00h), 6a. (9:00h [&hellip;]<\/p>\n","protected":false},"author":2,"featured_media":0,"parent":0,"menu_order":0,"comment_status":"closed","ping_status":"closed","template":"","meta":{"_exactmetrics_skip_tracking":false,"_exactmetrics_sitenote_active":false,"_exactmetrics_sitenote_note":"","_exactmetrics_sitenote_category":0,"footnotes":""},"categories":[],"tags":[],"class_list":["post-284","page","type-page","status-publish","hentry"],"_links":{"self":[{"href":"https:\/\/www.professores.uff.br\/anamluz\/wp-json\/wp\/v2\/pages\/284","targetHints":{"allow":["GET"]}}],"collection":[{"href":"https:\/\/www.professores.uff.br\/anamluz\/wp-json\/wp\/v2\/pages"}],"about":[{"href":"https:\/\/www.professores.uff.br\/anamluz\/wp-json\/wp\/v2\/types\/page"}],"author":[{"embeddable":true,"href":"https:\/\/www.professores.uff.br\/anamluz\/wp-json\/wp\/v2\/users\/2"}],"replies":[{"embeddable":true,"href":"https:\/\/www.professores.uff.br\/anamluz\/wp-json\/wp\/v2\/comments?post=284"}],"version-history":[{"count":7,"href":"https:\/\/www.professores.uff.br\/anamluz\/wp-json\/wp\/v2\/pages\/284\/revisions"}],"predecessor-version":[{"id":309,"href":"https:\/\/www.professores.uff.br\/anamluz\/wp-json\/wp\/v2\/pages\/284\/revisions\/309"}],"wp:attachment":[{"href":"https:\/\/www.professores.uff.br\/anamluz\/wp-json\/wp\/v2\/media?parent=284"}],"wp:term":[{"taxonomy":"category","embeddable":true,"href":"https:\/\/www.professores.uff.br\/anamluz\/wp-json\/wp\/v2\/categories?post=284"},{"taxonomy":"post_tag","embeddable":true,"href":"https:\/\/www.professores.uff.br\/anamluz\/wp-json\/wp\/v2\/tags?post=284"}],"curies":[{"name":"wp","href":"https:\/\/api.w.org\/{rel}","templated":true}]}}