{"id":310,"date":"2017-08-01T10:13:22","date_gmt":"2017-08-01T13:13:22","guid":{"rendered":"http:\/\/www.professores.uff.br\/anamluz\/?page_id=310"},"modified":"2017-08-01T10:23:33","modified_gmt":"2017-08-01T13:23:33","slug":"gan-00007-introducao-a-algebra-linear-2012-2","status":"publish","type":"page","link":"https:\/\/www.professores.uff.br\/anamluz\/gan-00007-introducao-a-algebra-linear-2012-2\/","title":{"rendered":"GAN 00007 &#8211; Introdu\u00e7\u00e3o \u00e0 \u00c1lgebra Linear 2012.2"},"content":{"rendered":"<p>Programa da disciplina<\/p>\n<p><strong>Avisos:<\/strong><br \/>\n<strong>Per\u00edodo Letivo:<\/strong> 19\/11\/12 a 28\/03\/2013.<\/p>\n<hr \/>\n<p><strong> Datas das provas:<\/strong><br \/>\nP1: 17\/01\/13<br \/>\nP2: 19\/03\/13, <span style=\"color: #ff0000;\">Nova data !<\/span><br \/>\nVR: 21\/03\/2013 <span style=\"color: #ff0000;\">Nova data !<\/span><br \/>\nVS: 26\/03\/2013 <span style=\"color: #ff0000;\">Nova data !<\/span><\/p>\n<hr \/>\n<p><strong>Atendimento:<\/strong><\/p>\n<p>Sexta-feira de 14:00h \u00e0s 17:00h.<\/p>\n<hr \/>\n<p><strong>Monitoria:<\/strong><\/p>\n<p>\u00c1lgebra Linear Aplicada:<\/p>\n<p>Ma\u00edra: 2a. (10:00h \u00e0s 13:00h), 5a. (14:00h \u00e0s 16:00h) e 6a.(13:00h \u00e0s 16:00h)<\/p>\n<p>Pedro Berger: 3a. (11:00h \u00e0s 15:00h), 5a. (11:00h \u00e0s 15:00h)<\/p>\n<hr \/>\n<p><strong>Livro-texto:<\/strong><br \/>\n<strong>\u00c1lgebra Linear com Aplica\u00e7\u00f5es, H. Anton e C. Rorres, Bookman, 2001.<\/strong><\/p>\n<hr \/>\n<p><strong>Material dispon\u00edvel para download:<\/strong><br \/>\n<a href=\"http:\/\/www.professores.uff.br\/anamluz\/wp-content\/uploads\/sites\/36\/2017\/08\/aula4_estatistica.ppt\">Slides com exemplos da aula 4<\/a><\/p>\n<p><a href=\"http:\/\/www.professores.uff.br\/anamluz\/wp-content\/uploads\/sites\/36\/2017\/08\/Aula8-1.ppt\">Slides Aula 8<\/a><\/p>\n<p><a href=\"http:\/\/www.professores.uff.br\/anamluz\/wp-content\/uploads\/sites\/36\/2017\/08\/exercicios_sugeridos_cap1-1.pdf\">Exerc\u00edcios Sugeridos &#8211; Cap\u00edtulo 1 &#8211; Anton<\/a><\/p>\n<p><a href=\"http:\/\/www.professores.uff.br\/anamluz\/wp-content\/uploads\/sites\/36\/2017\/08\/exercicios_sugeridos_cap2_estatistica.pdf\">Exerc\u00edcios Sugeridos &#8211; Cap\u00edtulo 2 &#8211; Anton<\/a><\/p>\n<p><a href=\"http:\/\/www.professores.uff.br\/anamluz\/wp-content\/uploads\/sites\/36\/2017\/08\/exercicios_sugeridos_cap5_sec1e2.pdf\">Exerc\u00edcios Sugeridos &#8211; Cap\u00edtulo 5 &#8211; Anton<\/a><\/p>\n<p><a href=\"http:\/\/www.professores.uff.br\/anamluz\/wp-content\/uploads\/sites\/36\/2017\/08\/Lista_esp_vet_estatistica.pdf\">Lista de Espa\u00e7os Vetoriais com gabarito<\/a><\/p>\n<p><a href=\"http:\/\/www.professores.uff.br\/anamluz\/wp-content\/uploads\/sites\/36\/2017\/08\/Lista_trans_lin_estatistica.pdf\">Lista de Transforma\u00e7\u00f5es Lineares com gabarito<\/a><\/p>\n<p><a href=\"http:\/\/www.professores.uff.br\/anamluz\/wp-content\/uploads\/sites\/36\/2017\/08\/Lista_op_lin_estatistica.pdf\">Lista de Operadores Lineares com gabarito<\/a><\/p>\n<p><a href=\"http:\/\/www.professores.uff.br\/anamluz\/wp-content\/uploads\/sites\/36\/2017\/08\/medias_estatistica.pdf\">M\u00e9dias<\/a> <span style=\"color: #ff0000;\">NOVO!<\/span><\/p>\n<p style=\"text-align: center;\"><a href=\"http:\/\/www.professores.uff.br\/anamluz\/ensino\/\">Voltar para P\u00e1gina Anterior<\/a><br \/>\n\u00daltima atualiza\u00e7\u00e3o em 02\/12\/2012.<\/p>\n","protected":false},"excerpt":{"rendered":"<p>Programa da disciplina Avisos: Per\u00edodo Letivo: 19\/11\/12 a 28\/03\/2013. Datas das provas: P1: 17\/01\/13 P2: 19\/03\/13, Nova data ! VR: 21\/03\/2013 Nova data ! VS: 26\/03\/2013 Nova data ! Atendimento: Sexta-feira de 14:00h \u00e0s 17:00h. Monitoria: \u00c1lgebra Linear Aplicada: Ma\u00edra: 2a. (10:00h \u00e0s 13:00h), 5a. (14:00h \u00e0s 16:00h) e 6a.(13:00h \u00e0s 16:00h) Pedro Berger: 3a. [&hellip;]<\/p>\n","protected":false},"author":2,"featured_media":0,"parent":0,"menu_order":0,"comment_status":"closed","ping_status":"closed","template":"","meta":{"_exactmetrics_skip_tracking":false,"_exactmetrics_sitenote_active":false,"_exactmetrics_sitenote_note":"","_exactmetrics_sitenote_category":0,"footnotes":""},"categories":[],"tags":[],"class_list":["post-310","page","type-page","status-publish","hentry"],"_links":{"self":[{"href":"https:\/\/www.professores.uff.br\/anamluz\/wp-json\/wp\/v2\/pages\/310","targetHints":{"allow":["GET"]}}],"collection":[{"href":"https:\/\/www.professores.uff.br\/anamluz\/wp-json\/wp\/v2\/pages"}],"about":[{"href":"https:\/\/www.professores.uff.br\/anamluz\/wp-json\/wp\/v2\/types\/page"}],"author":[{"embeddable":true,"href":"https:\/\/www.professores.uff.br\/anamluz\/wp-json\/wp\/v2\/users\/2"}],"replies":[{"embeddable":true,"href":"https:\/\/www.professores.uff.br\/anamluz\/wp-json\/wp\/v2\/comments?post=310"}],"version-history":[{"count":5,"href":"https:\/\/www.professores.uff.br\/anamluz\/wp-json\/wp\/v2\/pages\/310\/revisions"}],"predecessor-version":[{"id":325,"href":"https:\/\/www.professores.uff.br\/anamluz\/wp-json\/wp\/v2\/pages\/310\/revisions\/325"}],"wp:attachment":[{"href":"https:\/\/www.professores.uff.br\/anamluz\/wp-json\/wp\/v2\/media?parent=310"}],"wp:term":[{"taxonomy":"category","embeddable":true,"href":"https:\/\/www.professores.uff.br\/anamluz\/wp-json\/wp\/v2\/categories?post=310"},{"taxonomy":"post_tag","embeddable":true,"href":"https:\/\/www.professores.uff.br\/anamluz\/wp-json\/wp\/v2\/tags?post=310"}],"curies":[{"name":"wp","href":"https:\/\/api.w.org\/{rel}","templated":true}]}}