{"id":326,"date":"2017-08-01T10:27:48","date_gmt":"2017-08-01T13:27:48","guid":{"rendered":"http:\/\/www.professores.uff.br\/anamluz\/?page_id=326"},"modified":"2017-08-01T10:38:33","modified_gmt":"2017-08-01T13:38:33","slug":"gan-00167-matematica-discreta-2011-2","status":"publish","type":"page","link":"https:\/\/www.professores.uff.br\/anamluz\/gan-00167-matematica-discreta-2011-2\/","title":{"rendered":"GAN 00167 &#8211; Matem\u00e1tica Discreta 2011.2"},"content":{"rendered":"<p><strong>Avisos:<\/strong> 2011.2<br \/>\nMatem\u00e1tica Discreta<br \/>\n<strong>Per\u00edodo Letivo:<\/strong> 08\/08 a 17\/12.<br \/>\n<strong>Datas das provas:<\/strong><br \/>\nP1: (B2)15\/09 (C2\/A2) 20\/09<br \/>\nP2: 25\/10,<br \/>\nP3: 29\/11 (Vista dia 06\/12)<br \/>\nVS: 08\/12 (B2) e 13\/12 (A2\/C2)<br \/>\nVista da VS: 13\/12 (B2) e 15\/12 (A2\/C2)<br \/>\nNOTAS TURMA B2: <a href=\"http:\/\/www.professores.uff.br\/anamluz\/wp-content\/uploads\/sites\/36\/2017\/08\/notas_B2.pdf\">Consultar<\/a><br \/>\nNOTAS TURMA A2: <a href=\"http:\/\/www.professores.uff.br\/anamluz\/wp-content\/uploads\/sites\/36\/2017\/08\/notas_A2.pdf\">Consultar<\/a><\/p>\n<hr \/>\n<p><strong>Monitoria: <span style=\"color: #ff0000;\">NOVO HOR\u00c1RIO:<\/span><\/strong><\/p>\n<p>Wladimir &#8211; Ter\u00e7a\/Quinta 7:00h \u00e0s 9:00 h. Segundas e Quartas de 18:00h \u00e0s 20:00h.<\/p>\n<p><strong>Refer\u00eancias<\/strong><\/p>\n<ul>\n<li>Livro-texto:<\/li>\n<li>Paulo B. Menezes, <em>Matem\u00e1tica Discreta para Computa\u00e7\u00e3o e Inform\u00e1tica,<\/em> 2a. edi\u00e7\u00e3o , Sagra Luzzatto \/ Instituto de Inform\u00e1tica da UFRGS, Porto Alegre, 2006.<\/li>\n<li>E. R. Scheinerman, <em>Matem\u00e1tica Discreta<\/em>, Thomson, S\u00e3o Paulo, 2006.<\/li>\n<\/ul>\n<hr \/>\n<p><strong>Material dispon\u00edvel para download:<\/strong><br \/>\n<a href=\"http:\/\/www.uff.br\/grupodelogica\/matdis_2011_1.html\">Listas de Exerc\u00edcios e provas de Matem\u00e1tica Discreta 2011.1<\/a><br \/>\n<a href=\"http:\/\/www.professores.uff.br\/anamluz\/wp-content\/uploads\/sites\/36\/2017\/08\/inducao.pdf\">Indu\u00e7\u00e3o Forte<\/a><br \/>\n<a href=\"http:\/\/www.professores.uff.br\/anamluz\/wp-content\/uploads\/sites\/36\/2017\/08\/identidades_conjuntos.pdf\">\u00c1lgebra de Conjuntos<\/a><br \/>\n<a href=\"http:\/\/www.professores.uff.br\/anamluz\/wp-content\/uploads\/sites\/36\/2017\/08\/Revisao1a.pdf\">Exerc\u00edcios de Revis\u00e3o I &#8211; Simulado I<\/a> (<a href=\"http:\/\/www.professores.uff.br\/anamluz\/wp-content\/uploads\/sites\/36\/2017\/08\/gabarito_ex_rev1.pdf\">Gab.<\/a>)<br \/>\n<a href=\"http:\/\/www.mat.uc.pt\/~picado\/ediscretas\/apontamentos\/cap3.pdf\">Congu\u00eancia M\u00f3dulo n e Criptografia<\/a> (Material de autoria do professor Jorge Picado para o curso de Estruturas discretas &#8211; Universidade de Coimbra)<br \/>\n<a href=\"http:\/\/www.professores.uff.br\/anamluz\/wp-content\/uploads\/sites\/36\/2017\/08\/conguencia_ex-1.pdf\">Exerc\u00edcios de Congu\u00eancia M\u00f3dulo n<\/a><br \/>\n<a href=\"http:\/\/www.professores.uff.br\/anamluz\/wp-content\/uploads\/sites\/36\/2017\/08\/principio_casa_pombos.pdf\">Artigo do Jornal D\u00e1 Licen\u00e7a: Princ\u00edpio das casas de Pombo<\/a><br \/>\nExerc\u00edcios: <a href=\"http:\/\/www.professores.uff.br\/anamluz\/wp-content\/uploads\/sites\/36\/2017\/08\/lista_funcoes.pdf\">Rela\u00e7\u00e3o de Ordem e Fun\u00e7\u00e3o<\/a><br \/>\n<span style=\"color: #ff0000;\">NOVO:<\/span> <a href=\"http:\/\/www.professores.uff.br\/anamluz\/wp-content\/uploads\/sites\/36\/2017\/08\/trabalho_sobre_metodos_de_contagem.pdf\">Trabalho sobre m\u00e9todos de contagem<\/a><br \/>\n<span style=\"color: #ff0000;\">NOVO:<\/span> <a href=\"http:\/\/www.professores.uff.br\/anamluz\/wp-content\/uploads\/sites\/36\/2017\/08\/cardinalidade_de_conjuntos.pps\">Cardinalidade de Conjuntos<\/a><\/p>\n<hr \/>\n<p><strong>Provas:<\/strong><br \/>\n<a href=\"http:\/\/www.professores.uff.br\/anamluz\/wp-content\/uploads\/sites\/36\/2017\/08\/P1a-1.pdf\">P1_B2<\/a> (<a href=\"http:\/\/www.professores.uff.br\/anamluz\/wp-content\/uploads\/sites\/36\/2017\/08\/gabarito_P1B2.pdf\">Gab.<\/a>)<br \/>\n<a href=\"http:\/\/www.professores.uff.br\/anamluz\/wp-content\/uploads\/sites\/36\/2017\/08\/P1a_A2-1.pdf\">P1_A2\/C2 <\/a>(<a href=\"http:\/\/www.professores.uff.br\/anamluz\/wp-content\/uploads\/sites\/36\/2017\/08\/gabarito_P1A2C2-1.pdf\">Gab.<\/a>)<br \/>\n<a href=\"http:\/\/www.professores.uff.br\/anamluz\/wp-content\/uploads\/sites\/36\/2017\/08\/P2B2-1.pdf\">P2_B2 <\/a>(<a href=\"http:\/\/www.professores.uff.br\/anamluz\/wp-content\/uploads\/sites\/36\/2017\/08\/gab_p2b2-1.pdf\">Gab.<\/a>)<br \/>\nP2_A2\/C2 (Gab.)<br \/>\nP3_B2\/ P3_A2<br \/>\n<span style=\"color: #ff0000;\">Tem material dispon\u00edvel na XEROX &#8211; 1o. andar do IME &#8211; pasta 78<\/span><\/p>\n<p style=\"text-align: center;\"><a href=\"http:\/\/www.professores.uff.br\/anamluz\/ensino\/\">Voltar para P\u00e1gina Anterior<\/a><br \/>\n\u00daltima atualiza\u00e7\u00e3o em 10\/11\/2011.<\/p>\n","protected":false},"excerpt":{"rendered":"<p>Avisos: 2011.2 Matem\u00e1tica Discreta Per\u00edodo Letivo: 08\/08 a 17\/12. Datas das provas: P1: (B2)15\/09 (C2\/A2) 20\/09 P2: 25\/10, P3: 29\/11 (Vista dia 06\/12) VS: 08\/12 (B2) e 13\/12 (A2\/C2) Vista da VS: 13\/12 (B2) e 15\/12 (A2\/C2) NOTAS TURMA B2: Consultar NOTAS TURMA A2: Consultar Monitoria: NOVO HOR\u00c1RIO: Wladimir &#8211; Ter\u00e7a\/Quinta 7:00h \u00e0s 9:00 h. [&hellip;]<\/p>\n","protected":false},"author":2,"featured_media":0,"parent":0,"menu_order":0,"comment_status":"closed","ping_status":"closed","template":"","meta":{"_exactmetrics_skip_tracking":false,"_exactmetrics_sitenote_active":false,"_exactmetrics_sitenote_note":"","_exactmetrics_sitenote_category":0,"footnotes":""},"categories":[],"tags":[],"class_list":["post-326","page","type-page","status-publish","hentry"],"_links":{"self":[{"href":"https:\/\/www.professores.uff.br\/anamluz\/wp-json\/wp\/v2\/pages\/326","targetHints":{"allow":["GET"]}}],"collection":[{"href":"https:\/\/www.professores.uff.br\/anamluz\/wp-json\/wp\/v2\/pages"}],"about":[{"href":"https:\/\/www.professores.uff.br\/anamluz\/wp-json\/wp\/v2\/types\/page"}],"author":[{"embeddable":true,"href":"https:\/\/www.professores.uff.br\/anamluz\/wp-json\/wp\/v2\/users\/2"}],"replies":[{"embeddable":true,"href":"https:\/\/www.professores.uff.br\/anamluz\/wp-json\/wp\/v2\/comments?post=326"}],"version-history":[{"count":7,"href":"https:\/\/www.professores.uff.br\/anamluz\/wp-json\/wp\/v2\/pages\/326\/revisions"}],"predecessor-version":[{"id":351,"href":"https:\/\/www.professores.uff.br\/anamluz\/wp-json\/wp\/v2\/pages\/326\/revisions\/351"}],"wp:attachment":[{"href":"https:\/\/www.professores.uff.br\/anamluz\/wp-json\/wp\/v2\/media?parent=326"}],"wp:term":[{"taxonomy":"category","embeddable":true,"href":"https:\/\/www.professores.uff.br\/anamluz\/wp-json\/wp\/v2\/categories?post=326"},{"taxonomy":"post_tag","embeddable":true,"href":"https:\/\/www.professores.uff.br\/anamluz\/wp-json\/wp\/v2\/tags?post=326"}],"curies":[{"name":"wp","href":"https:\/\/api.w.org\/{rel}","templated":true}]}}