{"id":352,"date":"2017-08-01T10:43:58","date_gmt":"2017-08-01T13:43:58","guid":{"rendered":"http:\/\/www.professores.uff.br\/anamluz\/?page_id=352"},"modified":"2017-08-01T10:56:20","modified_gmt":"2017-08-01T13:56:20","slug":"matematica-para-economia-i","status":"publish","type":"page","link":"https:\/\/www.professores.uff.br\/anamluz\/matematica-para-economia-i\/","title":{"rendered":"Matem\u00e1tica para Economia I"},"content":{"rendered":"<p><strong>Avisos: 2011.1<\/strong><br \/>\nMatem\u00e1tica para Economia I<br \/>\n<strong>Per\u00edodo Letivo:<\/strong> 14\/03 a 16\/07.<\/p>\n<hr \/>\n<p><strong>Datas das provas:<\/strong><br \/>\nP1: 14\/04,<span style=\"color: #ff0000;\">Nova data !<\/span><br \/>\nP2: 17\/05,<br \/>\nP3: 30\/06<br \/>\nVR: 07\/07, <span style=\"color: #ff0000;\">Nova data !<\/span><br \/>\nVS: 12\/07<br \/>\nConsulta \u00e0s notas: (com as Notas da VS!)<\/p>\n<hr \/>\n<p><strong>Monitoria:<\/strong><\/p>\n<p>Liliane &#8211; Ter\u00e7a 14:00h \u00e0s 18:00 h, Quarta 11:00h \u00e0s 13:00h, Quinta 14:00h \u00e0s 16:00 h.<\/p>\n<p><strong>Monitoria:<\/strong> Gabriel Dutra &#8211; Ter\u00e7a e Quinta 7:00h \u00e0s 9:30 h, 13:30h \u00e0s 15:00h.<\/p>\n<hr \/>\n<p><strong>Atendimento com professora:<\/strong> Sexta 14:00h \u00e0s 16:00 h.<\/p>\n<hr \/>\n<p><strong>Material de estudo:<\/strong><br \/>\nNa Xerox &#8211; pasta: 141<\/p>\n<p style=\"padding-left: 30px;\">Material de apoio:<br \/>\nStewart, J., C\u00e1lculo. Volume I, 5a Edi\u00e7\u00e3o ou 6a Edi\u00e7\u00e3o, 2006-9. Editora Thomson.<\/p>\n<hr \/>\n<p><strong>Material dispon\u00edvel para download:<\/strong><br \/>\n<a href=\"http:\/\/www.professores.uff.br\/anamluz\/wp-content\/uploads\/sites\/36\/2017\/08\/Informativo_2011_1.pdf\">Informativo<\/a><\/p>\n<p><strong>Notas de Aula:<\/strong><br \/>\n<a href=\"http:\/\/www.professores.uff.br\/anamluz\/wp-content\/uploads\/sites\/36\/2017\/08\/Unidade_1.pdf\">Unidade 1<\/a><br \/>\nUnidade 2 &#8211; Na xerox (pasta 141) &#8211; p\u00e1ginas do livro<\/p>\n<p><a href=\"http:\/\/www.professores.uff.br\/anamluz\/wp-content\/uploads\/sites\/36\/2017\/08\/derivada_funcao.pdf\">A Derivada de uma Fun\u00e7\u00e3o<\/a><br \/>\n<a href=\"http:\/\/www.professores.uff.br\/anamluz\/wp-content\/uploads\/sites\/36\/2017\/08\/roteiro_esboco_curva.pdf\">Roteiro do Esbo\u00e7o de uma curva<\/a><br \/>\n<a href=\"http:\/\/www.professores.uff.br\/anamluz\/wp-content\/uploads\/sites\/36\/2017\/08\/rot_prob_otim_2010.pdf\">Roteiro para problemas de Otimiza\u00e7\u00e3o<\/a><br \/>\n<a href=\"http:\/\/www.professores.uff.br\/anamluz\/wp-content\/uploads\/sites\/36\/2017\/08\/areas_aplicacoes.pdf\">C\u00e1lculo de \u00e1reas planas e Aplica\u00e7\u00f5es na Economia<\/a><\/p>\n<p><strong>Listas:<\/strong><\/p>\n<p><a href=\"http:\/\/www.professores.uff.br\/anamluz\/wp-content\/uploads\/sites\/36\/2017\/08\/Lista0.pdf\">Lista 0<\/a>\/<a href=\"http:\/\/www.professores.uff.br\/anamluz\/wp-content\/uploads\/sites\/36\/2017\/08\/Lista1.pdf\">Lista 1<\/a> &#8211; (<a href=\"http:\/\/www.professores.uff.br\/anamluz\/wp-content\/uploads\/sites\/36\/2017\/08\/gabarito_lista1.pdf\">Gab.<\/a>)\/ <a href=\"http:\/\/www.professores.uff.br\/anamluz\/wp-content\/uploads\/sites\/36\/2017\/08\/Lista2.pdf\">Lista 2 <\/a>&#8211; (<a href=\"http:\/\/www.professores.uff.br\/anamluz\/wp-content\/uploads\/sites\/36\/2017\/08\/Lista2_gabarito.pdf\">Gab.<\/a>)<br \/>\n<a href=\"http:\/\/www.professores.uff.br\/anamluz\/wp-content\/uploads\/sites\/36\/2017\/08\/Lista3.pdf\">Lista 3<\/a>\/<a href=\"http:\/\/www.professores.uff.br\/anamluz\/wp-content\/uploads\/sites\/36\/2017\/08\/Lista_4.pdf\">Lista 4<\/a> \/ <a href=\"http:\/\/www.professores.uff.br\/anamluz\/wp-content\/uploads\/sites\/36\/2017\/08\/Lista_5.pdf\">Lista 5<\/a> &#8211; (<a href=\"http:\/\/www.professores.uff.br\/anamluz\/wp-content\/uploads\/sites\/36\/2017\/08\/gaba_lin_5.pdf\">Gab.<\/a>)\/ <a href=\"http:\/\/www.professores.uff.br\/anamluz\/wp-content\/uploads\/sites\/36\/2017\/08\/Lista6.pdf\">Lista 6<\/a><br \/>\n<a href=\"http:\/\/www.professores.uff.br\/anamluz\/wp-content\/uploads\/sites\/36\/2017\/08\/Lista7.pdf\">Lista 7<\/a>\/<a href=\"http:\/\/www.professores.uff.br\/anamluz\/wp-content\/uploads\/sites\/36\/2017\/08\/lista8.pdf\">Lista 8<\/a>\/<a href=\"http:\/\/www.professores.uff.br\/anamluz\/wp-content\/uploads\/sites\/36\/2017\/08\/lista9.pdf\">Lista 9<\/a>\/<a href=\"http:\/\/www.professores.uff.br\/anamluz\/wp-content\/uploads\/sites\/36\/2017\/08\/lista10.pdf\">Lista 10<\/a>\/<a href=\"http:\/\/www.professores.uff.br\/anamluz\/wp-content\/uploads\/sites\/36\/2017\/08\/lista11.pdf\">Lista 11<\/a><\/p>\n<p><strong>Provas:<\/strong><br \/>\n<a href=\"http:\/\/www.professores.uff.br\/anamluz\/wp-content\/uploads\/sites\/36\/2017\/08\/prova1A-1.pdf\">P1-A<\/a>(<a href=\"http:\/\/www.professores.uff.br\/anamluz\/wp-content\/uploads\/sites\/36\/2017\/08\/gabarito_prova1A-1.pdf\">Gab.<\/a>)\/<a href=\"http:\/\/www.professores.uff.br\/anamluz\/wp-content\/uploads\/sites\/36\/2017\/08\/prova1B-1.pdf\">P1-B<\/a>\/<a href=\"http:\/\/www.meusiteantigo.uff.br\/anamluz\/disciplinas\/2011.1_files\/prova1C.pdf\">P1-C<\/a>\/ <a href=\"http:\/\/www.meusiteantigo.uff.br\/anamluz\/disciplinas\/2011.1_files\/prova2A.pdf\">P2-A<\/a>(<a href=\"http:\/\/www.professores.uff.br\/anamluz\/wp-content\/uploads\/sites\/36\/2017\/08\/gabarito_VE2-1.pdf\">Gab.)<\/a> \/<a href=\"http:\/\/www.professores.uff.br\/anamluz\/wp-content\/uploads\/sites\/36\/2017\/08\/p3-1.pdf\"> P3<\/a> (<a href=\"http:\/\/www.professores.uff.br\/anamluz\/wp-content\/uploads\/sites\/36\/2017\/08\/gab2_p3-1.pdf\">Gab.<\/a>) \/ <a href=\"http:\/\/www.professores.uff.br\/anamluz\/wp-content\/uploads\/sites\/36\/2017\/08\/provaVR-1.pdf\">VR <\/a>(<a href=\"http:\/\/www.professores.uff.br\/anamluz\/wp-content\/uploads\/sites\/36\/2017\/08\/gabVR-1.pdf\">Gab.<\/a>)<\/p>\n<p><strong>Exemplos Iterativos:<\/strong><br \/>\nInterpreta\u00e7\u00e3o geom\u00e9trica da derivada:<br \/>\nA reta secante e a reta tangente<br \/>\nInclina\u00e7\u00e3o da reta tangente a uma fun\u00e7\u00e3o c\u00fabica<br \/>\nInclina\u00e7\u00e3o da reta tangente a um polin\u00f4mio de quarto grau<br \/>\nInclina\u00e7\u00e3o da reta tangente a y=sen(x)<\/p>\n<hr \/>\n<p><strong>Provas semestres anteriores:<\/strong><br \/>\n2010.2*:<br \/>\nP1\/ <a href=\"http:\/\/www.professores.uff.br\/anamluz\/wp-content\/uploads\/sites\/36\/2017\/08\/EcoMat1prova22010-2-1.pdf\">P2<\/a>\/ <a href=\"http:\/\/www.professores.uff.br\/anamluz\/wp-content\/uploads\/sites\/36\/2017\/08\/EcoMat1prova32010-2-1.pdf\">V.R<\/a>\/ <a href=\"http:\/\/www.professores.uff.br\/anamluz\/wp-content\/uploads\/sites\/36\/2017\/08\/EcoMat1provaVS12010-2-1.pdf\">V.S<\/a><br \/>\n<strong>*At\u00e9 final de setembro\/2010 esta disciplina foi ministrada pelo Prof. Haroldo Clark<\/strong><\/p>\n<p style=\"text-align: center;\"><a href=\"http:\/\/www.professores.uff.br\/anamluz\/ensino\/\">Voltar para P\u00e1gina Anterior<\/a><\/p>\n","protected":false},"excerpt":{"rendered":"<p>Avisos: 2011.1 Matem\u00e1tica para Economia I Per\u00edodo Letivo: 14\/03 a 16\/07. Datas das provas: P1: 14\/04,Nova data ! P2: 17\/05, P3: 30\/06 VR: 07\/07, Nova data ! VS: 12\/07 Consulta \u00e0s notas: (com as Notas da VS!) Monitoria: Liliane &#8211; Ter\u00e7a 14:00h \u00e0s 18:00 h, Quarta 11:00h \u00e0s 13:00h, Quinta 14:00h \u00e0s 16:00 h. Monitoria: [&hellip;]<\/p>\n","protected":false},"author":2,"featured_media":0,"parent":0,"menu_order":0,"comment_status":"closed","ping_status":"closed","template":"","meta":{"_exactmetrics_skip_tracking":false,"_exactmetrics_sitenote_active":false,"_exactmetrics_sitenote_note":"","_exactmetrics_sitenote_category":0,"footnotes":""},"categories":[],"tags":[],"class_list":["post-352","page","type-page","status-publish","hentry"],"_links":{"self":[{"href":"https:\/\/www.professores.uff.br\/anamluz\/wp-json\/wp\/v2\/pages\/352","targetHints":{"allow":["GET"]}}],"collection":[{"href":"https:\/\/www.professores.uff.br\/anamluz\/wp-json\/wp\/v2\/pages"}],"about":[{"href":"https:\/\/www.professores.uff.br\/anamluz\/wp-json\/wp\/v2\/types\/page"}],"author":[{"embeddable":true,"href":"https:\/\/www.professores.uff.br\/anamluz\/wp-json\/wp\/v2\/users\/2"}],"replies":[{"embeddable":true,"href":"https:\/\/www.professores.uff.br\/anamluz\/wp-json\/wp\/v2\/comments?post=352"}],"version-history":[{"count":2,"href":"https:\/\/www.professores.uff.br\/anamluz\/wp-json\/wp\/v2\/pages\/352\/revisions"}],"predecessor-version":[{"id":388,"href":"https:\/\/www.professores.uff.br\/anamluz\/wp-json\/wp\/v2\/pages\/352\/revisions\/388"}],"wp:attachment":[{"href":"https:\/\/www.professores.uff.br\/anamluz\/wp-json\/wp\/v2\/media?parent=352"}],"wp:term":[{"taxonomy":"category","embeddable":true,"href":"https:\/\/www.professores.uff.br\/anamluz\/wp-json\/wp\/v2\/categories?post=352"},{"taxonomy":"post_tag","embeddable":true,"href":"https:\/\/www.professores.uff.br\/anamluz\/wp-json\/wp\/v2\/tags?post=352"}],"curies":[{"name":"wp","href":"https:\/\/api.w.org\/{rel}","templated":true}]}}