{"id":389,"date":"2017-08-01T11:05:06","date_gmt":"2017-08-01T14:05:06","guid":{"rendered":"http:\/\/www.professores.uff.br\/anamluz\/?page_id=389"},"modified":"2017-08-01T11:09:51","modified_gmt":"2017-08-01T14:09:51","slug":"algebra-linear-aplicada","status":"publish","type":"page","link":"https:\/\/www.professores.uff.br\/anamluz\/algebra-linear-aplicada\/","title":{"rendered":"\u00c1lgebra Linear Aplicada"},"content":{"rendered":"<p><strong>Avisos:<\/strong><br \/>\nDatas das provas:<br \/>\nP1: 20\/04,<br \/>\nP2: 03\/06, <span style=\"color: #ff0000;\">Nova data !<\/span><br \/>\nP3: 04\/07,<br \/>\nVR: 08\/07,<br \/>\nVS: 13\/07<br \/>\nConsulta \u00e0s notas: (com as Notas da VS!)<\/p>\n<p>Vista da VS: sexta-feira 15\/07\/2011, 9:00h sala 108<\/p>\n<hr \/>\n<p><span style=\"color: #000000;\"><strong>Material de estudo:<\/strong><\/span><br \/>\nNa Xerox (IM)- pasta 60: notas de aula do Eric, Lista de Exerc\u00edcios e o que mais tiver na pasta!<br \/>\nMaterial de apoio:<br \/>\nSTEINBRUCH, Alfredo; WINTERLE, Paulo. Geometria anal\u00edtica.<br \/>\nSTEINBRUCH, Alfredo; WINTERLE, Paulo. \u00c1lgebra Linear.<\/p>\n<hr \/>\n<p><strong>Material dispon\u00edvel para download:<\/strong><br \/>\nApostila &#8211; Lista de Exerc\u00edcios e provas antigas (<a href=\"http:\/\/www.ericnelson.tk\/\">http:\/\/www.ericnelson.tk<\/a>)<br \/>\n<a href=\"http:\/\/www.professores.uff.br\/anamluz\/wp-content\/uploads\/sites\/36\/2017\/08\/coordenadas_polares.pdf\">Coordenadas Polares<\/a><br \/>\n<a href=\"http:\/\/www.professores.uff.br\/anamluz\/wp-content\/uploads\/sites\/36\/2017\/08\/exerc_cord_pol.pdf\">Exerc\u00edcios de Coordenadas Polares<\/a><br \/>\n<a href=\"http:\/\/www.professores.uff.br\/anamluz\/wp-content\/uploads\/sites\/36\/2017\/08\/Lista_Alg_lin.pdf\">Lista de Exerc\u00edcios &#8211; Espa\u00e7os Vetoriais &#8211; Parte I<\/a><br \/>\n<a href=\"http:\/\/www.professores.uff.br\/anamluz\/wp-content\/uploads\/sites\/36\/2017\/08\/Lista_Alg_lin2.pdf\">Lista de Exerc\u00edcios &#8211; Espa\u00e7os Vetoriais &#8211; Parte II<\/a><br \/>\n<a href=\"http:\/\/www.professores.uff.br\/anamluz\/wp-content\/uploads\/sites\/36\/2017\/08\/Lista_Alg_lin3.pdf\">Lista de Exerc\u00edcios &#8211; Transforma\u00e7\u00f5es Lineares &#8211; Parte II<\/a><\/p>\n<hr \/>\n<p><strong>Provas:<\/strong><br \/>\n<a href=\"http:\/\/www.professores.uff.br\/anamluz\/wp-content\/uploads\/sites\/36\/2017\/08\/P1-ALA-Prova-A-e-B.pdf\">P1-(A\/B)<\/a>\/ <a href=\"http:\/\/www.professores.uff.br\/anamluz\/wp-content\/uploads\/sites\/36\/2017\/08\/Alg_linearP1A11_1.pdf\">P2-A<\/a> (<a href=\"http:\/\/www.professores.uff.br\/anamluz\/wp-content\/uploads\/sites\/36\/2017\/08\/gab_algP2A.pdf\"> Gab<\/a>)\/ <a href=\"http:\/\/www.professores.uff.br\/anamluz\/wp-content\/uploads\/sites\/36\/2017\/08\/Alg_linearP1B11_1.pdf\">P2-B<\/a>( <a href=\"http:\/\/www.professores.uff.br\/anamluz\/wp-content\/uploads\/sites\/36\/2017\/08\/gab_algP2B.pdf\">Gab<\/a>)\/ <a href=\"http:\/\/www.professores.uff.br\/anamluz\/wp-content\/uploads\/sites\/36\/2017\/08\/Alg_linearP1C11_1.pdf\">P2-C<\/a> ( <a href=\"http:\/\/www.professores.uff.br\/anamluz\/wp-content\/uploads\/sites\/36\/2017\/08\/gab_algP2C.pdf\">Gab<\/a>)<\/p>\n<hr \/>\n<p><strong>Monitoria:<\/strong><br \/>\nPedro Dantas: Seg. e Sex. (14 \u00e0s 18 h)<br \/>\nFl\u00e1via Muniz: Ter (14 \u00e0s 17 h), Qua. (16 \u00e0s 19 h) e Qui. (17 \u00e0s 19h)<\/p>\n<p>&nbsp;<\/p>\n<p style=\"text-align: center;\"><a href=\"http:\/\/www.professores.uff.br\/anamluz\/ensino\/\">Voltar para P\u00e1gina Anterior<\/a><\/p>\n","protected":false},"excerpt":{"rendered":"<p>Avisos: Datas das provas: P1: 20\/04, P2: 03\/06, Nova data ! P3: 04\/07, VR: 08\/07, VS: 13\/07 Consulta \u00e0s notas: (com as Notas da VS!) Vista da VS: sexta-feira 15\/07\/2011, 9:00h sala 108 Material de estudo: Na Xerox (IM)- pasta 60: notas de aula do Eric, Lista de Exerc\u00edcios e o que mais tiver na [&hellip;]<\/p>\n","protected":false},"author":2,"featured_media":0,"parent":0,"menu_order":0,"comment_status":"closed","ping_status":"closed","template":"","meta":{"_exactmetrics_skip_tracking":false,"_exactmetrics_sitenote_active":false,"_exactmetrics_sitenote_note":"","_exactmetrics_sitenote_category":0,"footnotes":""},"categories":[],"tags":[],"class_list":["post-389","page","type-page","status-publish","hentry"],"_links":{"self":[{"href":"https:\/\/www.professores.uff.br\/anamluz\/wp-json\/wp\/v2\/pages\/389","targetHints":{"allow":["GET"]}}],"collection":[{"href":"https:\/\/www.professores.uff.br\/anamluz\/wp-json\/wp\/v2\/pages"}],"about":[{"href":"https:\/\/www.professores.uff.br\/anamluz\/wp-json\/wp\/v2\/types\/page"}],"author":[{"embeddable":true,"href":"https:\/\/www.professores.uff.br\/anamluz\/wp-json\/wp\/v2\/users\/2"}],"replies":[{"embeddable":true,"href":"https:\/\/www.professores.uff.br\/anamluz\/wp-json\/wp\/v2\/comments?post=389"}],"version-history":[{"count":2,"href":"https:\/\/www.professores.uff.br\/anamluz\/wp-json\/wp\/v2\/pages\/389\/revisions"}],"predecessor-version":[{"id":405,"href":"https:\/\/www.professores.uff.br\/anamluz\/wp-json\/wp\/v2\/pages\/389\/revisions\/405"}],"wp:attachment":[{"href":"https:\/\/www.professores.uff.br\/anamluz\/wp-json\/wp\/v2\/media?parent=389"}],"wp:term":[{"taxonomy":"category","embeddable":true,"href":"https:\/\/www.professores.uff.br\/anamluz\/wp-json\/wp\/v2\/categories?post=389"},{"taxonomy":"post_tag","embeddable":true,"href":"https:\/\/www.professores.uff.br\/anamluz\/wp-json\/wp\/v2\/tags?post=389"}],"curies":[{"name":"wp","href":"https:\/\/api.w.org\/{rel}","templated":true}]}}