{"id":417,"date":"2018-03-15T16:43:37","date_gmt":"2018-03-15T19:43:37","guid":{"rendered":"http:\/\/www.professores.uff.br\/anamluz\/?page_id=417"},"modified":"2018-06-21T11:55:12","modified_gmt":"2018-06-21T14:55:12","slug":"gan-00140-algebra-linear-2018-1","status":"publish","type":"page","link":"https:\/\/www.professores.uff.br\/anamluz\/gan-00140-algebra-linear-2018-1\/","title":{"rendered":"GAN 00140- \u00c1LGEBRA LINEAR &#8211; 2018.1"},"content":{"rendered":"<p><strong>Avisos: 2018.1<\/strong><br \/>\nPrograma da Disciplina:\u00a0<a href=\"http:\/\/www.professores.uff.br\/anamluz\/wp-content\/uploads\/sites\/36\/2018\/03\/gan00140.pdf\">gan00140<\/a><\/p>\n<hr \/>\n<p><strong>Per\u00edodo letivo<\/strong>: 20\/03\/17-20\/07\/17<\/p>\n<p>T1: 02\/04\/18 (*)<\/p>\n<p>P1: 16\/05\/18 &#8211; <strong><span style=\"color: red\">NOVA DATA!<\/span><\/strong><\/p>\n<p>P2: 04\/07\/18<\/p>\n<p>VR: 09\/07\/18(**)<\/p>\n<p>VS: 16\/07\/18<\/p>\n<p>(*) Testes n\u00e3o tem 2a. Chamada<\/p>\n<p>(**) VR somente para quem perdeu P1 ou P2<\/p>\n<hr \/>\n<p><strong>Atendimento:<\/strong><br \/>\nAgendar por e-mail<br \/>\nLocal: Gab\u00a023 &#8211; Bloco G -.5\u00ba andar\u00a0 \u2013 Campus do Gragoat\u00e1<br \/>\nDia dispon\u00edvel: Quinta-feira 14:00h as 15:00h<\/p>\n<p><a href=\"http:\/\/www.professores.uff.br\/anamluz\/wp-content\/uploads\/sites\/36\/2018\/03\/Hor\u00e1rios_de_monitoria_04_18.pdf\">Hor\u00e1rios_de_monitoria_04_18<\/a>\u00a0(Local: Sala 506 &#8211; Bloco H &#8211; Gragoat\u00e1)<\/p>\n<hr \/>\n<p><strong>Refer\u00eancias<\/strong><\/p>\n<ul>\n<li>\u00c1lgebra Linear com Aplica\u00e7\u00f5es, H. Anton e C. Rorres, Bookman, 2001.<br \/>\nOutras refer\u00eancias utilizadas:<\/li>\n<li>Notas de \u00c1lgebra linear, Jones Colombo e Jos\u00e9 Koiller, em prepara\u00e7\u00e3o<br \/>\nSTEINBRUCH, Alfredo, WINTERLE. \u00c1lgebra Linear<\/li>\n<li>Introdu\u00e7\u00e3o \u00e0 \u00c1lgebra Linear com Aplica\u00e7\u00f5es, Kolman, B. e Hill, D. R., LTC, RJ,2006.<\/li>\n<\/ul>\n<hr \/>\n<p><strong>Material dispon\u00edvel para download:<\/strong><\/p>\n<ul>\n<li><a href=\"http:\/\/www.professores.uff.br\/anamluz\/wp-content\/uploads\/sites\/36\/2017\/07\/41.pdf\">Notas de \u00c1lgebra linear<\/a>\u00a0(J. Koiller e J. Colombo)<\/li>\n<\/ul>\n<p><strong>Slides<\/strong><\/p>\n<ul>\n<li><a href=\"http:\/\/www.professores.uff.br\/anamluz\/wp-content\/uploads\/sites\/36\/2018\/03\/aula1_2018_1.pps\">aula1_2018_1<\/a><\/li>\n<li><a href=\"http:\/\/www.professores.uff.br\/anamluz\/wp-content\/uploads\/sites\/36\/2018\/03\/aula3_PARTE_2_2018_1.pps\">aula3_PARTE_2_2018_1<\/a><\/li>\n<li><a href=\"http:\/\/www.professores.uff.br\/anamluz\/wp-content\/uploads\/sites\/36\/2018\/03\/aula6_2018_1.pps\">aula6_2018_1<\/a><\/li>\n<li><a href=\"http:\/\/www.professores.uff.br\/anamluz\/wp-content\/uploads\/sites\/36\/2018\/03\/aula09_2018_1.pps\">aula09_2018_1<\/a><\/li>\n<li><a href=\"http:\/\/www.professores.uff.br\/anamluz\/wp-content\/uploads\/sites\/36\/2018\/03\/aula18_2018_1.pdf\">aula18_2018_1<\/a><\/li>\n<li>\u00a0<a href=\"http:\/\/www.professores.uff.br\/anamluz\/wp-content\/uploads\/sites\/36\/2018\/03\/aula19_2018_1.pdf\">aula19_2018_1<\/a><\/li>\n<li><a href=\"http:\/\/www.professores.uff.br\/anamluz\/wp-content\/uploads\/sites\/36\/2018\/03\/aula20_2018_1.pdf\">aula20_2018_1<\/a><\/li>\n<\/ul>\n<p><strong>Listas e material para leitura<\/strong><\/p>\n<ul>\n<li><a href=\"http:\/\/www.professores.uff.br\/anamluz\/wp-content\/uploads\/sites\/36\/2018\/03\/Lista1_AlgLin_2018_1.pdf\">Lista1_AlgLin_2018_1<\/a>\u00a0\/\u00a0<a href=\"http:\/\/www.professores.uff.br\/anamluz\/wp-content\/uploads\/sites\/36\/2018\/03\/Lista2_AlgLin_2018_1.pdf\">Lista2_AlgLin_2018_1<\/a>\u00a0(<a href=\"http:\/\/www.professores.uff.br\/anamluz\/wp-content\/uploads\/sites\/36\/2018\/03\/Lista2_-gab.pdf\">Lista2_ gab<\/a>)<\/li>\n<li><a href=\"http:\/\/www.professores.uff.br\/anamluz\/wp-content\/uploads\/sites\/36\/2018\/03\/Lista3_AlgLin_2018_1.pdf\">Lista3_AlgLin_2018_1<\/a>\u00a0(<a href=\"http:\/\/www.professores.uff.br\/anamluz\/wp-content\/uploads\/sites\/36\/2018\/03\/Lista3_-gab.pdf\">Lista3_ gab<\/a>)\/<a href=\"http:\/\/www.professores.uff.br\/anamluz\/wp-content\/uploads\/sites\/36\/2018\/03\/Lista4_2018_1.pdf\">Lista4_2018_1<\/a>\u00a0(<a href=\"http:\/\/www.professores.uff.br\/anamluz\/wp-content\/uploads\/sites\/36\/2018\/03\/gab_Lista4_2018_1.pdf\">gab_Lista4_2018_1<\/a>)<\/li>\n<li><a href=\"http:\/\/www.professores.uff.br\/anamluz\/wp-content\/uploads\/sites\/36\/2017\/07\/46.pdf\">exercicios_livroAnton1.pdf<\/a><\/li>\n<li><a href=\"http:\/\/www.professores.uff.br\/anamluz\/wp-content\/uploads\/sites\/36\/2017\/07\/47.pdf\">exercicios_kolman1.pdf<\/a><\/li>\n<li><a href=\"http:\/\/www.professores.uff.br\/anamluz\/wp-content\/uploads\/sites\/36\/2017\/07\/exerc_anton_sec1.6.pdf\">exerc_anton_sec1.6<\/a><\/li>\n<li><a href=\"http:\/\/www.professores.uff.br\/anamluz\/wp-content\/uploads\/sites\/36\/2018\/03\/resultados_invert_2018_1.pdf\">Resultados sobre Invertibilidade de Matrizes<\/a><\/li>\n<li><a href=\"http:\/\/www.professores.uff.br\/anamluz\/wp-content\/uploads\/sites\/36\/2018\/03\/Lista5_2018_1.pdf\">Lista5_2018_1<\/a>\u00a0(<a href=\"http:\/\/www.professores.uff.br\/anamluz\/wp-content\/uploads\/sites\/36\/2018\/03\/Lista5__gab.pdf\">Lista5__gab<\/a>)\/<a href=\"http:\/\/www.professores.uff.br\/anamluz\/wp-content\/uploads\/sites\/36\/2018\/03\/Lista6_2018_1.pdf\">Lista6_2018_1<\/a>\u00a0(<a href=\"http:\/\/www.professores.uff.br\/anamluz\/wp-content\/uploads\/sites\/36\/2018\/03\/Lista6_2018_1_gab.pdf\">Lista6_2018_1_gab<\/a>)<\/li>\n<li><a href=\"http:\/\/www.professores.uff.br\/anamluz\/wp-content\/uploads\/sites\/36\/2018\/03\/Lista7_18_1.pdf\">Lista7_18_1<\/a>\u00a0(<a href=\"http:\/\/www.professores.uff.br\/anamluz\/wp-content\/uploads\/sites\/36\/2018\/03\/Lista7_18_1_gab.pdf\">Lista7_18_1_gab<\/a>)\/<a href=\"http:\/\/www.professores.uff.br\/anamluz\/wp-content\/uploads\/sites\/36\/2018\/03\/Lista8_18_1.pdf\">Lista8_18_1<\/a>\u00a0(<a href=\"http:\/\/www.professores.uff.br\/anamluz\/wp-content\/uploads\/sites\/36\/2018\/03\/gab_lista8_18_1.pdf\">gab_lista8_18_1<\/a>)<\/li>\n<li><a href=\"http:\/\/www.professores.uff.br\/anamluz\/wp-content\/uploads\/sites\/36\/2018\/03\/Lista9_2018_1.pdf\">Lista9_2018_1<\/a>\u00a0(<a href=\"http:\/\/www.professores.uff.br\/anamluz\/wp-content\/uploads\/sites\/36\/2018\/03\/Lista9_2018_1_gab.pdf\">Lista9_2018_1_gab<\/a>)<\/li>\n<li><a href=\"http:\/\/www.professores.uff.br\/anamluz\/wp-content\/uploads\/sites\/36\/2018\/03\/LISTA_10_2018_1.pdf\">LISTA_10_2018_1<\/a><\/li>\n<\/ul>\n<hr \/>\n<p><strong>Provas (2012.2)<\/strong><br \/>\n<a href=\"http:\/\/www.professores.uff.br\/anamluz\/wp-content\/uploads\/sites\/36\/2017\/07\/65.pdf\">P1<\/a>,<a href=\"http:\/\/www.professores.uff.br\/anamluz\/wp-content\/uploads\/sites\/36\/2017\/07\/66.pdf\">P2<\/a>,<a href=\"http:\/\/www.professores.uff.br\/anamluz\/wp-content\/uploads\/sites\/36\/2017\/07\/67.pdf\">VR<\/a>,<a href=\"http:\/\/www.professores.uff.br\/anamluz\/wp-content\/uploads\/sites\/36\/2017\/07\/69.pdf\">VS<\/a><\/p>\n<p style=\"text-align: center\"><a href=\"http:\/\/www.professores.uff.br\/anamluz\/ensino\/\">Voltar para P\u00e1gina Anterior<\/a><br \/>\n<em>\u00daltima atualiza\u00e7\u00e3o em 21\/06\/2018.<\/em><\/p>\n","protected":false},"excerpt":{"rendered":"<p>Avisos: 2018.1 Programa da Disciplina:\u00a0gan00140 Per\u00edodo letivo: 20\/03\/17-20\/07\/17 T1: 02\/04\/18 (*) P1: 16\/05\/18 &#8211; NOVA DATA! P2: 04\/07\/18 VR: 09\/07\/18(**) VS: 16\/07\/18 (*) Testes n\u00e3o tem 2a. Chamada (**) VR somente para quem perdeu P1 ou P2 Atendimento: Agendar por e-mail Local: Gab\u00a023 &#8211; Bloco G -.5\u00ba andar\u00a0 \u2013 Campus do Gragoat\u00e1 Dia dispon\u00edvel: Quinta-feira [&hellip;]<\/p>\n","protected":false},"author":38,"featured_media":0,"parent":0,"menu_order":0,"comment_status":"closed","ping_status":"closed","template":"","meta":{"_exactmetrics_skip_tracking":false,"_exactmetrics_sitenote_active":false,"_exactmetrics_sitenote_note":"","_exactmetrics_sitenote_category":0,"footnotes":""},"categories":[],"tags":[],"class_list":["post-417","page","type-page","status-publish","hentry"],"_links":{"self":[{"href":"https:\/\/www.professores.uff.br\/anamluz\/wp-json\/wp\/v2\/pages\/417","targetHints":{"allow":["GET"]}}],"collection":[{"href":"https:\/\/www.professores.uff.br\/anamluz\/wp-json\/wp\/v2\/pages"}],"about":[{"href":"https:\/\/www.professores.uff.br\/anamluz\/wp-json\/wp\/v2\/types\/page"}],"author":[{"embeddable":true,"href":"https:\/\/www.professores.uff.br\/anamluz\/wp-json\/wp\/v2\/users\/38"}],"replies":[{"embeddable":true,"href":"https:\/\/www.professores.uff.br\/anamluz\/wp-json\/wp\/v2\/comments?post=417"}],"version-history":[{"count":19,"href":"https:\/\/www.professores.uff.br\/anamluz\/wp-json\/wp\/v2\/pages\/417\/revisions"}],"predecessor-version":[{"id":499,"href":"https:\/\/www.professores.uff.br\/anamluz\/wp-json\/wp\/v2\/pages\/417\/revisions\/499"}],"wp:attachment":[{"href":"https:\/\/www.professores.uff.br\/anamluz\/wp-json\/wp\/v2\/media?parent=417"}],"wp:term":[{"taxonomy":"category","embeddable":true,"href":"https:\/\/www.professores.uff.br\/anamluz\/wp-json\/wp\/v2\/categories?post=417"},{"taxonomy":"post_tag","embeddable":true,"href":"https:\/\/www.professores.uff.br\/anamluz\/wp-json\/wp\/v2\/tags?post=417"}],"curies":[{"name":"wp","href":"https:\/\/api.w.org\/{rel}","templated":true}]}}