{"id":42,"date":"2017-07-28T10:56:27","date_gmt":"2017-07-28T13:56:27","guid":{"rendered":"http:\/\/www.professores.uff.br\/anamluz\/?page_id=42"},"modified":"2017-07-28T11:09:34","modified_gmt":"2017-07-28T14:09:34","slug":"topicos-de-matematica-aplicada","status":"publish","type":"page","link":"https:\/\/www.professores.uff.br\/anamluz\/topicos-de-matematica-aplicada\/","title":{"rendered":"T\u00f3picos de Matem\u00e1tica Aplicada"},"content":{"rendered":"<p><strong>Avisos: 2016.2<\/strong><br \/>\nT\u00f3picos de Matem\u00e1tica Aplicada<br \/>\n<strong>Per\u00edodo Letivo:<\/strong> 29\/08\/16 a 19\/01\/17.<\/p>\n<hr \/>\n<p><strong> Datas das provas:<\/strong><br \/>\nP1: 25\/10,<br \/>\nP2: ?,<br \/>\nVR: ? (*),<br \/>\nVS: jan\/17<br \/>\n(*)VR somente para quem perdeu P1 ou P2.<\/p>\n<hr \/>\n<p><strong>Monitoria:<\/strong><\/p>\n<ul>\n<li>Conte\u00fado at\u00e9 derivada &#8211; monitor de Complementos de Matem\u00e1tica 1<\/li>\n<li>Conte\u00fado a partir de fun\u00e7\u00f5es de duas vari\u00e1veis &#8211; monitor de Complementod de Matem\u00e1tica 2<\/li>\n<li><a href=\"http:\/\/www.professores.uff.br\/anamluz\/wp-content\/uploads\/sites\/36\/2017\/07\/horario_monitores_16_2.pdf\">Ver hor\u00e1rios<\/a> &#8211; <a href=\"http:\/\/www.professores.uff.br\/anamluz\/wp-content\/uploads\/sites\/36\/2017\/07\/e_mail_monitores.pdf\">e-mails<\/a><\/li>\n<\/ul>\n<hr \/>\n<p><strong>Atendimento com professora:<\/strong> Agendar por-e-mail<\/p>\n<p><strong>Material de estudo:<\/strong><br \/>\nNa Xerox &#8211; Apostila na: pasta 1<br \/>\nMaterial de apoio:<br \/>\nStewart, J., C\u00e1lculo. Volume I, 5a Edi\u00e7\u00e3o ou 6a Edi\u00e7\u00e3o, 2006-9. Editora Thomson.<\/p>\n<hr \/>\n<p><strong>Material dispon\u00edvel para download:<\/strong><br \/>\n<a href=\"http:\/\/www.professores.uff.br\/anamluz\/wp-content\/uploads\/sites\/36\/2017\/07\/ApostiladeFarmacia.pdf\">Apostila da disciplina<\/a><br \/>\n<a href=\"http:\/\/www.professores.uff.br\/anamluz\/wp-content\/uploads\/sites\/36\/2017\/07\/Lista0_farm.pdf\">Teste Diagn\u00f3tico<\/a><br \/>\n<a href=\"http:\/\/www.professores.uff.br\/anamluz\/wp-content\/uploads\/sites\/36\/2017\/07\/maximos_minimos_duas_variaveis.pdf\">M\u00e1ximos e M\u00ednimos &#8211; Duas vari\u00e1veis<\/a><\/p>\n<hr \/>\n<p><strong>Provas Antigas de Mat. p\/ Economia 1:<\/strong><br \/>\n<a href=\"http:\/\/www.professores.uff.br\/anamluz\/wp-content\/uploads\/sites\/36\/2017\/07\/prova1A.pdf\">P1-A<\/a>(<a href=\"http:\/\/www.professores.uff.br\/anamluz\/wp-content\/uploads\/sites\/36\/2017\/07\/gabarito_prova1A.pdf\">Gab.<\/a>)\/<a href=\"http:\/\/www.professores.uff.br\/anamluz\/wp-content\/uploads\/sites\/36\/2017\/07\/prova1B.pdf\">P1-B\/<\/a><a href=\"http:\/\/www.professores.uff.br\/anamluz\/wp-content\/uploads\/sites\/36\/2017\/07\/prova1C.pdf\">P1-C<\/a>\/ <a href=\"http:\/\/www.professores.uff.br\/anamluz\/wp-content\/uploads\/sites\/36\/2017\/07\/prova2A.pdf\">P2-A<\/a>(<a href=\"http:\/\/www.professores.uff.br\/anamluz\/wp-content\/uploads\/sites\/36\/2017\/07\/gabarito_VE2.pdf\">Gab.<\/a>) \/<a href=\"http:\/\/www.professores.uff.br\/anamluz\/wp-content\/uploads\/sites\/36\/2017\/07\/p3.pdf\"> P3<\/a> (<a href=\"http:\/\/www.professores.uff.br\/anamluz\/wp-content\/uploads\/sites\/36\/2017\/07\/gab2_p3.pdf\">Gab.<\/a>) \/ <a href=\"http:\/\/www.professores.uff.br\/anamluz\/wp-content\/uploads\/sites\/36\/2017\/07\/provaVR.pdf\">VR <\/a>(<a href=\"http:\/\/www.professores.uff.br\/anamluz\/wp-content\/uploads\/sites\/36\/2017\/07\/gabVR.pdf\">Gab.<\/a>)<\/p>\n<hr \/>\n<p><strong>Exemplos Iterativos:<\/strong><br \/>\nInterpreta\u00e7\u00e3o geom\u00e9trica da derivada:<br \/>\nA reta secante e a reta tangente<br \/>\nInclina\u00e7\u00e3o da reta tangente a uma fun\u00e7\u00e3o c\u00fabica<br \/>\nInclina\u00e7\u00e3o da reta tangente a um polin\u00f4mio de quarto grau<br \/>\nInclina\u00e7\u00e3o da reta tangente a y=sen(x)<\/p>\n<hr \/>\n<p><strong>Provas semestres anteriores Mat. para Economia 1:<\/strong><\/p>\n<p>2010.2*:<br \/>\n<a href=\"http:\/\/www.professores.uff.br\/anamluz\/wp-content\/uploads\/sites\/36\/2017\/07\/EcoMat1prova22010-2.pdf\">P2<\/a>\/ <a href=\"http:\/\/www.professores.uff.br\/anamluz\/wp-content\/uploads\/sites\/36\/2017\/07\/EcoMat1prova32010-2.pdf\">V.R<\/a>\/ <a href=\"http:\/\/www.professores.uff.br\/anamluz\/wp-content\/uploads\/sites\/36\/2017\/07\/EcoMat1provaVS12010-2.pdf\">V.S<\/a><br \/>\n*At\u00e9 final de setembro\/2010 esta disciplina foi ministrada pelo Prof. Haroldo Clark<\/p>\n<p>&nbsp;<\/p>\n<p style=\"text-align: center;\"><a href=\"http:\/\/www.professores.uff.br\/anamluz\/ensino\/\">Voltar para P\u00e1gina Anterior<\/a><\/p>\n","protected":false},"excerpt":{"rendered":"<p>Avisos: 2016.2 T\u00f3picos de Matem\u00e1tica Aplicada Per\u00edodo Letivo: 29\/08\/16 a 19\/01\/17. Datas das provas: P1: 25\/10, P2: ?, VR: ? (*), VS: jan\/17 (*)VR somente para quem perdeu P1 ou P2. Monitoria: Conte\u00fado at\u00e9 derivada &#8211; monitor de Complementos de Matem\u00e1tica 1 Conte\u00fado a partir de fun\u00e7\u00f5es de duas vari\u00e1veis &#8211; monitor de Complementod de [&hellip;]<\/p>\n","protected":false},"author":2,"featured_media":0,"parent":0,"menu_order":0,"comment_status":"closed","ping_status":"closed","template":"","meta":{"_exactmetrics_skip_tracking":false,"_exactmetrics_sitenote_active":false,"_exactmetrics_sitenote_note":"","_exactmetrics_sitenote_category":0,"footnotes":""},"categories":[],"tags":[],"class_list":["post-42","page","type-page","status-publish","hentry"],"_links":{"self":[{"href":"https:\/\/www.professores.uff.br\/anamluz\/wp-json\/wp\/v2\/pages\/42","targetHints":{"allow":["GET"]}}],"collection":[{"href":"https:\/\/www.professores.uff.br\/anamluz\/wp-json\/wp\/v2\/pages"}],"about":[{"href":"https:\/\/www.professores.uff.br\/anamluz\/wp-json\/wp\/v2\/types\/page"}],"author":[{"embeddable":true,"href":"https:\/\/www.professores.uff.br\/anamluz\/wp-json\/wp\/v2\/users\/2"}],"replies":[{"embeddable":true,"href":"https:\/\/www.professores.uff.br\/anamluz\/wp-json\/wp\/v2\/comments?post=42"}],"version-history":[{"count":5,"href":"https:\/\/www.professores.uff.br\/anamluz\/wp-json\/wp\/v2\/pages\/42\/revisions"}],"predecessor-version":[{"id":67,"href":"https:\/\/www.professores.uff.br\/anamluz\/wp-json\/wp\/v2\/pages\/42\/revisions\/67"}],"wp:attachment":[{"href":"https:\/\/www.professores.uff.br\/anamluz\/wp-json\/wp\/v2\/media?parent=42"}],"wp:term":[{"taxonomy":"category","embeddable":true,"href":"https:\/\/www.professores.uff.br\/anamluz\/wp-json\/wp\/v2\/categories?post=42"},{"taxonomy":"post_tag","embeddable":true,"href":"https:\/\/www.professores.uff.br\/anamluz\/wp-json\/wp\/v2\/tags?post=42"}],"curies":[{"name":"wp","href":"https:\/\/api.w.org\/{rel}","templated":true}]}}