{"id":430,"date":"2018-03-20T11:06:36","date_gmt":"2018-03-20T14:06:36","guid":{"rendered":"http:\/\/www.professores.uff.br\/anamluz\/?page_id=430"},"modified":"2018-06-19T15:00:00","modified_gmt":"2018-06-19T18:00:00","slug":"gan00144-complementos-de-mat-aplicada-2018-1-c1","status":"publish","type":"page","link":"https:\/\/www.professores.uff.br\/anamluz\/gan00144-complementos-de-mat-aplicada-2018-1-c1\/","title":{"rendered":"GAN00144 &#8211; Complementos de Mat. Aplicada &#8211; 2018.1 &#8211; C1"},"content":{"rendered":"<p><strong>Avisos: 2018.1<\/strong><br \/>\nPrograma da Disciplina:\u00a0<a href=\"http:\/\/www.professores.uff.br\/anamluz\/wp-content\/uploads\/sites\/36\/2018\/03\/gan00144.pdf\">gan00144<\/a><\/p>\n<hr \/>\n<p><strong>Per\u00edodo letivo<\/strong>: 20\/03\/17-20\/07\/17<\/p>\n<p>L1: 02\/04\/18 (*) \u2013 a ser entregue em 09\/04\/18<\/p>\n<p>P1: 09\/05\/18 &#8211; <strong><span style=\"color: red\">NOVA DATA!<\/span><\/strong><\/p>\n<p>P2: 04\/07\/18 &#8211;\u00a0<strong><span style=\"color: red\">NOVA DATA!<\/span><\/strong><\/p>\n<p>VR: 09\/07\/18(**)<\/p>\n<p>VS: 16\/07\/18<\/p>\n<p>(*) Testes n\u00e3o tem 2a. Chamada<\/p>\n<p>(**) VR somente para quem perdeu P1 ou P2<\/p>\n<hr \/>\n<p><strong>Atendimento:<\/strong><br \/>\nAgendar por e-mail<br \/>\nLocal: Gab\u00a023 &#8211; Bloco G -.5\u00ba andar\u00a0 \u2013 Campus do Gragoat\u00e1<br \/>\nDia dispon\u00edvel: Quinta-feira 14:00h as 15:00h<\/p>\n<p><a href=\"http:\/\/www.professores.uff.br\/anamluz\/wp-content\/uploads\/sites\/36\/2018\/03\/Hor\u00e1rios_de_monitoria_04_18.pdf\">Hor\u00e1rios_de_monitoria_04_18<\/a>\u00a0(Local: Sala 506 do bloco H &#8211; Gragoat\u00e1)<\/p>\n<hr \/>\n<p><strong>Refer\u00eancias<\/strong><\/p>\n<p>Apostila<\/p>\n<p><a href=\"https:\/\/www.dropbox.com\/s\/vvej91gu3dg2gsk\/Notas%20de%20COMPLEMENTOS%20DE%20MATEM%C3%81TICA%20APLICADA.pdf?dl=0\">Complementos de Matem\u00e1tica Aplicada <\/a>(vou usar a vers\u00e3o 2\u00ba semestre 2017)<\/p>\n<p><a href=\"http:\/\/www.professores.uff.br\/anamluz\/wp-content\/uploads\/sites\/36\/2018\/03\/derivacao_implicita.pdf\">derivacao_implicita<\/a><\/p>\n<p><a href=\"http:\/\/www.professores.uff.br\/anamluz\/wp-content\/uploads\/sites\/36\/2018\/06\/lista_int_subst2.pdf\">Lista de Integra\u00e7\u00e3o Por Substitui\u00e7\u00e3o &#8211; Parte II<\/a><\/p>\n<p><a href=\"http:\/\/www.professores.uff.br\/anamluz\/wp-content\/uploads\/sites\/36\/2018\/03\/areas_aplicacoes.pdf\">C\u00e1lculo de \u00c1reas e Aplica\u00e7\u00f5es<\/a><\/p>\n<p><a href=\"http:\/\/www.professores.uff.br\/anamluz\/wp-content\/uploads\/sites\/36\/2018\/03\/lista_areas.pdf\">Lista de \u00c1reas e Aplica\u00e7\u00f5es<\/a><\/p>\n<p>&nbsp;<\/p>\n<p>da Profa. Maria Em\u00edlia Neves Cardoso<br \/>\nMaterial de apoio:<br \/>\nStewart, J., C\u00e1lculo. Volume I, 5a Edi\u00e7\u00e3o ou 6a Edi\u00e7\u00e3o, 2006-9. Editora Thomson<\/p>\n","protected":false},"excerpt":{"rendered":"<p>Avisos: 2018.1 Programa da Disciplina:\u00a0gan00144 Per\u00edodo letivo: 20\/03\/17-20\/07\/17 L1: 02\/04\/18 (*) \u2013 a ser entregue em 09\/04\/18 P1: 09\/05\/18 &#8211; NOVA DATA! P2: 04\/07\/18 &#8211;\u00a0NOVA DATA! VR: 09\/07\/18(**) VS: 16\/07\/18 (*) Testes n\u00e3o tem 2a. Chamada (**) VR somente para quem perdeu P1 ou P2 Atendimento: Agendar por e-mail Local: Gab\u00a023 &#8211; Bloco G -.5\u00ba [&hellip;]<\/p>\n","protected":false},"author":38,"featured_media":0,"parent":0,"menu_order":0,"comment_status":"closed","ping_status":"closed","template":"","meta":{"_exactmetrics_skip_tracking":false,"_exactmetrics_sitenote_active":false,"_exactmetrics_sitenote_note":"","_exactmetrics_sitenote_category":0,"footnotes":""},"categories":[],"tags":[],"class_list":["post-430","page","type-page","status-publish","hentry"],"_links":{"self":[{"href":"https:\/\/www.professores.uff.br\/anamluz\/wp-json\/wp\/v2\/pages\/430","targetHints":{"allow":["GET"]}}],"collection":[{"href":"https:\/\/www.professores.uff.br\/anamluz\/wp-json\/wp\/v2\/pages"}],"about":[{"href":"https:\/\/www.professores.uff.br\/anamluz\/wp-json\/wp\/v2\/types\/page"}],"author":[{"embeddable":true,"href":"https:\/\/www.professores.uff.br\/anamluz\/wp-json\/wp\/v2\/users\/38"}],"replies":[{"embeddable":true,"href":"https:\/\/www.professores.uff.br\/anamluz\/wp-json\/wp\/v2\/comments?post=430"}],"version-history":[{"count":8,"href":"https:\/\/www.professores.uff.br\/anamluz\/wp-json\/wp\/v2\/pages\/430\/revisions"}],"predecessor-version":[{"id":492,"href":"https:\/\/www.professores.uff.br\/anamluz\/wp-json\/wp\/v2\/pages\/430\/revisions\/492"}],"wp:attachment":[{"href":"https:\/\/www.professores.uff.br\/anamluz\/wp-json\/wp\/v2\/media?parent=430"}],"wp:term":[{"taxonomy":"category","embeddable":true,"href":"https:\/\/www.professores.uff.br\/anamluz\/wp-json\/wp\/v2\/categories?post=430"},{"taxonomy":"post_tag","embeddable":true,"href":"https:\/\/www.professores.uff.br\/anamluz\/wp-json\/wp\/v2\/tags?post=430"}],"curies":[{"name":"wp","href":"https:\/\/api.w.org\/{rel}","templated":true}]}}