{"id":501,"date":"2018-08-21T13:07:56","date_gmt":"2018-08-21T16:07:56","guid":{"rendered":"http:\/\/www.professores.uff.br\/anamluz\/?page_id=501"},"modified":"2018-11-27T13:34:35","modified_gmt":"2018-11-27T15:34:35","slug":"gan00140-algebra-linear-g1-2018-2","status":"publish","type":"page","link":"https:\/\/www.professores.uff.br\/anamluz\/gan00140-algebra-linear-g1-2018-2\/","title":{"rendered":"GAN00140 &#8211;  \u00c1lgebra Linear &#8211; G1 &#8211; 2018.2"},"content":{"rendered":"<p><strong>Avisos: 2018.2<\/strong><br \/>\nPrograma da Disciplina:\u00a0<a href=\"http:\/\/www.professores.uff.br\/anamluz\/wp-content\/uploads\/sites\/36\/2018\/03\/gan00140.pdf\">gan00140<\/a><\/p>\n<hr \/>\n<p><strong>Per\u00edodo letivo<\/strong>: 13\/08\/18 a 20\/12\/18<\/p>\n<p>P1: 04\/10\/18<\/p>\n<p>P2: 29\/11\/18<\/p>\n<p>VR: 06\/12\/18(*)<\/p>\n<p>VS: 13\/12\/18<\/p>\n<p>(*) VR somente para quem perdeu P1 ou P2<\/p>\n<hr \/>\n<p><strong>Atendimento:<\/strong><\/p>\n<ul>\n<li>Com a professora: Agendar por e-mail<br \/>\nLocal: Gab\u00a023 &#8211; Bloco G -.5\u00ba andar\u00a0 \u2013 Campus do Gragoat\u00e1<br \/>\nDia dispon\u00edvel:\u00a0Segunda-feira 15:00h as 16:00h<\/li>\n<li>\u00a0Monitoria: Podem procurar os monitores de \u00c1lgebra Linear : Matheus ou de \u00c1lgebra Linear Aplicada: Theo e\/ou Douglas<\/li>\n<\/ul>\n<p><a href=\"http:\/\/www.professores.uff.br\/anamluz\/wp-content\/uploads\/sites\/36\/2018\/08\/Orientadores-2018.pdf\">contato dos Monitores<\/a>\u00a0(Local: Sala 506 &#8211; Bloco H &#8211; Gragoat\u00e1)<\/p>\n<p><a href=\"http:\/\/www.professores.uff.br\/anamluz\/wp-content\/uploads\/sites\/36\/2018\/08\/Hora\u0301rios-de-monitoria-2018-2.pdf\">Hora\u0301rios de monitoria 2018-2<\/a><\/p>\n<hr \/>\n<p><strong>Refer\u00eancias<\/strong><\/p>\n<ul>\n<li>\u00c1lgebra Linear com Aplica\u00e7\u00f5es, H. Anton e C. Rorres, Bookman, 2001.<br \/>\nOutras refer\u00eancias utilizadas:<\/li>\n<li>Notas de \u00c1lgebra linear, Jones Colombo e Jos\u00e9 Koiller, em prepara\u00e7\u00e3o<\/li>\n<li>STEINBRUCH, Alfredo, WINTERLE. \u00c1lgebra Linear<\/li>\n<li>Introdu\u00e7\u00e3o \u00e0 \u00c1lgebra Linear com Aplica\u00e7\u00f5es, Kolman, B. e Hill, D. R., LTC, RJ,2006.<\/li>\n<\/ul>\n<hr \/>\n<p><strong>Material dispon\u00edvel para download:<\/strong><\/p>\n<ul>\n<li><a href=\"http:\/\/www.professores.uff.br\/anamluz\/wp-content\/uploads\/sites\/36\/2017\/07\/41.pdf\">Notas de \u00c1lgebra linear<\/a>\u00a0(J. Koiller e J. Colombo)<\/li>\n<\/ul>\n<p><strong>Slides<\/strong><\/p>\n<ul>\n<li><a href=\"http:\/\/www.professores.uff.br\/anamluz\/wp-content\/uploads\/sites\/36\/2018\/08\/aula1_gan00140_2018_2.pps\">aula1_gan00140_2018_2<\/a>\u00a0\/\u00a0<a href=\"http:\/\/www.professores.uff.br\/anamluz\/wp-content\/uploads\/sites\/36\/2018\/08\/aula3_PARTE_2_2018_2.pdf\">aula3_PARTE_2_2018_2<\/a><\/li>\n<li><a href=\"http:\/\/www.professores.uff.br\/anamluz\/wp-content\/uploads\/sites\/36\/2018\/08\/aula6_2018_2.pdf\">aula6_2018_2<\/a>\u00a0\/<a href=\"http:\/\/www.professores.uff.br\/anamluz\/wp-content\/uploads\/sites\/36\/2018\/08\/aula8_PARTE_2_2018_2.pdf\">aula8_PARTE_2_2018_2<\/a><\/li>\n<li><a href=\"http:\/\/www.professores.uff.br\/anamluz\/wp-content\/uploads\/sites\/36\/2018\/08\/aula13.pdf\">aula13<\/a>\u00a0\/<a href=\"http:\/\/www.professores.uff.br\/anamluz\/wp-content\/uploads\/sites\/36\/2018\/08\/aula14.pdf\">aula14<\/a><\/li>\n<li><a href=\"http:\/\/www.professores.uff.br\/anamluz\/wp-content\/uploads\/sites\/36\/2018\/08\/autovalores_autovetores_2018_2.pdf\">autovalores_autovetores_2018_2<\/a><\/li>\n<li><a href=\"http:\/\/www.professores.uff.br\/anamluz\/wp-content\/uploads\/sites\/36\/2018\/08\/aula_diagonalizacao_2018_2.pdf\">aula_diagonalizacao_2018_2<\/a><\/li>\n<li><a href=\"http:\/\/www.professores.uff.br\/anamluz\/wp-content\/uploads\/sites\/36\/2018\/08\/formas_quadraticas_plano.pdf\">formas_quadraticas_plano<\/a><\/li>\n<li>Material de apoio:\u00a0<a href=\"http:\/\/www.professores.uff.br\/anamluz\/wp-content\/uploads\/sites\/36\/2018\/08\/slides_matriz_tranforma\u00e7\u00e3o_e_mudanca_base.ppt\">slides_matriz_tranforma\u00e7\u00e3o_e_mudanca_base<\/a><\/li>\n<li>Material de apoio:\u00a0<a href=\"http:\/\/www.professores.uff.br\/anamluz\/wp-content\/uploads\/sites\/36\/2018\/08\/relacoes_semelhanca_matrizes_trasnf.pdf\">relacoes_semelhanca_matrizes_trasnf<\/a><\/li>\n<\/ul>\n<p><strong>Listas e material para leitura<\/strong><\/p>\n<ul>\n<li><a href=\"http:\/\/www.professores.uff.br\/anamluz\/wp-content\/uploads\/sites\/36\/2018\/08\/Lista1_18_2.pdf\">Lista1_18_2<\/a>\u00a0(<a href=\"http:\/\/www.professores.uff.br\/anamluz\/wp-content\/uploads\/sites\/36\/2017\/07\/46.pdf\">exercicios_livroAnton1.pdf<\/a>\u00a0+\u00a0<a href=\"http:\/\/www.professores.uff.br\/anamluz\/wp-content\/uploads\/sites\/36\/2017\/07\/47.pdf\">exercicios_kolman1.pdf<\/a>)<\/li>\n<li><a href=\"http:\/\/www.professores.uff.br\/anamluz\/wp-content\/uploads\/sites\/36\/2018\/08\/Lista2_2018_2.pdf\">Lista2_2018_2<\/a>\u00a0\/\u00a0<a href=\"http:\/\/www.professores.uff.br\/anamluz\/wp-content\/uploads\/sites\/36\/2018\/08\/Lista2_-Resolucao.pdf\">Lista2_ Resolucao<\/a><\/li>\n<li><a href=\"http:\/\/www.professores.uff.br\/anamluz\/wp-content\/uploads\/sites\/36\/2018\/08\/Lista3_2018_2.pdf\">Lista3_2018_2<\/a>\u00a0\/<a href=\"http:\/\/www.professores.uff.br\/anamluz\/wp-content\/uploads\/sites\/36\/2018\/08\/Lista3_-gab_18_2.pdf\">Lista3_ gab_18_2<\/a><\/li>\n<li><a href=\"http:\/\/www.professores.uff.br\/anamluz\/wp-content\/uploads\/sites\/36\/2018\/08\/Lista4_2018_2.pdf\">Lista4_2018_2<\/a>\u00a0+\u00a0<a href=\"http:\/\/www.professores.uff.br\/anamluz\/wp-content\/uploads\/sites\/36\/2017\/07\/017.pdf\">Usando determinantes para calcular \u00e1reas<\/a><\/li>\n<li><a href=\"http:\/\/www.professores.uff.br\/anamluz\/wp-content\/uploads\/sites\/36\/2018\/08\/Lista4_gab_2018_2.pdf\">Lista4_gab_2018_2<\/a>\/<a href=\"http:\/\/www.professores.uff.br\/anamluz\/wp-content\/uploads\/sites\/36\/2018\/08\/Lista5_2018_2.pdf\">Lista5_2018_2<\/a>\/<a href=\"http:\/\/www.professores.uff.br\/anamluz\/wp-content\/uploads\/sites\/36\/2018\/08\/Lista5__gab.pdf\">Lista5__gab<\/a><\/li>\n<li><a href=\"http:\/\/www.professores.uff.br\/anamluz\/wp-content\/uploads\/sites\/36\/2018\/08\/Lista6_2018_2.pdf\">Lista6_2018_2<\/a>\/<a href=\"http:\/\/www.professores.uff.br\/anamluz\/wp-content\/uploads\/sites\/36\/2018\/08\/Lista6_2018_2_gab.pdf\">Lista6_2018_2_gab<\/a><\/li>\n<li><a href=\"http:\/\/www.professores.uff.br\/anamluz\/wp-content\/uploads\/sites\/36\/2018\/08\/Lista7_18_2.pdf\">Lista7_18_2<\/a>\/<a href=\"http:\/\/www.professores.uff.br\/anamluz\/wp-content\/uploads\/sites\/36\/2018\/08\/Lista7_18_2_gab.pdf\">Lista7_18_2_gab<\/a><\/li>\n<li><a href=\"http:\/\/www.professores.uff.br\/anamluz\/wp-content\/uploads\/sites\/36\/2018\/08\/Lista8_2018_2.pdf\">Lista8_2018_2<\/a>\/<a href=\"http:\/\/www.professores.uff.br\/anamluz\/wp-content\/uploads\/sites\/36\/2018\/08\/Lista9_2018_2.pdf\">Lista9_2018_2<\/a>\/<a href=\"http:\/\/www.professores.uff.br\/anamluz\/wp-content\/uploads\/sites\/36\/2018\/08\/Lista9_2018_2_gab.pdf\">Lista9_2018_2_gab<\/a><\/li>\n<li><a href=\"http:\/\/www.professores.uff.br\/anamluz\/wp-content\/uploads\/sites\/36\/2018\/08\/LISTA_10_2018_2.pdf\">LISTA_10_2018_2<\/a><\/li>\n<li><a href=\"http:\/\/www.professores.uff.br\/anamluz\/wp-content\/uploads\/sites\/36\/2018\/08\/exerc_anton_sec1_5.pdf\">exerc_anton_sec1_5<\/a>\/<a href=\"http:\/\/www.professores.uff.br\/anamluz\/wp-content\/uploads\/sites\/36\/2017\/07\/exerc_anton_sec1.6.pdf\">exerc_anton_sec1.6<\/a><\/li>\n<li><a href=\"http:\/\/www.professores.uff.br\/anamluz\/wp-content\/uploads\/sites\/36\/2018\/03\/resultados_invert_2018_1.pdf\">Resultados sobre Invertibilidade de Matrizes<\/a><\/li>\n<li><a href=\"http:\/\/www.professores.uff.br\/anamluz\/wp-content\/uploads\/sites\/36\/2018\/08\/folha_Aula12.pdf\">folha_Aula12<\/a><\/li>\n<li><a href=\"http:\/\/www.professores.uff.br\/anamluz\/wp-content\/uploads\/sites\/36\/2018\/08\/folha_Aula13.pdf\">folha_Aula13<\/a><\/li>\n<li><a href=\"http:\/\/www.professores.uff.br\/anamluz\/wp-content\/uploads\/sites\/36\/2018\/08\/trab_P1.pdf\">trab_P1<\/a><\/li>\n<\/ul>\n<hr \/>\n<p><strong>Provas (2018.1)<\/strong><br \/>\n<a href=\"http:\/\/www.professores.uff.br\/anamluz\/wp-content\/uploads\/sites\/36\/2018\/08\/P2_alg_lin_2018_1.pdf\">P2_alg_lin_2018_1<\/a>\u00a0(<a href=\"http:\/\/www.professores.uff.br\/anamluz\/wp-content\/uploads\/sites\/36\/2018\/08\/GABARITO_p2.pdf\">GABARITO_p2<\/a>)\/<a href=\"http:\/\/www.professores.uff.br\/anamluz\/wp-content\/uploads\/sites\/36\/2018\/08\/VR_alg_lin_2018_1.pdf\">VR<\/a><\/p>\n<p><strong>Provas (2012.2)<\/strong><br \/>\n<a href=\"http:\/\/www.professores.uff.br\/anamluz\/wp-content\/uploads\/sites\/36\/2017\/07\/65.pdf\">P1<\/a>,<a href=\"http:\/\/www.professores.uff.br\/anamluz\/wp-content\/uploads\/sites\/36\/2017\/07\/66.pdf\">P2<\/a>,<a href=\"http:\/\/www.professores.uff.br\/anamluz\/wp-content\/uploads\/sites\/36\/2017\/07\/67.pdf\">VR<\/a>,<a href=\"http:\/\/www.professores.uff.br\/anamluz\/wp-content\/uploads\/sites\/36\/2017\/07\/69.pdf\">VS<\/a><\/p>\n<p style=\"text-align: center\"><a href=\"http:\/\/www.professores.uff.br\/anamluz\/ensino\/\">Voltar para P\u00e1gina Anterior<\/a><br \/>\n<em>\u00daltima atualiza\u00e7\u00e3o em 27\/11\/2018.<\/em><\/p>\n","protected":false},"excerpt":{"rendered":"<p>Avisos: 2018.2 Programa da Disciplina:\u00a0gan00140 Per\u00edodo letivo: 13\/08\/18 a 20\/12\/18 P1: 04\/10\/18 P2: 29\/11\/18 VR: 06\/12\/18(*) VS: 13\/12\/18 (*) VR somente para quem perdeu P1 ou P2 Atendimento: Com a professora: Agendar por e-mail Local: Gab\u00a023 &#8211; Bloco G -.5\u00ba andar\u00a0 \u2013 Campus do Gragoat\u00e1 Dia dispon\u00edvel:\u00a0Segunda-feira 15:00h as 16:00h \u00a0Monitoria: Podem procurar os monitores [&hellip;]<\/p>\n","protected":false},"author":38,"featured_media":0,"parent":0,"menu_order":0,"comment_status":"closed","ping_status":"closed","template":"","meta":{"_exactmetrics_skip_tracking":false,"_exactmetrics_sitenote_active":false,"_exactmetrics_sitenote_note":"","_exactmetrics_sitenote_category":0,"footnotes":""},"categories":[],"tags":[],"class_list":["post-501","page","type-page","status-publish","hentry"],"_links":{"self":[{"href":"https:\/\/www.professores.uff.br\/anamluz\/wp-json\/wp\/v2\/pages\/501","targetHints":{"allow":["GET"]}}],"collection":[{"href":"https:\/\/www.professores.uff.br\/anamluz\/wp-json\/wp\/v2\/pages"}],"about":[{"href":"https:\/\/www.professores.uff.br\/anamluz\/wp-json\/wp\/v2\/types\/page"}],"author":[{"embeddable":true,"href":"https:\/\/www.professores.uff.br\/anamluz\/wp-json\/wp\/v2\/users\/38"}],"replies":[{"embeddable":true,"href":"https:\/\/www.professores.uff.br\/anamluz\/wp-json\/wp\/v2\/comments?post=501"}],"version-history":[{"count":25,"href":"https:\/\/www.professores.uff.br\/anamluz\/wp-json\/wp\/v2\/pages\/501\/revisions"}],"predecessor-version":[{"id":624,"href":"https:\/\/www.professores.uff.br\/anamluz\/wp-json\/wp\/v2\/pages\/501\/revisions\/624"}],"wp:attachment":[{"href":"https:\/\/www.professores.uff.br\/anamluz\/wp-json\/wp\/v2\/media?parent=501"}],"wp:term":[{"taxonomy":"category","embeddable":true,"href":"https:\/\/www.professores.uff.br\/anamluz\/wp-json\/wp\/v2\/categories?post=501"},{"taxonomy":"post_tag","embeddable":true,"href":"https:\/\/www.professores.uff.br\/anamluz\/wp-json\/wp\/v2\/tags?post=501"}],"curies":[{"name":"wp","href":"https:\/\/api.w.org\/{rel}","templated":true}]}}