{"id":628,"date":"2019-04-01T19:03:34","date_gmt":"2019-04-01T22:03:34","guid":{"rendered":"http:\/\/www.professores.uff.br\/anamluz\/?page_id=628"},"modified":"2019-07-01T16:54:23","modified_gmt":"2019-07-01T19:54:23","slug":"gan00007-int-alg-lin-a1-2019-1","status":"publish","type":"page","link":"https:\/\/www.professores.uff.br\/anamluz\/gan00007-int-alg-lin-a1-2019-1\/","title":{"rendered":"GAN00007 &#8211; INT. ALG. LIN -A1-2019.1"},"content":{"rendered":"\n<p><strong>Avisos: 2019.1<\/strong><br>Programa da Disciplina: <a href=\"http:\/\/www.professores.uff.br\/anamluz\/wp-content\/uploads\/sites\/36\/2018\/08\/GAN00007.pdf\">GAN00007<\/a><\/p>\n\n\n\n<hr class=\"wp-block-separator\" \/>\n\n\n\n<p><strong>Per\u00edodo letivo<\/strong>: 18\/08\/19 a 22\/07\/19<\/p>\n\n\n\n<p>P1: 25\/04\/19 (peso 1) <\/p>\n\n\n\n<p>P2: 30\/05\/19 (peso 1)<\/p>\n\n\n\n<p>P3: 09\/07\/19 (peso 2)<\/p>\n\n\n\n<p>VR: 11\/07\/19(*)<\/p>\n\n\n\n<p>VS: 16\/07\/19<\/p>\n\n\n\n<p>(*) VR somente para quem perdeu P1 ou P2 ou P3  e a VR ser\u00e1 correspondente a prova perdida.<\/p>\n\n\n\n<p>Aulas com atividades avaliativas:<\/p>\n\n\n\n<hr class=\"wp-block-separator\" \/>\n\n\n\n<p>Para P1: 16\/04\/2019 &#8211; Para P2: 23\/05\/19 &#8211; Para P3: 02\/07\/2019 (<strong><span style=\"color: red\">CANCELADA!<\/span><\/strong>)<\/p>\n\n\n\n<p><strong>Atendimento:<\/strong><\/p>\n\n\n\n<ul class=\"wp-block-list\"><li>Com a professora: Agendar por e-mail<br>Local: Gab&nbsp;23 &#8211; Bloco G -.5\u00ba andar&nbsp; \u2013 Campus do Gragoat\u00e1<br>Dia dispon\u00edvel:&nbsp;Segunda-feira 14:00h as 15:00h<\/li><li> Monitoria: Aguardando o processo seletivo<\/li><\/ul>\n\n\n\n<hr class=\"wp-block-separator\" \/>\n\n\n\n<p><strong>Refer\u00eancias<\/strong><\/p>\n\n\n\n<ul class=\"wp-block-list\"><li>\u00c1lgebra Linear com Aplica\u00e7\u00f5es, H. Anton e C. Rorres, Bookman, 2001.<br>Outras refer\u00eancias utilizadas:<\/li><li>Notas de \u00c1lgebra linear, Jones Colombo e Jos\u00e9 Koiller, em prepara\u00e7\u00e3o<\/li><li>STEINBRUCH, Alfredo, WINTERLE. \u00c1lgebra Linear<\/li><li>Introdu\u00e7\u00e3o \u00e0 \u00c1lgebra Linear com Aplica\u00e7\u00f5es, Kolman, B. e Hill, D. R., LTC, RJ,2006.<\/li><\/ul>\n\n\n\n<hr class=\"wp-block-separator\" \/>\n\n\n\n<p><strong>Material dispon\u00edvel para download:<\/strong><\/p>\n\n\n\n<ul class=\"wp-block-list\"><li><a href=\"http:\/\/www.professores.uff.br\/anamluz\/wp-content\/uploads\/sites\/36\/2017\/07\/41.pdf\">Notas de \u00c1lgebra linear<\/a>&nbsp;(J. Koiller e J. Colombo)<\/li><\/ul>\n\n\n\n<p><strong>Slides e material usado em aula<\/strong><\/p>\n\n\n\n<ul class=\"wp-block-list\"><li><a href=\"http:\/\/www.professores.uff.br\/anamluz\/wp-content\/uploads\/sites\/36\/2019\/04\/aula1_2019_1.pdf\">Aula1<\/a><\/li><li><a href=\"http:\/\/www.professores.uff.br\/anamluz\/wp-content\/uploads\/sites\/36\/2019\/04\/Aula3_feita.pdf\">Aula3<\/a><\/li><li><a href=\"http:\/\/www.professores.uff.br\/anamluz\/wp-content\/uploads\/sites\/36\/2019\/04\/perguntas_aula3_4.pdf\">Perguntas sobre Matrizes<\/a><\/li><li><a href=\"http:\/\/www.professores.uff.br\/anamluz\/wp-content\/uploads\/sites\/36\/2019\/04\/Aula4_feita.pdf\">Aula4<\/a><\/li><li><a href=\"http:\/\/www.professores.uff.br\/anamluz\/wp-content\/uploads\/sites\/36\/2019\/04\/Aula5_feita.pdf\">Aula5<\/a> + <a href=\"http:\/\/www.professores.uff.br\/anamluz\/wp-content\/uploads\/sites\/36\/2019\/04\/folha_aula5.pdf\">Folha aula5<\/a> + <a href=\"http:\/\/www.professores.uff.br\/anamluz\/wp-content\/uploads\/sites\/36\/2019\/04\/dever_de_casa_aula5.pdf\">dever de casa<\/a><\/li><li><a href=\"http:\/\/www.professores.uff.br\/anamluz\/wp-content\/uploads\/sites\/36\/2019\/04\/Aula6_feita.pdf\">Aula 6<\/a> <\/li><li><a href=\"http:\/\/www.professores.uff.br\/anamluz\/wp-content\/uploads\/sites\/36\/2019\/05\/aula9_espacos_vetoriais.pdf\">Aula 9<\/a><\/li><li> <a href=\"http:\/\/www.professores.uff.br\/anamluz\/wp-content\/uploads\/sites\/36\/2019\/05\/para_atividade_entregar_09_05.pdf\">Atividade para entregar 09\/05\/19<\/a> <\/li><li><a href=\"http:\/\/www.professores.uff.br\/anamluz\/wp-content\/uploads\/sites\/36\/2019\/05\/aula11_2019_1.pdf\">Aula 11<\/a><\/li><li><a href=\"http:\/\/www.professores.uff.br\/anamluz\/wp-content\/uploads\/sites\/36\/2019\/05\/aula13.pdf\">Aula 13<\/a><\/li><li><a href=\"http:\/\/www.professores.uff.br\/anamluz\/wp-content\/uploads\/sites\/36\/2019\/06\/atividade_aula_15.pdf\">Atividade Aula 15<\/a><\/li><li><a href=\"http:\/\/www.professores.uff.br\/anamluz\/wp-content\/uploads\/sites\/36\/2019\/06\/aula17parte2e18.pdf\">Aula 17 (parte 2) e Aula 18<\/a><\/li><li><a href=\"http:\/\/www.professores.uff.br\/anamluz\/wp-content\/uploads\/sites\/36\/2019\/07\/aula21_diagonalizacao_2019_1.pdf\">Aula 21<\/a><\/li><\/ul>\n\n\n\n<p style=\"text-align:left\"><strong>Listas e material para leitura<\/strong><\/p>\n\n\n\n<hr class=\"wp-block-separator\" \/>\n\n\n\n<p><\/p>\n\n\n\n<ul><li> <a href=\"http:\/\/www.professores.uff.br\/anamluz\/wp-content\/uploads\/sites\/36\/2019\/04\/Lista1_19_1.pdf\">Lista 1<\/a> (<a href=\"http:\/\/www.professores.uff.br\/anamluz\/wp-content\/uploads\/sites\/36\/2017\/07\/46.pdf\">exercicios_livroAnton1.pdf<\/a>&nbsp;+&nbsp;<a href=\"http:\/\/www.professores.uff.br\/anamluz\/wp-content\/uploads\/sites\/36\/2017\/07\/47.pdf\">exercicios_kolman1.pdf)<\/a><\/li><li><a href=\"http:\/\/www.professores.uff.br\/anamluz\/wp-content\/uploads\/sites\/36\/2019\/04\/Lista2_2019_1.pdf\">Lista 2 <\/a> ( <a href=\"http:\/\/www.professores.uff.br\/anamluz\/wp-content\/uploads\/sites\/36\/2019\/04\/Lista2gab_2019_1.pdf\"> Gab <\/a>)<\/li><\/ul>\n<ul><li><a href=\"http:\/\/www.professores.uff.br\/anamluz\/wp-content\/uploads\/sites\/36\/2019\/04\/Lista3_19_1.pdf\"> Lista 3 <\/a>  ( <a href=\"http:\/\/www.professores.uff.br\/anamluz\/wp-content\/uploads\/sites\/36\/2019\/04\/Lista3_-gab_19_1.pdf\"> Gab<\/a>) <\/li><\/ul>\n\n\n\n<ul class=\"wp-block-list\"><li>  <a href=\"http:\/\/www.professores.uff.br\/anamluz\/wp-content\/uploads\/sites\/36\/2018\/08\/exerc_anton_sec1_5.pdf\">exerc_anton_sec1_5<\/a>\/<a href=\"http:\/\/www.professores.uff.br\/anamluz\/wp-content\/uploads\/sites\/36\/2017\/07\/exerc_anton_sec1.6.pdf\">exerc_anton_sec1.6<\/a><\/li><li> <a href=\"http:\/\/www.professores.uff.br\/anamluz\/wp-content\/uploads\/sites\/36\/2018\/03\/resultados_invert_2018_1.pdf\">Resultados sobre Invertibilidade de Matrizes<\/a> <\/li><li><a href=\"http:\/\/www.professores.uff.br\/anamluz\/wp-content\/uploads\/sites\/36\/2019\/04\/Lista4_2019_1.pdf\">Lista 4<\/a> (<a href=\"http:\/\/www.professores.uff.br\/anamluz\/wp-content\/uploads\/sites\/36\/2019\/04\/Lista4_gab_19_1.pdf\">Gab<\/a>)<\/li><li><a href=\"http:\/\/www.professores.uff.br\/anamluz\/wp-content\/uploads\/sites\/36\/2019\/05\/Lista5_2019_1.pdf\">Lista 5<\/a> (<a href=\"http:\/\/www.professores.uff.br\/anamluz\/wp-content\/uploads\/sites\/36\/2019\/05\/Lista5_19_1_-gab.pdf\">Gab<\/a>)<\/li><li><a href=\"http:\/\/www.professores.uff.br\/anamluz\/wp-content\/uploads\/sites\/36\/2019\/05\/Lista6_2019_1.pdf\">Lista 6<\/a> (<a href=\"http:\/\/www.professores.uff.br\/anamluz\/wp-content\/uploads\/sites\/36\/2019\/05\/Lista6_2019_1_gab.pdf\">Gab<\/a>)<\/li><li><a href=\"http:\/\/www.professores.uff.br\/anamluz\/wp-content\/uploads\/sites\/36\/2019\/06\/Lista7_19_1.pdf\">Lista 7 com gabarito<\/a><\/li><li><a href=\"http:\/\/www.professores.uff.br\/anamluz\/wp-content\/uploads\/sites\/36\/2019\/06\/Lista8_2019_1.pdf\">Lista 8<\/a> (<a href=\"http:\/\/www.professores.uff.br\/anamluz\/wp-content\/uploads\/sites\/36\/2019\/06\/Lista8_2019_1_gab.pdf\">Gab<\/a>)<\/li><li><a href=\"http:\/\/www.professores.uff.br\/anamluz\/wp-content\/uploads\/sites\/36\/2019\/06\/Lista9_19_1.pdf\">Lista 9<\/a> (<a href=\"http:\/\/www.professores.uff.br\/anamluz\/wp-content\/uploads\/sites\/36\/2019\/07\/Lista9_19_1_gab.pdf\">Gab)<\/a><\/li><li><a href=\"http:\/\/www.professores.uff.br\/anamluz\/wp-content\/uploads\/sites\/36\/2019\/07\/LISTA_10_2019_1.pdf\">Lista 10 com gabarito<\/a><\/li><\/ul>\n\n\n\n<p><strong>Provas (2018.1)<\/strong><br><a href=\"http:\/\/www.professores.uff.br\/anamluz\/wp-content\/uploads\/sites\/36\/2018\/08\/P2_alg_lin_2018_1.pdf\">P2_alg_lin_2018_1<\/a>&nbsp;(<a href=\"http:\/\/www.professores.uff.br\/anamluz\/wp-content\/uploads\/sites\/36\/2018\/08\/GABARITO_p2.pdf\">GABARITO_p2<\/a>)\/&nbsp;<a href=\"http:\/\/www.professores.uff.br\/anamluz\/wp-content\/uploads\/sites\/36\/2018\/08\/VR_alg_lin_2018_1.pdf\">VR<\/a><\/p>\n\n\n\n<p><strong>Provas (2012.2)<\/strong><br><a href=\"http:\/\/www.professores.uff.br\/anamluz\/wp-content\/uploads\/sites\/36\/2017\/07\/65.pdf\">P1<\/a>,<a href=\"http:\/\/www.professores.uff.br\/anamluz\/wp-content\/uploads\/sites\/36\/2017\/07\/66.pdf\">P2<\/a>,<a href=\"http:\/\/www.professores.uff.br\/anamluz\/wp-content\/uploads\/sites\/36\/2017\/07\/67.pdf\">VR<\/a>,<a href=\"http:\/\/www.professores.uff.br\/anamluz\/wp-content\/uploads\/sites\/36\/2017\/07\/69.pdf\">VS<\/a><\/p>\n\n\n\n<p><a href=\"http:\/\/www.professores.uff.br\/anamluz\/ensino\/\">Voltar para P\u00e1gina Anterior<\/a><\/p>\n\n\n\n<p>\u00daltima atualiza\u00e7\u00e3o: 01\/07\/2019<\/p>\n","protected":false},"excerpt":{"rendered":"<p>Avisos: 2019.1Programa da Disciplina: GAN00007 Per\u00edodo letivo: 18\/08\/19 a 22\/07\/19 P1: 25\/04\/19 (peso 1) P2: 30\/05\/19 (peso 1) P3: 09\/07\/19 (peso 2) VR: 11\/07\/19(*) VS: 16\/07\/19 (*) VR somente para quem perdeu P1 ou P2 ou P3 e a VR ser\u00e1 correspondente a prova perdida. Aulas com atividades avaliativas: Para P1: 16\/04\/2019 &#8211; Para P2: [&hellip;]<\/p>\n","protected":false},"author":38,"featured_media":0,"parent":0,"menu_order":0,"comment_status":"closed","ping_status":"closed","template":"","meta":{"_exactmetrics_skip_tracking":false,"_exactmetrics_sitenote_active":false,"_exactmetrics_sitenote_note":"","_exactmetrics_sitenote_category":0,"footnotes":""},"categories":[],"tags":[],"class_list":["post-628","page","type-page","status-publish","hentry"],"_links":{"self":[{"href":"https:\/\/www.professores.uff.br\/anamluz\/wp-json\/wp\/v2\/pages\/628","targetHints":{"allow":["GET"]}}],"collection":[{"href":"https:\/\/www.professores.uff.br\/anamluz\/wp-json\/wp\/v2\/pages"}],"about":[{"href":"https:\/\/www.professores.uff.br\/anamluz\/wp-json\/wp\/v2\/types\/page"}],"author":[{"embeddable":true,"href":"https:\/\/www.professores.uff.br\/anamluz\/wp-json\/wp\/v2\/users\/38"}],"replies":[{"embeddable":true,"href":"https:\/\/www.professores.uff.br\/anamluz\/wp-json\/wp\/v2\/comments?post=628"}],"version-history":[{"count":27,"href":"https:\/\/www.professores.uff.br\/anamluz\/wp-json\/wp\/v2\/pages\/628\/revisions"}],"predecessor-version":[{"id":733,"href":"https:\/\/www.professores.uff.br\/anamluz\/wp-json\/wp\/v2\/pages\/628\/revisions\/733"}],"wp:attachment":[{"href":"https:\/\/www.professores.uff.br\/anamluz\/wp-json\/wp\/v2\/media?parent=628"}],"wp:term":[{"taxonomy":"category","embeddable":true,"href":"https:\/\/www.professores.uff.br\/anamluz\/wp-json\/wp\/v2\/categories?post=628"},{"taxonomy":"post_tag","embeddable":true,"href":"https:\/\/www.professores.uff.br\/anamluz\/wp-json\/wp\/v2\/tags?post=628"}],"curies":[{"name":"wp","href":"https:\/\/api.w.org\/{rel}","templated":true}]}}