{"id":68,"date":"2017-07-28T11:09:46","date_gmt":"2017-07-28T14:09:46","guid":{"rendered":"http:\/\/www.professores.uff.br\/anamluz\/?page_id=68"},"modified":"2017-07-28T11:35:12","modified_gmt":"2017-07-28T14:35:12","slug":"gan-00167-matematica-discreta-2016-2","status":"publish","type":"page","link":"https:\/\/www.professores.uff.br\/anamluz\/gan-00167-matematica-discreta-2016-2\/","title":{"rendered":"GAN 00167 &#8211; Matem\u00e1tica Discreta 2016.2"},"content":{"rendered":"<p><strong>Avisos:<\/strong> 2016.2<br \/>\n<strong>Matem\u00e1tica Discreta<\/strong><br \/>\n<strong>Per\u00edodo Letivo:<\/strong> 29\/08\/16 a 19\/01\/17.<\/p>\n<hr \/>\n<p><strong>Datas das provas:<\/strong><br \/>\nP1: 10\/10,<br \/>\nP2: 21\/12,<br \/>\nVR: 04\/01\/17 (*)<br \/>\nVS: 11\/01\/17<br \/>\n(*)VR somente para quem perdeu P1 ou P2.<\/p>\n<hr \/>\n<p><strong>Atendimento:(agendar por e-mail)<\/strong><\/p>\n<ul>\n<li>Possibilidade 1: segunda-feira na sala de aula (H-505) ap\u00f3s a aula .<\/li>\n<li>Possibilidade 2: Quinta-feira 10:00h at\u00e9 11:30h. Local: Gab 14 . Departamento de An\u00e1lise \u2013 4\u00ba andar do Instituto de Matem\u00e1tica \u2013 Campus do Valonguinho (ao lado do Plaza).<\/li>\n<\/ul>\n<hr \/>\n<p><strong>Monitoria:<\/strong><br \/>\n<a href=\"http:\/\/www.professores.uff.br\/anamluz\/wp-content\/uploads\/sites\/36\/2017\/07\/horario_monitores_16_2-111.pdf\">Ver hor\u00e1rios<\/a> &#8211;<a href=\"http:\/\/www.professores.uff.br\/anamluz\/wp-content\/uploads\/sites\/36\/2017\/07\/e_mail_monitores-112.pdf\"> e-mails<\/a><\/p>\n<hr \/>\n<p><strong>Livro-texto:<\/strong><\/p>\n<ul>\n<li style=\"list-style-type: none;\">\n<ul>\n<li>Paulo B. Menezes, <em>Matem\u00e1tica Discreta para Computa\u00e7\u00e3o e Inform\u00e1tica<\/em>, 2a. edi\u00e7\u00e3o , Sagra Luzzatto \/ Instituto de Inform\u00e1tica da UFRGS, Porto Alegre, 2006.<\/li>\n<li>E. R. Scheinerman, <em>Matem\u00e1tica Discreta<\/em>, Thomson, S\u00e3o Paulo, 2006.<\/li>\n<li>A. C. O. Morgado, J. B. P. Carvalho, P. C. P. Pinto, P. Fernandez,<em> An\u00e1lise Combinat\u00f3ria\u00a0e Probabilidade<\/em>, 6a. edi\u00e7\u00e3o, SBM, Rio de Janeiro, 1997.<\/li>\n<\/ul>\n<\/li>\n<\/ul>\n<p>Outra Refer\u00eancia:<\/p>\n<ul>\n<li>Judith L. Gersting. <em>Fundamentos Matem\u00e1ticos para Ci\u00eancia da Computa\u00e7\u00e3o<\/em>, 4a ed. Editora LTC, Rio de Janeiro, 1982.<\/li>\n<\/ul>\n<hr \/>\n<p><strong>Material dispon\u00edvel para download:<\/strong><\/p>\n<ul>\n<li><a href=\"http:\/\/www.uff.br\/grupodelogica\/matdis_2014_2.html\">Slides de Aulas\/Listas de Exerc\u00edcios<\/a>(Geral de todas as turmas)<\/li>\n<li><a href=\"http:\/\/www.professores.uff.br\/anamluz\/wp-content\/uploads\/sites\/36\/2017\/07\/Matematica_Discreta_aula1.pps\">Informa\u00e7\u00f5es e Motiva\u00e7\u00e3o<\/a> &#8211; Slide aula 1<\/li>\n<li><a href=\"http:\/\/www.professores.uff.br\/anamluz\/wp-content\/uploads\/sites\/36\/2017\/07\/inducao_forte.pdf\">Indu\u00e7\u00e3o Forte<\/a> \/ <a href=\"http:\/\/www.professores.uff.br\/anamluz\/wp-content\/uploads\/sites\/36\/2017\/07\/Diagramas.ppt\">Diagramas<\/a><\/li>\n<li><a href=\"http:\/\/www.professores.uff.br\/anamluz\/wp-content\/uploads\/sites\/36\/2017\/07\/propriedades_das_relacoes.pdf\">Propriedades das Rela\u00e7\u00f5es<\/a> \/ <a href=\"http:\/\/www.professores.uff.br\/anamluz\/wp-content\/uploads\/sites\/36\/2017\/07\/propriedades_matriz_grafo.pdf\">Matrizes e Grafos<\/a><\/li>\n<\/ul>\n<hr \/>\n<p><strong>Provas (2013.1)<\/strong><br \/>\n<a href=\"http:\/\/www.professores.uff.br\/anamluz\/wp-content\/uploads\/sites\/36\/2017\/07\/teste_mat_2013_133333.pdf\">Teste<\/a><a href=\"http:\/\/www.professores.uff.br\/anamluz\/wp-content\/uploads\/sites\/36\/2017\/07\/P1_2013_144444.pdf\">,P1<\/a>,<a href=\"http:\/\/www.professores.uff.br\/anamluz\/wp-content\/uploads\/sites\/36\/2017\/07\/P2_2013_15555.pdf\">P2<\/a>,<a href=\"http:\/\/www.professores.uff.br\/anamluz\/wp-content\/uploads\/sites\/36\/2017\/07\/P3_mdis_2013_166666.pdf\">P3<\/a>(<a href=\"http:\/\/www.professores.uff.br\/anamluz\/wp-content\/uploads\/sites\/36\/2017\/07\/gab_P3_2013_17777.pdf\">Gab<\/a>),<a href=\"http:\/\/www.professores.uff.br\/anamluz\/wp-content\/uploads\/sites\/36\/2017\/07\/VS_mdis_2013_18888.pdf\">VS<\/a><\/p>\n<hr \/>\n<p><strong>Provas antigas (2011.2):<\/strong><\/p>\n<ul>\n<li><a href=\"http:\/\/www.professores.uff.br\/anamluz\/wp-content\/uploads\/sites\/36\/2017\/07\/P1a.pdf\">P1_B2<\/a> (<a href=\"http:\/\/www.professores.uff.br\/anamluz\/wp-content\/uploads\/sites\/36\/2017\/07\/gabarito_p1a.pdf\">Gab.<\/a>)<\/li>\n<li><a href=\"http:\/\/www.professores.uff.br\/anamluz\/wp-content\/uploads\/sites\/36\/2017\/07\/P1a_A2.pdf\">P1_A2\/C2<\/a> (<a href=\"http:\/\/www.professores.uff.br\/anamluz\/wp-content\/uploads\/sites\/36\/2017\/07\/gabarito_P1A2C2.pdf\">Gab.<\/a>)<\/li>\n<li><a href=\"http:\/\/www.professores.uff.br\/anamluz\/wp-content\/uploads\/sites\/36\/2017\/07\/P2B2.pdf\">P2_B2<\/a> (<a href=\"http:\/\/www.professores.uff.br\/anamluz\/wp-content\/uploads\/sites\/36\/2017\/07\/gab_p2b2.pdf\">Gab.<\/a>)<\/li>\n<li><a href=\"http:\/\/www.professores.uff.br\/anamluz\/wp-content\/uploads\/sites\/36\/2017\/07\/1.pdf\">P2_A2\/C2<\/a> (<a href=\"http:\/\/www.professores.uff.br\/anamluz\/wp-content\/uploads\/sites\/36\/2017\/07\/2.pdf\">Gab<\/a>.)<\/li>\n<li><a href=\"http:\/\/www.professores.uff.br\/anamluz\/wp-content\/uploads\/sites\/36\/2017\/07\/3.pdf\">P3_B2<\/a>\/ <a href=\"http:\/\/www.professores.uff.br\/anamluz\/wp-content\/uploads\/sites\/36\/2017\/07\/4.pdf\">P3_A2<\/a><\/li>\n<\/ul>\n<p>&nbsp;<\/p>\n<p style=\"text-align: center;\"><a href=\"http:\/\/www.professores.uff.br\/anamluz\/ensino\/\">Voltar para P\u00e1gina Anterior<\/a><br \/>\n<em>\u00daltima atualiza\u00e7\u00e3o em 16\/09\/2016.<\/em><\/p>\n","protected":false},"excerpt":{"rendered":"<p>Avisos: 2016.2 Matem\u00e1tica Discreta Per\u00edodo Letivo: 29\/08\/16 a 19\/01\/17. Datas das provas: P1: 10\/10, P2: 21\/12, VR: 04\/01\/17 (*) VS: 11\/01\/17 (*)VR somente para quem perdeu P1 ou P2. Atendimento:(agendar por e-mail) Possibilidade 1: segunda-feira na sala de aula (H-505) ap\u00f3s a aula . Possibilidade 2: Quinta-feira 10:00h at\u00e9 11:30h. Local: Gab 14 . Departamento [&hellip;]<\/p>\n","protected":false},"author":2,"featured_media":0,"parent":0,"menu_order":0,"comment_status":"closed","ping_status":"closed","template":"","meta":{"_exactmetrics_skip_tracking":false,"_exactmetrics_sitenote_active":false,"_exactmetrics_sitenote_note":"","_exactmetrics_sitenote_category":0,"footnotes":""},"categories":[],"tags":[],"class_list":["post-68","page","type-page","status-publish","hentry"],"_links":{"self":[{"href":"https:\/\/www.professores.uff.br\/anamluz\/wp-json\/wp\/v2\/pages\/68","targetHints":{"allow":["GET"]}}],"collection":[{"href":"https:\/\/www.professores.uff.br\/anamluz\/wp-json\/wp\/v2\/pages"}],"about":[{"href":"https:\/\/www.professores.uff.br\/anamluz\/wp-json\/wp\/v2\/types\/page"}],"author":[{"embeddable":true,"href":"https:\/\/www.professores.uff.br\/anamluz\/wp-json\/wp\/v2\/users\/2"}],"replies":[{"embeddable":true,"href":"https:\/\/www.professores.uff.br\/anamluz\/wp-json\/wp\/v2\/comments?post=68"}],"version-history":[{"count":11,"href":"https:\/\/www.professores.uff.br\/anamluz\/wp-json\/wp\/v2\/pages\/68\/revisions"}],"predecessor-version":[{"id":103,"href":"https:\/\/www.professores.uff.br\/anamluz\/wp-json\/wp\/v2\/pages\/68\/revisions\/103"}],"wp:attachment":[{"href":"https:\/\/www.professores.uff.br\/anamluz\/wp-json\/wp\/v2\/media?parent=68"}],"wp:term":[{"taxonomy":"category","embeddable":true,"href":"https:\/\/www.professores.uff.br\/anamluz\/wp-json\/wp\/v2\/categories?post=68"},{"taxonomy":"post_tag","embeddable":true,"href":"https:\/\/www.professores.uff.br\/anamluz\/wp-json\/wp\/v2\/tags?post=68"}],"curies":[{"name":"wp","href":"https:\/\/api.w.org\/{rel}","templated":true}]}}