{"id":551,"date":"2019-08-20T14:37:04","date_gmt":"2019-08-20T17:37:04","guid":{"rendered":"http:\/\/www.professores.uff.br\/andreagomes\/?page_id=551"},"modified":"2019-12-10T11:35:04","modified_gmt":"2019-12-10T14:35:04","slug":"geometria-analitica","status":"publish","type":"page","link":"https:\/\/www.professores.uff.br\/andreagomes\/geometria-analitica\/","title":{"rendered":"Geometria Anal\u00edtica"},"content":{"rendered":"<h4>\u00a0<\/h4>\n<h4><strong><span style=\"color: #a901db\"><b>Refer\u00eancia Bibliogr\u00e1fica<\/b><\/span><\/strong><\/h4>\n<p><strong>\u2013 Geometria Anal\u00edtica e C\u00e1lculo Vetorial<\/strong>\u00a0(<a href=\"http:\/\/ggmuff.mat.br\/?page_id=21\">dispon\u00edvel aqui<\/a>)<br \/>Autores: Jorge Delgado, Katia Frensel e Lhaylla Crissaf<\/p>\n<p><strong>\u2013\u00a0Coordenadas no Plano<\/strong><br \/>Autor: Elon Lages Lima<br \/>Cole\u00e7\u00e3o do Professor de Matem\u00e1tica \u2013 SBM<\/p>\n<p><strong>\u2013 Coordenadas no Espa\u00e7o<\/strong><br \/>Autor: Elon Lages Lima<br \/>Cole\u00e7\u00e3o do Professor de Matem\u00e1tica \u2013 SBM<\/p>\n<p><strong>\u2013 Geometria Anal\u00edtica<\/strong><br \/>Autor: Charles H. Lemann<br \/>Limusa Noriega Editores<\/p>\n<p><strong>\u2013 Geometria Anal\u00edtica \u2013 Um Tratamento Vetorial, 3a ed.<\/strong><br \/>Autores: Ivan de Camargo e Paulo Boulos<br \/>Editora McGraw-Hill Ltda<\/p>\n<hr \/>\n<h4><strong><span style=\"color: #a901db\"><b>Sala de Aula: IF- 303<\/b><\/span><\/strong><\/h4>\n<hr \/>\n<h4><strong><span style=\"color: #a901db\"><b>Datas de Provas<\/b><\/span><\/strong><\/h4>\n<h5><strong>P1:\u00a0<\/strong> \u00a009\/10\/2019 &#8211; <a href=\"http:\/\/www.professores.uff.br\/andreagomes\/wp-content\/uploads\/sites\/52\/2019\/10\/Gabarito_P1.pdf\"><span style=\"color: #ff0000\">Gabarito<\/span><\/a>\u00a0 <strong>P2:\u00a0<\/strong> \u00a009\/12\/2019 &#8211; <a href=\"http:\/\/www.professores.uff.br\/andreagomes\/wp-content\/uploads\/sites\/52\/2019\/12\/P2_2019_2.pdf\"><span style=\"color: #ff0000\">Gabarito<\/span><\/a>\u00a0\u00a0<\/h5>\n<h5><strong>VR:\u00a0<\/strong> 16\/12\/2019\u00a0 <strong>VS:<\/strong> 18\/12\/2019<\/h5>\n<hr \/>\n<h4><strong><span style=\"color: #a901db\"><b>Listas<\/b><\/span><\/strong><\/h4>\n<h6><a href=\"http:\/\/www.professores.uff.br\/andreagomes\/wp-content\/uploads\/sites\/52\/2019\/08\/Lista_1_GA_2019_2.pdf\">Lista I\u00a0<\/a> \u00a0 <a href=\"http:\/\/www.professores.uff.br\/andreagomes\/wp-content\/uploads\/sites\/52\/2019\/08\/Lista_2_GA_2019_2.pdf\">Lista II<\/a> \u00a0 \u00a0 <a href=\"http:\/\/ggmuff.mat.br\/wp-content\/uploads\/2019\/08\/Lista_5.pdf\">Lista III<\/a> \u00a0 <a href=\"http:\/\/ggmuff.mat.br\/wp-content\/uploads\/2019\/08\/Lista_6.pdf\">Lista IV<\/a><\/h6>\n<p><a href=\"http:\/\/www.professores.uff.br\/andreagomes\/wp-content\/uploads\/sites\/52\/2019\/09\/Lista_5_GACV_2019_2.pdf\">Lista V<\/a>\u00a0 \u00a0 \u00a0 \u00a0<a href=\"http:\/\/ggmuff.mat.br\/wp-content\/uploads\/2019\/08\/Lista_10.pdf\">Lista VI<\/a><\/p>\n<p><a href=\"http:\/\/ggmuff.mat.br\/wp-content\/uploads\/2019\/08\/Lista_3.pdf\">Lista VII<\/a>\u00a0 \u00a0 <a href=\"http:\/\/ggmuff.mat.br\/wp-content\/uploads\/2019\/08\/Lista_4.pdf\">Lista VIII<\/a>\u00a0 \u00a0<a href=\"http:\/\/ggmuff.mat.br\/wp-content\/uploads\/2019\/08\/Lista_8.pdf\">Lista IX\u00a0<\/a> \u00a0<a href=\"http:\/\/ggmuff.mat.br\/wp-content\/uploads\/2019\/08\/Lista_7.pdf\">Lista X<\/a><\/p>\n<p><a href=\"http:\/\/www.professores.uff.br\/andreagomes\/wp-content\/uploads\/sites\/52\/2019\/11\/Lista_11_2019_2_GACV.pdf\">Lista XI &#8211; com gabarito<\/a>\u00a0 \u00a0 <a href=\"http:\/\/ggmuff.mat.br\/wp-content\/uploads\/2019\/08\/Lista_11.pdf\">Lista XII<\/a><\/p>\n<h4><strong><span style=\"color: #a901db\"><b>Solu\u00e7\u00f5es de Exerc\u00edcios<\/b><\/span><\/strong><\/h4>\n<p><a href=\"https:\/\/drive.google.com\/file\/d\/160wSzWtY4zNOgt1w6kmwcMzC5EvykRkZ\/view?usp=sharing\">Teste 2 &#8211; Item (a)<\/a><\/p>\n<p><a href=\"https:\/\/drive.google.com\/open?id=161t3mnfRYVkbJ0UvhUDFc4HlxiK1BGAI\">Teste 2 &#8211; Item (b)\u00a0<\/a> \u00a0 \u00a0 \u00a0 <a href=\"https:\/\/drive.google.com\/file\/d\/16k0zfEitGUtwQEia2qEaHekrvIB23bEG\/view?usp=sharing\">Lista V &#8211; 1.c<\/a><\/p>\n<p><a href=\"http:\/\/www.professores.uff.br\/andreagomes\/wp-content\/uploads\/sites\/52\/2019\/10\/VID_20191003_155005369.mp4\">Lista VI &#8211; 1(g)<\/a> \u00a0 \u00a0 \u00a0 <a href=\"http:\/\/www.professores.uff.br\/andreagomes\/wp-content\/uploads\/sites\/52\/2019\/10\/VID_20191003_181619074.mp4\">Lista V &#8211; Exerc\u00edcio 2<\/a><\/p>\n<h4><span style=\"color: #ff0000\">Novo: <span style=\"color: #000000\"><strong>Exerc\u00edcios Propostos e Resolvidos<\/strong><\/span><\/span><\/h4>\n<p><a href=\"http:\/\/www.professores.uff.br\/andreagomes\/wp-content\/uploads\/sites\/52\/2019\/11\/Exercicios_Resolvidos.pdf\">Lista I\u00a0<\/a> \u00a0<\/p>\n<hr \/>\n<h4><a href=\"http:\/\/www.professores.uff.br\/andreagomes\/wp-content\/uploads\/sites\/52\/2019\/12\/Notas_Turma_F3.pdf\"><strong><span style=\"color: #a901db\"><b>Notas<\/b><\/span><\/strong><\/a><\/h4>\n<h5>\u00a0<\/h5>\n<h5>\u00a0<\/h5>\n<h5>\u00a0<\/h5>\n<hr \/>\n<h4>\u00a0<\/h4>\n\n\n<p><\/p>\n","protected":false},"excerpt":{"rendered":"<p>\u00a0 Refer\u00eancia Bibliogr\u00e1fica \u2013 Geometria Anal\u00edtica e C\u00e1lculo Vetorial\u00a0(dispon\u00edvel aqui)Autores: Jorge Delgado, Katia Frensel e Lhaylla Crissaf \u2013\u00a0Coordenadas no PlanoAutor: Elon Lages LimaCole\u00e7\u00e3o do Professor de Matem\u00e1tica \u2013 SBM \u2013 Coordenadas no Espa\u00e7oAutor: Elon Lages LimaCole\u00e7\u00e3o do Professor de Matem\u00e1tica \u2013 SBM \u2013 Geometria Anal\u00edticaAutor: Charles H. LemannLimusa Noriega Editores \u2013 Geometria Anal\u00edtica \u2013 Um [&hellip;]<\/p>\n","protected":false},"author":55,"featured_media":0,"parent":0,"menu_order":0,"comment_status":"closed","ping_status":"closed","template":"","meta":{"_exactmetrics_skip_tracking":false,"_exactmetrics_sitenote_active":false,"_exactmetrics_sitenote_note":"","_exactmetrics_sitenote_category":0,"footnotes":""},"categories":[],"tags":[],"class_list":["post-551","page","type-page","status-publish","hentry"],"_links":{"self":[{"href":"https:\/\/www.professores.uff.br\/andreagomes\/wp-json\/wp\/v2\/pages\/551","targetHints":{"allow":["GET"]}}],"collection":[{"href":"https:\/\/www.professores.uff.br\/andreagomes\/wp-json\/wp\/v2\/pages"}],"about":[{"href":"https:\/\/www.professores.uff.br\/andreagomes\/wp-json\/wp\/v2\/types\/page"}],"author":[{"embeddable":true,"href":"https:\/\/www.professores.uff.br\/andreagomes\/wp-json\/wp\/v2\/users\/55"}],"replies":[{"embeddable":true,"href":"https:\/\/www.professores.uff.br\/andreagomes\/wp-json\/wp\/v2\/comments?post=551"}],"version-history":[{"count":63,"href":"https:\/\/www.professores.uff.br\/andreagomes\/wp-json\/wp\/v2\/pages\/551\/revisions"}],"predecessor-version":[{"id":760,"href":"https:\/\/www.professores.uff.br\/andreagomes\/wp-json\/wp\/v2\/pages\/551\/revisions\/760"}],"wp:attachment":[{"href":"https:\/\/www.professores.uff.br\/andreagomes\/wp-json\/wp\/v2\/media?parent=551"}],"wp:term":[{"taxonomy":"category","embeddable":true,"href":"https:\/\/www.professores.uff.br\/andreagomes\/wp-json\/wp\/v2\/categories?post=551"},{"taxonomy":"post_tag","embeddable":true,"href":"https:\/\/www.professores.uff.br\/andreagomes\/wp-json\/wp\/v2\/tags?post=551"}],"curies":[{"name":"wp","href":"https:\/\/api.w.org\/{rel}","templated":true}]}}