{"id":771,"date":"2020-01-27T16:33:55","date_gmt":"2020-01-27T19:33:55","guid":{"rendered":"http:\/\/www.professores.uff.br\/andreagomes\/?page_id=771"},"modified":"2020-01-27T16:37:35","modified_gmt":"2020-01-27T19:37:35","slug":"notas-de-aula","status":"publish","type":"page","link":"https:\/\/www.professores.uff.br\/andreagomes\/notas-de-aula\/","title":{"rendered":"Notas de Aula"},"content":{"rendered":"\n<p class=\"has-text-color has-medium-font-size has-vivid-purple-color\">Introdu\u00e7\u00e3o \u00e0 Geometria Projetiva Plana Real<\/p>\n","protected":false},"excerpt":{"rendered":"<p>Introdu\u00e7\u00e3o \u00e0 Geometria Projetiva Plana Real<\/p>\n","protected":false},"author":55,"featured_media":0,"parent":0,"menu_order":0,"comment_status":"closed","ping_status":"closed","template":"","meta":{"_exactmetrics_skip_tracking":false,"_exactmetrics_sitenote_active":false,"_exactmetrics_sitenote_note":"","_exactmetrics_sitenote_category":0,"footnotes":""},"categories":[],"tags":[],"class_list":["post-771","page","type-page","status-publish","hentry"],"_links":{"self":[{"href":"https:\/\/www.professores.uff.br\/andreagomes\/wp-json\/wp\/v2\/pages\/771","targetHints":{"allow":["GET"]}}],"collection":[{"href":"https:\/\/www.professores.uff.br\/andreagomes\/wp-json\/wp\/v2\/pages"}],"about":[{"href":"https:\/\/www.professores.uff.br\/andreagomes\/wp-json\/wp\/v2\/types\/page"}],"author":[{"embeddable":true,"href":"https:\/\/www.professores.uff.br\/andreagomes\/wp-json\/wp\/v2\/users\/55"}],"replies":[{"embeddable":true,"href":"https:\/\/www.professores.uff.br\/andreagomes\/wp-json\/wp\/v2\/comments?post=771"}],"version-history":[{"count":4,"href":"https:\/\/www.professores.uff.br\/andreagomes\/wp-json\/wp\/v2\/pages\/771\/revisions"}],"predecessor-version":[{"id":776,"href":"https:\/\/www.professores.uff.br\/andreagomes\/wp-json\/wp\/v2\/pages\/771\/revisions\/776"}],"wp:attachment":[{"href":"https:\/\/www.professores.uff.br\/andreagomes\/wp-json\/wp\/v2\/media?parent=771"}],"wp:term":[{"taxonomy":"category","embeddable":true,"href":"https:\/\/www.professores.uff.br\/andreagomes\/wp-json\/wp\/v2\/categories?post=771"},{"taxonomy":"post_tag","embeddable":true,"href":"https:\/\/www.professores.uff.br\/andreagomes\/wp-json\/wp\/v2\/tags?post=771"}],"curies":[{"name":"wp","href":"https:\/\/api.w.org\/{rel}","templated":true}]}}