{"id":21,"date":"2017-08-01T12:26:49","date_gmt":"2017-08-01T15:26:49","guid":{"rendered":"http:\/\/www.professores.uff.br\/andrenepomuceno\/?page_id=21"},"modified":"2017-08-01T12:50:57","modified_gmt":"2017-08-01T15:50:57","slug":"fisica-iii","status":"publish","type":"page","link":"https:\/\/www.professores.uff.br\/andrenepomuceno\/fisica-iii\/","title":{"rendered":"F\u00cdSICA III"},"content":{"rendered":"<p><a href=\"http:\/\/www.professores.uff.br\/andrenepomuceno\/wp-content\/uploads\/sites\/41\/2017\/08\/info_gerais_fisica3_2016_2.pdf\">Calend\u00e1rio e Bibliografia<\/a><\/p>\n<p><a href=\"http:\/\/www.professores.uff.br\/andrenepomuceno\/wp-content\/uploads\/sites\/41\/2017\/08\/lista_exercicios_fisica3.pdf\">Lista de Exerc\u00edcios<\/a><\/p>\n<p><a href=\"http:\/\/www.professores.uff.br\/andrenepomuceno\/wp-content\/uploads\/sites\/41\/2017\/08\/notas_fisisca3_2016_2_divulga.pdf\"><span style=\"color: #ff0000;\"><strong>NOTAS VS<\/strong><\/span><\/a><\/p>\n<hr \/>\n<p><strong>Slides<\/strong><\/p>\n<p><a href=\"http:\/\/www.professores.uff.br\/andrenepomuceno\/wp-content\/uploads\/sites\/41\/2017\/08\/aula_mhs_fisica3.pdf\">Oscila\u00e7\u00f5es<\/a><\/p>\n<p><a href=\"http:\/\/www.professores.uff.br\/andrenepomuceno\/wp-content\/uploads\/sites\/41\/2017\/08\/aula_ondas_fisica.pdf\">Ondas e Aplica\u00e7\u00f5es<\/a><\/p>\n<p><a href=\"http:\/\/www.professores.uff.br\/andrenepomuceno\/wp-content\/uploads\/sites\/41\/2017\/08\/aula_termodinamica.pdf\">Termodin\u00e2mica<\/a><\/p>\n<hr \/>\n<p><strong>V\u00eddeos e Anima\u00e7\u00f5es<\/strong><\/p>\n<p><a href=\"https:\/\/www.youtube.com\/watch?v=SZ541Luq4nE\">Movimento Harm\u00f4nico Simples<\/a><\/p>\n<p><a href=\"https:\/\/www.youtube.com\/watch?v=5qdPL7a48Aw\">Bernoulli e a Hidrodin\u00e2mica<\/a><\/p>\n<p><a href=\"http:\/\/www.walter-fendt.de\/ph14e\/beats.htm\">Batimento<\/a><\/p>\n<p><a href=\"http:\/\/www.walter-fendt.de\/ph14e\/stwaverefl.htm\">Ondas Estacion\u00e1rias<\/a><\/p>\n<p><a href=\"https:\/\/www.youtube.com\/watch?v=wvJAgrUBF4w\">Ondas Estacion\u00e1rias 2D<\/a><\/p>\n<p><a href=\"https:\/\/www.youtube.com\/watch?v=GkNJvZINSEY\">Transmiss\u00e3o do Som<\/a><\/p>\n<p><a href=\"https:\/\/www.youtube.com\/watch?v=qgdqp-oPb1Q\">Audi\u00e7\u00e3o<\/a><\/p>\n<p><a href=\"https:\/\/www.youtube.com\/watch?v=9nzkF0hmy04\">Ulrassom na Medicina<\/a><\/p>\n<p><a href=\"https:\/\/www.youtube.com\/watch?v=Rz6UzqegA6Q&amp;index=1&amp;list=PLzRGaF8I84qunhWWeysstQiGPfqnEVsTL\">Levita\u00e7\u00e3o Ac\u00fastica<\/a><\/p>\n<p><a href=\"https:\/\/www.youtube.com\/watch?v=FKXOucXB4a8\">Batata chips e ondas sonoras<\/a><\/p>\n<p><a href=\"https:\/\/www.youtube.com\/watch?v=vwTXz33fZOw\">Energia e Entropia<\/a><\/p>\n","protected":false},"excerpt":{"rendered":"<p>Calend\u00e1rio e Bibliografia Lista de Exerc\u00edcios NOTAS VS Slides Oscila\u00e7\u00f5es Ondas e Aplica\u00e7\u00f5es Termodin\u00e2mica V\u00eddeos e Anima\u00e7\u00f5es Movimento Harm\u00f4nico Simples Bernoulli e a Hidrodin\u00e2mica Batimento Ondas Estacion\u00e1rias Ondas Estacion\u00e1rias 2D Transmiss\u00e3o do Som Audi\u00e7\u00e3o Ulrassom na Medicina Levita\u00e7\u00e3o Ac\u00fastica Batata chips e ondas sonoras Energia e Entropia<\/p>\n","protected":false},"author":2,"featured_media":0,"parent":0,"menu_order":0,"comment_status":"closed","ping_status":"closed","template":"","meta":{"_exactmetrics_skip_tracking":false,"_exactmetrics_sitenote_active":false,"_exactmetrics_sitenote_note":"","_exactmetrics_sitenote_category":0,"footnotes":""},"categories":[],"tags":[],"class_list":["post-21","page","type-page","status-publish","hentry"],"_links":{"self":[{"href":"https:\/\/www.professores.uff.br\/andrenepomuceno\/wp-json\/wp\/v2\/pages\/21","targetHints":{"allow":["GET"]}}],"collection":[{"href":"https:\/\/www.professores.uff.br\/andrenepomuceno\/wp-json\/wp\/v2\/pages"}],"about":[{"href":"https:\/\/www.professores.uff.br\/andrenepomuceno\/wp-json\/wp\/v2\/types\/page"}],"author":[{"embeddable":true,"href":"https:\/\/www.professores.uff.br\/andrenepomuceno\/wp-json\/wp\/v2\/users\/2"}],"replies":[{"embeddable":true,"href":"https:\/\/www.professores.uff.br\/andrenepomuceno\/wp-json\/wp\/v2\/comments?post=21"}],"version-history":[{"count":4,"href":"https:\/\/www.professores.uff.br\/andrenepomuceno\/wp-json\/wp\/v2\/pages\/21\/revisions"}],"predecessor-version":[{"id":53,"href":"https:\/\/www.professores.uff.br\/andrenepomuceno\/wp-json\/wp\/v2\/pages\/21\/revisions\/53"}],"wp:attachment":[{"href":"https:\/\/www.professores.uff.br\/andrenepomuceno\/wp-json\/wp\/v2\/media?parent=21"}],"wp:term":[{"taxonomy":"category","embeddable":true,"href":"https:\/\/www.professores.uff.br\/andrenepomuceno\/wp-json\/wp\/v2\/categories?post=21"},{"taxonomy":"post_tag","embeddable":true,"href":"https:\/\/www.professores.uff.br\/andrenepomuceno\/wp-json\/wp\/v2\/tags?post=21"}],"curies":[{"name":"wp","href":"https:\/\/api.w.org\/{rel}","templated":true}]}}