{"id":23,"date":"2017-08-01T12:27:25","date_gmt":"2017-08-01T15:27:25","guid":{"rendered":"http:\/\/www.professores.uff.br\/andrenepomuceno\/?page_id=23"},"modified":"2019-11-27T17:12:51","modified_gmt":"2019-11-27T20:12:51","slug":"fisica-experimental-ii","status":"publish","type":"page","link":"https:\/\/www.professores.uff.br\/andrenepomuceno\/fisica-experimental-ii\/","title":{"rendered":"F\u00cdSICA EXPERIMENTAL II"},"content":{"rendered":"<p><a href=\"http:\/\/www.professores.uff.br\/andrenepomuceno\/wp-content\/uploads\/sites\/41\/2017\/08\/fisexp2_2017_2.zip\"><a href=\"https:\/\/www.professores.uff.br\/andrenepomuceno\/?ddownload=91\" title=\"Apostila\" rel=\"nofollow\" class=\"ddownload-button button-blue id-91 ext-zip\">Apostila<\/a><\/a><\/p>\n<a href=\"https:\/\/www.professores.uff.br\/andrenepomuceno\/?ddownload=187\" title=\"Plano de Curso\" rel=\"nofollow\" class=\"ddownload-button button-blue id-187 ext-pdf\">Plano de Curso<\/a>\n<p><code><a href=\"https:\/\/www.professores.uff.br\/andrenepomuceno\/?ddownload=206\" title=\"<strong>Notas Finais<\/strong>\" rel=\"nofollow\" class=\"ddownload-button button-blue id-206 ext-pdf\"><strong>Notas Finais<\/strong><\/a><\/code><\/p>\n<p><a href=\"http:\/\/www.professores.uff.br\/andrenepomuceno\/wp-content\/uploads\/sites\/41\/2017\/08\/manual_Puro_fit.pdf\">PuroFit &#8211; Guia do Usu\u00e1rio<\/a><\/p>\n<p><a href=\"http:\/\/www.professores.uff.br\/andrenepomuceno\/wp-content\/uploads\/sites\/41\/2017\/08\/apostila_unicamp.pdf\">Tratamento de Dados Experimentais<\/a><\/p>\n<hr \/>\n<p><strong>Programa<\/strong><\/p>\n<ol>\n<li>Introdu\u00e7\u00e3o (<a href=\"http:\/\/www.professores.uff.br\/andrenepomuceno\/wp-content\/uploads\/sites\/41\/2019\/08\/aula_introducao_fisexp2_2019_2.pdf\">slides<\/a>)<\/li>\n<li>Instrumentos de Medida (<a href=\"http:\/\/www.professores.uff.br\/andrenepomuceno\/wp-content\/uploads\/sites\/41\/2017\/08\/aula_nocoes_basicas.pdf\">slides<\/a>)<\/li>\n<li>Elementos Resistivos Lineares e n\u00e3o Lineares<\/li>\n<li>Associa\u00e7\u00e3o de Resistores<\/li>\n<li>Resist\u00eancia Interna de uma Fonte<\/li>\n<li>Gerador de Fun\u00e7\u00f5es e Oscilosc\u00f3pio (<a href=\"http:\/\/www.professores.uff.br\/andrenepomuceno\/wp-content\/uploads\/sites\/41\/2017\/08\/aula_osciloscopio.pdf\">slides<\/a>)<\/li>\n<li>Circuito RC (<a href=\"http:\/\/www.professores.uff.br\/andrenepomuceno\/wp-content\/uploads\/sites\/41\/2017\/08\/aula_circuitorc.pdf\">slides<\/a>)<\/li>\n<li>Circuito RL (<a href=\"http:\/\/www.professores.uff.br\/andrenepomuceno\/wp-content\/uploads\/sites\/41\/2018\/04\/aula_circuito_rl.pdf\">slides<\/a>)<\/li>\n<li>Campo Magn\u00e9tico de um Solenoide (<a href=\"http:\/\/www.professores.uff.br\/andrenepomuceno\/wp-content\/uploads\/sites\/41\/2017\/08\/aula_solenoide.pdf\">slides<\/a>)<\/li>\n<li>Carga Espec\u00edfica do El\u00e9tron<\/li>\n<li>Indu\u00e7\u00e3o Eletromagn\u00e9tica (<a href=\"http:\/\/www.professores.uff.br\/andrenepomuceno\/wp-content\/uploads\/sites\/41\/2017\/08\/aula_leiFaraday.pdf\">slides<\/a>)<\/li>\n<\/ol>\n","protected":false},"excerpt":{"rendered":"<p>PuroFit &#8211; Guia do Usu\u00e1rio Tratamento de Dados Experimentais Programa Introdu\u00e7\u00e3o (slides) Instrumentos de Medida (slides) Elementos Resistivos Lineares e n\u00e3o Lineares Associa\u00e7\u00e3o de Resistores Resist\u00eancia Interna de uma Fonte Gerador de Fun\u00e7\u00f5es e Oscilosc\u00f3pio (slides) Circuito RC (slides) Circuito RL (slides) Campo Magn\u00e9tico de um Solenoide (slides) Carga Espec\u00edfica do El\u00e9tron Indu\u00e7\u00e3o Eletromagn\u00e9tica (slides)<\/p>\n","protected":false},"author":2,"featured_media":0,"parent":0,"menu_order":0,"comment_status":"closed","ping_status":"closed","template":"","meta":{"_exactmetrics_skip_tracking":false,"_exactmetrics_sitenote_active":false,"_exactmetrics_sitenote_note":"","_exactmetrics_sitenote_category":0,"footnotes":""},"categories":[],"tags":[],"class_list":["post-23","page","type-page","status-publish","hentry"],"_links":{"self":[{"href":"https:\/\/www.professores.uff.br\/andrenepomuceno\/wp-json\/wp\/v2\/pages\/23","targetHints":{"allow":["GET"]}}],"collection":[{"href":"https:\/\/www.professores.uff.br\/andrenepomuceno\/wp-json\/wp\/v2\/pages"}],"about":[{"href":"https:\/\/www.professores.uff.br\/andrenepomuceno\/wp-json\/wp\/v2\/types\/page"}],"author":[{"embeddable":true,"href":"https:\/\/www.professores.uff.br\/andrenepomuceno\/wp-json\/wp\/v2\/users\/2"}],"replies":[{"embeddable":true,"href":"https:\/\/www.professores.uff.br\/andrenepomuceno\/wp-json\/wp\/v2\/comments?post=23"}],"version-history":[{"count":49,"href":"https:\/\/www.professores.uff.br\/andrenepomuceno\/wp-json\/wp\/v2\/pages\/23\/revisions"}],"predecessor-version":[{"id":226,"href":"https:\/\/www.professores.uff.br\/andrenepomuceno\/wp-json\/wp\/v2\/pages\/23\/revisions\/226"}],"wp:attachment":[{"href":"https:\/\/www.professores.uff.br\/andrenepomuceno\/wp-json\/wp\/v2\/media?parent=23"}],"wp:term":[{"taxonomy":"category","embeddable":true,"href":"https:\/\/www.professores.uff.br\/andrenepomuceno\/wp-json\/wp\/v2\/categories?post=23"},{"taxonomy":"post_tag","embeddable":true,"href":"https:\/\/www.professores.uff.br\/andrenepomuceno\/wp-json\/wp\/v2\/tags?post=23"}],"curies":[{"name":"wp","href":"https:\/\/api.w.org\/{rel}","templated":true}]}}