{"id":231,"date":"2021-03-20T15:29:02","date_gmt":"2021-03-20T18:29:02","guid":{"rendered":"http:\/\/www.professores.uff.br\/andrenepomuceno\/?page_id=231"},"modified":"2021-09-24T18:17:44","modified_gmt":"2021-09-24T21:17:44","slug":"minicurso-python","status":"publish","type":"page","link":"https:\/\/www.professores.uff.br\/andrenepomuceno\/minicurso-python\/","title":{"rendered":"Minicurso Python"},"content":{"rendered":"\n<p style=\"font-size:14px\"><strong>Minicurso 2 &#8211; Python Cient\u00edfico<\/strong><\/p>\n\n\n\n<ul class=\"wp-block-list\"><li> Matplotlib Avan\u00e7ado <\/li><li>Introdu\u00e7\u00e3o ao Pandas<\/li><li>\u00c1lgebra Linear com Python <\/li><li> Solu\u00e7\u00e3o Num\u00e9rica de Equa\u00e7\u00f5es n\u00e3o-lineares <\/li><li> Integra\u00e7\u00e3o Num\u00e9rica <\/li><li> Solu\u00e7\u00e3o Num\u00e9rica de Equa\u00e7\u00f5es Diferenciais <\/li><li> Ajuste de Curvas <\/li><li>  Computa\u00e7\u00e3o Simb\u00f3lica (SymPy)<\/li><\/ul>\n\n\n\n<p class=\"has-medium-font-size\">As inscri\u00e7\u00f5es est\u00e3o encerrdas, mas voc\u00ea pode se inscrever na<strong> <a href=\"https:\/\/docs.google.com\/forms\/d\/e\/1FAIpQLSeY5mUPiRgZ4ykK49B8Pp1EEXC8D7KXQSj41qDP-YP7-kmnIw\/viewform\">LISTA DE ESPERA<\/a><\/strong><a href=\"https:\/\/docs.google.com\/forms\/d\/e\/1FAIpQLSeY5mUPiRgZ4ykK49B8Pp1EEXC8D7KXQSj41qDP-YP7-kmnIw\/viewform\"><\/a><br><strong>In\u00edcio das aulas: 05\/10\/2021<\/strong><br><strong>Dura\u00e7\u00e3o do minicurso: 5 semanas, 4h por semana.<br>Aulas ter\u00e7as e quintas, as 20h (oito da noite)<br>Plataformas utilizadas: Google Classroom e Google Meet<\/strong> <\/p>\n\n\n\n<p style=\"font-size:14px\"><strong>Minicurso 1 &#8211; Python B\u00e1sico<\/strong><\/p>\n\n\n\n<ul class=\"wp-block-list\"><li>Instala\u00e7\u00e3o<\/li><li>M\u00f3dulos<\/li><li> Vari\u00e1veis e Express\u00f5es<\/li><li> Fun\u00e7\u00f5es<\/li><li> Opera\u00e7\u00f5es com Strings<\/li><li> Estruturas de Condi\u00e7\u00e3o <\/li><li> Itera\u00e7\u00f5es <\/li><li> Numpy<\/li><li> Dicion\u00e1rios <\/li><li> Matplotlib B\u00e1sico <\/li><\/ul>\n\n\n\n<p style=\"font-size:14px\"><strong>Inscreva-se aqui<\/strong>:<strong> INSCRI\u00c7\u00d5ES ENCERRADAS<\/strong><br><strong>In\u00edcio das aulas: 01\/06\/2021<\/strong><br><strong>Dura\u00e7\u00e3o do minicurso: 5 semanas, 4h por semana.<br>Aulas ter\u00e7as e quintas, as 20h (oito da noite)<br>Plataformas utilizadas: Google Classroom e Google Meet<\/strong> <\/p>\n\n\n\n<p style=\"font-size:14px\"><strong>Inscri\u00e7\u00f5es em breve<\/strong><\/p>\n","protected":false},"excerpt":{"rendered":"<p>Minicurso 2 &#8211; Python Cient\u00edfico Matplotlib Avan\u00e7ado Introdu\u00e7\u00e3o ao Pandas \u00c1lgebra Linear com Python Solu\u00e7\u00e3o Num\u00e9rica de Equa\u00e7\u00f5es n\u00e3o-lineares Integra\u00e7\u00e3o Num\u00e9rica Solu\u00e7\u00e3o Num\u00e9rica de Equa\u00e7\u00f5es Diferenciais Ajuste de Curvas Computa\u00e7\u00e3o Simb\u00f3lica (SymPy) As inscri\u00e7\u00f5es est\u00e3o encerrdas, mas voc\u00ea pode se inscrever na LISTA DE ESPERAIn\u00edcio das aulas: 05\/10\/2021Dura\u00e7\u00e3o do minicurso: 5 semanas, 4h por semana.Aulas [&hellip;]<\/p>\n","protected":false},"author":43,"featured_media":0,"parent":0,"menu_order":0,"comment_status":"closed","ping_status":"closed","template":"","meta":{"_exactmetrics_skip_tracking":false,"_exactmetrics_sitenote_active":false,"_exactmetrics_sitenote_note":"","_exactmetrics_sitenote_category":0,"footnotes":""},"categories":[],"tags":[],"class_list":["post-231","page","type-page","status-publish","hentry"],"_links":{"self":[{"href":"https:\/\/www.professores.uff.br\/andrenepomuceno\/wp-json\/wp\/v2\/pages\/231","targetHints":{"allow":["GET"]}}],"collection":[{"href":"https:\/\/www.professores.uff.br\/andrenepomuceno\/wp-json\/wp\/v2\/pages"}],"about":[{"href":"https:\/\/www.professores.uff.br\/andrenepomuceno\/wp-json\/wp\/v2\/types\/page"}],"author":[{"embeddable":true,"href":"https:\/\/www.professores.uff.br\/andrenepomuceno\/wp-json\/wp\/v2\/users\/43"}],"replies":[{"embeddable":true,"href":"https:\/\/www.professores.uff.br\/andrenepomuceno\/wp-json\/wp\/v2\/comments?post=231"}],"version-history":[{"count":22,"href":"https:\/\/www.professores.uff.br\/andrenepomuceno\/wp-json\/wp\/v2\/pages\/231\/revisions"}],"predecessor-version":[{"id":260,"href":"https:\/\/www.professores.uff.br\/andrenepomuceno\/wp-json\/wp\/v2\/pages\/231\/revisions\/260"}],"wp:attachment":[{"href":"https:\/\/www.professores.uff.br\/andrenepomuceno\/wp-json\/wp\/v2\/media?parent=231"}],"wp:term":[{"taxonomy":"category","embeddable":true,"href":"https:\/\/www.professores.uff.br\/andrenepomuceno\/wp-json\/wp\/v2\/categories?post=231"},{"taxonomy":"post_tag","embeddable":true,"href":"https:\/\/www.professores.uff.br\/andrenepomuceno\/wp-json\/wp\/v2\/tags?post=231"}],"curies":[{"name":"wp","href":"https:\/\/api.w.org\/{rel}","templated":true}]}}