{"id":25,"date":"2017-08-01T12:28:14","date_gmt":"2017-08-01T15:28:14","guid":{"rendered":"http:\/\/www.professores.uff.br\/andrenepomuceno\/?page_id=25"},"modified":"2019-11-29T14:08:08","modified_gmt":"2019-11-29T17:08:08","slug":"fisica-experimental-iii","status":"publish","type":"page","link":"https:\/\/www.professores.uff.br\/andrenepomuceno\/fisica-experimental-iii\/","title":{"rendered":"F\u00cdSICA EXPERIMENTAL III"},"content":{"rendered":"<a href=\"https:\/\/www.professores.uff.br\/andrenepomuceno\/?ddownload=193\" title=\"Plano de Curso\" rel=\"nofollow\" class=\"ddownload-button button-blue id-193 ext-pdf\">Plano de Curso<\/a>\n<p><code><a href=\"https:\/\/www.professores.uff.br\/andrenepomuceno\/?ddownload=209\" title=\"Notas Finais\" rel=\"nofollow\" class=\"ddownload-button button-blue id-209 ext-pdf\">Notas Finais<\/a><\/code><\/p>\n<p><a href=\"http:\/\/www.professores.uff.br\/andrenepomuceno\/wp-content\/uploads\/sites\/41\/2017\/08\/apostila_unicamp-1.pdf\">Tratamento de Dados Experimentais<\/a><\/p>\n<p><a href=\"http:\/\/www.professores.uff.br\/andrenepomuceno\/wp-content\/uploads\/sites\/41\/2017\/08\/manual_Puro_fit-1.pdf\">PuroFit &#8211; Guia do Usu\u00e1rio<\/a><\/p>\n<hr \/>\n<p><strong>Roteiros<\/strong><\/p>\n<ol>\n<li>Tratamento de dados experimentais (<a href=\"http:\/\/www.professores.uff.br\/andrenepomuceno\/wp-content\/uploads\/sites\/41\/2019\/08\/aula_introducao_fisexp3_2019_2.pdf\">slides<\/a>)<\/li>\n<li><a href=\"http:\/\/www.professores.uff.br\/andrenepomuceno\/wp-content\/uploads\/sites\/41\/2017\/08\/roteiro_LAB2_Pendulo.pdf\">P\u00eandulo Simples<\/a><\/li>\n<li><a href=\"http:\/\/www.professores.uff.br\/andrenepomuceno\/wp-content\/uploads\/sites\/41\/2017\/08\/roteiro_LAB3_OscAmortecido.pdf\">Oscila\u00e7\u00f5es Harm\u00f4nicas Amortecidas<\/a><\/li>\n<li><a href=\"http:\/\/www.professores.uff.br\/andrenepomuceno\/wp-content\/uploads\/sites\/41\/2017\/08\/roteiro_LAB4_OscForcadas.pdf\">Oscila\u00e7\u00f5es Harm\u00f4nicas For\u00e7adas<\/a><\/li>\n<li><a href=\"http:\/\/www.professores.uff.br\/andrenepomuceno\/wp-content\/uploads\/sites\/41\/2017\/08\/roteiro_LAB5_Densidade.pdf\">Densidade de um L\u00edquido<\/a><\/li>\n<li><a href=\"http:\/\/www.professores.uff.br\/andrenepomuceno\/wp-content\/uploads\/sites\/41\/2017\/08\/roteiro_LAB6_OndasEstacionarias.pdf\">Ondas Estacion\u00e1rias<\/a> (<a href=\"http:\/\/www.walter-fendt.de\/ph14e\/stwaverefl.htm\">anima\u00e7\u00e3o<\/a>)<\/li>\n<li><a href=\"http:\/\/www.professores.uff.br\/andrenepomuceno\/wp-content\/uploads\/sites\/41\/2017\/08\/roteiro_LAB7_VelocidadeSom.pdf\">Velocidade do Som<\/a> (<a href=\"https:\/\/www.youtube.com\/watch?v=GkNJvZINSEY\">v\u00eddeo: Ondas Sonoras<\/a>)<\/li>\n<li><a href=\"http:\/\/www.professores.uff.br\/andrenepomuceno\/wp-content\/uploads\/sites\/41\/2017\/08\/roteiro_LAB8_TudoKundt.pdf\">Tubo de Kundt<\/a><\/li>\n<li><a href=\"http:\/\/www.professores.uff.br\/andrenepomuceno\/wp-content\/uploads\/sites\/41\/2017\/08\/roteiro_LAB9B_CalorEspecifico.pdf\">Medida do Calor Espec\u00edfico do Fe e Al<\/a><\/li>\n<li><a href=\"http:\/\/www.professores.uff.br\/andrenepomuceno\/wp-content\/uploads\/sites\/41\/2019\/10\/roteiro_LAB10_Isoterma.pdf\">Expans\u00e3o Isot\u00e9rmica<\/a><\/li>\n<\/ol>\n","protected":false},"excerpt":{"rendered":"<p>Tratamento de Dados Experimentais PuroFit &#8211; Guia do Usu\u00e1rio Roteiros Tratamento de dados experimentais (slides) P\u00eandulo Simples Oscila\u00e7\u00f5es Harm\u00f4nicas Amortecidas Oscila\u00e7\u00f5es Harm\u00f4nicas For\u00e7adas Densidade de um L\u00edquido Ondas Estacion\u00e1rias (anima\u00e7\u00e3o) Velocidade do Som (v\u00eddeo: Ondas Sonoras) Tubo de Kundt Medida do Calor Espec\u00edfico do Fe e Al Expans\u00e3o Isot\u00e9rmica<\/p>\n","protected":false},"author":2,"featured_media":0,"parent":0,"menu_order":0,"comment_status":"closed","ping_status":"closed","template":"","meta":{"_exactmetrics_skip_tracking":false,"_exactmetrics_sitenote_active":false,"_exactmetrics_sitenote_note":"","_exactmetrics_sitenote_category":0,"footnotes":""},"categories":[],"tags":[],"class_list":["post-25","page","type-page","status-publish","hentry"],"_links":{"self":[{"href":"https:\/\/www.professores.uff.br\/andrenepomuceno\/wp-json\/wp\/v2\/pages\/25","targetHints":{"allow":["GET"]}}],"collection":[{"href":"https:\/\/www.professores.uff.br\/andrenepomuceno\/wp-json\/wp\/v2\/pages"}],"about":[{"href":"https:\/\/www.professores.uff.br\/andrenepomuceno\/wp-json\/wp\/v2\/types\/page"}],"author":[{"embeddable":true,"href":"https:\/\/www.professores.uff.br\/andrenepomuceno\/wp-json\/wp\/v2\/users\/2"}],"replies":[{"embeddable":true,"href":"https:\/\/www.professores.uff.br\/andrenepomuceno\/wp-json\/wp\/v2\/comments?post=25"}],"version-history":[{"count":27,"href":"https:\/\/www.professores.uff.br\/andrenepomuceno\/wp-json\/wp\/v2\/pages\/25\/revisions"}],"predecessor-version":[{"id":215,"href":"https:\/\/www.professores.uff.br\/andrenepomuceno\/wp-json\/wp\/v2\/pages\/25\/revisions\/215"}],"wp:attachment":[{"href":"https:\/\/www.professores.uff.br\/andrenepomuceno\/wp-json\/wp\/v2\/media?parent=25"}],"wp:term":[{"taxonomy":"category","embeddable":true,"href":"https:\/\/www.professores.uff.br\/andrenepomuceno\/wp-json\/wp\/v2\/categories?post=25"},{"taxonomy":"post_tag","embeddable":true,"href":"https:\/\/www.professores.uff.br\/andrenepomuceno\/wp-json\/wp\/v2\/tags?post=25"}],"curies":[{"name":"wp","href":"https:\/\/api.w.org\/{rel}","templated":true}]}}