{"id":101,"date":"2017-08-15T12:20:28","date_gmt":"2017-08-15T15:20:28","guid":{"rendered":"http:\/\/www.professores.uff.br\/asunjg\/?page_id=101"},"modified":"2017-08-15T12:20:28","modified_gmt":"2017-08-15T15:20:28","slug":"informacoes-uteis","status":"publish","type":"page","link":"https:\/\/www.professores.uff.br\/asunjg\/informacoes-uteis\/","title":{"rendered":"Informa\u00e7\u00f5es \u00fateis"},"content":{"rendered":"<p><a href=\"http:\/\/www.bibliotecas.uff.br\/bpm\/\"><strong>-Biblioteca<\/strong><\/a><\/p>\n<p><strong>-Internet\/WiFi<\/strong><br \/>\nA rede sem fio dispon\u00edvel para os docentes \u00e9 a EDUROAM. Para cadastramento acesse <a href=\"http:\/\/www.midiacom.uff.br\/eduroam-br\/uff\/\">aqui.<\/a><br \/>\nPara solucionar problemas com o ponto de internet fixa no seu gabinete contate com o <a href=\"http:\/\/www.uff.br\/sti\">STI.<\/a><\/p>\n<p><strong>-Xerox e material<\/strong><br \/>\nNo Departamento de Geometria o servi\u00e7o de impress\u00e3o e xerox (salvo c\u00f3pias de provas) \u00e9 por conta do professor. Para solicitar as c\u00f3pias de suas provas se dirija \u00e0 secretaria do departamento. Na secretaria tamb\u00e9m est\u00e3o dispon\u00edveis folhas de pauta, canetas para quadro branco, etc.<\/p>\n<p><strong>-Datashow<\/strong><br \/>\nNo Departamento de Geometria existem um datashow e um laptop dispon\u00edveis para apresenta\u00e7\u00f5es. O professor pode solicit\u00e1-los \u00e0 chefia ou na secretaria.<\/p>\n<p><strong>-Telefone\/e-mails<\/strong><br \/>\nChefe do GGM: Roberto Geraldo T. Arnaut<br \/>\nSubchefe do GGM: Ivan Silva de Onofre<br \/>\n<a href=\"mailto:ggm@vm.uff.br\">Email chefia<\/a><br \/>\n<a href=\"mailto:ggm.sec@vm.uff.br\">Email secretaria<\/a><br \/>\nTelefone: 2629-2100<\/p>\n\n<table id=\"tablepress-2\" class=\"tablepress tablepress-id-2\">\n<thead>\n<tr class=\"row-1\">\n\t<th class=\"column-1\"><a href=\"http:\/\/www.professores.uff.br\/asunjg\/\">Principal \/ Home<\/a><br \/>\n<\/th><th class=\"column-2\"><a href=\"http:\/\/www.professores.uff.br\/asunjg\/guia-do-professor-ingressante\/\">Voltar \u00e0 Guia<\/a><\/th>\n<\/tr>\n<\/thead>\n<tbody class=\"row-striping row-hover\">\n<\/tbody>\n<\/table>\n<!-- #tablepress-2 from cache -->\n","protected":false},"excerpt":{"rendered":"<p>-Biblioteca -Internet\/WiFi A rede sem fio dispon\u00edvel para os docentes \u00e9 a EDUROAM. Para cadastramento acesse aqui. Para solucionar problemas com o ponto de internet fixa no seu gabinete contate com o STI. -Xerox e material No Departamento de Geometria o servi\u00e7o de impress\u00e3o e xerox (salvo c\u00f3pias de provas) \u00e9 por conta do professor. [&hellip;]<\/p>\n","protected":false},"author":2,"featured_media":0,"parent":0,"menu_order":0,"comment_status":"closed","ping_status":"closed","template":"","meta":{"_exactmetrics_skip_tracking":false,"_exactmetrics_sitenote_active":false,"_exactmetrics_sitenote_note":"","_exactmetrics_sitenote_category":0,"footnotes":""},"categories":[],"tags":[],"class_list":["post-101","page","type-page","status-publish","hentry"],"_links":{"self":[{"href":"https:\/\/www.professores.uff.br\/asunjg\/wp-json\/wp\/v2\/pages\/101","targetHints":{"allow":["GET"]}}],"collection":[{"href":"https:\/\/www.professores.uff.br\/asunjg\/wp-json\/wp\/v2\/pages"}],"about":[{"href":"https:\/\/www.professores.uff.br\/asunjg\/wp-json\/wp\/v2\/types\/page"}],"author":[{"embeddable":true,"href":"https:\/\/www.professores.uff.br\/asunjg\/wp-json\/wp\/v2\/users\/2"}],"replies":[{"embeddable":true,"href":"https:\/\/www.professores.uff.br\/asunjg\/wp-json\/wp\/v2\/comments?post=101"}],"version-history":[{"count":1,"href":"https:\/\/www.professores.uff.br\/asunjg\/wp-json\/wp\/v2\/pages\/101\/revisions"}],"predecessor-version":[{"id":102,"href":"https:\/\/www.professores.uff.br\/asunjg\/wp-json\/wp\/v2\/pages\/101\/revisions\/102"}],"wp:attachment":[{"href":"https:\/\/www.professores.uff.br\/asunjg\/wp-json\/wp\/v2\/media?parent=101"}],"wp:term":[{"taxonomy":"category","embeddable":true,"href":"https:\/\/www.professores.uff.br\/asunjg\/wp-json\/wp\/v2\/categories?post=101"},{"taxonomy":"post_tag","embeddable":true,"href":"https:\/\/www.professores.uff.br\/asunjg\/wp-json\/wp\/v2\/tags?post=101"}],"curies":[{"name":"wp","href":"https:\/\/api.w.org\/{rel}","templated":true}]}}