{"id":12,"date":"2017-08-15T10:53:12","date_gmt":"2017-08-15T13:53:12","guid":{"rendered":"http:\/\/www.professores.uff.br\/asunjg\/?page_id=12"},"modified":"2019-10-26T15:12:53","modified_gmt":"2019-10-26T18:12:53","slug":"pesquisa-research","status":"publish","type":"page","link":"https:\/\/www.professores.uff.br\/asunjg\/pesquisa-research\/","title":{"rendered":"Pesquisa \/ Research"},"content":{"rendered":"<h3><strong>Grupos de Pesquisa \/ Research Groups<\/strong><\/h3>\n<ul>\n<li>Projeto Universal CNPq 2018: EDPs Geom\u00e9tricas e Teoria de subvariedades (434253\/2018-9)<\/li>\n<li>Grupo Emergentes FAPERJ 2016: An\u00e1lise Geom\u00e9trica e Equa\u00e7\u00f5es conformes (E26\/010.001633\/2016)<\/li>\n<li>Equa\u00e7\u00f5es em derivadas parciais geom\u00e9tricas, teor\u00eda global de superf\u00edcies e espa\u00e7os com densidade (CNPq 405732\/2013-9)<\/li>\n<li><a href=\"http:\/\/www.ugr.es\/~edpgeometricas\/\">Problemas geom\u00e9tricos y EDPs de la teor\u00eda de superficies en espacios tridimensionales. Ministerio de Educaci\u00f3n y Ciencia (MTM2010-19821)<\/a><\/li>\n<li>An\u00e1lisis Geom\u00e9trico y aplicaciones. Proyecto de Excelencia de la Junta de Andaluc\u00eda (P06-FQM-01642)<\/li>\n<li><a href=\"http:\/\/www.ugr.es\/~gipvg\/\">Problemas variacionales en geometr\u00eda. Junta de Andaluc\u00eda (FQM325)<\/a><\/li>\n<li><a href=\"http:\/\/www.ugr.es\/~reag\/\">Red Espa\u00f1ola de An\u00e1lisis Geom\u00e9trico (REAG).<\/a> Ministerio de Ciencia e Innovaci\u00f3n (MTM-2009-06054-E)<\/li>\n<\/ul>\n<h3><strong>Artigos \/ Papers<\/strong><\/h3>\n<ul>\n<li>A correspondence for isometric immersions into product spaces and its applications, <a href=\"https:\/\/www.elsevier.com\/journals\/journal-of-geometry-and-physics\/0393-0440#description\">Journal of Geometry and Physics<\/a> (with <a href=\"http:\/\/www.ugr.es\/~jagalvez\/\" target=\"_blank\" rel=\"noopener noreferrer\">Jos\u00e9 A. G\u00e1lvez<\/a>\u00a0and <a href=\"http:\/\/filemon.upct.es\/~pmira\/\" target=\"_blank\" rel=\"noopener noreferrer\">Pablo Mira<\/a>).<a href=\"http:\/\/www.professores.uff.br\/asunjg\/wp-content\/uploads\/sites\/79\/2017\/08\/GJM.pdf\"><img loading=\"lazy\" decoding=\"async\" class=\"alignnone size-full wp-image-30\" src=\"http:\/\/www.professores.uff.br\/asunjg\/wp-content\/uploads\/sites\/79\/2017\/08\/pdf.gif\" alt=\"\" width=\"42\" height=\"18\" \/><\/a><\/li>\n<li>The Geometric Neumann problem for the Liouville equation. Calculus of Variations and Partial Differential Equations, (with <a href=\"http:\/\/www.ugr.es\/~jagalvez\/\" target=\"_blank\" rel=\"noopener noreferrer\">Jos\u00e9 A. G\u00e1lvez<\/a>\u00a0and <a href=\"http:\/\/filemon.upct.es\/~pmira\/\" target=\"_blank\" rel=\"noopener noreferrer\">Pablo Mira<\/a>).<a href=\"http:\/\/www.professores.uff.br\/asunjg\/wp-content\/uploads\/sites\/79\/2017\/08\/GJM2.pdf\"><img loading=\"lazy\" decoding=\"async\" class=\"alignnone size-full wp-image-30\" src=\"http:\/\/www.professores.uff.br\/asunjg\/wp-content\/uploads\/sites\/79\/2017\/08\/pdf.gif\" alt=\"\" width=\"42\" height=\"18\" \/><\/a><\/li>\n<li>The Liouville equation in an annulus, Journal of Nonlinear Analysis: Theory, Methods &amp; Applications.<a href=\"http:\/\/www.professores.uff.br\/asunjg\/wp-content\/uploads\/sites\/79\/2017\/08\/annulus.pdf\"><img loading=\"lazy\" decoding=\"async\" class=\"alignnone size-full wp-image-30\" src=\"http:\/\/www.professores.uff.br\/asunjg\/wp-content\/uploads\/sites\/79\/2017\/08\/pdf.gif\" alt=\"\" width=\"42\" height=\"18\" \/><\/a><\/li>\n<li>A classification of isolated singularities of elliptic Monge-Amp\u00e8re equations in dimension two. Comm. Pure Appl. Math (with <a href=\"http:\/\/www.ugr.es\/~jagalvez\/\" target=\"_blank\" rel=\"noopener noreferrer\">Jos\u00e9 A. G\u00e1lvez<\/a>\u00a0and <a href=\"http:\/\/filemon.upct.es\/~pmira\/\" target=\"_blank\" rel=\"noopener noreferrer\">Pablo Mira<\/a>).<a href=\"https:\/\/arxiv.org\/pdf\/1411.2904.pdf\"><img loading=\"lazy\" decoding=\"async\" class=\"alignnone wp-image-30 size-full\" src=\"http:\/\/www.professores.uff.br\/asunjg\/wp-content\/uploads\/sites\/79\/2017\/08\/pdf.gif\" alt=\"\" width=\"42\" height=\"18\" \/><\/a><\/li>\n<li>Isolated sigularities of graphs in warped products and Monge-Amp\u00e8re equations. J. Differential Equations (with <a href=\"http:\/\/www.ugr.es\/~jagalvez\/\" target=\"_blank\" rel=\"noopener noreferrer\">Jos\u00e9 A. G\u00e1lvez<\/a>\u00a0and <a href=\"http:\/\/filemon.upct.es\/~pmira\/\" target=\"_blank\" rel=\"noopener noreferrer\">Pablo Mira<\/a>).\u00a0<a href=\"http:\/\/www.professores.uff.br\/asunjg\/wp-content\/uploads\/sites\/79\/2017\/08\/MA2.pdf\"><img loading=\"lazy\" decoding=\"async\" class=\"alignnone size-full wp-image-30\" src=\"http:\/\/www.professores.uff.br\/asunjg\/wp-content\/uploads\/sites\/79\/2017\/08\/pdf.gif\" alt=\"\" width=\"42\" height=\"18\" \/><\/a><\/li>\n<li>Isolated singularities of the prescribed mean curvature equation in Minkowski 3-space. Ann. I. H. Poincar\u00e9 (with <a href=\"http:\/\/www.ugr.es\/~jagalvez\/\" target=\"_blank\" rel=\"noopener noreferrer\">Jos\u00e9 A. G\u00e1lvez<\/a>\u00a0and <a href=\"http:\/\/filemon.upct.es\/~pmira\/\" target=\"_blank\" rel=\"noopener noreferrer\">Pablo Mira<\/a>).\u00a0<a href=\"https:\/\/arxiv.org\/pdf\/1703.02368.pdf\"><img loading=\"lazy\" decoding=\"async\" class=\"alignnone wp-image-30 size-full\" src=\"http:\/\/www.professores.uff.br\/asunjg\/wp-content\/uploads\/sites\/79\/2017\/08\/pdf.gif\" alt=\"\" width=\"42\" height=\"18\" \/><\/a><\/li>\n<\/ul>\n<p>WORK IN PROGRESS<\/p>\n<ul>\n<li>Isolated singularities of Elliptic Linear Weingarten surfaces.<\/li>\n<li>On the problem of the local embedding in R^3 for conical metrics of positive curvature.<\/li>\n<li>Isolated singularities of partial quasilinear equations.<\/li>\n<\/ul>\n<p><strong><a href=\"http:\/\/lattes.cnpq.br\/6613659144733499\">Curriculo Lattes<\/a><br \/>\n<\/strong><\/p>\n","protected":false},"excerpt":{"rendered":"<p>Grupos de Pesquisa \/ Research Groups Projeto Universal CNPq 2018: EDPs Geom\u00e9tricas e Teoria de subvariedades (434253\/2018-9) Grupo Emergentes FAPERJ 2016: An\u00e1lise Geom\u00e9trica e Equa\u00e7\u00f5es conformes (E26\/010.001633\/2016) Equa\u00e7\u00f5es em derivadas parciais geom\u00e9tricas, teor\u00eda global de superf\u00edcies e espa\u00e7os com densidade (CNPq 405732\/2013-9) Problemas geom\u00e9tricos y EDPs de la teor\u00eda de superficies en espacios tridimensionales. Ministerio [&hellip;]<\/p>\n","protected":false},"author":2,"featured_media":0,"parent":0,"menu_order":0,"comment_status":"closed","ping_status":"closed","template":"","meta":{"_exactmetrics_skip_tracking":false,"_exactmetrics_sitenote_active":false,"_exactmetrics_sitenote_note":"","_exactmetrics_sitenote_category":0,"footnotes":""},"categories":[],"tags":[],"class_list":["post-12","page","type-page","status-publish","hentry"],"_links":{"self":[{"href":"https:\/\/www.professores.uff.br\/asunjg\/wp-json\/wp\/v2\/pages\/12","targetHints":{"allow":["GET"]}}],"collection":[{"href":"https:\/\/www.professores.uff.br\/asunjg\/wp-json\/wp\/v2\/pages"}],"about":[{"href":"https:\/\/www.professores.uff.br\/asunjg\/wp-json\/wp\/v2\/types\/page"}],"author":[{"embeddable":true,"href":"https:\/\/www.professores.uff.br\/asunjg\/wp-json\/wp\/v2\/users\/2"}],"replies":[{"embeddable":true,"href":"https:\/\/www.professores.uff.br\/asunjg\/wp-json\/wp\/v2\/comments?post=12"}],"version-history":[{"count":10,"href":"https:\/\/www.professores.uff.br\/asunjg\/wp-json\/wp\/v2\/pages\/12\/revisions"}],"predecessor-version":[{"id":316,"href":"https:\/\/www.professores.uff.br\/asunjg\/wp-json\/wp\/v2\/pages\/12\/revisions\/316"}],"wp:attachment":[{"href":"https:\/\/www.professores.uff.br\/asunjg\/wp-json\/wp\/v2\/media?parent=12"}],"wp:term":[{"taxonomy":"category","embeddable":true,"href":"https:\/\/www.professores.uff.br\/asunjg\/wp-json\/wp\/v2\/categories?post=12"},{"taxonomy":"post_tag","embeddable":true,"href":"https:\/\/www.professores.uff.br\/asunjg\/wp-json\/wp\/v2\/tags?post=12"}],"curies":[{"name":"wp","href":"https:\/\/api.w.org\/{rel}","templated":true}]}}