{"id":14,"date":"2017-08-15T10:53:20","date_gmt":"2017-08-15T13:53:20","guid":{"rendered":"http:\/\/www.professores.uff.br\/asunjg\/?page_id=14"},"modified":"2019-03-18T11:18:54","modified_gmt":"2019-03-18T14:18:54","slug":"teaching","status":"publish","type":"page","link":"https:\/\/www.professores.uff.br\/asunjg\/teaching\/","title":{"rendered":"Ensino\/Teaching"},"content":{"rendered":"<h3 style=\"text-align: left\" align=\"LEFT\"><strong><a href=\"http:\/\/www.professores.uff.br\/andreagomes\/projeto-de-ensino\/\">Projeto de Ensino CONTE\u00daDOS DIGITAIS EM GEOMETRIA<\/a><\/strong><\/h3>\n<ul>\n<li style=\"text-align: left\">OBJETIVO: Reforc\u0327ar o aprendizado dos participantes nos conteu\u0301dos de Geometria Anali\u0301tica e C\u00e1lculo Vetorial utilizando ferramentas digitais para gerar materiais com objetivo de auxiliar professores e alunos.<\/li>\n<li style=\"text-align: left\">Formul\u00e1rio de inscrip\u00e7\u00e3o <a href=\"http:\/\/www.professores.uff.br\/andreagomes\/inscricao\/\">aqu\u00ed<\/a><\/li>\n<\/ul>\n<h3><strong>DISCIPLINAS<\/strong><\/h3>\n<ul>\n<li><a href=\"http:\/\/www.professores.uff.br\/asunjg\/geometria-analitica-i\/\"><strong>Geometria Anal\u00edtica I<\/strong><\/a><\/li>\n<li><strong><a href=\"http:\/\/www.professores.uff.br\/asunjg\/geometria-analitica-ii\/\">Geometria Anal\u00edtica II<\/a><\/strong><\/li>\n<li><a href=\"http:\/\/www.professores.uff.br\/asunjg\/geometria-analitica-e-calculo-vetorial\/\"><strong>Geometria Anal\u00edtica e Calculo Vetorial<\/strong><\/a><\/li>\n<li><strong><a href=\"http:\/\/www.professores.uff.br\/asunjg\/geometria-riemanniana\/\">Geometria Riemanniana<\/a><br \/>\n<\/strong><\/li>\n<li><a href=\"http:\/\/www.professores.uff.br\/asunjg\/geometria-diferencial\/\"><strong>Geometria Diferencial<\/strong><\/a><\/li>\n<li><strong><a href=\"http:\/\/www.professores.uff.br\/asunjg\/analise-ii\/\">An\u00e1lise II<\/a><br \/>\n<\/strong><\/li>\n<\/ul>\n","protected":false},"excerpt":{"rendered":"<p>Projeto de Ensino CONTE\u00daDOS DIGITAIS EM GEOMETRIA OBJETIVO: Reforc\u0327ar o aprendizado dos participantes nos conteu\u0301dos de Geometria Anali\u0301tica e C\u00e1lculo Vetorial utilizando ferramentas digitais para gerar materiais com objetivo de auxiliar professores e alunos. Formul\u00e1rio de inscrip\u00e7\u00e3o aqu\u00ed DISCIPLINAS Geometria Anal\u00edtica I Geometria Anal\u00edtica II Geometria Anal\u00edtica e Calculo Vetorial Geometria Riemanniana Geometria Diferencial An\u00e1lise [&hellip;]<\/p>\n","protected":false},"author":2,"featured_media":0,"parent":0,"menu_order":0,"comment_status":"closed","ping_status":"closed","template":"","meta":{"_exactmetrics_skip_tracking":false,"_exactmetrics_sitenote_active":false,"_exactmetrics_sitenote_note":"","_exactmetrics_sitenote_category":0,"footnotes":""},"categories":[],"tags":[],"class_list":["post-14","page","type-page","status-publish","hentry"],"_links":{"self":[{"href":"https:\/\/www.professores.uff.br\/asunjg\/wp-json\/wp\/v2\/pages\/14","targetHints":{"allow":["GET"]}}],"collection":[{"href":"https:\/\/www.professores.uff.br\/asunjg\/wp-json\/wp\/v2\/pages"}],"about":[{"href":"https:\/\/www.professores.uff.br\/asunjg\/wp-json\/wp\/v2\/types\/page"}],"author":[{"embeddable":true,"href":"https:\/\/www.professores.uff.br\/asunjg\/wp-json\/wp\/v2\/users\/2"}],"replies":[{"embeddable":true,"href":"https:\/\/www.professores.uff.br\/asunjg\/wp-json\/wp\/v2\/comments?post=14"}],"version-history":[{"count":33,"href":"https:\/\/www.professores.uff.br\/asunjg\/wp-json\/wp\/v2\/pages\/14\/revisions"}],"predecessor-version":[{"id":300,"href":"https:\/\/www.professores.uff.br\/asunjg\/wp-json\/wp\/v2\/pages\/14\/revisions\/300"}],"wp:attachment":[{"href":"https:\/\/www.professores.uff.br\/asunjg\/wp-json\/wp\/v2\/media?parent=14"}],"wp:term":[{"taxonomy":"category","embeddable":true,"href":"https:\/\/www.professores.uff.br\/asunjg\/wp-json\/wp\/v2\/categories?post=14"},{"taxonomy":"post_tag","embeddable":true,"href":"https:\/\/www.professores.uff.br\/asunjg\/wp-json\/wp\/v2\/tags?post=14"}],"curies":[{"name":"wp","href":"https:\/\/api.w.org\/{rel}","templated":true}]}}