{"id":16,"date":"2017-08-15T10:53:33","date_gmt":"2017-08-15T13:53:33","guid":{"rendered":"http:\/\/www.professores.uff.br\/asunjg\/?page_id=16"},"modified":"2017-08-15T11:37:00","modified_gmt":"2017-08-15T14:37:00","slug":"guia-do-professor-ingressante","status":"publish","type":"page","link":"https:\/\/www.professores.uff.br\/asunjg\/guia-do-professor-ingressante\/","title":{"rendered":"Guia do Professor Ingressante"},"content":{"rendered":"<p>&nbsp;<\/p>\n\n<table id=\"tablepress-1\" class=\"tablepress tablepress-id-1\">\n<tbody class=\"row-hover\">\n<tr class=\"row-1\">\n\t<td class=\"column-1\"><a href\"http:\/\/www.professores.uff.br\/asunjg\">Principal \/ Home<\/a><\/td><td class=\"column-2\"><a href=\"http:\/\/www.professores.uff.br\/asunjg\/estagio-probatorio\/\">Est\u00e1gio Probat\u00f3rio<\/a><\/td><td class=\"column-3\"><a href=\"http:\/\/www.professores.uff.br\/asunjg\/economico\/\">Quest\u00f5es financeiras<\/a><\/td><td class=\"column-4\"><a href=\"http:\/\/www.professores.uff.br\/asunjg\/processos-online\/\">Processos Online<\/a><\/td><td class=\"column-5\"><a href=\"http:\/\/www.professores.uff.br\/asunjg\/ensino-e-pesquisa\/\">Ensino e Pesquisa<\/a><\/td>\n<\/tr>\n<tr class=\"row-2\">\n\t<td class=\"column-1\"><a href=\"http:\/\/www.professores.uff.br\/asunjg\/extensao\/\">Extens\u00e3o<\/a><\/td><td class=\"column-2\"><a href=\"http:\/\/www.professores.uff.br\/asunjg\/progressoes\/\">Progress\u00f5es<\/a><\/td><td class=\"column-3\"><a href=\"http:\/\/www.professores.uff.br\/asunjg\/institucionaladministrativo\/\">Institucional\/Administrativo<\/a><\/td><td class=\"column-4\"><a href=\"http:\/\/www.professores.uff.br\/asunjg\/graduacao\/\">Gradua\u00e7\u00e3o<\/a><\/td><td class=\"column-5\"><a href=\"http:\/\/www.professores.uff.br\/asunjg\/informacoes-uteis\/\">Informa\u00e7\u00f5es \u00fateis<\/a><\/td>\n<\/tr>\n<\/tbody>\n<\/table>\n<!-- #tablepress-1 from cache -->\n<p><strong>O objetivo desta guia \u00e9 fornecer informa\u00e7\u00f5es \u00fateis aos professores ingressantes no Departamento de Geometria da UFF e ao mesmo tempo dar uma ideia geral das obriga\u00e7\u00f5es e direitos deles durante os primeiros anos na institui\u00e7\u00e3o.<\/strong><\/p>\n","protected":false},"excerpt":{"rendered":"<p>&nbsp; O objetivo desta guia \u00e9 fornecer informa\u00e7\u00f5es \u00fateis aos professores ingressantes no Departamento de Geometria da UFF e ao mesmo tempo dar uma ideia geral das obriga\u00e7\u00f5es e direitos deles durante os primeiros anos na institui\u00e7\u00e3o.<\/p>\n","protected":false},"author":2,"featured_media":0,"parent":0,"menu_order":0,"comment_status":"closed","ping_status":"closed","template":"","meta":{"_exactmetrics_skip_tracking":false,"_exactmetrics_sitenote_active":false,"_exactmetrics_sitenote_note":"","_exactmetrics_sitenote_category":0,"footnotes":""},"categories":[],"tags":[],"class_list":["post-16","page","type-page","status-publish","hentry"],"_links":{"self":[{"href":"https:\/\/www.professores.uff.br\/asunjg\/wp-json\/wp\/v2\/pages\/16","targetHints":{"allow":["GET"]}}],"collection":[{"href":"https:\/\/www.professores.uff.br\/asunjg\/wp-json\/wp\/v2\/pages"}],"about":[{"href":"https:\/\/www.professores.uff.br\/asunjg\/wp-json\/wp\/v2\/types\/page"}],"author":[{"embeddable":true,"href":"https:\/\/www.professores.uff.br\/asunjg\/wp-json\/wp\/v2\/users\/2"}],"replies":[{"embeddable":true,"href":"https:\/\/www.professores.uff.br\/asunjg\/wp-json\/wp\/v2\/comments?post=16"}],"version-history":[{"count":5,"href":"https:\/\/www.professores.uff.br\/asunjg\/wp-json\/wp\/v2\/pages\/16\/revisions"}],"predecessor-version":[{"id":208,"href":"https:\/\/www.professores.uff.br\/asunjg\/wp-json\/wp\/v2\/pages\/16\/revisions\/208"}],"wp:attachment":[{"href":"https:\/\/www.professores.uff.br\/asunjg\/wp-json\/wp\/v2\/media?parent=16"}],"wp:term":[{"taxonomy":"category","embeddable":true,"href":"https:\/\/www.professores.uff.br\/asunjg\/wp-json\/wp\/v2\/categories?post=16"},{"taxonomy":"post_tag","embeddable":true,"href":"https:\/\/www.professores.uff.br\/asunjg\/wp-json\/wp\/v2\/tags?post=16"}],"curies":[{"name":"wp","href":"https:\/\/api.w.org\/{rel}","templated":true}]}}