{"id":173,"date":"2018-03-11T16:01:40","date_gmt":"2018-03-11T19:01:40","guid":{"rendered":"http:\/\/www.professores.uff.br\/asunjg\/?page_id=173"},"modified":"2019-04-09T08:03:00","modified_gmt":"2019-04-09T11:03:00","slug":"geometria-analitica-e-calculo-vetorial","status":"publish","type":"page","link":"https:\/\/www.professores.uff.br\/asunjg\/geometria-analitica-e-calculo-vetorial\/","title":{"rendered":"Geometria Anal\u00edtica e C\u00e1lculo Vetorial"},"content":{"rendered":"<ul>\n<li><span style=\"color: #ff0000\">AVISO: por causa das fortes chuvas, a aula de hoje 09-04 est\u00e1 cancelada<\/span><\/li>\n<\/ul>\n<ul>\n<li>Arquivos Geogebra sobre c\u00f4nicas (com D. Nogueira) <a href=\"http:\/\/www.professores.uff.br\/asunjg\/wp-content\/uploads\/sites\/79\/2017\/08\/conicas-com-geogebra.zip\">BAIXAR.<\/a><\/li>\n<li>Slides sobre c\u00f4nicas e qu\u00e1dricas na arquitetura (com M. Schuabb) <a href=\"https:\/\/www.professores.uff.br\/asunjg\/?ddownload=196\" title=\"BAIXAR\" rel=\"nofollow\" class=\"ddownload-link id-196 ext-odt\">BAIXAR<\/a>.<\/li>\n<li>Arquivos Qu\u00e1dricas com Mathematica (com R. Henrique) <a href=\"https:\/\/www.dropbox.com\/s\/89inn9lrgmij5ph\/Quadricas.rar?dl=0\">BAIXAR<\/a><\/li>\n<li>Material complementar: Aplica\u00e7\u00f5es da Geometria Anal\u00edtica nas disciplinas da Engenharia (com B. Lima) <a href=\"https:\/\/www.dropbox.com\/s\/z236pj0u0kehjvy\/TrabalhoMonitoria.docx?dl=0\">BAIXAR<\/a><\/li>\n<li>Listas de Exerc\u00edcios: <a href=\"https:\/\/www.dropbox.com\/s\/dqm6q2zvwit5037\/Lista_1.pdf?dl=0\">Lista_1<\/a>\/<a href=\"https:\/\/www.dropbox.com\/s\/czeb0j0x70xl73h\/Lista_2.pdf?dl=0\">Lista_2<\/a>\/<a href=\"https:\/\/www.dropbox.com\/s\/saci72kqtafqu19\/Lista_3.pdf?dl=0\">Lista_3<\/a>\/<a href=\"https:\/\/www.dropbox.com\/s\/s7w3ph464z257n3\/Lista_4.pdf?dl=0\">Lista_4<\/a>\/<a href=\"https:\/\/www.dropbox.com\/s\/pxvqy3qjh2fzugo\/Lista_5.pdf?dl=0\">Lista_5<\/a>\/<a href=\"https:\/\/www.dropbox.com\/s\/ha2d3vo7dvwwvtw\/Lista_6.pdf?dl=0\">Lista_6<\/a>\/<a href=\"https:\/\/www.dropbox.com\/s\/3ty71vdz10l6zgl\/Lista_7.pdf?dl=0\">Lista_7<\/a>\/<a href=\"https:\/\/www.dropbox.com\/s\/mxae5td859nw9nu\/Lista_8.pdf?dl=0\">Lista_8<\/a>\/<a href=\"https:\/\/www.dropbox.com\/s\/2i30l5pw22ba3ij\/Lista_9.pdf?dl=0\">Lista_9<\/a>\/<a href=\"https:\/\/www.dropbox.com\/s\/2vv7v84irulcfes\/Lista_10.pdf?dl=0\">Lista_10<\/a><\/li>\n<li><a href=\"https:\/\/www.dropbox.com\/s\/4lmrjk24296bv33\/GGM00160Ementa-1.pdf?dl=0\" target=\"_blank\" rel=\"noopener noreferrer\">Bibliograf\u00eda<\/a><\/li>\n<li>Hor\u00e1rios de monitoria: EM BREVE<\/li>\n<li><a href=\"https:\/\/www.dropbox.com\/s\/jskraxy9xv8t7fk\/Apostila.rar?dl=0\">Apostila estendida<\/a><\/li>\n<li>Datas das provas: P1: 14\/05, P2: 04\/07, VR: 09\/07, VS: 16\/07<\/li>\n<li>Notas:\u00a0<a href=\"https:\/\/www.dropbox.com\/s\/yjsxohdtmnbyokc\/A1semestre.xlsx?dl=0\"><br \/>\n<\/a><\/li>\n<\/ul>\n","protected":false},"excerpt":{"rendered":"<p>AVISO: por causa das fortes chuvas, a aula de hoje 09-04 est\u00e1 cancelada Arquivos Geogebra sobre c\u00f4nicas (com D. Nogueira) BAIXAR. Slides sobre c\u00f4nicas e qu\u00e1dricas na arquitetura (com M. Schuabb) . Arquivos Qu\u00e1dricas com Mathematica (com R. Henrique) BAIXAR Material complementar: Aplica\u00e7\u00f5es da Geometria Anal\u00edtica nas disciplinas da Engenharia (com B. Lima) BAIXAR Listas [&hellip;]<\/p>\n","protected":false},"author":83,"featured_media":0,"parent":0,"menu_order":0,"comment_status":"closed","ping_status":"closed","template":"","meta":{"_exactmetrics_skip_tracking":false,"_exactmetrics_sitenote_active":false,"_exactmetrics_sitenote_note":"","_exactmetrics_sitenote_category":0,"footnotes":""},"categories":[],"tags":[],"class_list":["post-173","page","type-page","status-publish","hentry"],"_links":{"self":[{"href":"https:\/\/www.professores.uff.br\/asunjg\/wp-json\/wp\/v2\/pages\/173","targetHints":{"allow":["GET"]}}],"collection":[{"href":"https:\/\/www.professores.uff.br\/asunjg\/wp-json\/wp\/v2\/pages"}],"about":[{"href":"https:\/\/www.professores.uff.br\/asunjg\/wp-json\/wp\/v2\/types\/page"}],"author":[{"embeddable":true,"href":"https:\/\/www.professores.uff.br\/asunjg\/wp-json\/wp\/v2\/users\/83"}],"replies":[{"embeddable":true,"href":"https:\/\/www.professores.uff.br\/asunjg\/wp-json\/wp\/v2\/comments?post=173"}],"version-history":[{"count":19,"href":"https:\/\/www.professores.uff.br\/asunjg\/wp-json\/wp\/v2\/pages\/173\/revisions"}],"predecessor-version":[{"id":309,"href":"https:\/\/www.professores.uff.br\/asunjg\/wp-json\/wp\/v2\/pages\/173\/revisions\/309"}],"wp:attachment":[{"href":"https:\/\/www.professores.uff.br\/asunjg\/wp-json\/wp\/v2\/media?parent=173"}],"wp:term":[{"taxonomy":"category","embeddable":true,"href":"https:\/\/www.professores.uff.br\/asunjg\/wp-json\/wp\/v2\/categories?post=173"},{"taxonomy":"post_tag","embeddable":true,"href":"https:\/\/www.professores.uff.br\/asunjg\/wp-json\/wp\/v2\/tags?post=173"}],"curies":[{"name":"wp","href":"https:\/\/api.w.org\/{rel}","templated":true}]}}