{"id":78,"date":"2017-08-15T11:48:26","date_gmt":"2017-08-15T14:48:26","guid":{"rendered":"http:\/\/www.professores.uff.br\/asunjg\/?page_id=78"},"modified":"2017-08-15T11:48:51","modified_gmt":"2017-08-15T14:48:51","slug":"economico","status":"publish","type":"page","link":"https:\/\/www.professores.uff.br\/asunjg\/economico\/","title":{"rendered":"Econ\u00f4mico"},"content":{"rendered":"<p>&nbsp;<\/p>\n<p><strong>-F\u00e9rias e 13 sal\u00e1rio<\/strong><\/p>\n<ul>\n<li>Durante o primeiro ano na Institui\u00e7\u00e3o o servidor n\u00e3o ter\u00e1 direito \u00e0 f\u00e9rias.<\/li>\n<li>A partir do segundo ano e quando a chefia solicitar, o per\u00edodo de f\u00e9rias (divididos em 30+15 dias) ser\u00e1 fixado pelo pr\u00f3prio servidor com a orienta\u00e7\u00e3o de que tal per\u00edodo n\u00e3o coincida com o per\u00edodo letivo.<\/li>\n<li>No contracheque do m\u00eas anterior ao per\u00edodo de f\u00e9rias de 30 d\u00edas o servidor receber\u00e1 um extra de f\u00e9rias.<\/li>\n<li>Na hora do preenchimento do formul\u00e1rio de marca\u00e7\u00e3o de f\u00e9rias, o servidor poder\u00e1 optar pelo adiantamento de uma parcela do 13 sal\u00e1rio no contracheque do m\u00eas anterior ao per\u00edodo de f\u00e9rias de 30 d\u00edas.<\/li>\n<\/ul>\n<p>Para mais informa\u00e7\u00f5es, contate com a <a href=\"http:\/\/www.uff.br\/?q=setor\/dap-coordenacao-de-controle-de-pagamento-de-pessoal-ccppdap\">Coordena\u00e7\u00e3o de Pagamentos.<\/a><\/p>\n<p>&nbsp;<\/p>\n<p><strong>-Ressarcimento do plano de sa\u00fade<\/strong><br \/>\nO servidor e seus dependentes t\u00eam direito ao ressarcimento de uma porcentagem (calculada com base em sua faixa salarial e et\u00e1ria) do seu plano de sa\u00fade complementar. Para ter acesso ao benef\u00edcio \u00e9 necess\u00e1rio preencher um formul\u00e1rio de cadastro e apresentar mensalmente o comprovante de pagamento ao Departamento de Administra\u00e7\u00e3o de Pessoal (DAP).<\/p>\n<p>Formul\u00e1rio e mais informa\u00e7\u00f5es <a href=\"http:\/\/www.uff.br\/sites\/default\/files\/servicos\/legislacao\/formulario_para_ressarcimento_de_plano_de_saude_1_0.pdf\">aqui.<\/a><\/p>\n<p><strong>-Funpresp<\/strong><br \/>\nA ades\u00e3o a este plano de previd\u00eancia complementar \u00e9 opcional e pode ser feita a qualquer momento. No caso do Participante Ativo Normal, ou seja, o servidor que ingressou no Executivo ap\u00f3s 04 de fevereiro de 2013, a cada real contribu\u00eddo, a Uni\u00e3o tamb\u00e9m contribuir\u00e1 com o mesmo valor.<br \/>\nA contribui\u00e7\u00e3o pode ser de 7,5%, 8% ou 8,5% sobre o sal\u00e1rio de participa\u00e7\u00e3o. Este valor \u00e9 calculado sobre a diferen\u00e7a da remunera\u00e7\u00e3o subtraindo o valor do teto do INSS (R$5.531,31 a partir de 1\u00b0 de janeiro de 2017).<\/p>\n<p>Ap\u00f3s a ades\u00e3o (que pode ser feita a trav\u00e9s de um agente da Funpresp mediante agendamento), o pagamento ser\u00e1 descontado diretamente no contracheque.<\/p>\n<p>Mais informa\u00e7\u00f5es no <a href=\"https:\/\/www.funpresp.com.br\/portal\/?page_id=75\">site da Funpresp.<\/a><\/p>\n<p><strong>-Alguns Aux\u00edlios e verbas de programas de incentivo \u00e0 pesquisa<\/strong><br \/>\n<a href=\"http:\/\/www.uff.br\/?q=auxilio-publicacao-no-grupo-pesquisa-inovacao\">Auxilio Publica\u00e7\u00e3o<\/a> (sem edital desde 2014)<br \/>\n<a href=\"http:\/\/www.uff.br\/?q=servico\/apoio-iniciativas-de-capacitacao-aic\">Apoio a Iniciativas de Capacita\u00e7\u00e3o (AIC)<\/a><br \/>\n<a href=\"http:\/\/www.faperj.br\/?id=26.4.6\">Aux\u00edlio ao Pesquisador Rec\u00e9m-Contratado \u2013 FAPERJ<\/a><\/p>\n<p style=\"text-align: center;\">\n<table id=\"tablepress-2\" class=\"tablepress tablepress-id-2\">\n<thead>\n<tr class=\"row-1\">\n\t<th class=\"column-1\"><a href=\"http:\/\/www.professores.uff.br\/asunjg\/\">Principal \/ Home<\/a><br \/>\n<\/th><th class=\"column-2\"><a href=\"http:\/\/www.professores.uff.br\/asunjg\/guia-do-professor-ingressante\/\">Voltar \u00e0 Guia<\/a><\/th>\n<\/tr>\n<\/thead>\n<tbody class=\"row-striping row-hover\">\n<\/tbody>\n<\/table>\n<\/p>\n","protected":false},"excerpt":{"rendered":"<p>&nbsp; -F\u00e9rias e 13 sal\u00e1rio Durante o primeiro ano na Institui\u00e7\u00e3o o servidor n\u00e3o ter\u00e1 direito \u00e0 f\u00e9rias. A partir do segundo ano e quando a chefia solicitar, o per\u00edodo de f\u00e9rias (divididos em 30+15 dias) ser\u00e1 fixado pelo pr\u00f3prio servidor com a orienta\u00e7\u00e3o de que tal per\u00edodo n\u00e3o coincida com o per\u00edodo letivo. No [&hellip;]<\/p>\n","protected":false},"author":2,"featured_media":0,"parent":0,"menu_order":0,"comment_status":"closed","ping_status":"closed","template":"","meta":{"_exactmetrics_skip_tracking":false,"_exactmetrics_sitenote_active":false,"_exactmetrics_sitenote_note":"","_exactmetrics_sitenote_category":0,"footnotes":""},"categories":[],"tags":[],"class_list":["post-78","page","type-page","status-publish","hentry"],"_links":{"self":[{"href":"https:\/\/www.professores.uff.br\/asunjg\/wp-json\/wp\/v2\/pages\/78","targetHints":{"allow":["GET"]}}],"collection":[{"href":"https:\/\/www.professores.uff.br\/asunjg\/wp-json\/wp\/v2\/pages"}],"about":[{"href":"https:\/\/www.professores.uff.br\/asunjg\/wp-json\/wp\/v2\/types\/page"}],"author":[{"embeddable":true,"href":"https:\/\/www.professores.uff.br\/asunjg\/wp-json\/wp\/v2\/users\/2"}],"replies":[{"embeddable":true,"href":"https:\/\/www.professores.uff.br\/asunjg\/wp-json\/wp\/v2\/comments?post=78"}],"version-history":[{"count":2,"href":"https:\/\/www.professores.uff.br\/asunjg\/wp-json\/wp\/v2\/pages\/78\/revisions"}],"predecessor-version":[{"id":80,"href":"https:\/\/www.professores.uff.br\/asunjg\/wp-json\/wp\/v2\/pages\/78\/revisions\/80"}],"wp:attachment":[{"href":"https:\/\/www.professores.uff.br\/asunjg\/wp-json\/wp\/v2\/media?parent=78"}],"wp:term":[{"taxonomy":"category","embeddable":true,"href":"https:\/\/www.professores.uff.br\/asunjg\/wp-json\/wp\/v2\/categories?post=78"},{"taxonomy":"post_tag","embeddable":true,"href":"https:\/\/www.professores.uff.br\/asunjg\/wp-json\/wp\/v2\/tags?post=78"}],"curies":[{"name":"wp","href":"https:\/\/api.w.org\/{rel}","templated":true}]}}