{"id":81,"date":"2017-08-15T11:51:58","date_gmt":"2017-08-15T14:51:58","guid":{"rendered":"http:\/\/www.professores.uff.br\/asunjg\/?page_id=81"},"modified":"2017-08-15T11:52:36","modified_gmt":"2017-08-15T14:52:36","slug":"processos-online","status":"publish","type":"page","link":"https:\/\/www.professores.uff.br\/asunjg\/processos-online\/","title":{"rendered":"Processos Online"},"content":{"rendered":"<p><strong>-IDUFF<\/strong><br \/>\nUsando sua senha IdUFF voc\u00ea ter\u00e1 acesso \u00e0 plataforma integrada para lan\u00e7amento de notas, gerenciamento de turmas, solicita\u00e7\u00e3o da sua carteirinha da UFF, etc.<br \/>\nAcesse <a href=\"https:\/\/inscricao.id.uff.br\/\">aqui.<\/a><\/p>\n<p><strong>-RAD<\/strong><br \/>\nO professor deve preencher anualmente este Relat\u00f3rio Anual de Docentes, cadastrando todas as atividades do ano anterior.<br \/>\nEste ser\u00e1 informado dos prazos de preenchimento por e-mail. O pdf gerado ap\u00f3s o preenchimento \u00e9 usado em processos como o pedido de progress\u00e3o funcional e avalia\u00e7\u00e3o de est\u00e1gio probat\u00f3rio.<br \/>\nPara preencher o relat\u00f3rio acesse com a sua senha do IDUFF<a href=\"https:\/\/sistemas.uff.br\/portal\/login?retorno=http:\/\/10.0.0.12:8080\/rad\/view\/home.uff\"> aqui.<\/a><\/p>\n<p><strong>-SIGEPE<\/strong><br \/>\nNa hora da posse voc\u00ea deve ser cadastrado no Sistema de Gest\u00e3o de Pessoas.<br \/>\n<a href=\"https:\/\/sso.gestaodeacesso.planejamento.gov.br\/cassso\/login?service=https%3A%2F%2Fservidor.sigepe.planejamento.gov.br%2FSIGEPE-PortalServidor%2Fprivate%2Finicio.jsf\">Neste site<\/a> voc\u00ea podera conferir a pr\u00e9via do seu contracheque e baix\u00e1-lo caso necess\u00e1rio, al\u00e9m de conferir suas f\u00e9rias, solicitar licen\u00e7as etc.<\/p>\n<p><strong>-Aloca\u00e7\u00e3o de site pessoal, e-mail e outros<\/strong><br \/>\nO docente tem direito \u00e0 solicitar um e-mail associado ao servidor da UFF, assim como aloca\u00e7\u00e3o gratuita do seu site pessoal, acesso VPN, entre outros.<br \/>\nTais servi\u00e7os podem ser solicitados entrando em contato com a <a href=\"http:\/\/www.uff.br\/sti\">Superintend\u00eancia de Tecnologia da Informa\u00e7\u00e3o (STI).<\/a><\/p>\n<p>&nbsp;<\/p>\n\n<table id=\"tablepress-2\" class=\"tablepress tablepress-id-2\">\n<thead>\n<tr class=\"row-1\">\n\t<th class=\"column-1\"><a href=\"http:\/\/www.professores.uff.br\/asunjg\/\">Principal \/ Home<\/a><br \/>\n<\/th><th class=\"column-2\"><a href=\"http:\/\/www.professores.uff.br\/asunjg\/guia-do-professor-ingressante\/\">Voltar \u00e0 Guia<\/a><\/th>\n<\/tr>\n<\/thead>\n<tbody class=\"row-striping row-hover\">\n<\/tbody>\n<\/table>\n<!-- #tablepress-2 from cache -->\n","protected":false},"excerpt":{"rendered":"<p>-IDUFF Usando sua senha IdUFF voc\u00ea ter\u00e1 acesso \u00e0 plataforma integrada para lan\u00e7amento de notas, gerenciamento de turmas, solicita\u00e7\u00e3o da sua carteirinha da UFF, etc. Acesse aqui. -RAD O professor deve preencher anualmente este Relat\u00f3rio Anual de Docentes, cadastrando todas as atividades do ano anterior. Este ser\u00e1 informado dos prazos de preenchimento por e-mail. O [&hellip;]<\/p>\n","protected":false},"author":2,"featured_media":0,"parent":0,"menu_order":0,"comment_status":"closed","ping_status":"closed","template":"","meta":{"_exactmetrics_skip_tracking":false,"_exactmetrics_sitenote_active":false,"_exactmetrics_sitenote_note":"","_exactmetrics_sitenote_category":0,"footnotes":""},"categories":[],"tags":[],"class_list":["post-81","page","type-page","status-publish","hentry"],"_links":{"self":[{"href":"https:\/\/www.professores.uff.br\/asunjg\/wp-json\/wp\/v2\/pages\/81","targetHints":{"allow":["GET"]}}],"collection":[{"href":"https:\/\/www.professores.uff.br\/asunjg\/wp-json\/wp\/v2\/pages"}],"about":[{"href":"https:\/\/www.professores.uff.br\/asunjg\/wp-json\/wp\/v2\/types\/page"}],"author":[{"embeddable":true,"href":"https:\/\/www.professores.uff.br\/asunjg\/wp-json\/wp\/v2\/users\/2"}],"replies":[{"embeddable":true,"href":"https:\/\/www.professores.uff.br\/asunjg\/wp-json\/wp\/v2\/comments?post=81"}],"version-history":[{"count":2,"href":"https:\/\/www.professores.uff.br\/asunjg\/wp-json\/wp\/v2\/pages\/81\/revisions"}],"predecessor-version":[{"id":84,"href":"https:\/\/www.professores.uff.br\/asunjg\/wp-json\/wp\/v2\/pages\/81\/revisions\/84"}],"wp:attachment":[{"href":"https:\/\/www.professores.uff.br\/asunjg\/wp-json\/wp\/v2\/media?parent=81"}],"wp:term":[{"taxonomy":"category","embeddable":true,"href":"https:\/\/www.professores.uff.br\/asunjg\/wp-json\/wp\/v2\/categories?post=81"},{"taxonomy":"post_tag","embeddable":true,"href":"https:\/\/www.professores.uff.br\/asunjg\/wp-json\/wp\/v2\/tags?post=81"}],"curies":[{"name":"wp","href":"https:\/\/api.w.org\/{rel}","templated":true}]}}