{"id":85,"date":"2017-08-15T11:56:11","date_gmt":"2017-08-15T14:56:11","guid":{"rendered":"http:\/\/www.professores.uff.br\/asunjg\/?page_id=85"},"modified":"2017-08-15T11:57:32","modified_gmt":"2017-08-15T14:57:32","slug":"ensino-e-pesquisa","status":"publish","type":"page","link":"https:\/\/www.professores.uff.br\/asunjg\/ensino-e-pesquisa\/","title":{"rendered":"Ensino e Pesquisa"},"content":{"rendered":"<p><strong>-Solicita\u00e7\u00e3o e distribui\u00e7\u00e3o de disciplinas<\/strong><br \/>\nA distribui\u00e7\u00e3o de disciplinas no Departamento de Geometria leva em considera\u00e7\u00e3o:<br \/>\n-a atua\u00e7\u00e3o do professor na p\u00f3s-gradua\u00e7\u00e3o, cursos de especializa\u00e7\u00e3o etc, designando ao docente em regime de 40 horas um m\u00ednimo de 8 horas semanais por per\u00edodo;<br \/>\n-se poss\u00edvel, as prefer\u00eancias de hor\u00e1rio ou disciplina do professor.<br \/>\nSe tiver prefer\u00eancias, fa\u00e7a-as saber \u00e0 chefia antes da elabora\u00e7\u00e3o do quadro de encargos docentes para que estas possam ser consideradas.<\/p>\n<p><strong>-Solicita\u00e7\u00e3o de ingresso como docente permanente ou colaborador da p\u00f3s-gradua\u00e7\u00e3o<\/strong><br \/>\nMesmo n\u00e3o pertencendo ao corpo docente permanente, \u00e9 poss\u00edvel atuar como colaborador da p\u00f3s-gradua\u00e7\u00e3o ministrando disciplinas, organizando semin\u00e1rios e orientando alunos dentre outras atividades. Para mais esclarecimentos contacte a atual coordenadora da p\u00f3s-gradua\u00e7\u00e3o <a href=\"malto:rios@mat.uff.br&lt;rios@mat.uff.br&gt;\">Isabel Lug\u00e3o.<\/a><\/p>\n<p>Para pertencer ao corpo permanente da p\u00f3s-gradua\u00e7\u00e3o em Matem\u00e1tica da UFF o docente precissa fazer um pedido formal de credenciamento.<br \/>\nPara o Primeiro Pedido de Credenciamento de Docente Permanente, o docente deve satisfazer pelo menos uma das seguintes condi\u00e7\u00f5es:<br \/>\na) Ter tido nos 4 (quatro) anos anteriores \u00e0 data do pedido de credenciamento, pelo menos 2 (dois) trabalhos completos publicados ou aceitos para publica\u00e7\u00e3o em revista de matem\u00e1tica de bom n\u00edvel com arbitragem (Referee) e de circula\u00e7\u00e3o internacional;<br \/>\nb) Ser bolsista de produtividade do CNPq, na \u00e1rea de matem\u00e1tica.<br \/>\nOs pedidos de Primeiro Credenciamento de Docente Permanente dever\u00e3o ser encaminhados \u00e0 Coordena\u00e7\u00e3o do Programa e constar\u00e3o no m\u00ednimo de:<br \/>\na) carta de solicita\u00e7\u00e3o de credenciamento;<br \/>\nb) indica\u00e7\u00e3o, pelo candidato, de 2 (dois) pesquisadores em matem\u00e1tica que possam dar<br \/>\nrefer\u00eancias sobre o seu trabalho cient\u00edfico;<br \/>\nc) projeto de pesquisa;<br \/>\nd) link para Curr\u00edculo Lattes atualizado;<br \/>\ne) c\u00f3pia do Diploma de Doutorado.<br \/>\n<strong>Mais informa\u00e7\u00f5es <a href=\"http:\/\/www.pgmat.uff.br\/images\/Institucional\/regulamento2015.pdf\">aqui.<\/a><\/strong><\/p>\n<p>&nbsp;<\/p>\n<p><strong>-Grupos de pesquisa<\/strong><br \/>\nA distribui\u00e7\u00e3o por Departamentos corresponde \u00e0s disciplinas ministradas e n\u00e3o necess\u00e1riamente a \u00e1rea de pesquisa.<br \/>\nConfira as linhas de pesquisa da p\u00f3s-gradua\u00e7\u00e3o em Matem\u00e1tica <a href=\"http:\/\/www.pgmat.uff.br\/index.php\/pt\/pesquisa\/linhas-de-pesquisa\">aqui.<\/a><br \/>\nSe voc\u00ea tiver um projeto de pesquisa, comunique-o \u00e0 chefia para que fa\u00e7a o cadastro do mesmo. S\u00f3 desta forma voc\u00ea poder\u00e1 cadastrar as atividades relacionadas a ele no RAD.<\/p>\n<p><strong>-Orienta\u00e7\u00f5es<\/strong><br \/>\nMesmo no per\u00edodo de Est\u00e1gio Probat\u00f3rio o docente pode orientar alunos em diferentes n\u00edveis.<\/p>\n<ul>\n<li>Monitoria: a orienta\u00e7\u00e3o do monitor consiste basicamente em garantir o bom atendimento dele aos alunos e na orienta\u00e7\u00e3o para a realiza\u00e7\u00e3o de um trabalho que o monitor apresentar\u00e1 na semana da monitoria (mais informa\u00e7\u00f5es <a href=\"https:\/\/sistemas.uff.br\/monitoria\/\">aqui<\/a>).<br \/>\nContacte os Coordenadores de Projetos de Monitoria para conhecer os projetos dispon\u00edveis para orienta\u00e7\u00e3o (costuma se escolher um projeto associado \u00e0 disciplina que se esteja ministrando).<\/li>\n<li>Inicia\u00e7\u00e3o Cient\u00edfica: seja com ou sem bolsa, voc\u00ea pode orientar um aluno (geralmente a partir do terceiro periodo). Mais informa\u00e7\u00f5es <a href=\"http:\/\/www.icex.uff.br\/icex\/?page_id=239\">aqui.<\/a><\/li>\n<li>Mestrado e doutorado: entre em contato com a atual coordenadora da p\u00f3s-gradua\u00e7\u00e3o Isabel Lug\u00e3o para consultar a possibilidade de orienta\u00e7\u00e3o de alunos na sua \u00e1rea de pesquisa.<\/li>\n<\/ul>\n\n<table id=\"tablepress-2\" class=\"tablepress tablepress-id-2\">\n<thead>\n<tr class=\"row-1\">\n\t<th class=\"column-1\"><a href=\"http:\/\/www.professores.uff.br\/asunjg\/\">Principal \/ Home<\/a><br \/>\n<\/th><th class=\"column-2\"><a href=\"http:\/\/www.professores.uff.br\/asunjg\/guia-do-professor-ingressante\/\">Voltar \u00e0 Guia<\/a><\/th>\n<\/tr>\n<\/thead>\n<tbody class=\"row-striping row-hover\">\n<\/tbody>\n<\/table>\n<!-- #tablepress-2 from cache -->\n","protected":false},"excerpt":{"rendered":"<p>-Solicita\u00e7\u00e3o e distribui\u00e7\u00e3o de disciplinas A distribui\u00e7\u00e3o de disciplinas no Departamento de Geometria leva em considera\u00e7\u00e3o: -a atua\u00e7\u00e3o do professor na p\u00f3s-gradua\u00e7\u00e3o, cursos de especializa\u00e7\u00e3o etc, designando ao docente em regime de 40 horas um m\u00ednimo de 8 horas semanais por per\u00edodo; -se poss\u00edvel, as prefer\u00eancias de hor\u00e1rio ou disciplina do professor. Se tiver prefer\u00eancias, [&hellip;]<\/p>\n","protected":false},"author":2,"featured_media":0,"parent":0,"menu_order":0,"comment_status":"closed","ping_status":"closed","template":"","meta":{"_exactmetrics_skip_tracking":false,"_exactmetrics_sitenote_active":false,"_exactmetrics_sitenote_note":"","_exactmetrics_sitenote_category":0,"footnotes":""},"categories":[],"tags":[],"class_list":["post-85","page","type-page","status-publish","hentry"],"_links":{"self":[{"href":"https:\/\/www.professores.uff.br\/asunjg\/wp-json\/wp\/v2\/pages\/85","targetHints":{"allow":["GET"]}}],"collection":[{"href":"https:\/\/www.professores.uff.br\/asunjg\/wp-json\/wp\/v2\/pages"}],"about":[{"href":"https:\/\/www.professores.uff.br\/asunjg\/wp-json\/wp\/v2\/types\/page"}],"author":[{"embeddable":true,"href":"https:\/\/www.professores.uff.br\/asunjg\/wp-json\/wp\/v2\/users\/2"}],"replies":[{"embeddable":true,"href":"https:\/\/www.professores.uff.br\/asunjg\/wp-json\/wp\/v2\/comments?post=85"}],"version-history":[{"count":3,"href":"https:\/\/www.professores.uff.br\/asunjg\/wp-json\/wp\/v2\/pages\/85\/revisions"}],"predecessor-version":[{"id":88,"href":"https:\/\/www.professores.uff.br\/asunjg\/wp-json\/wp\/v2\/pages\/85\/revisions\/88"}],"wp:attachment":[{"href":"https:\/\/www.professores.uff.br\/asunjg\/wp-json\/wp\/v2\/media?parent=85"}],"wp:term":[{"taxonomy":"category","embeddable":true,"href":"https:\/\/www.professores.uff.br\/asunjg\/wp-json\/wp\/v2\/categories?post=85"},{"taxonomy":"post_tag","embeddable":true,"href":"https:\/\/www.professores.uff.br\/asunjg\/wp-json\/wp\/v2\/tags?post=85"}],"curies":[{"name":"wp","href":"https:\/\/api.w.org\/{rel}","templated":true}]}}