{"id":92,"date":"2017-08-15T12:05:42","date_gmt":"2017-08-15T15:05:42","guid":{"rendered":"http:\/\/www.professores.uff.br\/asunjg\/?page_id=92"},"modified":"2017-08-15T12:05:58","modified_gmt":"2017-08-15T15:05:58","slug":"progressoes","status":"publish","type":"page","link":"https:\/\/www.professores.uff.br\/asunjg\/progressoes\/","title":{"rendered":"Progress\u00f5es"},"content":{"rendered":"<p>O \u00f3rg\u00e3o respons\u00e1vel pelos processos de progress\u00e3o funcional na UFF \u00e9 a Comiss\u00e3o Permanente de Pessoal Docente (CPPD).<\/p>\n<p><strong>-PROGRESS\u00c3O HORIZONTAL<\/strong><\/p>\n<p>\u00c9 o direito que o docente tem de ser avaliado, de uma refer\u00eancia para a outra seguinte ap\u00f3s dois anos de interst\u00edcio, ou quatro, no caso de exerc\u00edcio em outro \u00f3rg\u00e3o p\u00fablico.<\/p>\n<p>AVALIA\u00c7\u00c3O DEPARTAMENTAL \u2013 Cabe ao Departamento criar uma comiss\u00e3o de avalia\u00e7\u00e3o composta, no m\u00ednimo por tr\u00eas docentes, observando as seguintes atividades:<\/p>\n<p>-Ensino;<br \/>\n-Pesquisa;<br \/>\n-Extens\u00e3o;<br \/>\n-Desenvolvimento e aperfei\u00e7oamento profissional;<br \/>\n-Administra\u00e7\u00e3o e representa\u00e7\u00e3o e<br \/>\n-Produ\u00e7\u00e3o acad\u00eamica.<\/p>\n<p>A comiss\u00e3o ter\u00e1 como base os crit\u00e9rios de avalia\u00e7\u00e3o do Departamento, onde se espera que o professor avaliado atinja patamares de sufici\u00eancia m\u00ednimos. O prazo de elabora\u00e7\u00e3o do parecer conclusivo \u00e9 de 15 dias e em seguida este \u00e9 submetido \u00e0 plen\u00e1ria. Se aprovado, o processo \u00e9 encaminhado \u00e0 CPPD para an\u00e1lise. Caso contr\u00e1rio, cabe recurso junto ao CEP (o prazo de apresenta\u00e7\u00e3o \u00e9 de 30 dias).<\/p>\n<p>DOCUMENTA\u00c7\u00c3O B\u00c1SICA :<\/p>\n<p>a) parecer da comiss\u00e3o departamental (com tr\u00eas assinaturas, no m\u00ednimo);<\/p>\n<p>b) RADOCs relativos ao interst\u00edcio;<\/p>\n<p>c) relat\u00f3rio sucinto das atividades do avaliado no per\u00edodo;<\/p>\n<p>d) c\u00f3pia da ata de reuni\u00e3o departamental que aprovou a progress\u00e3o.<\/p>\n<p>QUANDO SE DEVE ABRIR O PROCESSO? \u2013 Preferencialmente at\u00e9 60 dias antes do vencimento do interst\u00edcio. Se a data de protocolamento for posterior \u00e0 data de vencimento do interst\u00edcio, os efeitos financeiros ser\u00e3o contados a partir da data de abertura do processo.<\/p>\n<p><strong>-PROGRESS\u00c3O VERTICAL<\/strong><\/p>\n<p>O docente pode alcan\u00e7ar a 1\u00aa refer\u00eancia (n\u00edvel 1) de uma nova classe por duas maneiras diferentes:<\/p>\n<p>I) sem a titula\u00e7\u00e3o, ou seja, por tempo de servi\u00e7o: cumprindo dois anos no n\u00edvel 4 de Professor Auxiliar (vale tamb\u00e9m para a classe C, do 2\u00ba grau) ou Assistente (classe D, para o 2\u00ba grau), o docente dever\u00e1 apresentar ao Departamento uma justificativa por n\u00e3o obten\u00e7\u00e3o do t\u00edtulo.<\/p>\n<p>AVALIA\u00c7\u00c3O DEPARTAMENTAL \u2013 O Departamento cria uma comiss\u00e3o composta, no m\u00ednimo por tr\u00eas docentes, que avalia o relat\u00f3rio de atividades. A participa\u00e7\u00e3o em projetos de ensino, pesquisa e extens\u00e3o, ou projetos inter-institucionais ou mesmo conv\u00eanios com institui\u00e7\u00f5es externas tamb\u00e9m ser\u00e1 levado em conta na avalia\u00e7\u00e3o final.<\/p>\n<p>JUSTIFICATIVA \u2013 dever\u00e1 ser anexada ao processo uma justificativa por n\u00e3o obten\u00e7\u00e3o do t\u00edtulo, por escrito, que dever\u00e1 estar em conson\u00e2ncia com a pol\u00edtica de capacita\u00e7\u00e3o docente definida pela plen\u00e1ria departamental. Se for aceita, o Departamento indicar\u00e1 a constitui\u00e7\u00e3o de uma comiss\u00e3o que ir\u00e1 avaliar o docente. Do contr\u00e1rio, o recurso ao CEP dever\u00e1 ser apresentado no prazo de 30 dias.<\/p>\n<p>DOCUMENTA\u00c7\u00c3O B\u00c1SICA \u2013<\/p>\n<p>a) justificativa da n\u00e3o obten\u00e7\u00e3o da titula\u00e7\u00e3o;<\/p>\n<p>b) parecer do comit\u00ea de avalia\u00e7\u00e3o acerca da justificativa;<\/p>\n<p>c) ata da reuni\u00e3o departamental que aceitou a justificativa<\/p>\n<p>d) memorial das atividades do avaliado;<\/p>\n<p>e) parecer da comiss\u00e3o avaliadora especial;<\/p>\n<p>f) ata da reuni\u00e3o departamental que aprovou a progress\u00e3o.<\/p>\n<p>OBSERVA\u00c7\u00c3O \u2013 os prazos de abertura de processo e tempo de tramita\u00e7\u00e3o deste na CPPD s\u00e3o semelhantes aos da progress\u00e3o horizontal descrita acima.<\/p>\n<p>II) com a titula\u00e7\u00e3o, obtida em cursos de Especializa\u00e7\u00e3o, Mestrado ou Doutorado.<\/p>\n<p>Pode ver a regra completa aqui.<\/p>\n<p><strong>-OBSERVA\u00c7\u00d5ES IMPORTANTES<\/strong><\/p>\n<ul>\n<li>Para dar entrada nos pedidos de progress\u00e3o precissa-se abrir um protocolo (no Protocolo Setorial do Valonguinho) anexando o relat\u00f3rio de atividades junto com os RADs correspondentes ao per\u00edodo a ser avaliado, e um pedido formal de progress\u00e3o (pode usar este modelo).<\/li>\n<li>No Departamento de Geometria n\u00e3o existe uma tabela de pontos espec\u00edfica para a avalia\u00e7\u00e3o de progress\u00e3o horizontal dentro da classe de Adjunto. A comiss\u00e3o avaliadora segue a tabela de pontos existente para a avalia\u00e7\u00e3o dentro da classe de Associado dada pela RESOLU\u00c7\u00c3O N.\u00ba 96\/2007.<a href=\"http:\/\/www.professores.uff.br\/asunjg\/wp-content\/uploads\/sites\/79\/2017\/08\/Resolucao_CEP_096-2007.pdf\"><img loading=\"lazy\" decoding=\"async\" class=\"alignnone size-full wp-image-30\" src=\"http:\/\/www.professores.uff.br\/asunjg\/wp-content\/uploads\/sites\/79\/2017\/08\/pdf.gif\" alt=\"\" width=\"42\" height=\"18\" \/><\/a><\/li>\n<li>Recomenda-se protocolar o pedido sempre antes da data interst\u00edcio para que os efeitos da progress\u00e3o tenham car\u00e1ter retroativo (ler o item QUANDO SE DEVE ABRIR O PROCESSO?)<\/li>\n<\/ul>\n\n<table id=\"tablepress-2\" class=\"tablepress tablepress-id-2\">\n<thead>\n<tr class=\"row-1\">\n\t<th class=\"column-1\"><a href=\"http:\/\/www.professores.uff.br\/asunjg\/\">Principal \/ Home<\/a><br \/>\n<\/th><th class=\"column-2\"><a href=\"http:\/\/www.professores.uff.br\/asunjg\/guia-do-professor-ingressante\/\">Voltar \u00e0 Guia<\/a><\/th>\n<\/tr>\n<\/thead>\n<tbody class=\"row-striping row-hover\">\n<\/tbody>\n<\/table>\n<!-- #tablepress-2 from cache -->\n","protected":false},"excerpt":{"rendered":"<p>O \u00f3rg\u00e3o respons\u00e1vel pelos processos de progress\u00e3o funcional na UFF \u00e9 a Comiss\u00e3o Permanente de Pessoal Docente (CPPD). -PROGRESS\u00c3O HORIZONTAL \u00c9 o direito que o docente tem de ser avaliado, de uma refer\u00eancia para a outra seguinte ap\u00f3s dois anos de interst\u00edcio, ou quatro, no caso de exerc\u00edcio em outro \u00f3rg\u00e3o p\u00fablico. AVALIA\u00c7\u00c3O DEPARTAMENTAL \u2013 [&hellip;]<\/p>\n","protected":false},"author":2,"featured_media":0,"parent":0,"menu_order":0,"comment_status":"closed","ping_status":"closed","template":"","meta":{"_exactmetrics_skip_tracking":false,"_exactmetrics_sitenote_active":false,"_exactmetrics_sitenote_note":"","_exactmetrics_sitenote_category":0,"footnotes":""},"categories":[],"tags":[],"class_list":["post-92","page","type-page","status-publish","hentry"],"_links":{"self":[{"href":"https:\/\/www.professores.uff.br\/asunjg\/wp-json\/wp\/v2\/pages\/92","targetHints":{"allow":["GET"]}}],"collection":[{"href":"https:\/\/www.professores.uff.br\/asunjg\/wp-json\/wp\/v2\/pages"}],"about":[{"href":"https:\/\/www.professores.uff.br\/asunjg\/wp-json\/wp\/v2\/types\/page"}],"author":[{"embeddable":true,"href":"https:\/\/www.professores.uff.br\/asunjg\/wp-json\/wp\/v2\/users\/2"}],"replies":[{"embeddable":true,"href":"https:\/\/www.professores.uff.br\/asunjg\/wp-json\/wp\/v2\/comments?post=92"}],"version-history":[{"count":2,"href":"https:\/\/www.professores.uff.br\/asunjg\/wp-json\/wp\/v2\/pages\/92\/revisions"}],"predecessor-version":[{"id":95,"href":"https:\/\/www.professores.uff.br\/asunjg\/wp-json\/wp\/v2\/pages\/92\/revisions\/95"}],"wp:attachment":[{"href":"https:\/\/www.professores.uff.br\/asunjg\/wp-json\/wp\/v2\/media?parent=92"}],"wp:term":[{"taxonomy":"category","embeddable":true,"href":"https:\/\/www.professores.uff.br\/asunjg\/wp-json\/wp\/v2\/categories?post=92"},{"taxonomy":"post_tag","embeddable":true,"href":"https:\/\/www.professores.uff.br\/asunjg\/wp-json\/wp\/v2\/tags?post=92"}],"curies":[{"name":"wp","href":"https:\/\/api.w.org\/{rel}","templated":true}]}}