{"id":98,"date":"2017-08-15T12:15:54","date_gmt":"2017-08-15T15:15:54","guid":{"rendered":"http:\/\/www.professores.uff.br\/asunjg\/?page_id=98"},"modified":"2017-08-15T12:16:03","modified_gmt":"2017-08-15T15:16:03","slug":"graduacao","status":"publish","type":"page","link":"https:\/\/www.professores.uff.br\/asunjg\/graduacao\/","title":{"rendered":"Gradua\u00e7\u00e3o"},"content":{"rendered":"<p><a href=\"http:\/\/www.uff.br\/sites\/default\/files\/001-2015_regulamento_do_curso_de_graduacao_0.pdf\"><strong>&#8211; Regulamento dos Cursos de Graduac\u00e3o.<\/strong><\/a><\/p>\n<p><strong>&#8211; Disciplinas\/Cursos<\/strong><br \/>\nAtualmente o GGM ministra disciplinas nos seguintes cursos:<br \/>\n<a href=\"http:\/\/www.uff.br\/?q=curso\/computacao\/1145037\/licenciatura\/santo-antonio-de-padua\">Computa\u00e7\u00e3o<\/a>, <a href=\"http:\/\/www.uff.br\/?q=curso\/engenharia-agricola-e-ambiental\/12728\/bacharelado\/niteroi\">Engenharia Agr\u00edcola e Ambiental,<\/a> <a href=\"http:\/\/www.uff.br\/?q=curso\/engenharia-civil\/12719\/bacharelado\/niteroi\">Engenharia Civil<\/a>, <a href=\"http:\/\/www.uff.br\/?q=curso\/engenharia-de-producao\/12727\/bacharelado\/niteroi\">Engenharia de Produ\u00e7\u00e3o<\/a>, <a href=\"http:\/\/www.uff.br\/?q=node\/2949\">Engenharia de Telecomunica\u00e7\u00f5es<\/a>, <a href=\"http:\/\/www.uff.br\/?q=curso\/engenharia-eletrica\/12720\/bacharelado\/niteroi\">Engenharia El\u00e9trica<\/a>, <a href=\"http:\/\/www.uff.br\/?q=curso\/engenharia-mecanica\/12721\/bacharelado\/niteroi\">Engenharia Mec\u00e2nica<\/a>, <a href=\"http:\/\/www.uff.br\/?q=curso\/estatistica\/99082\/bacharelado\/niteroi\">Estat\u00edstica<\/a>, <a href=\"http:\/\/www.uff.br\/?q=curso\/fisica\/12688\/licenciatura\/niteroi\">F\u00edsica<\/a>, <a href=\"http:\/\/www.uff.br\/?q=curso\/geofisica\/83170\/bacharelado\/niteroi\">Geof\u00edsica<\/a>, <a href=\"http:\/\/www.uff.br\/?q=curso\/matematica\/12702\/licenciatura\/niteroi\">Matem\u00e1tica<\/a>, <a href=\"http:\/\/www.uff.br\/?q=curso\/quimica\/312700\/bacharelado\/niteroi\">Qu\u00edmica<\/a>.<\/p>\n<p>&nbsp;<\/p>\n<p>A disciplina de Geometria Anal\u00edtica e C\u00e1lculo Vetorial possui uma coordena\u00e7\u00e3o com o objetivo de unificar a ementa, listas de exerc\u00edcios e formas de avalia\u00e7\u00e3o. Assim como orientar aos professores que a ministram. Pode obter mais informa\u00e7\u00f5es aqui, ou contactar o atual coordenador Leandro Colau Merlo.<\/p>\n<p><strong>-Sistema de Sele\u00e7\u00e3o Unificado (<a href=\"http:\/\/www.vestibular.uff.br\/2017\/index.htm\">SISU<\/a>) &#8211;<\/strong>\u00e9 o sistema informatizado, gerenciado pelo Minist\u00e9rio da Educa\u00e7\u00e3o (MEC), pelo qual institui\u00e7\u00f5es p\u00fablicas de educa\u00e7\u00e3o superior oferecem vagas a candidatos participantes do Exame Nacional do Ensino M\u00e9dio (Enem).<\/p>\n<p><strong>-Exame Nacional de Desempenho dos Estudantes (<a href=\"http:\/\/www.uff.br\/?q=enade\">ENADE<\/a>) &#8211;<\/strong>foi criado com o objetivo de aferir o desempenho dos estudantes da educa\u00e7\u00e3o superior em rela\u00e7\u00e3o aos conte\u00fados program\u00e1ticos previstos nas diretrizes curriculares do respectivo curso de gradua\u00e7\u00e3o, bem como suas habilidades de ajustamento \u00e0s demandas decorrentes da evolu\u00e7\u00e3o do conhecimento e as compet\u00eancias necess\u00e1rias para compreens\u00e3o de temas exteriores ao campo espec\u00edfico de sua profiss\u00e3o, ligados a realidade nacional e a demais \u00e1reas do conhecimento.<\/p>\n<p><strong>-Avaliac\u00e3o disciplinas<\/strong><br \/>\nUsando o accesso ao IdUFF, o professor tem o possibilidade de avaliar as disciplinas que esteja ministrando. O \u00faltimo relat\u00f3rio geral de avalia\u00e7\u00f5es est\u00e1 dispon\u00edvel aqui.<\/p>\n<p><strong>&#8211;<a href=\"http:\/\/www.uff.br\/?q=programa-de-desenvolvimento-academico-no-grupo-assistencia-estudantil-programa-de-desenvolvimento\">Bolsa de Desenvolvimento Acad\u00eamico<\/a>&#8211;<\/strong> tem por objetivo integrar a\u00e7\u00f5es de apoio socioecon\u00f4mico ao acad\u00eamico, a fim de contribuir para o pleno desenvolvimento dos estudantes em situa\u00e7\u00e3o de vulnerabilidade socioecon\u00f4mica e garantir a perman\u00eancia e conclus\u00e3o dos estudantes na Educa\u00e7\u00e3o Superior.<\/p>\n<p><strong>-Proreitoria de Assuntos Estudantis (<a href=\"http:\/\/www.uff.br\/?q=grupo\/assuntos-estudantis\">PROAES<\/a>)<\/strong><\/p>\n<p><strong>-Proreitoria de Gradua\u00e7\u00e3o (<a href=\"http:\/\/www.uff.br\/?q=grupo\/graduacao\">PROGRAD<\/a>)<\/strong><\/p>\n","protected":false},"excerpt":{"rendered":"<p>&#8211; Regulamento dos Cursos de Graduac\u00e3o. &#8211; Disciplinas\/Cursos Atualmente o GGM ministra disciplinas nos seguintes cursos: Computa\u00e7\u00e3o, Engenharia Agr\u00edcola e Ambiental, Engenharia Civil, Engenharia de Produ\u00e7\u00e3o, Engenharia de Telecomunica\u00e7\u00f5es, Engenharia El\u00e9trica, Engenharia Mec\u00e2nica, Estat\u00edstica, F\u00edsica, Geof\u00edsica, Matem\u00e1tica, Qu\u00edmica. &nbsp; A disciplina de Geometria Anal\u00edtica e C\u00e1lculo Vetorial possui uma coordena\u00e7\u00e3o com o objetivo de unificar [&hellip;]<\/p>\n","protected":false},"author":2,"featured_media":0,"parent":0,"menu_order":0,"comment_status":"closed","ping_status":"closed","template":"","meta":{"_exactmetrics_skip_tracking":false,"_exactmetrics_sitenote_active":false,"_exactmetrics_sitenote_note":"","_exactmetrics_sitenote_category":0,"footnotes":""},"categories":[],"tags":[],"class_list":["post-98","page","type-page","status-publish","hentry"],"_links":{"self":[{"href":"https:\/\/www.professores.uff.br\/asunjg\/wp-json\/wp\/v2\/pages\/98","targetHints":{"allow":["GET"]}}],"collection":[{"href":"https:\/\/www.professores.uff.br\/asunjg\/wp-json\/wp\/v2\/pages"}],"about":[{"href":"https:\/\/www.professores.uff.br\/asunjg\/wp-json\/wp\/v2\/types\/page"}],"author":[{"embeddable":true,"href":"https:\/\/www.professores.uff.br\/asunjg\/wp-json\/wp\/v2\/users\/2"}],"replies":[{"embeddable":true,"href":"https:\/\/www.professores.uff.br\/asunjg\/wp-json\/wp\/v2\/comments?post=98"}],"version-history":[{"count":2,"href":"https:\/\/www.professores.uff.br\/asunjg\/wp-json\/wp\/v2\/pages\/98\/revisions"}],"predecessor-version":[{"id":100,"href":"https:\/\/www.professores.uff.br\/asunjg\/wp-json\/wp\/v2\/pages\/98\/revisions\/100"}],"wp:attachment":[{"href":"https:\/\/www.professores.uff.br\/asunjg\/wp-json\/wp\/v2\/media?parent=98"}],"wp:term":[{"taxonomy":"category","embeddable":true,"href":"https:\/\/www.professores.uff.br\/asunjg\/wp-json\/wp\/v2\/categories?post=98"},{"taxonomy":"post_tag","embeddable":true,"href":"https:\/\/www.professores.uff.br\/asunjg\/wp-json\/wp\/v2\/tags?post=98"}],"curies":[{"name":"wp","href":"https:\/\/api.w.org\/{rel}","templated":true}]}}