{"id":168,"date":"2017-10-03T11:37:02","date_gmt":"2017-10-03T14:37:02","guid":{"rendered":"http:\/\/www.professores.uff.br\/balarcon\/?page_id=168"},"modified":"2020-02-21T15:14:08","modified_gmt":"2020-02-21T18:14:08","slug":"contact","status":"publish","type":"page","link":"https:\/\/www.professores.uff.br\/balarcon\/?page_id=168","title":{"rendered":"Contact"},"content":{"rendered":"<p>Bego\u00f1a Alarc\u00f3n Cotillas<br \/>\nDepartamento de Matem\u00e1tica Aplicada<br \/>\nInstituto de Matem\u00e1tica e Estat\u00edstica<br \/>\nUniversidade Federal Fluminense<\/p>\n<p>Rua Professor Marcos Waldemar de Freitas Reis, s\/n, Bloco G &#8211; Campus do Gragoat\u00e1<br \/>\nS\u00e3o Domingos- Niter\u00f3i &#8211; RJ &#8211; CEP: 24.210-201<\/p>\n<p>e-mail: balarcon@id.uff.br<br \/>\nTelegram: @balarconUFF<br \/>\nweb site: http:\/\/www.professores.uff.br\/balarcon<br \/>\nPhone (+55 21) 2629-2085<br \/>\nFax (+55 21) 2629- 2113<\/p>\n","protected":false},"excerpt":{"rendered":"<p>Bego\u00f1a Alarc\u00f3n Cotillas Departamento de Matem\u00e1tica Aplicada Instituto de Matem\u00e1tica e Estat\u00edstica Universidade Federal Fluminense Rua Professor Marcos Waldemar de Freitas Reis, s\/n, Bloco G &#8211; Campus do Gragoat\u00e1 S\u00e3o Domingos- Niter\u00f3i &#8211; RJ &#8211; CEP: 24.210-201 e-mail: balarcon@id.uff.br Telegram: @balarconUFF web site: http:\/\/www.professores.uff.br\/balarcon Phone (+55 21) 2629-2085 Fax (+55 21) 2629- 2113<\/p>\n","protected":false},"author":2,"featured_media":0,"parent":0,"menu_order":0,"comment_status":"closed","ping_status":"closed","template":"","meta":{"_exactmetrics_skip_tracking":false,"_exactmetrics_sitenote_active":false,"_exactmetrics_sitenote_note":"","_exactmetrics_sitenote_category":0,"footnotes":""},"categories":[],"tags":[],"class_list":["post-168","page","type-page","status-publish","hentry"],"_links":{"self":[{"href":"https:\/\/www.professores.uff.br\/balarcon\/index.php?rest_route=\/wp\/v2\/pages\/168","targetHints":{"allow":["GET"]}}],"collection":[{"href":"https:\/\/www.professores.uff.br\/balarcon\/index.php?rest_route=\/wp\/v2\/pages"}],"about":[{"href":"https:\/\/www.professores.uff.br\/balarcon\/index.php?rest_route=\/wp\/v2\/types\/page"}],"author":[{"embeddable":true,"href":"https:\/\/www.professores.uff.br\/balarcon\/index.php?rest_route=\/wp\/v2\/users\/2"}],"replies":[{"embeddable":true,"href":"https:\/\/www.professores.uff.br\/balarcon\/index.php?rest_route=%2Fwp%2Fv2%2Fcomments&post=168"}],"version-history":[{"count":4,"href":"https:\/\/www.professores.uff.br\/balarcon\/index.php?rest_route=\/wp\/v2\/pages\/168\/revisions"}],"predecessor-version":[{"id":362,"href":"https:\/\/www.professores.uff.br\/balarcon\/index.php?rest_route=\/wp\/v2\/pages\/168\/revisions\/362"}],"wp:attachment":[{"href":"https:\/\/www.professores.uff.br\/balarcon\/index.php?rest_route=%2Fwp%2Fv2%2Fmedia&parent=168"}],"wp:term":[{"taxonomy":"category","embeddable":true,"href":"https:\/\/www.professores.uff.br\/balarcon\/index.php?rest_route=%2Fwp%2Fv2%2Fcategories&post=168"},{"taxonomy":"post_tag","embeddable":true,"href":"https:\/\/www.professores.uff.br\/balarcon\/index.php?rest_route=%2Fwp%2Fv2%2Ftags&post=168"}],"curies":[{"name":"wp","href":"https:\/\/api.w.org\/{rel}","templated":true}]}}