{"id":19,"date":"2017-08-11T15:40:44","date_gmt":"2017-08-11T18:40:44","guid":{"rendered":"http:\/\/www.professores.uff.br\/balarcon\/?page_id=19"},"modified":"2020-02-21T16:23:42","modified_gmt":"2020-02-21T19:23:42","slug":"teaching","status":"publish","type":"page","link":"https:\/\/www.professores.uff.br\/balarcon\/?page_id=19","title":{"rendered":"Teaching"},"content":{"rendered":"<p><strong>Universidade Federal Fluminense. Semestre 2020-1.<\/strong><\/p>\n<ul>\n<li>C\u00e1lculo 2B.TURMA D1 e K1. Hor\u00e1rio: 3a e 5a de 7 a 9 e de 9 a 11. Sala: a determinar. Campus Praia Vermelha.&nbsp; <a href=\"http:\/\/www.cead.uff.br\/ead\/\">Plataforma MOODLE da disciplina<\/a><\/li>\n<\/ul>\n<p style=\"padding-left: 40px\">Hor\u00e1rio de atendimento: 3a e 5a de 11 a 12. Sala H101. Para outros hor\u00e1rios, entrar em contato com a professora.<br \/>\nEmail: balarcon@id.uff.br<br \/>\nTelegram: @balarconUFF<\/p>\n<hr>\n<p><a name=\"01\"><\/a><\/p>\n<h5>Universidade Federal Fluminense. Prof. Adjunto. Desde 2014-1<\/h5>\n<ul>\n<li>Gradua\u00e7\u00e3o:\n<ul>\n<li>C\u00e1lculo I-A<\/li>\n<li>C\u00e1lculo II-A<\/li>\n<li>C\u00e1lculo II-B<\/li>\n<li>Equa\u00e7\u00f5es Diferenciais<\/li>\n<\/ul>\n<\/li>\n<li>P\u00f3s-Gradua\u00e7\u00e3o (PGMAT):\n<ul>\n<li>Analise Complexa<\/li>\n<\/ul>\n<\/li>\n<li>Estudo Orientado:\n<ul>\n<li>An\u00e1lise na reta I-A: Continuidade de fun\u00e7\u00f5es de uma vari\u00e1vel real<\/li>\n<li>Introdu\u00e7\u00e3o aos Sistemas Din\u00e2micos do Plano<\/li>\n<li>Laborat\u00f3rio de C\u00e1lculo 1A<\/li>\n<li>Introdu\u00e7\u00e3o ao c\u00e1lculo num\u00e9rico e aplica\u00e7\u00f5es<\/li>\n<\/ul>\n<\/li>\n<li>Projetos de Inicia\u00e7\u00e3o Cient\u00edfica:\n<ul>\n<li>Simula\u00e7\u00e3o de Equa\u00e7\u00f5es Diferenciais e Aplica\u00e7\u00f5es na Biologia<\/li>\n<li>Estudo da din\u00e2mica de circuitos el\u00e9tricos modelados por uma EDO de segunda ordem. Simula\u00e7\u00e3o do diagrama de fase da equa\u00e7\u00e3o de Van der Pole<\/li>\n<li>Estudo da din\u00e2mica de rea\u00e7\u00f5es qu\u00edmicas em reatores em batelada e transfer\u00eancia de calor em superf\u00edcies estendidas<\/li>\n<\/ul>\n<\/li>\n<li>Mini-cursos:\n<ul>\n<li>Conjetura Discreta de Markus-Yamabe con simetr\u00eda. Universidad de Santiago de Chile, 2014.<\/li>\n<li>Homeomorfismos libres y din\u00e1mica discreta global en el plano. Aplicaciones a la Conjetura Discreta de Markus-Yamabe. Universidad de Oviedo, Spain, 2009.<\/li>\n<li>Din\u00e2mica Topol\u00f3gica e Teoria de \u00cdndice. ICMC-Universidade de S\u00e3o Paulo, S\u00e3o Carlos, Brasil, 2006<\/li>\n<\/ul>\n<\/li>\n<\/ul>\n<p><strong>LABORAT\u00d3RIO DE C\u00c1LCULO &nbsp;<\/strong><\/p>\n<p><a href=\"http:\/\/www.professores.uff.br\/balarcon\/?page_id=68\"><img loading=\"lazy\" decoding=\"async\" class=\"alignnone wp-image-60\" src=\"http:\/\/www.professores.uff.br\/balarcon\/wp-content\/uploads\/sites\/76\/2017\/08\/labgeogebra.jpg\" alt=\"\" width=\"174\" height=\"159\"><\/a><\/p>\n<hr>\n<h5>Teaching Experience:<\/h5>\n<ul>\n<li>Universidade Federal Fluminense. Desde <a href=\"#01\">2014-1.<\/a> Prof. Adjunto C2.<\/li>\n<li>Escuela Polit\u00e9cnica de Gij\u00f3n. Universidad de Oviedo. Profa. Ayudante Doctor. <a href=\"#02\">2011-2014.<\/a><\/li>\n<li>Universidad de Oviedo. Profa. Titular de Universidad Interino. <a href=\"#03\">2009-2010.<\/a><\/li>\n<li>Universidad de Oviedo. Profa. Titular de Universidad Interino. <a href=\"#04\">2008-2009.<\/a><\/li>\n<li>Universitat Jaime I de Castell\u00f3. Profa. Asociado. 2006-2007.<\/li>\n<li>Universitat de Val\u00e8ncia. Profa. Asociado. 2004-2005.<\/li>\n<li>Universitat de Val\u00e8ncia. Profa. Asociado. 2002-2003.<\/li>\n<\/ul>\n<hr>\n<p><a name=\"02\"><\/a><\/p>\n<h5>Universidad de Oviedo. Prof. Ayudante Doctor. 2011-2014.<\/h5>\n<p>&#8211; \u00c1lgebra. Escuela Polit\u00e9cnica de Mieres. Grupo C. Curso 2013-2014.<br \/>\n&#8211; Laboratorio de \u00c1lgebra. Escuela Polit\u00e9cnica de Mieres. Curso 2013-2014.<br \/>\n&#8211; Laboriatorio de M\u00e9todos Matem\u00e1ticos 4\u00ba Industriales. Escuela Polit\u00e9cnica de Gij\u00f3n. Curso 2012-2013.<br \/>\n&#8211; Laboratorio de \u00c1lgebra. Escuela Polit\u00e9cnica de Gij\u00f3n. Curso 2011-2014.<br \/>\n&#8211; Laboratorio de C\u00e1lculo. Escuela Polit\u00e9cnica de Mieres. Curso 2011-2013.<br \/>\n&#8211; Laboratorio de C\u00e1lculo. Escuela Polit\u00e9cnica de Gij\u00f3n. Curso 2011-2013.<br \/>\n&#8211; C\u00e1lculo. Escuela Polit\u00e9cnica de Gij\u00f3n. Grupo J. Curso 2011-2012.<\/p>\n<hr>\n<p><a name=\"03\"><\/a><\/p>\n<h5>Universidad de Oviedo. Prof. Titular de Universidad Interino. 2009-2010.<\/h5>\n<p>&#8211; Escuela Polit\u00e9cnica de Mieres. Matem\u00e1taticas, 1\u00ba de Forestales.<br \/>\n&#8211; Ingenier\u00eda Superior de Minas. C\u00e1lculo Num\u00e9rico, 2\u00ba de Ingenier\u00eda de Minas.<\/p>\n<hr>\n<p><a name=\"04\"><\/a><\/p>\n<h5>Universidad de Oviedo. Prof. Titular de Universidad Interino. 2008-2009.<\/h5>\n<p>&#8211; An\u00e1lisis Matem\u00e1tico. 1\u00ba de Licenciatura en F\u00edsicas.<br \/>\n&#8211; Ecuaciones Diferenciales. 2\u00ba de Licenciatura en F\u00edsicas.<\/p>\n<hr>\n","protected":false},"excerpt":{"rendered":"<p>Universidade Federal Fluminense. Semestre 2020-1. C\u00e1lculo 2B.TURMA D1 e K1. Hor\u00e1rio: 3a e 5a de 7 a 9 e de 9 a 11. Sala: a determinar. Campus Praia Vermelha.&nbsp; Plataforma MOODLE da disciplina Hor\u00e1rio de atendimento: 3a e 5a de 11 a 12. Sala H101. Para outros hor\u00e1rios, entrar em contato com a professora. Email: [&hellip;]<\/p>\n","protected":false},"author":2,"featured_media":0,"parent":0,"menu_order":0,"comment_status":"closed","ping_status":"closed","template":"","meta":{"_exactmetrics_skip_tracking":false,"_exactmetrics_sitenote_active":false,"_exactmetrics_sitenote_note":"","_exactmetrics_sitenote_category":0,"footnotes":""},"categories":[2],"tags":[],"class_list":["post-19","page","type-page","status-publish","hentry","category-menu-principal"],"_links":{"self":[{"href":"https:\/\/www.professores.uff.br\/balarcon\/index.php?rest_route=\/wp\/v2\/pages\/19","targetHints":{"allow":["GET"]}}],"collection":[{"href":"https:\/\/www.professores.uff.br\/balarcon\/index.php?rest_route=\/wp\/v2\/pages"}],"about":[{"href":"https:\/\/www.professores.uff.br\/balarcon\/index.php?rest_route=\/wp\/v2\/types\/page"}],"author":[{"embeddable":true,"href":"https:\/\/www.professores.uff.br\/balarcon\/index.php?rest_route=\/wp\/v2\/users\/2"}],"replies":[{"embeddable":true,"href":"https:\/\/www.professores.uff.br\/balarcon\/index.php?rest_route=%2Fwp%2Fv2%2Fcomments&post=19"}],"version-history":[{"count":31,"href":"https:\/\/www.professores.uff.br\/balarcon\/index.php?rest_route=\/wp\/v2\/pages\/19\/revisions"}],"predecessor-version":[{"id":368,"href":"https:\/\/www.professores.uff.br\/balarcon\/index.php?rest_route=\/wp\/v2\/pages\/19\/revisions\/368"}],"wp:attachment":[{"href":"https:\/\/www.professores.uff.br\/balarcon\/index.php?rest_route=%2Fwp%2Fv2%2Fmedia&parent=19"}],"wp:term":[{"taxonomy":"category","embeddable":true,"href":"https:\/\/www.professores.uff.br\/balarcon\/index.php?rest_route=%2Fwp%2Fv2%2Fcategories&post=19"},{"taxonomy":"post_tag","embeddable":true,"href":"https:\/\/www.professores.uff.br\/balarcon\/index.php?rest_route=%2Fwp%2Fv2%2Ftags&post=19"}],"curies":[{"name":"wp","href":"https:\/\/api.w.org\/{rel}","templated":true}]}}