{"id":25,"date":"2017-08-11T15:41:22","date_gmt":"2017-08-11T18:41:22","guid":{"rendered":"http:\/\/www.professores.uff.br\/balarcon\/?page_id=25"},"modified":"2017-08-11T18:11:05","modified_gmt":"2017-08-11T21:11:05","slug":"links","status":"publish","type":"page","link":"https:\/\/www.professores.uff.br\/balarcon\/?page_id=25","title":{"rendered":"Links"},"content":{"rendered":"<p>SOME LINKS OF INTEREST<\/p>\n<p><strong>BRAZILIAN:<\/strong><\/p>\n<ul>\n<li><a href=\"http:\/\/www.dinamica.uff.br\/\">Dynamical Systems Group of UFF<\/a><\/li>\n<li><a href=\"http:\/\/dinamicarioca.wikidot.com\/\">Dinamicarioca<\/a><\/li>\n<li><a href=\"http:\/\/www2.ccsl.icmc.usp.br\/rbsd\/\">Rede Brasileira de Sistemas Din\u00e2micos<\/a><\/li>\n<\/ul>\n<p><strong>SPANISH:<\/strong><\/p>\n<ul>\n<li>Grupo de Sistemas Din\u00e1micos de Oviedo<\/li>\n<li><a href=\"http:\/\/www.dance-net.org\/\">Rede Espa\u00f1ola de Sistemas Din\u00e1micos<\/a><\/li>\n<li><a href=\"http:\/\/www.ugr.es\/~ecuadif\/fuentenueva.htm\">Grupo Ecuaciones Diferenciales de Granada<\/a><\/li>\n<\/ul>\n<p><strong>OTHERS:<\/strong><\/p>\n<ul>\n<li><a href=\"http:\/\/cmup.fc.up.pt\/main\/\">CMUP, Universidade do Porto<\/a><\/li>\n<\/ul>\n","protected":false},"excerpt":{"rendered":"<p>SOME LINKS OF INTEREST BRAZILIAN: Dynamical Systems Group of UFF Dinamicarioca Rede Brasileira de Sistemas Din\u00e2micos SPANISH: Grupo de Sistemas Din\u00e1micos de Oviedo Rede Espa\u00f1ola de Sistemas Din\u00e1micos Grupo Ecuaciones Diferenciales de Granada OTHERS: CMUP, Universidade do Porto<\/p>\n","protected":false},"author":2,"featured_media":0,"parent":0,"menu_order":0,"comment_status":"closed","ping_status":"closed","template":"","meta":{"_exactmetrics_skip_tracking":false,"_exactmetrics_sitenote_active":false,"_exactmetrics_sitenote_note":"","_exactmetrics_sitenote_category":0,"footnotes":""},"categories":[],"tags":[],"class_list":["post-25","page","type-page","status-publish","hentry"],"_links":{"self":[{"href":"https:\/\/www.professores.uff.br\/balarcon\/index.php?rest_route=\/wp\/v2\/pages\/25","targetHints":{"allow":["GET"]}}],"collection":[{"href":"https:\/\/www.professores.uff.br\/balarcon\/index.php?rest_route=\/wp\/v2\/pages"}],"about":[{"href":"https:\/\/www.professores.uff.br\/balarcon\/index.php?rest_route=\/wp\/v2\/types\/page"}],"author":[{"embeddable":true,"href":"https:\/\/www.professores.uff.br\/balarcon\/index.php?rest_route=\/wp\/v2\/users\/2"}],"replies":[{"embeddable":true,"href":"https:\/\/www.professores.uff.br\/balarcon\/index.php?rest_route=%2Fwp%2Fv2%2Fcomments&post=25"}],"version-history":[{"count":3,"href":"https:\/\/www.professores.uff.br\/balarcon\/index.php?rest_route=\/wp\/v2\/pages\/25\/revisions"}],"predecessor-version":[{"id":98,"href":"https:\/\/www.professores.uff.br\/balarcon\/index.php?rest_route=\/wp\/v2\/pages\/25\/revisions\/98"}],"wp:attachment":[{"href":"https:\/\/www.professores.uff.br\/balarcon\/index.php?rest_route=%2Fwp%2Fv2%2Fmedia&parent=25"}],"wp:term":[{"taxonomy":"category","embeddable":true,"href":"https:\/\/www.professores.uff.br\/balarcon\/index.php?rest_route=%2Fwp%2Fv2%2Fcategories&post=25"},{"taxonomy":"post_tag","embeddable":true,"href":"https:\/\/www.professores.uff.br\/balarcon\/index.php?rest_route=%2Fwp%2Fv2%2Ftags&post=25"}],"curies":[{"name":"wp","href":"https:\/\/api.w.org\/{rel}","templated":true}]}}