{"id":373,"date":"2020-02-21T16:17:53","date_gmt":"2020-02-21T19:17:53","guid":{"rendered":"http:\/\/www.professores.uff.br\/balarcon\/?page_id=373"},"modified":"2020-02-21T17:40:37","modified_gmt":"2020-02-21T20:40:37","slug":"curriculum-vitae","status":"publish","type":"page","link":"https:\/\/www.professores.uff.br\/balarcon\/?page_id=373","title":{"rendered":"Curriculum vitae"},"content":{"rendered":"\n<figure class=\"wp-block-image\"><a href=\"http:\/\/buscatextual.cnpq.br\/buscatextual\/visualizacv.do?metodo=apresentar&amp;id=K4239989P3\"><img loading=\"lazy\" decoding=\"async\" width=\"300\" height=\"94\" src=\"http:\/\/www.professores.uff.br\/balarcon\/wp-content\/uploads\/sites\/76\/2017\/08\/PLATAFORMA-LATTES-CNPq-300x94.jpg\" alt=\"\" class=\"wp-image-95\" srcset=\"https:\/\/www.professores.uff.br\/balarcon\/wp-content\/uploads\/sites\/76\/2017\/08\/PLATAFORMA-LATTES-CNPq-300x94.jpg 300w, https:\/\/www.professores.uff.br\/balarcon\/wp-content\/uploads\/sites\/76\/2017\/08\/PLATAFORMA-LATTES-CNPq.jpg 520w\" sizes=\"auto, (max-width: 300px) 100vw, 300px\" \/><\/a><\/figure>\n\n\n\n<h3 class=\"wp-block-heading\">I. Education and University Teaching Experience<\/h3>\n\n\n\n<div>&nbsp;<\/div>\n\n\n\n<table id=\"tablepress-43\" class=\"tablepress tablepress-id-43\">\n<tbody class=\"row-striping\">\n<tr class=\"row-1\">\n\t<td class=\"column-1\">2013- present<br \/>\n<\/td><td class=\"column-2\">Assistant Professor at Instituto de Matem\u00e1tica e Estat\u00edstica, Universidade Federal Fluminense, Brazil.<\/td>\n<\/tr>\n<tr class=\"row-2\">\n\t<td class=\"column-1\">2011- 2013<\/td><td class=\"column-2\">Assistant Profesor, Department of Mathematics, Universidad de Oviedo, Spain.<\/td>\n<\/tr>\n<tr class=\"row-3\">\n\t<td class=\"column-1\">2010-2011<\/td><td class=\"column-2\">Post-doctorate at CMUP, Universidade do Porto, Portugal.<\/td>\n<\/tr>\n<tr class=\"row-4\">\n\t<td class=\"column-1\">2009- 2010<\/td><td class=\"column-2\">Assistant Profesor, Department of Mathematics, Universidad de Oviedo, Spain.<\/td>\n<\/tr>\n<tr class=\"row-5\">\n\t<td class=\"column-1\">2005-2008<\/td><td class=\"column-2\">PhD in Mathematics, Departament of Applied Mathematics, Universtitat de Val\u00e8ncia, Spain.<br \/>\nThesis: Planar maps with a globally attracting fixed point.<br \/>\nAdvisor: Jos\u00e9 Mart\u00ednez Alfaro (Universitat de Val\u00e8ncia, Spain) and Carlos Gutierrez (ICMC- University of S\u00e3o Paulo, Brazil).<\/td>\n<\/tr>\n<tr class=\"row-6\">\n\t<td class=\"column-1\">2006 - 2007<\/td><td class=\"column-2\">Lecturer, Departament of Mathematics, Universitat de Jaime I de Castell\u00f3, Spain.<\/td>\n<\/tr>\n<tr class=\"row-7\">\n\t<td class=\"column-1\">2005-2006<\/td><td class=\"column-2\">Research Stay at ICMC-University of S\u00e3o Paulo, Brazil<\/td>\n<\/tr>\n<tr class=\"row-8\">\n\t<td class=\"column-1\">2001-2005<\/td><td class=\"column-2\">Advanced Studies in Mathematics (DEA), Departament of Applied Mathematics, Universtity of Valencia, Spain.<br \/>\nThesis: Hopf bifurcation at infinity for planar vector fields<br \/>\nAdvisor: Jos\u00e9 Mart\u00ednez Alfaro (Universitat de Val\u00e8ncia, Spain)<\/td>\n<\/tr>\n<tr class=\"row-9\">\n\t<td class=\"column-1\">2004 -2005<\/td><td class=\"column-2\">Lecturer, Departament of  Geometry and Topology, University of Valencia, Spain.<\/td>\n<\/tr>\n<tr class=\"row-10\">\n\t<td class=\"column-1\">2003-2004<\/td><td class=\"column-2\">Research Stay at ICMC-University of S\u00e3o Paulo, Brazil<\/td>\n<\/tr>\n<tr class=\"row-11\">\n\t<td class=\"column-1\">2002 -2003<\/td><td class=\"column-2\">Lecturer, Departament of  Geometry and Topology, University of Valencia, Spain.<\/td>\n<\/tr>\n<tr class=\"row-12\">\n\t<td class=\"column-1\">1995-2001<\/td><td class=\"column-2\">Degree in Mathematics at Universitat de Val\u00e8ncia, Spain<\/td>\n<\/tr>\n<\/tbody>\n<\/table>\n<!-- #tablepress-43 from cache -->\n\n\n\n<div>&nbsp;<\/div>\n\n\n\n<h3 class=\"wp-block-heading\">II. Experience in Organizing Events<\/h3>\n\n\n\n<div>&nbsp;<\/div>\n\n\n\n<table id=\"tablepress-3\" class=\"tablepress tablepress-id-3\">\n<tbody class=\"row-striping\">\n<tr class=\"row-1\">\n\t<td class=\"column-1\">Feb 2016<\/td><td class=\"column-2\">Workshop de Topologia &amp; Din\u00e2mica 2016.<\/td>\n<\/tr>\n<tr class=\"row-2\">\n\t<td class=\"column-1\">Dez 2015<\/td><td class=\"column-2\">Special Session Topology &amp; Dynamics of the  First Joint Meeting SBM - SBMAC - RSME.<\/td>\n<\/tr>\n<tr class=\"row-3\">\n\t<td class=\"column-1\">Jun 2015<\/td><td class=\"column-2\">International Congress Surfing the complexity \u2013 A journey through Dynamical Systems.<\/td>\n<\/tr>\n<tr class=\"row-4\">\n\t<td class=\"column-1\">Feb 2015<\/td><td class=\"column-2\">Workshop de Topologia &amp; Din\u00e2mica 2015.<\/td>\n<\/tr>\n<tr class=\"row-5\">\n\t<td class=\"column-1\">Mar 2014-Dez 2014<\/td><td class=\"column-2\">Dynamical Systems Seminar at Universidade Federal Fluminense.<\/td>\n<\/tr>\n<tr class=\"row-6\">\n\t<td class=\"column-1\">Sept  2012<\/td><td class=\"column-2\">International Congress Dynamical Systems: 100 years after Poincar\u00e9. Sep 3-7, 2012.<\/td>\n<\/tr>\n<tr class=\"row-7\">\n\t<td class=\"column-1\">Nov 2010 - Aug 2011<\/td><td class=\"column-2\">Dynamical Systems Seminar at Cento de Matem\u00e1tica da Universidade do Porto.<\/td>\n<\/tr>\n<tr class=\"row-8\">\n\t<td class=\"column-1\">Mar 2009<\/td><td class=\"column-2\">International Workshop on Singularities in Generic Geometry and Applications.<\/td>\n<\/tr>\n<tr class=\"row-9\">\n\t<td class=\"column-1\">Jan  2005<\/td><td class=\"column-2\">Primer Congreso Conjunto de Matem\u00e1ticas RSME-SCM-SEIO-SEMA MAT.ES 2005.<br \/>\n<\/td>\n<\/tr>\n<\/tbody>\n<\/table>\n<!-- #tablepress-3 from cache -->\n\n\n\n<div>&nbsp;<\/div>\n\n\n\n<h3 class=\"wp-block-heading\">III. Research Stays<\/h3>\n\n\n\n<div>&nbsp;<\/div>\n\n\n\n<table id=\"tablepress-4\" class=\"tablepress tablepress-id-4\">\n<tbody class=\"row-striping\">\n<tr class=\"row-1\">\n\t<td class=\"column-1\">Jan 2018<\/td><td class=\"column-2\">CMUP, Departament of Mathematics, University of Porto, Portugal. <br \/>\nTo work with: Prof. Isabel Labouriau and Sofia Castro.<\/td>\n<\/tr>\n<tr class=\"row-2\">\n\t<td class=\"column-1\">Jun 2017<\/td><td class=\"column-2\">CMUP, Departament of Mathematics, University of Porto, Portugal. <br \/>\nTo work with: Prof. Isabel Labouriau and Sofia Castro.<\/td>\n<\/tr>\n<tr class=\"row-3\">\n\t<td class=\"column-1\">Jan 2015\t<\/td><td class=\"column-2\">Universidad de Granada, Department of Applied Mathematics, Spain.<br \/>\nTo work with: Pedro Torres.<\/td>\n<\/tr>\n<tr class=\"row-4\">\n\t<td class=\"column-1\">Jun 2014\t<\/td><td class=\"column-2\">Unversidad de Chile, Department of Mathematics, Chile.<br \/>\nTo work with: \u00c1lvaro Casta\u00f1eda.<\/td>\n<\/tr>\n<tr class=\"row-5\">\n\t<td class=\"column-1\">Nov 2013 <br \/>\n<\/td><td class=\"column-2\">CMUP, Departament of Mathematics, University of Porto, Portugal. <br \/>\nTo work with: Prof. Isabel Labouriau and Sofia Castro.<\/td>\n<\/tr>\n<tr class=\"row-6\">\n\t<td class=\"column-1\">Jan-Mar 2013\t<\/td><td class=\"column-2\">IMPA, Instituto de Matem\u00e1tica Pura e Aplicada, Brazil.<br \/>\nTo work with: Prof. Enrique R. Pujals<\/td>\n<\/tr>\n<tr class=\"row-7\">\n\t<td class=\"column-1\">May 2012<br \/>\n<\/td><td class=\"column-2\">London Imperial College, Departament of Mathematics, United Kingdom. <br \/>\nTo work with: Prof. Jeroen Lamb.<\/td>\n<\/tr>\n<tr class=\"row-8\">\n\t<td class=\"column-1\">Mar-Apr 2012<br \/>\n<\/td><td class=\"column-2\">CMUP, Departament of Mathematics, University of Porto, Portugal. <br \/>\nTo work with: Prof. Isabel Labouriau and Sofia Castro.<\/td>\n<\/tr>\n<tr class=\"row-9\">\n\t<td class=\"column-1\">Aug 2011<br \/>\n<\/td><td class=\"column-2\">UNAM, Departament of Mathematics, Cuernavaca, Mexico. <br \/>\nTo work with: Prof. Fuensanta Aroca.<\/td>\n<\/tr>\n<tr class=\"row-10\">\n\t<td class=\"column-1\">Jul 2011<br \/>\n<\/td><td class=\"column-2\">Universidade Nova de Lisboa, Departament of Applied Mathematics,  Portugal. <br \/>\nTo work with: Prof. Rogerio Matins.<\/td>\n<\/tr>\n<tr class=\"row-11\">\n\t<td class=\"column-1\">Jan 2011<br \/>\n<\/td><td class=\"column-2\">Universidad de Granada, Departament of Applied Mathematics, Spain. <br \/>\nTo work with: Prof. Rafael Ortega.<\/td>\n<\/tr>\n<tr class=\"row-12\">\n\t<td class=\"column-1\">Jul 2010 <br \/>\n<\/td><td class=\"column-2\">CMUP, Departament of Mathematics, University of Porto, Portugal. <br \/>\nTo work with: Prof. Isabel Labouriau and Sofia Castro.<\/td>\n<\/tr>\n<tr class=\"row-13\">\n\t<td class=\"column-1\">Jun 2010<br \/>\n<\/td><td class=\"column-2\">Universidad de Granada, Departament of Applied Mathematics, Spain. <br \/>\nTo work with: Prof. Rafael Ortega.<\/td>\n<\/tr>\n<tr class=\"row-14\">\n\t<td class=\"column-1\">Jan 2009<br \/>\n<\/td><td class=\"column-2\">CRM, Barcelona, Spain. Posdoctoral Fellowship for Research Program on Mathematical Biology.<\/td>\n<\/tr>\n<tr class=\"row-15\">\n\t<td class=\"column-1\">Feb 2008<br \/>\n<\/td><td class=\"column-2\">Universidad Complutense de Madrid, Spain<br \/>\nTo work with: Prof. Francisco Romero Ruiz del Portal.<\/td>\n<\/tr>\n<\/tbody>\n<\/table>\n<!-- #tablepress-4 from cache -->\n","protected":false},"excerpt":{"rendered":"<p>I. Education and University Teaching Experience &nbsp; &nbsp; II. Experience in Organizing Events &nbsp; &nbsp; III. Research Stays &nbsp;<\/p>\n","protected":false},"author":80,"featured_media":0,"parent":0,"menu_order":0,"comment_status":"closed","ping_status":"closed","template":"","meta":{"_exactmetrics_skip_tracking":false,"_exactmetrics_sitenote_active":false,"_exactmetrics_sitenote_note":"","_exactmetrics_sitenote_category":0,"footnotes":""},"categories":[],"tags":[],"class_list":["post-373","page","type-page","status-publish","hentry"],"_links":{"self":[{"href":"https:\/\/www.professores.uff.br\/balarcon\/index.php?rest_route=\/wp\/v2\/pages\/373","targetHints":{"allow":["GET"]}}],"collection":[{"href":"https:\/\/www.professores.uff.br\/balarcon\/index.php?rest_route=\/wp\/v2\/pages"}],"about":[{"href":"https:\/\/www.professores.uff.br\/balarcon\/index.php?rest_route=\/wp\/v2\/types\/page"}],"author":[{"embeddable":true,"href":"https:\/\/www.professores.uff.br\/balarcon\/index.php?rest_route=\/wp\/v2\/users\/80"}],"replies":[{"embeddable":true,"href":"https:\/\/www.professores.uff.br\/balarcon\/index.php?rest_route=%2Fwp%2Fv2%2Fcomments&post=373"}],"version-history":[{"count":15,"href":"https:\/\/www.professores.uff.br\/balarcon\/index.php?rest_route=\/wp\/v2\/pages\/373\/revisions"}],"predecessor-version":[{"id":404,"href":"https:\/\/www.professores.uff.br\/balarcon\/index.php?rest_route=\/wp\/v2\/pages\/373\/revisions\/404"}],"wp:attachment":[{"href":"https:\/\/www.professores.uff.br\/balarcon\/index.php?rest_route=%2Fwp%2Fv2%2Fmedia&parent=373"}],"wp:term":[{"taxonomy":"category","embeddable":true,"href":"https:\/\/www.professores.uff.br\/balarcon\/index.php?rest_route=%2Fwp%2Fv2%2Fcategories&post=373"},{"taxonomy":"post_tag","embeddable":true,"href":"https:\/\/www.professores.uff.br\/balarcon\/index.php?rest_route=%2Fwp%2Fv2%2Ftags&post=373"}],"curies":[{"name":"wp","href":"https:\/\/api.w.org\/{rel}","templated":true}]}}