{"id":68,"date":"2017-08-11T16:29:55","date_gmt":"2017-08-11T19:29:55","guid":{"rendered":"http:\/\/www.professores.uff.br\/balarcon\/?page_id=68"},"modified":"2017-08-29T17:42:28","modified_gmt":"2017-08-29T20:42:28","slug":"laboratorio-de-calculo-ime-uff","status":"publish","type":"page","link":"https:\/\/www.professores.uff.br\/balarcon\/?page_id=68","title":{"rendered":"Laborat\u00f3rio de C\u00e1lculo"},"content":{"rendered":"<p>&#8211; <a href=\"http:\/\/www.geogebra.im-uff.mat.br\/\" target=\"_blank\" rel=\"noopener noreferrer\">Site oficial do Geogebra.<\/a> Nesse site tem instru\u00e7\u00f5es de como instalar o Geogebra, videos tutoriais e uma biblioteca com artigos interessantes relacionados com as matem\u00e1ticas e o geogebra.<br \/>\n&#8211;<a href=\"http:\/\/static.geogebra.org\/help\/docupt_PT.pdf\" target=\"_blank\" rel=\"noopener noreferrer\"> Manual oficial da Vers\u00e3o 3.2.<\/a><br \/>\n<img loading=\"lazy\" decoding=\"async\" class=\"alignnone size-full wp-image-75\" src=\"http:\/\/www.professores.uff.br\/balarcon\/wp-content\/uploads\/sites\/76\/2017\/08\/logogeogebra.jpg\" alt=\"\" width=\"54\" height=\"41\" \/>\u00a0<strong>Como o Geogebra aproxima o aluno ao grande enigma do Polin\u00f4mio de Taylor.<\/strong><br \/>\nProjeto de Monitoria de Nath\u00e1lia do Nascimento Teodosio. Universidade Federal Fluminense, 2015.<\/p>\n<p>DATA: Sexta 25\/09\/2015<br \/>\nLOCAL: Sala 503 do IME, Campus do Valonguinho.<\/p>\n<p>MATERIAL:<br \/>\n&#8211; Viceo-aulas sobre o Polin\u00f4mio de Taylor da USP.<br \/>\n&#8211; USP &#8211; <a href=\"https:\/\/www.youtube.com\/watch?v=4elA1yVc5oo\" target=\"_blank\" rel=\"noopener noreferrer\">Aula 1<\/a> &#8211; Polin\u00f4mios de Taylor, fun\u00e7\u00f5es de uma vari\u00e1vel real<br \/>\n&#8211; USP &#8211; Aula 2 &#8211; F\u00f3rmula de Taylor com resto de Lagrange de fun\u00e7\u00f5es de uma vari\u00e1vel- <a href=\"https:\/\/www.youtube.com\/watch?v=g3D2nSqYPc8\" target=\"_blank\" rel=\"noopener noreferrer\">PARTE 1<\/a><br \/>\n&#8211; USP &#8211; Aula 2 &#8211; F\u00f3rmula de Taylor com resto de Lagrange de fun\u00e7\u00f5es de uma vari\u00e1vel- <a href=\"https:\/\/www.youtube.com\/watch?v=IkRDGHww1wU\" target=\"_blank\" rel=\"noopener noreferrer\">PARTE 2<\/a><br \/>\n&#8211; USP &#8211; Aula 2 &#8211; F\u00f3rmula de Taylor com resto de Lagrange de fun\u00e7\u00f5es de uma vari\u00e1vel- <a href=\"https:\/\/www.youtube.com\/watch?v=A0uIM-lEUJs\" target=\"_blank\" rel=\"noopener noreferrer\">PARTE 3<\/a><br \/>\n&#8211; Apresenta\u00e7\u00e3o de aspectos te\u00f3ricos relacionados com o Polin\u00f4mio de Taylor. <a href=\"http:\/\/www.professores.uff.br\/balarcon\/wp-content\/uploads\/sites\/76\/2017\/08\/PolinomioDeTaylor.pdf\" target=\"_blank\" rel=\"noopener noreferrer\">Link.<\/a><br \/>\n&#8211; Apostilha da aula de laborat\u00f3rio com gabarito. <a href=\"http:\/\/www.professores.uff.br\/balarcon\/wp-content\/uploads\/sites\/76\/2017\/08\/LabTaylor.pdf\" target=\"_blank\" rel=\"noopener noreferrer\">pdf<\/a><\/p>\n","protected":false},"excerpt":{"rendered":"<p>&#8211; Site oficial do Geogebra. Nesse site tem instru\u00e7\u00f5es de como instalar o Geogebra, videos tutoriais e uma biblioteca com artigos interessantes relacionados com as matem\u00e1ticas e o geogebra. &#8211; Manual oficial da Vers\u00e3o 3.2. \u00a0Como o Geogebra aproxima o aluno ao grande enigma do Polin\u00f4mio de Taylor. Projeto de Monitoria de Nath\u00e1lia do Nascimento [&hellip;]<\/p>\n","protected":false},"author":2,"featured_media":0,"parent":0,"menu_order":0,"comment_status":"closed","ping_status":"closed","template":"","meta":{"_exactmetrics_skip_tracking":false,"_exactmetrics_sitenote_active":false,"_exactmetrics_sitenote_note":"","_exactmetrics_sitenote_category":0,"footnotes":""},"categories":[],"tags":[],"class_list":["post-68","page","type-page","status-publish","hentry"],"_links":{"self":[{"href":"https:\/\/www.professores.uff.br\/balarcon\/index.php?rest_route=\/wp\/v2\/pages\/68","targetHints":{"allow":["GET"]}}],"collection":[{"href":"https:\/\/www.professores.uff.br\/balarcon\/index.php?rest_route=\/wp\/v2\/pages"}],"about":[{"href":"https:\/\/www.professores.uff.br\/balarcon\/index.php?rest_route=\/wp\/v2\/types\/page"}],"author":[{"embeddable":true,"href":"https:\/\/www.professores.uff.br\/balarcon\/index.php?rest_route=\/wp\/v2\/users\/2"}],"replies":[{"embeddable":true,"href":"https:\/\/www.professores.uff.br\/balarcon\/index.php?rest_route=%2Fwp%2Fv2%2Fcomments&post=68"}],"version-history":[{"count":4,"href":"https:\/\/www.professores.uff.br\/balarcon\/index.php?rest_route=\/wp\/v2\/pages\/68\/revisions"}],"predecessor-version":[{"id":164,"href":"https:\/\/www.professores.uff.br\/balarcon\/index.php?rest_route=\/wp\/v2\/pages\/68\/revisions\/164"}],"wp:attachment":[{"href":"https:\/\/www.professores.uff.br\/balarcon\/index.php?rest_route=%2Fwp%2Fv2%2Fmedia&parent=68"}],"wp:term":[{"taxonomy":"category","embeddable":true,"href":"https:\/\/www.professores.uff.br\/balarcon\/index.php?rest_route=%2Fwp%2Fv2%2Fcategories&post=68"},{"taxonomy":"post_tag","embeddable":true,"href":"https:\/\/www.professores.uff.br\/balarcon\/index.php?rest_route=%2Fwp%2Fv2%2Ftags&post=68"}],"curies":[{"name":"wp","href":"https:\/\/api.w.org\/{rel}","templated":true}]}}