{"id":391,"date":"2026-05-01T15:17:55","date_gmt":"2026-05-01T18:17:55","guid":{"rendered":"https:\/\/www.professores.uff.br\/beethoven\/?page_id=391"},"modified":"2026-05-01T18:18:11","modified_gmt":"2026-05-01T21:18:11","slug":"a-de-lz","status":"publish","type":"page","link":"https:\/\/www.professores.uff.br\/beethoven\/a-de-lz\/","title":{"rendered":"&#8220;A&#8221;, de LZ"},"content":{"rendered":"\n<figure class=\"wp-block-image size-medium\"><img loading=\"lazy\" decoding=\"async\" width=\"214\" height=\"300\" src=\"https:\/\/www.professores.uff.br\/beethoven\/wp-content\/uploads\/sites\/56\/2026\/05\/51tpaYPmPRL._AC_UF10001000_QL80_-214x300.jpg\" alt=\"\" class=\"wp-image-401\" srcset=\"https:\/\/www.professores.uff.br\/beethoven\/wp-content\/uploads\/sites\/56\/2026\/05\/51tpaYPmPRL._AC_UF10001000_QL80_-214x300.jpg 214w, https:\/\/www.professores.uff.br\/beethoven\/wp-content\/uploads\/sites\/56\/2026\/05\/51tpaYPmPRL._AC_UF10001000_QL80_.jpg 714w\" sizes=\"auto, (max-width: 214px) 100vw, 214px\" \/><\/figure>\n\n\n\n<p>\u205f\u205f<\/p>\n\n\n\n<p class=\"has-medium-font-size\">Minhas tradu\u00e7\u00f5es:<\/p>\n\n\n\n<p class=\"has-medium-font-size\"><a href=\"https:\/\/escamandro.wordpress.com\/2020\/01\/24\/a-19-de-louis-zukofsky-um-trecho-por-beethoven-alvarez\/\">Trechos de &#8220;A&#8221;-19 (publicados em <em>Escamandro<\/em>)<\/a><\/p>\n\n\n\n<p class=\"has-medium-font-size\"><a href=\"http:\/\/www.professores.uff.br\/beethoven\/wp-content\/uploads\/sites\/56\/2026\/05\/A-19-e-20-LZ-v4.pdf\">&#8220;A&#8221;-19 e 20 (completos e in\u00e9ditos)<\/a><\/p>\n\n\n\n<p class=\"has-medium-font-size\"><a href=\"http:\/\/www.professores.uff.br\/beethoven\/wp-content\/uploads\/sites\/56\/2026\/05\/A-18-e-17-trechos.pdf\">Trechos de &#8220;A&#8221;-17 e 18 (in\u00e9ditos)<\/a><\/p>\n\n\n\n<p class=\"has-medium-font-size\"><\/p>\n","protected":false},"excerpt":{"rendered":"<p>\u205f\u205f Minhas tradu\u00e7\u00f5es: Trechos de &#8220;A&#8221;-19 (publicados em Escamandro) &#8220;A&#8221;-19 e 20 (completos e in\u00e9ditos) Trechos de &#8220;A&#8221;-17 e 18 (in\u00e9ditos)<\/p>\n","protected":false},"author":59,"featured_media":0,"parent":0,"menu_order":0,"comment_status":"closed","ping_status":"closed","template":"","meta":{"_exactmetrics_skip_tracking":false,"_exactmetrics_sitenote_active":false,"_exactmetrics_sitenote_note":"","_exactmetrics_sitenote_category":0,"footnotes":""},"categories":[],"tags":[],"class_list":["post-391","page","type-page","status-publish","hentry"],"_links":{"self":[{"href":"https:\/\/www.professores.uff.br\/beethoven\/wp-json\/wp\/v2\/pages\/391","targetHints":{"allow":["GET"]}}],"collection":[{"href":"https:\/\/www.professores.uff.br\/beethoven\/wp-json\/wp\/v2\/pages"}],"about":[{"href":"https:\/\/www.professores.uff.br\/beethoven\/wp-json\/wp\/v2\/types\/page"}],"author":[{"embeddable":true,"href":"https:\/\/www.professores.uff.br\/beethoven\/wp-json\/wp\/v2\/users\/59"}],"replies":[{"embeddable":true,"href":"https:\/\/www.professores.uff.br\/beethoven\/wp-json\/wp\/v2\/comments?post=391"}],"version-history":[{"count":6,"href":"https:\/\/www.professores.uff.br\/beethoven\/wp-json\/wp\/v2\/pages\/391\/revisions"}],"predecessor-version":[{"id":404,"href":"https:\/\/www.professores.uff.br\/beethoven\/wp-json\/wp\/v2\/pages\/391\/revisions\/404"}],"wp:attachment":[{"href":"https:\/\/www.professores.uff.br\/beethoven\/wp-json\/wp\/v2\/media?parent=391"}],"wp:term":[{"taxonomy":"category","embeddable":true,"href":"https:\/\/www.professores.uff.br\/beethoven\/wp-json\/wp\/v2\/categories?post=391"},{"taxonomy":"post_tag","embeddable":true,"href":"https:\/\/www.professores.uff.br\/beethoven\/wp-json\/wp\/v2\/tags?post=391"}],"curies":[{"name":"wp","href":"https:\/\/api.w.org\/{rel}","templated":true}]}}