{"id":170,"date":"2018-02-23T12:05:13","date_gmt":"2018-02-23T15:05:13","guid":{"rendered":"http:\/\/www.professores.uff.br\/brunosantiago\/?page_id=170"},"modified":"2018-02-23T12:06:28","modified_gmt":"2018-02-23T15:06:28","slug":"ensino-2017","status":"publish","type":"page","link":"https:\/\/www.professores.uff.br\/brunosantiago\/ensino-2017\/","title":{"rendered":"Ensino 2017"},"content":{"rendered":"<h2><strong>Segundo Semestre de 2017<\/strong><\/h2>\n<h2><strong>Matem\u00e1tica Para Economia III<\/strong><\/h2>\n<h5>&#8220;Bons economistas s\u00e3o os p\u00e1ssaros mais raros. Eles devem alcan\u00e7ar um alto padr\u00e3o em v\u00e1rias dire\u00e7\u00f5es diferentes e combinar talentos que n\u00e3o \u00e9 comum encontrar juntos. Devem ser a um s\u00f3 tempo historiadores, homens p\u00fablicos e fil\u00f3sofos. Devem entender de s\u00edmbolos e falar com palavras. Devem ser t\u00e3o incorrupt\u00edveis e distantes quanto um artista, ainda que por vezes t\u00e3o p\u00e9 no ch\u00e3o quanto um pol\u00edtico&#8221;, John Maynard Keynes<\/h5>\n<p><strong><a href=\"https:\/\/www.professores.uff.br\/brunosantiago\/?ddownload=116\" title=\"Lista de Exerc\u00edcios\" rel=\"nofollow\" class=\"ddownload-button button-blue id-116 ext-pdf\">Lista de Exerc\u00edcios<\/a><\/strong><\/p>\n<p><strong><a href=\"https:\/\/www.professores.uff.br\/brunosantiago\/?ddownload=147\" title=\"Lista de Problemas I\" rel=\"nofollow\" class=\"ddownload-button button-blue id-147 ext-pdf\">Lista de Problemas I<\/a><\/strong><\/p>\n<p><strong><a href=\"https:\/\/www.professores.uff.br\/brunosantiago\/?ddownload=149\" title=\"Lista de Problemas II\" rel=\"nofollow\" class=\"ddownload-button button-blue id-149 ext-pdf\">Lista de Problemas II<\/a><\/strong><\/p>\n<p><a href=\"http:\/\/www.professores.uff.br\/brunosantiago\/wp-content\/uploads\/sites\/17\/2017\/09\/Hor\u00e1rios-de-monitoria-2017_2.pdf\">Hor\u00e1rios da monitoria<\/a><\/p>\n<p>Datas das Provas<\/p>\n<p><strong>P1 &#8211; 2 de outubro<\/strong><\/p>\n<p><strong>P2 &#8211; 27 de novembro<\/strong><\/p>\n<p><strong>VR &#8211; 29 de novembro<\/strong><\/p>\n<h1><strong>VS &#8211; 18 de dezembro<\/strong><\/h1>\n<p><strong>Livros Indicados<\/strong><\/p>\n<p><em>Matem\u00e1tica para economistas. <\/em>Carl Simon e Lawrence Blume<em>.\u00a0<\/em><\/p>\n<p><em>Algebra Linear<\/em>, Elon Lages Lima<\/p>\n<p><em>Linear Algebra and Its Applications<\/em>, Peter Lax.<\/p>\n<hr \/>\n<p>&nbsp;<\/p>\n<hr \/>\n<p><strong>Primeiro Semestre de 2017<\/strong><\/p>\n<p><strong>Complementos de Matem\u00e1tica Aplicada<\/strong><\/p>\n<p>O curso ocorre \u00e0s segundas e quartas, das 18h as 20h, na sala 208, bloco G, campus do Gragoat\u00e1.<\/p>\n<p><a href=\"http:\/\/www.professores.uff.br\/brunosantiago\/wp-content\/uploads\/sites\/17\/2017\/07\/1.pdf\">Solu\u00e7\u00f5es da primeira prova.<\/a><\/p>\n<p><a href=\"http:\/\/www.professores.uff.br\/brunosantiago\/wp-content\/uploads\/sites\/17\/2017\/07\/2.pdf\">Solu\u00e7\u00f5es da segunda prova.<\/a><\/p>\n<p><a href=\"http:\/\/www.professores.uff.br\/brunosantiago\/wp-content\/uploads\/sites\/17\/2017\/07\/3.pdf\">Lista de Exerc\u00edcios I.<\/a><\/p>\n<p><a href=\"http:\/\/www.professores.uff.br\/brunosantiago\/wp-content\/uploads\/sites\/17\/2017\/07\/4.pdf\">Lista de Exerc\u00edcios II.<\/a><\/p>\n<p><a href=\"http:\/\/www.professores.uff.br\/brunosantiago\/wp-content\/uploads\/sites\/17\/2017\/07\/5.pdf\">Lista de Exerc\u00edcios III.<\/a><\/p>\n<p>Datas das provas:<br \/>\n<strong>P2- 3 de julho<\/strong><br \/>\n<strong> VR- 10 de julho<\/strong><br \/>\n<strong> VS- 17 de julho<\/strong><\/p>\n<hr \/>\n<p><strong>Livros Indicados<\/strong><br \/>\n<em>Matem\u00e1tica para economistas. Carl Simon e Lawrence Blume. Ed. Bookman<\/em><br \/>\n<em> Matem\u00e1tica aplicada \u00e0 economia e administra\u00e7\u00e3o. Louis Leithold. Ed. Harbra<\/em><br \/>\n<em> e-A hist\u00f3ria de um n\u00famero. Eli Maor. Ed. Record<\/em><\/p>\n<hr \/>\n<p><a href=\"http:\/\/www.professores.uff.br\/brunosantiago\/wp-content\/uploads\/sites\/17\/2017\/07\/6.pdf\">Hor\u00e1rios e local da monitoria.<\/a><\/p>\n","protected":false},"excerpt":{"rendered":"<p>Segundo Semestre de 2017 Matem\u00e1tica Para Economia III &#8220;Bons economistas s\u00e3o os p\u00e1ssaros mais raros. Eles devem alcan\u00e7ar um alto padr\u00e3o em v\u00e1rias dire\u00e7\u00f5es diferentes e combinar talentos que n\u00e3o \u00e9 comum encontrar juntos. Devem ser a um s\u00f3 tempo historiadores, homens p\u00fablicos e fil\u00f3sofos. Devem entender de s\u00edmbolos e falar com palavras. Devem ser [&hellip;]<\/p>\n","protected":false},"author":19,"featured_media":0,"parent":0,"menu_order":0,"comment_status":"closed","ping_status":"closed","template":"","meta":{"_exactmetrics_skip_tracking":false,"_exactmetrics_sitenote_active":false,"_exactmetrics_sitenote_note":"","_exactmetrics_sitenote_category":0,"footnotes":""},"categories":[],"tags":[],"class_list":["post-170","page","type-page","status-publish","hentry"],"_links":{"self":[{"href":"https:\/\/www.professores.uff.br\/brunosantiago\/wp-json\/wp\/v2\/pages\/170","targetHints":{"allow":["GET"]}}],"collection":[{"href":"https:\/\/www.professores.uff.br\/brunosantiago\/wp-json\/wp\/v2\/pages"}],"about":[{"href":"https:\/\/www.professores.uff.br\/brunosantiago\/wp-json\/wp\/v2\/types\/page"}],"author":[{"embeddable":true,"href":"https:\/\/www.professores.uff.br\/brunosantiago\/wp-json\/wp\/v2\/users\/19"}],"replies":[{"embeddable":true,"href":"https:\/\/www.professores.uff.br\/brunosantiago\/wp-json\/wp\/v2\/comments?post=170"}],"version-history":[{"count":2,"href":"https:\/\/www.professores.uff.br\/brunosantiago\/wp-json\/wp\/v2\/pages\/170\/revisions"}],"predecessor-version":[{"id":173,"href":"https:\/\/www.professores.uff.br\/brunosantiago\/wp-json\/wp\/v2\/pages\/170\/revisions\/173"}],"wp:attachment":[{"href":"https:\/\/www.professores.uff.br\/brunosantiago\/wp-json\/wp\/v2\/media?parent=170"}],"wp:term":[{"taxonomy":"category","embeddable":true,"href":"https:\/\/www.professores.uff.br\/brunosantiago\/wp-json\/wp\/v2\/categories?post=170"},{"taxonomy":"post_tag","embeddable":true,"href":"https:\/\/www.professores.uff.br\/brunosantiago\/wp-json\/wp\/v2\/tags?post=170"}],"curies":[{"name":"wp","href":"https:\/\/api.w.org\/{rel}","templated":true}]}}