{"id":205,"date":"2018-04-30T20:52:08","date_gmt":"2018-04-30T23:52:08","guid":{"rendered":"http:\/\/www.professores.uff.br\/brunosantiago\/?page_id=205"},"modified":"2018-11-27T21:16:22","modified_gmt":"2018-11-27T23:16:22","slug":"vulgarisation-divulgacao-da-matematica","status":"publish","type":"page","link":"https:\/\/www.professores.uff.br\/brunosantiago\/vulgarisation-divulgacao-da-matematica\/","title":{"rendered":"Divulga\u00e7\u00e3o da Matem\u00e1tica (Vulgarisation)"},"content":{"rendered":"<p><a href=\"http:\/\/www.professores.uff.br\/brunosantiago\/wp-content\/uploads\/sites\/17\/2018\/11\/MiniCurso_VCMCOBruno-Santiago.pdf\" target=\"_blank\" rel=\"noopener noreferrer\">A matem\u00e1tica por tr\u00e1s do nascimento do Google<\/a>\u00a0&#8211;\u00a0Nesse artigo eu conto a hist\u00f3ria de como os fundadores do <em>Google<\/em>, Lawrence Page e Sergey Brin, usaram matem\u00e1tica para criar uma ferramenta de busca na internet que se destacou da concorr\u00eancia e os levou a construir uma das empresas mais importantes do planeta. Al\u00e9m disso, procuro explicar em detalhes todas as ferramentas envolvidas. A formula\u00e7\u00e3o da ideia que eles usaram \u00e9 incrivelmente simples e elegante, e a\u00a0matem\u00e1tica subjacente ao problema \u00e9 extremante rica e interessante.<\/p>\n<p><a href=\"http:\/\/www.professores.uff.br\/brunosantiago\/wp-content\/uploads\/sites\/17\/2018\/11\/Rota\u00e7\u00f5es.pdf\" target=\"_blank\" rel=\"noopener noreferrer\">Como descobrir padr\u00f5es num\u00e9ricos jogando sinuca<\/a>\u00a0&#8211; Voc\u00ea sabia que \u00e9 poss\u00edvel detectar padr\u00f5es incr\u00edveis nas pot\u00eancias de 2 simplesmente jogando sinuca? \u00c9 isso que eu explico nesse texto. Para acompanhar os argumentos bastam os conhecimentos do ensino m\u00e9dio: geometria plana b\u00e1sica, \u00e2ngulos e n\u00fameros e um pouco de logar\u00edtmos. Simula\u00e7\u00f5es em geogebra (usadas no texto)\u00a0<a href=\"https:\/\/www.geogebra.org\/classic\/gbhmuawd\" target=\"_blank\" rel=\"noopener noreferrer\">aqui<\/a>\u00a0e\u00a0<a href=\"https:\/\/www.geogebra.org\/classic\/u9rnqmdx\" target=\"_blank\" rel=\"noopener noreferrer\">aqui<\/a>.<\/p>\n","protected":false},"excerpt":{"rendered":"<p>A matem\u00e1tica por tr\u00e1s do nascimento do Google\u00a0&#8211;\u00a0Nesse artigo eu conto a hist\u00f3ria de como os fundadores do Google, Lawrence Page e Sergey Brin, usaram matem\u00e1tica para criar uma ferramenta de busca na internet que se destacou da concorr\u00eancia e os levou a construir uma das empresas mais importantes do planeta. Al\u00e9m disso, procuro explicar [&hellip;]<\/p>\n","protected":false},"author":19,"featured_media":0,"parent":0,"menu_order":0,"comment_status":"closed","ping_status":"closed","template":"","meta":{"_exactmetrics_skip_tracking":false,"_exactmetrics_sitenote_active":false,"_exactmetrics_sitenote_note":"","_exactmetrics_sitenote_category":0,"footnotes":""},"categories":[],"tags":[],"class_list":["post-205","page","type-page","status-publish","hentry"],"_links":{"self":[{"href":"https:\/\/www.professores.uff.br\/brunosantiago\/wp-json\/wp\/v2\/pages\/205","targetHints":{"allow":["GET"]}}],"collection":[{"href":"https:\/\/www.professores.uff.br\/brunosantiago\/wp-json\/wp\/v2\/pages"}],"about":[{"href":"https:\/\/www.professores.uff.br\/brunosantiago\/wp-json\/wp\/v2\/types\/page"}],"author":[{"embeddable":true,"href":"https:\/\/www.professores.uff.br\/brunosantiago\/wp-json\/wp\/v2\/users\/19"}],"replies":[{"embeddable":true,"href":"https:\/\/www.professores.uff.br\/brunosantiago\/wp-json\/wp\/v2\/comments?post=205"}],"version-history":[{"count":8,"href":"https:\/\/www.professores.uff.br\/brunosantiago\/wp-json\/wp\/v2\/pages\/205\/revisions"}],"predecessor-version":[{"id":243,"href":"https:\/\/www.professores.uff.br\/brunosantiago\/wp-json\/wp\/v2\/pages\/205\/revisions\/243"}],"wp:attachment":[{"href":"https:\/\/www.professores.uff.br\/brunosantiago\/wp-json\/wp\/v2\/media?parent=205"}],"wp:term":[{"taxonomy":"category","embeddable":true,"href":"https:\/\/www.professores.uff.br\/brunosantiago\/wp-json\/wp\/v2\/categories?post=205"},{"taxonomy":"post_tag","embeddable":true,"href":"https:\/\/www.professores.uff.br\/brunosantiago\/wp-json\/wp\/v2\/tags?post=205"}],"curies":[{"name":"wp","href":"https:\/\/api.w.org\/{rel}","templated":true}]}}