{"id":375,"date":"2020-01-15T00:40:32","date_gmt":"2020-01-15T03:40:32","guid":{"rendered":"http:\/\/www.professores.uff.br\/brunosantiago\/?page_id=375"},"modified":"2021-05-03T12:04:03","modified_gmt":"2021-05-03T15:04:03","slug":"ensino-2020","status":"publish","type":"page","link":"https:\/\/www.professores.uff.br\/brunosantiago\/ensino-2020\/","title":{"rendered":"Ensino 2020"},"content":{"rendered":"\n<h2 class=\"has-text-color has-text-align-center wp-block-heading\" style=\"color:#06488e\">Complementos de Matem\u00e1tica Aplicada &#8211; GAN00144 (2020.2)<\/h2>\n\n\n\n<p style=\"color:#794a05\" class=\"has-text-color has-text-align-center has-medium-font-size\">Biomedicina &amp; Ci\u00eancias Ambientais<\/p>\n\n\n\n<p>O objetivo geral do curso \u00e9 mostrar como as ferramentas te\u00f3ricas do calculo diferencial e integral servem de intrumental para a confec\u00e7\u00e3o de modelos matem\u00e1ticos (n\u00e3o-triviais) de problemas ligados a biologia. A \u00eanfase \u00e9 em modelagem matem\u00e1tica desde a primeira aula. Os conceitos fundamentais de taxa de varia\u00e7\u00e3o, derivadas e integrais s\u00e3o introduzidos e apliacados inicialmente trabalhando-se com fun\u00e7\u00f5es polin\u00f4miais. S\u00e3o os problemas biol\u00f3gicos \u00e9 que v\u00e3o &#8220;demandar&#8221; as fun\u00e7\u00f5es transcendentes (exp, log, trigonom\u00e9tricas&#8230;) bem como as regras mais sofisticadas de c\u00e1lculo de derivadas e de integrais.   O curso se baseia em duas refer\u00eancias escritas principais: <\/p>\n\n\n\n<p><a rel=\"noreferrer noopener\" aria-label=\"Matem\u00e1tica para Ci\u00eancias Biol\u00f3gicas (abre numa nova aba)\" href=\"https:\/\/www.esalq.usp.br\/departamentos\/leb\/aulas\/lce164\/MODMAT.pdf\" target=\"_blank\">Matem\u00e1tica para Ci\u00eancias Biol\u00f3gicas<\/a> <\/p>\n\n\n\n<p>O <a rel=\"noreferrer noopener\" aria-label=\"livro aberto (abre numa nova aba)\" href=\"http:\/\/www.math.ubc.ca\/~keshet\/OpenBook.pdf\" target=\"_blank\">livro aberto<\/a> da Professora <a rel=\"noreferrer noopener\" aria-label=\"Leah Edelstein-Keshet (abre numa nova aba)\" href=\"http:\/\/www.math.ubc.ca\/~keshet\/keshet.html\" target=\"_blank\">Leah Edelstein-Keshet<\/a> da Universidade de Britsh Columbia (Canad\u00e1)<\/p>\n\n\n\n<div class=\"wp-block-file\"><a href=\"http:\/\/www.professores.uff.br\/brunosantiago\/wp-content\/uploads\/sites\/17\/2021\/04\/P1.pdf\" target=\"_blank\" rel=\"noreferrer noopener\">Primeira Avalia\u00e7\u00e3o (Solu\u00e7\u00f5es) <\/a><\/div>\n\n\n\n<p><a rel=\"noreferrer noopener\" aria-label=\"Primeira Avalia\u00e7\u00e3o Comentada (abre numa nova aba)\" href=\"https:\/\/youtu.be\/hCvY9WAu47E\" target=\"_blank\">Primeira Avalia\u00e7\u00e3o Comentada<\/a><\/p>\n\n\n\n<div class=\"wp-block-file\"><a href=\"http:\/\/www.professores.uff.br\/brunosantiago\/wp-content\/uploads\/sites\/17\/2021\/05\/P2.pdf\" target=\"_blank\" rel=\"noreferrer noopener\">Segunda avalia\u00e7\u00e3o (Solu\u00e7\u00f5es)<\/a><\/div>\n\n\n\n<p><a href=\"https:\/\/youtu.be\/MbvsYUsuFAI\" target=\"_blank\" rel=\"noreferrer noopener\" aria-label=\"Segunda Avalia\u00e7\u00e3o Comentada (abre numa nova aba)\">Segunda Avalia\u00e7\u00e3o Comentada<\/a><\/p>\n\n\n\n<p><a rel=\"noreferrer noopener\" aria-label=\"Aulas (abre numa nova aba)\" href=\"http:\/\/www.professores.uff.br\/brunosantiago\/cma-2020-2-aulas\/\" target=\"_blank\">Aulas<\/a><\/p>\n\n\n\n<p><a rel=\"noreferrer noopener\" aria-label=\"Listas de Exerc\u00edcios (abre numa nova aba)\" href=\"http:\/\/www.professores.uff.br\/brunosantiago\/cma-2020-2-listas-de-exercicios\/\" target=\"_blank\">Listas de Exerc\u00edcios<\/a><\/p>\n\n\n\n<p><a rel=\"noreferrer noopener\" aria-label=\"V\u00eddeos (abre numa nova aba)\" href=\"http:\/\/www.professores.uff.br\/brunosantiago\/cma-2020-2-videos\/\" target=\"_blank\">V\u00eddeos<\/a><\/p>\n\n\n\n<p><a href=\"http:\/\/meet.google.com\/omc-hyqz-oex\" target=\"_blank\" rel=\"noreferrer noopener\" aria-label=\"Link do Google Meet (abre numa nova aba)\">Link do Google Meet<\/a><\/p>\n\n\n<hr>\n<h2 role=\"textbox\" aria-label=\"Escreva o t\u00edtulo\u2026\">&nbsp;<\/h2>\n<h2 class=\"rich-text editor-rich-text__editable block-editor-rich-text__editable has-text-align-center has-text-color has-vivid-cyan-blue-color is-selected\" role=\"textbox\" aria-label=\"Escreva o t\u00edtulo\u2026\"><strong data-rich-text-format-boundary=\"true\">Complementos de Matem\u00e1tica Aplicada &#8211; <\/strong>GAN00144<\/h2>\n<h1><!--StartFragment--><\/h1>\n\n\n<p>Esta \u00e9 uma disciplina voltada para o ciclo b\u00e1sico das gradua\u00e7\u00f5es em administra\u00e7\u00e3o e contabilidade. Nela s\u00e3o estudadas as t\u00e9cnicas b\u00e1sicas do c\u00e1lculo diferencial e integral aplicadas a solu\u00e7\u00e3o de problemas econ\u00f4micos e de gest\u00e3o. Para auxiliar na compreens\u00e3o dos conceitos outras aplica\u00e7\u00f5es tamb\u00e9m s\u00e3o apresentadas <\/p>\n\n\n\n<p class=\"has-text-align-center has-medium-font-size\"><strong>Informa\u00e7\u00f5es Pr\u00e1ticas<\/strong>   <\/p>\n\n\n\n<p>O curso ser\u00e1 ministrado de forma remota por meio de v\u00eddeo aulas e v\u00eddeo confer\u00eancias para d\u00favidas e troca de ideias. Para orientar o estudo, seguiremos um cronograma de assuntos para cada semana. Teremos tamb\u00e9m em cada semana uma lista de exerc\u00edcios cujo gabarito ser\u00e1 disponibilizado ao fim da semana. Teremos duas avalia\u00e7\u00f5es, a serem feitas de forma remota com prazo de 5 dias para a entrega.<\/p>\n\n\n\n<p class=\"has-text-align-center has-medium-font-size\"><strong>Cronograma<\/strong><\/p>\n\n\n\n<div class=\"wp-block-file\"><a href=\"http:\/\/www.professores.uff.br\/brunosantiago\/wp-content\/uploads\/sites\/17\/2020\/09\/Cronograma-1.pdf\">Cronograma<\/a><\/div>\n\n\n\n<p class=\"has-text-align-center has-medium-font-size\"><strong>Material de estudo<\/strong><\/p>\n\n\n\n<p>Aqui vou colocar o livro texto da Professora Maria Emilia (UFF) que cont\u00e9m todo o conte\u00fado das aulas, com as demonstra\u00e7\u00f5es, explica\u00e7\u00f5es e muitos exerc\u00edcios resolvidos. No link &#8220;Listas de Exerc\u00edcios&#8221; est\u00e3o todas as listas de exerc\u00edcios semanais, com as solu\u00e7\u00f5es e as v\u00eddeo-aulas com os coment\u00e1rios a respeito dessas solu\u00e7\u00f5es e explica\u00e7\u00f5es adicionais que sejam pertinentes. No link &#8220;Aula Te\u00f3rica&#8221; voc\u00eas v\u00e3o encontrar as video aulas e os arquivos em pdf com os slides das apresenta\u00e7\u00f5es que servem como material de estudo tamb\u00e9m. Todos os v\u00eddeos s\u00e3o compartilhados no modo privado do YouTube, e s\u00f3 os alunos matriculados no curso t\u00eam acesso. Para assistir, \u00e9 necess\u00e1rio estar logado no YouTube com o email @id.uff.br.   <\/p>\n\n\n\n<div class=\"wp-block-file\"><a href=\"http:\/\/www.professores.uff.br\/brunosantiago\/wp-content\/uploads\/sites\/17\/2020\/09\/Notas-de-COMPLEMENTOS-DE-MATEM\u00c1TICA-APLICADA-1.pdf\">Notas-de-COMPLEMENTOS-DE-MATEM\u00c1TICA-APLICADA<\/a><\/div>\n\n\n\n<p class=\"has-medium-font-size\"><a href=\"http:\/\/www.professores.uff.br\/brunosantiago\/complementos-de-matematica-aplicada-listas-de-exercicios-semanais\/\" target=\"_blank\" rel=\"noreferrer noopener\" aria-label=\"Listas de Exerc\u00edcios (abre numa nova aba)\">Listas de Exerc\u00edcios<\/a><\/p>\n\n\n\n<p class=\"has-medium-font-size\"><a rel=\"noreferrer noopener\" aria-label=\"Aulas Te\u00f3ricas (abre numa nova aba)\" href=\"http:\/\/www.professores.uff.br\/brunosantiago\/complementos-de-matematica-aplicada-aulas-teoricas\/\" target=\"_blank\">Aulas Te\u00f3ricas<\/a><\/p>\n\n\n\n<p class=\"has-medium-font-size\"><a href=\"http:\/\/www.professores.uff.br\/brunosantiago\/complementos-de-matematica-aplicada-aulas-de-duvidas\/\" target=\"_blank\" rel=\"noreferrer noopener\" aria-label=\"Aulas de d\u00favidas (abre numa nova aba)\">Aulas de d\u00favidas<\/a><\/p>\n\n\n\n<p class=\"has-text-align-center has-medium-font-size\"><strong>Material de estudo complementar<\/strong><\/p>\n\n\n\n<p>O canal <a href=\"https:\/\/www.youtube.com\/channel\/UC6TTtp9Hdx7GUz0OjrVg1_Q\">Matem\u00e1tica Universit\u00e1ria<\/a>, do Professor Renam Lima do ITA tem video-aulas completas de todos os assuntos da nossa ementa.<\/p>\n\n\n\n<p>Ferramentas Computacionais gratuitas:  <a href=\"https:\/\/julialang.org\/\">https:\/\/julialang.org\/<\/a>   <a href=\"https:\/\/www.r-project.org\/\">https:\/\/www.r-project.org\/<\/a>   <a href=\"https:\/\/www.python.org\/\">https:\/\/www.python.org\/<\/a>  <a href=\"https:\/\/www.mathway.com\/pt\/Graph\">https:\/\/www.mathway.com\/pt\/Graph<\/a> <\/p>\n\n\n<p><!--EndFragment--><\/p>\n\n\n<h2 class=\"has-luminous-vivid-orange-color has-text-color wp-block-heading\"> <strong>_______________________________________<\/strong> <\/h2>\n\n\n<p><!--EndFragment--><\/p>\n\n\n<h2 class=\"has-vivid-cyan-blue-color has-text-color has-text-align-center wp-block-heading\"><strong>\u00c1lgebra Linear &#8211; <\/strong>GAN00140<\/h2>\n\n\n\n<p>Esta \u00e9 uma disciplina voltada para o ciclo b\u00e1sico das gradua\u00e7\u00f5es em engenharia. Nela s\u00e3o estudados matrizes, vetores e equa\u00e7\u00f5es lineares, tanto do ponto de vista computacional (como &#8220;operar&#8221; com esses objetos) tanto de um ponto de vista mais conceitual, no qual vetores s\u00e3o elementos de um espa\u00e7o vetorial de dimens\u00e3o finita e matrizes s\u00e3o fun\u00e7\u00f5es entre esses espa\u00e7os que preservam a estrutura subjacente. Diversas aplica\u00e7\u00f5es desses objetos a problemas do mundo real e a outras disciplinas (economoia, biologia, f\u00edsica, etc&#8230;) ser\u00e3o discutidos ao longo do semestre. <\/p>\n\n\n\n<p class=\"has-text-align-center has-medium-font-size\"><strong>Informa\u00e7\u00f5es Pr\u00e1ticas<\/strong>   <\/p>\n\n\n\n<p>O curso ser\u00e1 ministrado de forma remota por meio de v\u00eddeo aulas e v\u00eddeo confer\u00eancias para d\u00favidas e troca de ideias. Para orientar o estudo, seguiremos um cronograma de assuntos para cada semana. Teremos tamb\u00e9m em cada semana uma lista de exerc\u00edcios cujo gabarito ser\u00e1 disponibilizado ao fim da semana. Teremos duas avalia\u00e7\u00f5es, a serem feitas de forma remota com prazo de 5 dias para a entrega.<\/p>\n\n\n\n<p class=\"has-text-align-center has-medium-font-size\"><strong>Cronograma<\/strong><\/p>\n\n\n\n<div class=\"wp-block-file\"><a href=\"http:\/\/www.professores.uff.br\/brunosantiago\/wp-content\/uploads\/sites\/17\/2020\/09\/Cronograma.pdf\">Cronograma<\/a><\/div>\n\n\n\n<p class=\"has-text-align-center has-medium-font-size\"><strong>Material de estudo<\/strong><\/p>\n\n\n\n<p>Aqui vou colocar o livro texto que cont\u00e9m todo o conte\u00fado das aulas, com as demonstra\u00e7\u00f5es, explica\u00e7\u00f5es e muitos exerc\u00edcios resolvidos.  No link &#8220;Listas de Exerc\u00edcios&#8221; est\u00e3o todas as listas de exerc\u00edcios semanais, com as solu\u00e7\u00f5es e as v\u00eddeo-aulas com os coment\u00e1rios a respeito dessas solu\u00e7\u00f5es e explica\u00e7\u00f5es adicionais que sejam pertinentes. No link &#8220;Aula Te\u00f3rica&#8221; voc\u00eas v\u00e3o encontrar as video aulas e os arquivos em pdf com os slides das apresenta\u00e7\u00f5es que servem como material de estudo tamb\u00e9m. Todos os v\u00eddeos s\u00e3o compartilhados no modo privado do YouTube, e s\u00f3 os alunos matriculados no curso t\u00eam acesso. Para assistir, \u00e9 necess\u00e1rio estar logado no YouTube com o email @id.uff.br.     <\/p>\n\n\n\n<div class=\"wp-block-file\"><a href=\"http:\/\/www.professores.uff.br\/brunosantiago\/wp-content\/uploads\/sites\/17\/2020\/09\/AL_beta.pdf\">Livro-texto do curso<\/a><\/div>\n\n\n\n<p class=\"has-medium-font-size\"><a href=\"http:\/\/www.professores.uff.br\/brunosantiago\/algebra-linear-listas-de-exercicios-semanais\/\" target=\"_blank\" rel=\"noreferrer noopener\" aria-label=\"Listas de Exerc\u00edcios (abre numa nova aba)\">Listas de Exerc\u00edcios<\/a><\/p>\n\n\n\n<p class=\"has-medium-font-size\"><a href=\"http:\/\/www.professores.uff.br\/brunosantiago\/algebra-linear-aulas-teoricas\/\" target=\"_blank\" rel=\"noreferrer noopener\" aria-label=\"Aulas Te\u00f3ricas (abre numa nova aba)\">Aulas Te\u00f3ricas<\/a><\/p>\n\n\n\n<p class=\"has-medium-font-size\"><a href=\"http:\/\/www.professores.uff.br\/brunosantiago\/algebra-linear-aulas-de-duvidas\/\" target=\"_blank\" rel=\"noreferrer noopener\" aria-label=\"Aulas de d\u00favidas (abre numa nova aba)\">Aulas de d\u00favidas<\/a><\/p>\n\n\n\n<p class=\"has-text-align-center has-medium-font-size\"><strong>Material de estudo complementar<\/strong><\/p>\n\n\n\n<p><a href=\"https:\/\/www.labma.ufrj.br\/~mcabral\/livros\/livro-alglin\/al-livro.html\" target=\"_blank\" rel=\"noreferrer noopener\" aria-label=\"Livro-texto de \u00c1lgebra Linear da UFRJ (Professores Marco Cabral e Paulo Goldfeld) (abre numa nova aba)\">Livro-texto de \u00c1lgebra Linear da UFRJ (Professores Marco Cabral e Paulo Goldfeld)<\/a><\/p>\n\n\n\n<p><a href=\"https:\/\/sites.google.com\/matematicaufrj.org\/algebralinear\" target=\"_blank\" rel=\"noreferrer noopener\" aria-label=\"Curso de \u00c1lgebra Linear da UFRJ (Texto e videos do Professor Felipe Acker) (abre numa nova aba)\">Curso de \u00c1lgebra Linear da UFRJ (Texto e videos do Professor Felipe Acker)<\/a><\/p>\n\n\n\n<p><a rel=\"noreferrer noopener\" aria-label=\"Canal Matem\u00e1tica Universit\u00e1ria (abre numa nova aba)\" href=\"https:\/\/www.youtube.com\/channel\/UC6TTtp9Hdx7GUz0OjrVg1_Q\" target=\"_blank\">Canal Matem\u00e1tica Universit\u00e1ria<\/a><\/p>\n\n\n\n<p>Ferramentas Computacionais gratuitas:  <a href=\"https:\/\/julialang.org\/\">https:\/\/julialang.org\/<\/a>   <a href=\"https:\/\/www.r-project.org\/\">https:\/\/www.r-project.org\/<\/a>   <a href=\"https:\/\/www.python.org\/\">https:\/\/www.python.org\/<\/a>  https:\/\/matrixcalc.org\/pt\/   <\/p>\n\n\n\n<h2 class=\"has-luminous-vivid-orange-color has-text-color wp-block-heading\"><strong>________________________________________<\/strong><\/h2>\n\n\n\n<h2 class=\"has-vivid-cyan-blue-color has-text-color has-text-align-center wp-block-heading\"><strong>Complementos de Matem\u00e1tica Aplicada &#8211; ACE 2020<\/strong><\/h2>\n\n\n\n<p>Esse curso tem como ementa o c\u00e1lculo diferencial e integral de fun\u00e7\u00f5es reais a uma vari\u00e1vel real, focado nos alunos das gradua\u00e7\u00f5es em administra\u00e7\u00e3o e contabilidade. Devido a pandemia de COVID-19, esse curso ser\u00e1 ministrado online. Teremos encontros virtuais (via Google Meets ou Zoom), para discutir conte\u00fado e exerc\u00edcios, e listas de atividades semanais, contendo de 2 a 6 exerc\u00edcios cada. As aulas ser\u00e3o gravadas e disponibilizadas para que os alunos que n\u00e3o puderem comparecer possam assisti-las em outro momento. A avalia\u00e7\u00e3o ser\u00e1 a entrega das listas semanais.<\/p>\n\n\n\n<div class=\"wp-block-file\"><a href=\"http:\/\/www.professores.uff.br\/brunosantiago\/wp-content\/uploads\/sites\/17\/2020\/06\/ACE-C\u00e1lculo-I-ADM.pdf\">Primeira Aula<br><\/a><\/div>\n\n\n\n<div class=\"wp-block-file\"><a href=\"http:\/\/www.professores.uff.br\/brunosantiago\/wp-content\/uploads\/sites\/17\/2020\/06\/Lista01.pdf\">Lista01<\/a><\/div>\n\n\n\n<div class=\"wp-block-file\"><a href=\"http:\/\/www.professores.uff.br\/brunosantiago\/wp-content\/uploads\/sites\/17\/2020\/07\/Aula02.pdf\">Aula02 &#8211; Com Conte\u00fado adicional <\/a><\/div>\n\n\n\n<div class=\"wp-block-file\"><a href=\"http:\/\/www.professores.uff.br\/brunosantiago\/wp-content\/uploads\/sites\/17\/2020\/07\/Aula03.pdf\">Aula03<\/a><\/div>\n\n\n\n<div class=\"wp-block-file\"><a href=\"http:\/\/www.professores.uff.br\/brunosantiago\/wp-content\/uploads\/sites\/17\/2020\/07\/Lista02.pdf\">Lista02<\/a><\/div>\n\n\n\n<div class=\"wp-block-file\"><a href=\"http:\/\/www.professores.uff.br\/brunosantiago\/wp-content\/uploads\/sites\/17\/2020\/07\/Lista03.pdf\">Lista03<\/a><\/div>\n\n\n\n<div class=\"wp-block-file\"><a href=\"http:\/\/www.professores.uff.br\/brunosantiago\/wp-content\/uploads\/sites\/17\/2020\/07\/Lista-04.pdf\">Lista-04<\/a><\/div>\n\n\n\n<div class=\"wp-block-file\"><a href=\"http:\/\/www.professores.uff.br\/brunosantiago\/wp-content\/uploads\/sites\/17\/2020\/07\/Aula-09.pdf\">Aula-09<\/a><\/div>\n\n\n\n<div class=\"wp-block-file\"><a href=\"http:\/\/www.professores.uff.br\/brunosantiago\/wp-content\/uploads\/sites\/17\/2020\/07\/Lista05.pdf\">Lista05<\/a><\/div>\n\n\n\n<div class=\"wp-block-file\"><a href=\"http:\/\/www.professores.uff.br\/brunosantiago\/wp-content\/uploads\/sites\/17\/2020\/07\/Aula10.pdf\">Aula10<\/a><\/div>\n\n\n\n<div class=\"wp-block-file\"><a href=\"http:\/\/www.professores.uff.br\/brunosantiago\/wp-content\/uploads\/sites\/17\/2020\/08\/Lista06.pdf\">Lista06<\/a><\/div>\n\n\n\n<div class=\"wp-block-file\"><a href=\"http:\/\/www.professores.uff.br\/brunosantiago\/wp-content\/uploads\/sites\/17\/2020\/08\/Aula11.pdf\">Aula11<\/a><\/div>\n\n\n\n<div class=\"wp-block-file\"><a href=\"http:\/\/www.professores.uff.br\/brunosantiago\/wp-content\/uploads\/sites\/17\/2020\/08\/Created-05-08-20.pdf\">Aula 12 (Parte 1 &#8211; Anota\u00e7\u00f5es por Bianca Miranda)<\/a><\/div>\n\n\n\n<div class=\"wp-block-file\"><a href=\"http:\/\/www.professores.uff.br\/brunosantiago\/wp-content\/uploads\/sites\/17\/2020\/08\/Sem-t\u00edtulo-1.pdf\">Aula 12<\/a><\/div>\n\n\n\n<div class=\"wp-block-file\"><a href=\"http:\/\/www.professores.uff.br\/brunosantiago\/wp-content\/uploads\/sites\/17\/2020\/08\/Aula-13.pdf\">Aula-13<\/a><\/div>\n\n\n\n<div class=\"wp-block-file\"><a href=\"http:\/\/www.professores.uff.br\/brunosantiago\/wp-content\/uploads\/sites\/17\/2020\/08\/Lista-07.pdf\">Lista Final<\/a><\/div>\n\n\n\n<div class=\"wp-block-file\"><a href=\"http:\/\/www.professores.uff.br\/brunosantiago\/wp-content\/uploads\/sites\/17\/2020\/08\/Escrito-26_08_2020-18_42.pdf\">Aula Final <\/a><\/div>\n\n\n\n<p><strong>Material Complementar:<\/strong><\/p>\n\n\n\n<p>O canal <a href=\"https:\/\/www.youtube.com\/channel\/UC6TTtp9Hdx7GUz0OjrVg1_Q\">Matem\u00e1tica Universit\u00e1ria<\/a>, do Professor Renam Lima do ITA tem video-aulas completas de todos os assuntos da nossa ementa.<\/p>\n\n\n\n<div class=\"wp-block-file\"><a href=\"http:\/\/www.professores.uff.br\/brunosantiago\/wp-content\/uploads\/sites\/17\/2020\/06\/Notas-de-COMPLEMENTOS-DE-MATEM\u00c1TICA-APLICADA.pdf\">Apostila da Professora Maria Emilia<\/a><\/div>\n\n\n\n<p>Ferramentas Computacionais gratuitas:  <a href=\"https:\/\/julialang.org\/\">https:\/\/julialang.org\/<\/a>   <a href=\"https:\/\/www.r-project.org\/\">https:\/\/www.r-project.org\/<\/a>   <a href=\"https:\/\/www.python.org\/\">https:\/\/www.python.org\/<\/a>  <a href=\"https:\/\/www.mathway.com\/pt\/Graph\">https:\/\/www.mathway.com\/pt\/Graph<\/a> <\/p>\n\n\n\n<h2 class=\"has-luminous-vivid-orange-color has-text-color wp-block-heading\"><strong>________________________________________<\/strong><\/h2>\n\n\n\n<h2 class=\"has-vivid-cyan-blue-color has-text-color has-text-align-center wp-block-heading\"><strong>Curso de Ver\u00e3o (Unicamp) &#8211; T\u00f3picos de Sistemas Din\u00e2micos &#8211; Uma introdu\u00e7\u00e3o por meio de problemas<\/strong><\/h2>\n\n\n\n<p class=\"has-text-color has-text-align-center has-medium-font-size has-luminous-vivid-orange-color\"><strong>Curso ministrado em conjunto com o Professor R\u00e9gis Var\u00e3o<\/strong><\/p>\n\n\n\n<hr class=\"wp-block-separator is-style-default\" \/>\n\n\n\n<p>O objetivo do curso \u00e9 proporcionar ao estudante um primeiro contato com problemas simples de sistemas din\u00e2micos mas que est\u00e3o pr\u00f3ximos da fronteira da pesquisa na \u00e1rea. Quase todos os problemas discutidos em sala s\u00e3o retirados de artigos recentes. A metodologia de trabalho envolve uma parte de aula expositiva, na qual se fornece o contexto, o enunciado e algumas ferramentas do problema. Em seguida os alunos s\u00e3o convidados a trabalharem no problema, supervisionados pelos professores. A avalia\u00e7\u00e3o consiste na reda\u00e7\u00e3o de um artigo conjunto da turma coletando as solu\u00e7\u00f5es dos problemas trabalhados ao longo d curso.<\/p>\n\n\n\n<p class=\"has-text-align-center\"><strong>Bibliografia<\/strong><\/p>\n\n\n\n<p>Alfonso Artigue, <a href=\"https:\/\/arxiv.org\/abs\/1404.0599\">Kinematic expansive flows<\/a>  Ergod. Th. Dynam. Sys. 36 (2016) 390-421 <\/p>\n\n\n\n<p>Martin Leguil, Davi Obata e Bruno Santiago. <a href=\"https:\/\/arxiv.org\/abs\/1810.05085\">On the centraliser of vector fields: criteria of triviality and genericity results.<\/a><\/p>\n\n\n\n<p>Yuri Lima.  <a href=\"https:\/\/matheuscmss.wordpress.com\/2012\/02\/16\/cf1-uniform-distribution-and-denjoy-koksmas-inequality\/\">Uniform distribution and Denjoy-Koksma\u2019s inequality<\/a><\/p>\n","protected":false},"excerpt":{"rendered":"<p>Complementos de Matem\u00e1tica Aplicada &#8211; GAN00144 (2020.2) Biomedicina &amp; Ci\u00eancias Ambientais O objetivo geral do curso \u00e9 mostrar como as ferramentas te\u00f3ricas do calculo diferencial e integral servem de intrumental para a confec\u00e7\u00e3o de modelos matem\u00e1ticos (n\u00e3o-triviais) de problemas ligados a biologia. A \u00eanfase \u00e9 em modelagem matem\u00e1tica desde a primeira aula. Os conceitos fundamentais [&hellip;]<\/p>\n","protected":false},"author":19,"featured_media":0,"parent":0,"menu_order":0,"comment_status":"closed","ping_status":"closed","template":"","meta":{"_exactmetrics_skip_tracking":false,"_exactmetrics_sitenote_active":false,"_exactmetrics_sitenote_note":"","_exactmetrics_sitenote_category":0,"footnotes":""},"categories":[],"tags":[],"class_list":["post-375","page","type-page","status-publish","hentry"],"_links":{"self":[{"href":"https:\/\/www.professores.uff.br\/brunosantiago\/wp-json\/wp\/v2\/pages\/375","targetHints":{"allow":["GET"]}}],"collection":[{"href":"https:\/\/www.professores.uff.br\/brunosantiago\/wp-json\/wp\/v2\/pages"}],"about":[{"href":"https:\/\/www.professores.uff.br\/brunosantiago\/wp-json\/wp\/v2\/types\/page"}],"author":[{"embeddable":true,"href":"https:\/\/www.professores.uff.br\/brunosantiago\/wp-json\/wp\/v2\/users\/19"}],"replies":[{"embeddable":true,"href":"https:\/\/www.professores.uff.br\/brunosantiago\/wp-json\/wp\/v2\/comments?post=375"}],"version-history":[{"count":53,"href":"https:\/\/www.professores.uff.br\/brunosantiago\/wp-json\/wp\/v2\/pages\/375\/revisions"}],"predecessor-version":[{"id":697,"href":"https:\/\/www.professores.uff.br\/brunosantiago\/wp-json\/wp\/v2\/pages\/375\/revisions\/697"}],"wp:attachment":[{"href":"https:\/\/www.professores.uff.br\/brunosantiago\/wp-json\/wp\/v2\/media?parent=375"}],"wp:term":[{"taxonomy":"category","embeddable":true,"href":"https:\/\/www.professores.uff.br\/brunosantiago\/wp-json\/wp\/v2\/categories?post=375"},{"taxonomy":"post_tag","embeddable":true,"href":"https:\/\/www.professores.uff.br\/brunosantiago\/wp-json\/wp\/v2\/tags?post=375"}],"curies":[{"name":"wp","href":"https:\/\/api.w.org\/{rel}","templated":true}]}}